{"id":114091,"date":"2026-01-04T17:49:10","date_gmt":"2026-01-04T16:49:10","guid":{"rendered":"https:\/\/footballthrift.shop\/?post_type=product&#038;p=114091"},"modified":"2026-03-09T11:25:19","modified_gmt":"2026-03-09T10:25:19","slug":"koszulka-pilkarska-arsenal-fc-2016-17-home-s","status":"publish","type":"product","link":"https:\/\/footballthrift.shop\/de\/koszulka-pilkarska-arsenal-fc-2016-17-home-s\/","title":{"rendered":"Koszulka pi\u0142karska Arsenal FC 2016\/17 Home [S]"},"content":{"rendered":"<p><strong>Verein:<\/strong> Arsenal FC<\/p>\n<p><strong>Saison:<\/strong> 2016\/17 Startseite<\/p>\n<p><strong>Gr\u00f6\u00dfe: <\/strong>S<\/p>\n<p><strong>Zustand:<\/strong> Sehr gut \u2013 zwei kleine Flecken im unteren Bereich des T-Shirts auf der Vorderseite.<\/p>\n<p><strong>Ma\u00dfe (Achselbreite\/L\u00e4nge) in cm: <\/strong>46\/6 (vorne), 74 (hinten)<\/p>","protected":false},"excerpt":{"rendered":"<p data-start=\"0\" data-end=\"88\"><strong data-start=\"0\" data-end=\"86\">Das Original Heimtrikot des FC Arsenal aus der Saison 2015\/16 - hergestellt von Puma.\u00a0<\/strong><\/p>\n<p data-start=\"90\" data-end=\"416\">Diese\u00a0<strong data-start=\"93\" data-end=\"138\">Original Arsenal FC Fu\u00dfballtrikot<\/strong> in der Gr\u00f6\u00dfe\u00a0<strong>S<\/strong> stammt aus einer Zeit, als der Londoner Club stilvolle, elegante Entw\u00fcrfe von <strong data-start=\"253\" data-end=\"261\">Puma<\/strong>. Das Modell aus der Kampagne 2015\/16 ist ein Klassiker vom Feinsten - eine Hommage an die traditionellen Farben der \"Kanarien\", kombiniert mit einem modernen Schnitt und einer leichten Konstruktion.<\/p>\n<p data-start=\"418\" data-end=\"791\">Das T-Shirt wird gepflegt in\u00a0<strong data-start=\"444\" data-end=\"469\">rote Farbgebung<\/strong>erg\u00e4nzt durch\u00a0<strong data-start=\"486\" data-end=\"528\">wei\u00dfe \u00c4rmel, Schultern und Kragen<\/strong>\u00a0verziert\u00a0<strong data-start=\"539\" data-end=\"576\">zwei d\u00fcnne rote Streifen<\/strong>die zu seiner subtilen Eleganz beitragen. Die Vorderseite zeigt\u00a0<strong data-start=\"640\" data-end=\"672\">Fly Emirates Sponsor Impressum<\/strong>sowie\u00a0<strong data-start=\"682\" data-end=\"702\">Wappen des FC Arsenal<\/strong>\u00a0i\u00a0<strong data-start=\"705\" data-end=\"718\">Puma-Logo<\/strong>So entsteht eine koh\u00e4rente, klassische Komposition mit ausgepr\u00e4gtem Clubcharakter.<\/p>\n<p data-start=\"793\" data-end=\"966\">Das Modell ist hergestellt aus\u00a0<strong data-start=\"815\" data-end=\"861\">leichtes, atmungsaktives Dry Cell-Material<\/strong>und bietet Komfort und Bel\u00fcftung sowohl bei k\u00f6rperlicher Aktivit\u00e4t als auch im Alltag.<\/p>\n<p data-start=\"968\" data-end=\"1200\" data-is-last-node=\"\" data-is-only-node=\"\">Dies ist eine ausgezeichnete Option f\u00fcr\u00a0<strong data-start=\"996\" data-end=\"1014\">Arsenal-Fans<\/strong>,\u00a0<strong data-start=\"1016\" data-end=\"1072\">Sammler von Original-Puma-Fu\u00dfballtrikots<\/strong>\u00a0und Liebhaber von\u00a0<strong data-start=\"1089\" data-end=\"1129\">moderne Projekte der Premier League<\/strong>wo Tradition auf Modernit\u00e4t und sportliche Eleganz trifft.<\/p>","protected":false},"featured_media":114125,"template":"","meta":{"_kad_blocks_custom_css":"","_kad_blocks_head_custom_js":"","_kad_blocks_body_custom_js":"","_kad_blocks_footer_custom_js":"","_kad_post_transparent":"default","_kad_post_title":"","_kad_post_layout":"default","_kad_post_sidebar_id":"","_kad_post_content_style":"default","_kad_post_vertical_padding":"default","_kad_post_feature":"","_kad_post_feature_position":"","_kad_post_header":false,"_kad_post_footer":false,"_kad_post_classname":""},"product_brand":[1287],"product_cat":[1435,15],"product_tag":[],"class_list":{"0":"post-114091","1":"product","2":"type-product","3":"status-publish","4":"has-post-thumbnail","6":"product_brand-puma","7":"product_cat-arsenal","8":"product_cat-bez-kategorii","9":"pa_homeawaythird-home","10":"pa_rozmiar-s","12":"first","13":"instock","14":"taxable","15":"shipping-taxable","16":"purchasable","17":"product-type-simple","18":"entry","19":"content-bg","20":"loop-entry"},"taxonomy_info":{"product_brand":[{"value":1287,"label":"Puma"}],"product_cat":[{"value":1435,"label":"Arsenal FC"},{"value":15,"label":"Bez kategorii"}],"pa_homeawaythird":[{"value":1597,"label":"Home"}],"pa_rozmiar":[{"value":1815,"label":"S"}]},"featured_image_src_large":["https:\/\/footballthrift.shop\/wp-content\/uploads\/2026\/01\/Photoroom_022_20260103_153326-1024x1024.png",1024,1024,true],"author_info":[],"comment_info":"","_links":{"self":[{"href":"https:\/\/footballthrift.shop\/de\/wp-json\/wp\/v2\/product\/114091","targetHints":{"allow":["GET"]}}],"collection":[{"href":"https:\/\/footballthrift.shop\/de\/wp-json\/wp\/v2\/product"}],"about":[{"href":"https:\/\/footballthrift.shop\/de\/wp-json\/wp\/v2\/types\/product"}],"wp:featuredmedia":[{"embeddable":true,"href":"https:\/\/footballthrift.shop\/de\/wp-json\/wp\/v2\/media\/114125"}],"wp:attachment":[{"href":"https:\/\/footballthrift.shop\/de\/wp-json\/wp\/v2\/media?parent=114091"}],"wp:term":[{"taxonomy":"product_brand","embeddable":true,"href":"https:\/\/footballthrift.shop\/de\/wp-json\/wp\/v2\/product_brand?post=114091"},{"taxonomy":"product_cat","embeddable":true,"href":"https:\/\/footballthrift.shop\/de\/wp-json\/wp\/v2\/product_cat?post=114091"},{"taxonomy":"product_tag","embeddable":true,"href":"https:\/\/footballthrift.shop\/de\/wp-json\/wp\/v2\/product_tag?post=114091"}],"curies":[{"name":"wp","href":"https:\/\/api.w.org\/{rel}","templated":true}]}}