{"id":113489,"date":"2025-12-21T17:50:12","date_gmt":"2025-12-21T16:50:12","guid":{"rendered":"https:\/\/footballthrift.shop\/?post_type=product&#038;p=113489"},"modified":"2026-03-09T11:25:24","modified_gmt":"2026-03-09T10:25:24","slug":"koszulka-treningowa-tottenham-hotspur-fc-2018-19-s","status":"publish","type":"product","link":"https:\/\/footballthrift.shop\/de\/koszulka-treningowa-tottenham-hotspur-fc-2018-19-s\/","title":{"rendered":"Koszulka treningowa Tottenham Hotspur FC 2018\/19 [S]"},"content":{"rendered":"<p><strong>Verein:<\/strong> Tottenham Hotspur FC<\/p>\n<p><strong>Saison:<\/strong> 2018\/19<\/p>\n<p><strong>Gr\u00f6\u00dfe: <\/strong>S<\/p>\n<p><strong>Zustand:<\/strong> Sehr gut \u2013 kleiner Riss im Stoff unten an der Seite des T-Shirts.<\/p>\n<p><strong>Ma\u00dfe (Achselbreite\/L\u00e4nge) in cm: <\/strong>45\/68<\/p>","protected":false},"excerpt":{"rendered":"<p data-start=\"0\" data-end=\"99\"><strong data-start=\"0\" data-end=\"99\">Original Tottenham Hotspur FC Trainings-Fu\u00dfballtrikot aus der Saison 2018\/19, hergestellt von Nike.\u00a0<\/strong><\/p>\n<p data-start=\"101\" data-end=\"506\">Trainingsmodell entwickelt von <strong data-start=\"139\" data-end=\"147\">Nike<\/strong> f\u00fcr die Saison <strong data-start=\"157\" data-end=\"168\">2018\/19<\/strong> f\u00fcr <strong data-start=\"173\" data-end=\"198\">Tottenham Hotspur FC<\/strong>, in Gr\u00f6\u00dfe <strong data-start=\"212\" data-end=\"217\">S<\/strong>, stammt aus einer der denkw\u00fcrdigsten Perioden in der modernen Geschichte des Londoner Clubs. Es war die Saison, in der die Mannschaft unter Mauricio Pochettino intensive Ligaspiele mit einem historischen Marsch in den europ\u00e4ischen Wettbewerben verband und sich so international einen Namen machte.<\/p>\n<p data-start=\"508\" data-end=\"979\">Das T-Shirt wurde hergestellt in <strong data-start=\"541\" data-end=\"567\">Marineblau<\/strong>, die die Grundlage f\u00fcr ein minimalistisches, modernes Trainingsdesign bildet. An den Armen wurde <strong data-start=\"670\" data-end=\"690\">blaue Gummib\u00e4nder<\/strong>, die die einheitliche Oberfl\u00e4che des Materials subtil durchbrechen und den sportlichen Charakter des T-Shirts unterstreichen. Auf der Vorderseite befindet sich ausschlie\u00dflich <strong data-start=\"828\" data-end=\"847\">wei\u00dfes Nike-Logo<\/strong> und <strong data-start=\"853\" data-end=\"889\">das wei\u00dfe Wappen des Tottenham Hotspur FC<\/strong>, was dem Ganzen ein klares, technisches Aussehen verleiht, das typisch f\u00fcr Trainingsbekleidung dieser Zeit ist.<\/p>\n<p data-start=\"981\" data-end=\"1307\">Das Material des T-Shirts ist <strong data-start=\"1004\" data-end=\"1038\">leicht, luftig und technisch<\/strong>, entwickelt f\u00fcr intensive Trainingseinheiten. Schnitt in Gr\u00f6\u00dfe <strong data-start=\"1121\" data-end=\"1126\">S<\/strong> sorgt f\u00fcr Bewegungsfreiheit und Tragekomfort, wie es f\u00fcr Trainingsdesigns typisch ist <strong data-start=\"1216\" data-end=\"1224\">Nike<\/strong> verwendet vom ersten Team <strong data-start=\"1259\" data-end=\"1284\">Tottenham Hotspur FC<\/strong> in der Saison <strong data-start=\"1295\" data-end=\"1306\">2018\/19<\/strong>.<\/p>\n<p data-start=\"1309\" data-end=\"1933\" data-is-last-node=\"\" data-is-only-node=\"\">Saison <strong data-start=\"1315\" data-end=\"1326\">2018\/19<\/strong> hat sich in die Geschichte eingeschrieben <strong data-start=\"1350\" data-end=\"1375\">Tottenham Hotspur FC<\/strong> vor allem durch den Einzug ins Finale der Champions League, was den gr\u00f6\u00dften europ\u00e4ischen Erfolg des Vereins darstellte. Den Kern der Mannschaft bildeten damals Spieler wie <strong data-start=\"1525\" data-end=\"1539\">Harry Kane<\/strong>, <strong data-start=\"1541\" data-end=\"1558\">Heung-min Son<\/strong>, <strong data-start=\"1560\" data-end=\"1581\">Christian Eriksen<\/strong> oder <strong data-start=\"1586\" data-end=\"1599\">Dele Alli<\/strong>, die dem Team eine offensive Identit\u00e4t und Spielgeschwindigkeit verliehen. Das Trainingsshirt aus dieser Saison ist heute ein interessantes Sammlerst\u00fcck, das <strong data-start=\"1746\" data-end=\"1809\">Original-Fu\u00dfballtrikot von Tottenham Hotspur FC 2018\/19<\/strong>, minimalistisches Design <strong data-start=\"1835\" data-end=\"1843\">Nike<\/strong> und deutlich <strong data-start=\"1857\" data-end=\"1932\">Der historische Kontext einer der wichtigsten Spielzeiten in der Geschichte des Vereins<\/strong>.<\/p>","protected":false},"featured_media":113507,"template":"","meta":{"_kad_blocks_custom_css":"","_kad_blocks_head_custom_js":"","_kad_blocks_body_custom_js":"","_kad_blocks_footer_custom_js":"","_kad_post_transparent":"default","_kad_post_title":"","_kad_post_layout":"default","_kad_post_sidebar_id":"","_kad_post_content_style":"default","_kad_post_vertical_padding":"default","_kad_post_feature":"","_kad_post_feature_position":"","_kad_post_header":false,"_kad_post_footer":false,"_kad_post_classname":""},"product_brand":[1284],"product_cat":[15,1423,1481],"product_tag":[],"class_list":{"0":"post-113489","1":"product","2":"type-product","3":"status-publish","4":"has-post-thumbnail","6":"product_brand-nike","7":"product_cat-bez-kategorii","8":"product_cat-kurtkibluzytrening","9":"product_cat-tottenham","10":"pa_rozmiar-s","12":"first","13":"instock","14":"taxable","15":"shipping-taxable","16":"purchasable","17":"product-type-simple","18":"entry","19":"content-bg","20":"loop-entry"},"taxonomy_info":{"product_brand":[{"value":1284,"label":"Nike"}],"product_cat":[{"value":15,"label":"Bez kategorii"},{"value":1423,"label":"Kurtki\/bluzy\/trening"},{"value":1481,"label":"Tottenham Hotspur FC"}],"pa_rozmiar":[{"value":1815,"label":"S"}]},"featured_image_src_large":["https:\/\/footballthrift.shop\/wp-content\/uploads\/2025\/12\/Photoroom_018_20251217_120924-1024x1024.png",1024,1024,true],"author_info":[],"comment_info":"","_links":{"self":[{"href":"https:\/\/footballthrift.shop\/de\/wp-json\/wp\/v2\/product\/113489","targetHints":{"allow":["GET"]}}],"collection":[{"href":"https:\/\/footballthrift.shop\/de\/wp-json\/wp\/v2\/product"}],"about":[{"href":"https:\/\/footballthrift.shop\/de\/wp-json\/wp\/v2\/types\/product"}],"wp:featuredmedia":[{"embeddable":true,"href":"https:\/\/footballthrift.shop\/de\/wp-json\/wp\/v2\/media\/113507"}],"wp:attachment":[{"href":"https:\/\/footballthrift.shop\/de\/wp-json\/wp\/v2\/media?parent=113489"}],"wp:term":[{"taxonomy":"product_brand","embeddable":true,"href":"https:\/\/footballthrift.shop\/de\/wp-json\/wp\/v2\/product_brand?post=113489"},{"taxonomy":"product_cat","embeddable":true,"href":"https:\/\/footballthrift.shop\/de\/wp-json\/wp\/v2\/product_cat?post=113489"},{"taxonomy":"product_tag","embeddable":true,"href":"https:\/\/footballthrift.shop\/de\/wp-json\/wp\/v2\/product_tag?post=113489"}],"curies":[{"name":"wp","href":"https:\/\/api.w.org\/{rel}","templated":true}]}}