{"id":113485,"date":"2025-12-21T17:50:10","date_gmt":"2025-12-21T16:50:10","guid":{"rendered":"https:\/\/footballthrift.shop\/?post_type=product&#038;p=113485"},"modified":"2026-03-09T11:25:24","modified_gmt":"2026-03-09T10:25:24","slug":"flussplatte-trainingstrikot-2017-18-xl","status":"publish","type":"product","link":"https:\/\/footballthrift.shop\/de\/koszulka-treningowa-river-plate-2017-18-xl\/","title":{"rendered":"Koszulka treningowa River Plate 2017\/18 [XL]"},"content":{"rendered":"<p><strong>Verein:<\/strong> Flussplatte<\/p>\n<p><strong>Saison:<\/strong> 2017\/18<\/p>\n<p><strong>Gr\u00f6\u00dfe: <\/strong>XL<\/p>\n<p><strong>Zustand:<\/strong> Ausgezeichnet<\/p>\n<p><strong>Ma\u00dfe (Achselbreite\/L\u00e4nge) in cm: <\/strong>60\/76<\/p>","protected":false},"excerpt":{"rendered":"<p data-start=\"0\" data-end=\"92\"><strong data-start=\"0\" data-end=\"92\">Original River Plate Trainings-Fu\u00dfballtrikot aus der Saison 2017\/18, hergestellt von Adidas.\u00a0<\/strong><\/p>\n<p data-start=\"94\" data-end=\"488\">Trainingsmodell erstellt von <strong data-start=\"130\" data-end=\"141\">Adidas<\/strong> f\u00fcr die Saison <strong data-start=\"151\" data-end=\"162\">2017\/18<\/strong> f\u00fcr <strong data-start=\"167\" data-end=\"182\">Flussplatte<\/strong>, in Gr\u00f6\u00dfe <strong data-start=\"196\" data-end=\"202\">XL<\/strong>, repr\u00e4sentiert einen modernen Ansatz f\u00fcr Trainingsbekleidung eines der erfolgreichsten Vereine S\u00fcdamerikas. Das Design ist f\u00fcr intensive k\u00f6rperliche Bet\u00e4tigung konzipiert und wurde in einer Zeit verwendet, in der die Mannschaft von Marcelo Gallardo ihre Dominanz auf dem Kontinent weiter ausbaute.<\/p>\n<p data-start=\"490\" data-end=\"968\">Das T-Shirt wurde in Form von <strong data-start=\"530\" data-end=\"555\">schwarzes \u00e4rmelloses Oberteil<\/strong>, ideal f\u00fcr das Training bei h\u00f6heren Temperaturen. Die Vorderseite wurde gebrochen. <strong data-start=\"622\" data-end=\"657\">mit einem dicken, schr\u00e4gen roten Streifen<\/strong>, der einen klaren Bezug zur Identit\u00e4t herstellt <strong data-start=\"707\" data-end=\"722\">Flussplatte<\/strong> und zieht gleichzeitig durch seine dynamische Komposition die Aufmerksamkeit auf sich. Das Fehlen von \u00c4rmeln unterstreicht den sportlichen Charakter des Modells, und die minimalistische Farbgebung sorgt f\u00fcr einen modernen, klaren Look, der typisch f\u00fcr Trainingsbekleidung ist. <strong data-start=\"942\" data-end=\"953\">Adidas<\/strong> aus dieser Zeit.<\/p>\n<p data-start=\"970\" data-end=\"1311\">Das f\u00fcr dieses Modell verwendete Material ist <strong data-start=\"1009\" data-end=\"1043\">leicht, technisch und atmungsaktiv<\/strong>, geeignet f\u00fcr lange Trainingseinheiten und f\u00fcr volle Bewegungsfreiheit. Schnitt in Gr\u00f6\u00dfe <strong data-start=\"1147\" data-end=\"1153\">XL<\/strong> bietet eine bequeme Passform und erm\u00f6glicht so ein Training mit voller Intensit\u00e4t \u2013 genau so, wie es das Training erfordert. <strong data-start=\"1273\" data-end=\"1288\">Flussplatte<\/strong> in der Saison <strong data-start=\"1299\" data-end=\"1310\">2017\/18<\/strong>.<\/p>\n<p data-start=\"1313\" data-end=\"1655\" data-is-last-node=\"\" data-is-only-node=\"\">Eine interessante Wahl f\u00fcr Sammler und Fans, die auf der Suche nach <strong data-start=\"1380\" data-end=\"1445\">Original-Trainingsshirt von River Plate aus der Saison 2017\/18<\/strong>, herausragend <strong data-start=\"1465\" data-end=\"1491\">schwarzes Unterhemd<\/strong>, ausdrucksstark <strong data-start=\"1504\" data-end=\"1523\">roter Streifen<\/strong> und minimalistischem Design <strong data-start=\"1553\" data-end=\"1564\">Adidas<\/strong>, das Teil der Kleidung war, die das Team in einer der wichtigsten Phasen der Gallardo-\u00c4ra begleitete.<\/p>","protected":false},"featured_media":113546,"template":"","meta":{"_kad_blocks_custom_css":"","_kad_blocks_head_custom_js":"","_kad_blocks_body_custom_js":"","_kad_blocks_footer_custom_js":"","_kad_post_transparent":"default","_kad_post_title":"","_kad_post_layout":"default","_kad_post_sidebar_id":"","_kad_post_content_style":"default","_kad_post_vertical_padding":"default","_kad_post_feature":"","_kad_post_feature_position":"","_kad_post_header":false,"_kad_post_footer":false,"_kad_post_classname":""},"product_brand":[1283],"product_cat":[1419,15,1423],"product_tag":[],"class_list":{"0":"post-113485","1":"product","2":"type-product","3":"status-publish","4":"has-post-thumbnail","6":"product_brand-adidas","7":"product_cat-ameryka-poludniowa","8":"product_cat-bez-kategorii","9":"product_cat-kurtkibluzytrening","10":"pa_rozmiar-xl","12":"first","13":"instock","14":"taxable","15":"shipping-taxable","16":"purchasable","17":"product-type-simple","18":"entry","19":"content-bg","20":"loop-entry"},"taxonomy_info":{"product_brand":[{"value":1283,"label":"Adidas"}],"product_cat":[{"value":1419,"label":"Ameryka Po\u0142udniowa"},{"value":15,"label":"Bez kategorii"},{"value":1423,"label":"Kurtki\/bluzy\/trening"}],"pa_rozmiar":[{"value":1818,"label":"XL"}]},"featured_image_src_large":["https:\/\/footballthrift.shop\/wp-content\/uploads\/2025\/12\/Photoroom_038_20251217_120924-1024x1024.png",1024,1024,true],"author_info":[],"comment_info":"","_links":{"self":[{"href":"https:\/\/footballthrift.shop\/de\/wp-json\/wp\/v2\/product\/113485","targetHints":{"allow":["GET"]}}],"collection":[{"href":"https:\/\/footballthrift.shop\/de\/wp-json\/wp\/v2\/product"}],"about":[{"href":"https:\/\/footballthrift.shop\/de\/wp-json\/wp\/v2\/types\/product"}],"wp:featuredmedia":[{"embeddable":true,"href":"https:\/\/footballthrift.shop\/de\/wp-json\/wp\/v2\/media\/113546"}],"wp:attachment":[{"href":"https:\/\/footballthrift.shop\/de\/wp-json\/wp\/v2\/media?parent=113485"}],"wp:term":[{"taxonomy":"product_brand","embeddable":true,"href":"https:\/\/footballthrift.shop\/de\/wp-json\/wp\/v2\/product_brand?post=113485"},{"taxonomy":"product_cat","embeddable":true,"href":"https:\/\/footballthrift.shop\/de\/wp-json\/wp\/v2\/product_cat?post=113485"},{"taxonomy":"product_tag","embeddable":true,"href":"https:\/\/footballthrift.shop\/de\/wp-json\/wp\/v2\/product_tag?post=113485"}],"curies":[{"name":"wp","href":"https:\/\/api.w.org\/{rel}","templated":true}]}}