{"id":113479,"date":"2025-12-21T17:50:04","date_gmt":"2025-12-21T16:50:04","guid":{"rendered":"https:\/\/footballthrift.shop\/?post_type=product&#038;p=113479"},"modified":"2026-03-09T11:25:26","modified_gmt":"2026-03-09T10:25:26","slug":"koszulka-treningowa-juventus-fc-2013-14-m","status":"publish","type":"product","link":"https:\/\/footballthrift.shop\/de\/koszulka-treningowa-juventus-fc-2013-14-m\/","title":{"rendered":"Koszulka treningowa Juventus FC 2013\/14 [M]"},"content":{"rendered":"<p><strong>Verein:<\/strong> Juventus FC<\/p>\n<p><strong>Saison:<\/strong> 2013\/14<\/p>\n<p><strong>Gr\u00f6\u00dfe: <\/strong>M<\/p>\n<p><strong>Zustand:<\/strong> Sehr gut - ein paar Mikrostiche auf der Vorderseite.<\/p>\n<p><strong>Ma\u00dfe (Achselbreite\/L\u00e4nge) in cm: <\/strong>48\/72<\/p>","protected":false},"excerpt":{"rendered":"<p data-start=\"0\" data-end=\"90\"><strong data-start=\"0\" data-end=\"90\">Original Juventus FC Trainings-Fu\u00dfballtrikot aus der Saison 2013\/14, hergestellt von Nike.\u00a0<\/strong><\/p>\n<p data-start=\"92\" data-end=\"465\">Das Modell, das von <strong data-start=\"117\" data-end=\"125\">Nike<\/strong> f\u00fcr die Saison <strong data-start=\"135\" data-end=\"146\">2013\/14<\/strong> f\u00fcr <strong data-start=\"151\" data-end=\"167\">Juventus FC<\/strong>, in Gr\u00f6\u00dfe <strong data-start=\"181\" data-end=\"186\">M<\/strong>, stammt aus einer Zeit, in der der Verein auf nationaler Ebene dominierte und unter der Leitung von Antonio Conte personelle Stabilit\u00e4t erreichte. Das Trainingsprojekt f\u00fcgt sich in die zur\u00fcckhaltende \u00c4sthetik der Kleidung ein, die die Spieler t\u00e4glich w\u00e4hrend der Vorbereitung auf die n\u00e4chsten Liga- und Europapokalspiele tragen.<\/p>\n<p data-start=\"467\" data-end=\"954\">Das T-Shirt wurde hergestellt in <strong data-start=\"500\" data-end=\"522\">Graut\u00f6ne<\/strong>, ohne \u00fcberfl\u00fcssige grafische Elemente auf der Vorderseite \u2013 dort befindet sich lediglich <strong data-start=\"598\" data-end=\"611\">Nike-Logo<\/strong> und <strong data-start=\"617\" data-end=\"638\">Wappen von Juventus FC<\/strong>, was den minimalistischen Charakter dieser Variante unterstreicht. Auf der R\u00fcckseite wurde <strong data-start=\"717\" data-end=\"747\">dicke, schwarze, schr\u00e4ge Streifen<\/strong>, die \u00fcber die Seiten des T-Shirts hinausragen und ihm ein dynamisches Design verleihen, das typisch f\u00fcr die Entw\u00fcrfe von <strong data-start=\"837\" data-end=\"845\">Nike<\/strong> aus dem Anfang des letzten Jahrzehnts. Das Fehlen eines Sponsorenlogos unterstreicht den funktionalen, sportlichen Charakter des Modells.<\/p>\n<p data-start=\"956\" data-end=\"1176\">Das Material des T-Shirts bleibt unver\u00e4ndert. <strong data-start=\"984\" data-end=\"1018\">leicht, technisch und atmungsaktiv<\/strong>, und sorgt so f\u00fcr Komfort bei intensiven Trainingseinheiten. Schnitt in Gr\u00f6\u00dfe <strong data-start=\"1098\" data-end=\"1103\">M<\/strong> bietet eine nat\u00fcrliche Passform und Bewegungsfreiheit im t\u00e4glichen Gebrauch.<\/p>\n<p data-start=\"1178\" data-end=\"1679\">Saison <strong data-start=\"1184\" data-end=\"1195\">2013\/14<\/strong> ist eine Zeit der vollst\u00e4ndigen Dominanz <strong data-start=\"1222\" data-end=\"1238\">Juventus FC<\/strong> auf nationaler Ebene \u2013 der Verein gewann erneut die Serie A und beeindruckte mit einer Rekordpunktzahl und einer Siegesserie im eigenen Stadion. Zu den F\u00fchrungsspielern des Teams geh\u00f6rten unter anderem. <strong data-start=\"1406\" data-end=\"1422\">Andrea Pirlo<\/strong>, <strong data-start=\"1424\" data-end=\"1440\">Arturo Vidal<\/strong>, <strong data-start=\"1442\" data-end=\"1456\">Paul Pogba<\/strong>, <strong data-start=\"1458\" data-end=\"1474\">Carlos T\u00e9vez<\/strong> i <strong data-start=\"1477\" data-end=\"1497\">Gianluigi Buffon<\/strong>, die sowohl den Charakter als auch das Tempo des Spiels bestimmten. Aus dieser Zeit stammt das Bild von Juventus als einer Mannschaft, die sich einen physischen und taktischen Vorsprung gegen\u00fcber dem Rest der Liga erarbeitet hat.<\/p>\n<p data-start=\"1681\" data-end=\"2008\" data-is-last-node=\"\" data-is-only-node=\"\">Dies ist ein attraktives Angebot f\u00fcr Sammler, die auf der Suche nach <strong data-start=\"1738\" data-end=\"1804\">Original-Trainingsshirt von Juventus FC aus der Saison 2013\/14<\/strong>, herausragend <strong data-start=\"1824\" data-end=\"1847\">grauer Minimalismus, <\/strong>sowie dem Kontext der Dominanz und der Starbesetzung, die den Stil der Mannschaft auf italienischer und europ\u00e4ischer Ebene pr\u00e4gten.<\/p>","protected":false},"featured_media":113635,"template":"","meta":{"_kad_blocks_custom_css":"","_kad_blocks_head_custom_js":"","_kad_blocks_body_custom_js":"","_kad_blocks_footer_custom_js":"","_kad_post_transparent":"default","_kad_post_title":"","_kad_post_layout":"default","_kad_post_sidebar_id":"","_kad_post_content_style":"default","_kad_post_vertical_padding":"default","_kad_post_feature":"","_kad_post_feature_position":"","_kad_post_header":false,"_kad_post_footer":false,"_kad_post_classname":""},"product_brand":[1284],"product_cat":[15,1462,1423],"product_tag":[],"class_list":{"0":"post-113479","1":"product","2":"type-product","3":"status-publish","4":"has-post-thumbnail","6":"product_brand-nike","7":"product_cat-bez-kategorii","8":"product_cat-kluby-wloskie-juventusfc","9":"product_cat-kurtkibluzytrening","10":"pa_rozmiar-m","12":"first","13":"instock","14":"taxable","15":"shipping-taxable","16":"purchasable","17":"product-type-simple","18":"entry","19":"content-bg","20":"loop-entry"},"taxonomy_info":{"product_brand":[{"value":1284,"label":"Nike"}],"product_cat":[{"value":15,"label":"Bez kategorii"},{"value":1462,"label":"Juventus FC"},{"value":1423,"label":"Kurtki\/bluzy\/trening"}],"pa_rozmiar":[{"value":1816,"label":"M"}]},"featured_image_src_large":["https:\/\/footballthrift.shop\/wp-content\/uploads\/2025\/12\/Photoroom_014_20251217_120924-1024x1024.png",1024,1024,true],"author_info":[],"comment_info":"","_links":{"self":[{"href":"https:\/\/footballthrift.shop\/de\/wp-json\/wp\/v2\/product\/113479","targetHints":{"allow":["GET"]}}],"collection":[{"href":"https:\/\/footballthrift.shop\/de\/wp-json\/wp\/v2\/product"}],"about":[{"href":"https:\/\/footballthrift.shop\/de\/wp-json\/wp\/v2\/types\/product"}],"wp:featuredmedia":[{"embeddable":true,"href":"https:\/\/footballthrift.shop\/de\/wp-json\/wp\/v2\/media\/113635"}],"wp:attachment":[{"href":"https:\/\/footballthrift.shop\/de\/wp-json\/wp\/v2\/media?parent=113479"}],"wp:term":[{"taxonomy":"product_brand","embeddable":true,"href":"https:\/\/footballthrift.shop\/de\/wp-json\/wp\/v2\/product_brand?post=113479"},{"taxonomy":"product_cat","embeddable":true,"href":"https:\/\/footballthrift.shop\/de\/wp-json\/wp\/v2\/product_cat?post=113479"},{"taxonomy":"product_tag","embeddable":true,"href":"https:\/\/footballthrift.shop\/de\/wp-json\/wp\/v2\/product_tag?post=113479"}],"curies":[{"name":"wp","href":"https:\/\/api.w.org\/{rel}","templated":true}]}}