{"id":113477,"date":"2025-12-21T17:50:05","date_gmt":"2025-12-21T16:50:05","guid":{"rendered":"https:\/\/footballthrift.shop\/?post_type=product&#038;p=113477"},"modified":"2026-03-09T11:25:26","modified_gmt":"2026-03-09T10:25:26","slug":"bluza-bawelniana-fc-barcelona-2007-08-l","status":"publish","type":"product","link":"https:\/\/footballthrift.shop\/de\/bluza-bawelniana-fc-barcelona-2007-08-l\/","title":{"rendered":"Bluza bawe\u0142niana FC Barcelona 2007\/08 [L]"},"content":{"rendered":"<p><strong>Verein:<\/strong> FC Barcelona<\/p>\n<p><strong>Saison:<\/strong> 2007\/08<\/p>\n<p><strong>Gr\u00f6\u00dfe: <\/strong>L<\/p>\n<p><strong>Zustand:<\/strong> Ausgezeichnet<\/p>\n<p><strong>Ma\u00dfe (Achselbreite\/L\u00e4nge) in cm: <\/strong>55\/68<\/p>","protected":false},"excerpt":{"rendered":"<div class=\"flex flex-col text-sm pb-25\">\n<article class=\"text-token-text-primary w-full focus:outline-none [--shadow-height:45px] has-data-writing-block:pointer-events-none has-data-writing-block:-mt-(--shadow-height) has-data-writing-block:pt-(--shadow-height) [&amp;:has([data-writing-block])&gt;*]:pointer-events-auto scroll-mt-[calc(var(--header-height)+min(200px,max(70px,20svh)))]\" dir=\"auto\" tabindex=\"-1\" data-turn-id=\"request-693eb1d8-8428-832b-96ee-c6fcbf27d27f-12\" data-testid=\"conversation-turn-38\" data-scroll-anchor=\"true\" data-turn=\"assistant\">\n<div class=\"text-base my-auto mx-auto pb-10 [--thread-content-margin:--spacing(4)] @w-sm\/main:[--thread-content-margin:--spacing(6)] @w-lg\/main:[--thread-content-margin:--spacing(16)] px-(--thread-content-margin)\">\n<div class=\"[--thread-content-max-width:40rem] @w-lg\/main:[--thread-content-max-width:48rem] mx-auto max-w-(--thread-content-max-width) flex-1 group\/turn-messages focus-visible:outline-hidden relative flex w-full min-w-0 flex-col agent-turn\" tabindex=\"-1\">\n<div class=\"flex max-w-full flex-col grow\">\n<div class=\"min-h-8 text-message relative flex w-full flex-col items-end gap-2 text-start break-words whitespace-normal [.text-message+&amp;]:mt-1\" dir=\"auto\" data-message-author-role=\"assistant\" data-message-id=\"0e19bb90-7d5e-4461-baed-a4da3e2c8172\" data-message-model-slug=\"gpt-5-2\">\n<div class=\"flex w-full flex-col gap-1 empty:hidden first:pt-[1px]\">\n<div class=\"markdown prose dark:prose-invert w-full break-words light markdown-new-styling\">\n<p data-start=\"0\" data-end=\"90\"><strong data-start=\"0\" data-end=\"88\">Oryginalna bluza bawe\u0142niana z kapturem FC Barcelony z sezonu 2007\/08 produkcji Nike.\u00a0<\/strong><\/p>\n<p data-start=\"92\" data-end=\"515\">Model przygotowany przez <strong data-start=\"117\" data-end=\"125\">Nike<\/strong> na sezon <strong data-start=\"135\" data-end=\"146\">2007\/08<\/strong> dla <strong data-start=\"151\" data-end=\"167\">FC Barcelony<\/strong>, w rozmiarze <strong data-start=\"181\" data-end=\"186\">L<\/strong>, pochodzi z okresu przej\u015bciowego dla klubu, zamykaj\u0105cego er\u0119 Franka Rijkaarda i poprzedzaj\u0105cego wej\u015bcie w historyczn\u0105 dominacj\u0119 pod wodz\u0105 Pepa Guardioli. Bluza \u0142\u0105czy minimalistyczny styl z wyrazist\u0105 identyfikacj\u0105 Barcelony, stanowi\u0105c odzie\u017c przeznaczon\u0105 zar\u00f3wno dla sztabu, jak i kibic\u00f3w ceni\u0105cych prostot\u0119 klubowych dodatk\u00f3w.<\/p>\n<p data-start=\"517\" data-end=\"1046\">Model zosta\u0142 wykonany w <strong data-start=\"541\" data-end=\"566\">czerwonej kolorystyce<\/strong>, charakterystycznej dla palety barw <strong data-start=\"603\" data-end=\"619\">FC Barcelony<\/strong>. Na prawym r\u0119kawie umieszczono du\u017cy napis <strong data-start=\"662\" data-end=\"675\">BARCELONA<\/strong>, co nadaje ca\u0142o\u015bci dynamicznego charakteru i mocnego nawi\u0105zania do klubowej to\u017csamo\u015bci. Na froncie, po lewej stronie piersi, znalaz\u0142o si\u0119 <strong data-start=\"814\" data-end=\"832\">ma\u0142e logo Nike<\/strong>, a nad nim <strong data-start=\"844\" data-end=\"865\">herb FC Barcelony<\/strong>, po\u0142o\u017cony na tle wzoru stosowanego przez <strong data-start=\"922\" data-end=\"930\">Nike<\/strong> w tamtym okresie \u2013 subtelnego, nowoczesnego akcentu, kt\u00f3ry odr\u00f3\u017cnia ten model od standardowych bluz kibicowskich.<\/p>\n<p data-start=\"1048\" data-end=\"1318\">Materia\u0142 bluzy to <strong data-start=\"1066\" data-end=\"1104\">mi\u0119kka, przyjemna w dotyku bawe\u0142na<\/strong>, oferuj\u0105ca wygod\u0119 i komfort termiczny odpowiedni do codziennego noszenia. Kr\u00f3j w rozmiarze <strong data-start=\"1196\" data-end=\"1201\">L<\/strong> zapewnia swobod\u0119 ruch\u00f3w oraz klasyczne dopasowanie, typowe dla kolekcji lifestyle\u2019owych <strong data-start=\"1290\" data-end=\"1298\">Nike<\/strong> z ko\u0144ca lat 2000.<\/p>\n<p data-start=\"1320\" data-end=\"1728\">Sezon <strong data-start=\"1326\" data-end=\"1337\">2007\/08<\/strong> w wykonaniu <strong data-start=\"1350\" data-end=\"1366\">FC Barcelony<\/strong> by\u0142 czasem zmian i sportowych turbulencji \u2014 zesp\u00f3\u0142 zaj\u0105\u0142 w La Liga trzecie miejsce, dotar\u0142 do p\u00f3\u0142fina\u0142u Ligi Mistrz\u00f3w, a w dru\u017cynie kszta\u0142towa\u0142 si\u0119 ju\u017c nowy trzon oparty na graczach takich jak <strong data-start=\"1560\" data-end=\"1576\">Lionel Messi<\/strong>, <strong data-start=\"1578\" data-end=\"1596\">Andr\u00e9s Iniesta<\/strong>, <strong data-start=\"1598\" data-end=\"1616\">Xavi Hern\u00e1ndez<\/strong> czy <strong data-start=\"1621\" data-end=\"1637\">Carles Puyol<\/strong>. To w\u0142a\u015bnie to pokolenie poprowadzi\u0142o klub do absolutnej dominacji w kolejnych sezonach.<\/p>\n<p data-start=\"1730\" data-end=\"2058\" data-is-last-node=\"\" data-is-only-node=\"\">To ciekawa propozycja dla kolekcjoner\u00f3w oraz kibic\u00f3w poszukuj\u0105cych <strong data-start=\"1797\" data-end=\"1848\">oryginalnej bluzy FC Barcelony z sezonu 2007\/08<\/strong>, wyr\u00f3\u017cniaj\u0105cej si\u0119 <strong data-start=\"1868\" data-end=\"1889\">czerwon\u0105 estetyk\u0105<\/strong>, stanowi\u0105c\u0105 pami\u0105tk\u0119 ostatniego sezonu przed najbardziej utytu\u0142owan\u0105 dekad\u0105 w historii klubu.<\/p>\n<\/div>\n<\/div>\n<\/div>\n<\/div>\n<\/div>\n<\/div>\n<\/article>\n<\/div>\n","protected":false},"featured_media":113603,"template":"","meta":{"_kad_blocks_custom_css":"","_kad_blocks_head_custom_js":"","_kad_blocks_body_custom_js":"","_kad_blocks_footer_custom_js":"","_kad_post_transparent":"default","_kad_post_title":"","_kad_post_layout":"default","_kad_post_sidebar_id":"","_kad_post_content_style":"default","_kad_post_vertical_padding":"default","_kad_post_feature":"","_kad_post_feature_position":"","_kad_post_header":false,"_kad_post_footer":false,"_kad_post_classname":""},"product_brand":[1284],"product_cat":[15,1448,1423],"product_tag":[],"class_list":{"0":"post-113477","1":"product","2":"type-product","3":"status-publish","4":"has-post-thumbnail","6":"product_brand-nike","7":"product_cat-bez-kategorii","8":"product_cat-kluby-hiszpanskie-fcbarcelona","9":"product_cat-kurtkibluzytrening","10":"pa_rozmiar-l","12":"first","13":"instock","14":"taxable","15":"shipping-taxable","16":"purchasable","17":"product-type-simple","18":"entry","19":"content-bg","20":"loop-entry"},"taxonomy_info":{"product_brand":[{"value":1284,"label":"Nike"}],"product_cat":[{"value":15,"label":"Bez kategorii"},{"value":1448,"label":"FC Barcelona"},{"value":1423,"label":"Kurtki\/bluzy\/trening"}],"pa_rozmiar":[{"value":1817,"label":"L"}]},"featured_image_src_large":["https:\/\/footballthrift.shop\/wp-content\/uploads\/2025\/12\/Photoroom_000_20251217_120924-1024x1024.png",1024,1024,true],"author_info":[],"comment_info":"","_links":{"self":[{"href":"https:\/\/footballthrift.shop\/de\/wp-json\/wp\/v2\/product\/113477","targetHints":{"allow":["GET"]}}],"collection":[{"href":"https:\/\/footballthrift.shop\/de\/wp-json\/wp\/v2\/product"}],"about":[{"href":"https:\/\/footballthrift.shop\/de\/wp-json\/wp\/v2\/types\/product"}],"wp:featuredmedia":[{"embeddable":true,"href":"https:\/\/footballthrift.shop\/de\/wp-json\/wp\/v2\/media\/113603"}],"wp:attachment":[{"href":"https:\/\/footballthrift.shop\/de\/wp-json\/wp\/v2\/media?parent=113477"}],"wp:term":[{"taxonomy":"product_brand","embeddable":true,"href":"https:\/\/footballthrift.shop\/de\/wp-json\/wp\/v2\/product_brand?post=113477"},{"taxonomy":"product_cat","embeddable":true,"href":"https:\/\/footballthrift.shop\/de\/wp-json\/wp\/v2\/product_cat?post=113477"},{"taxonomy":"product_tag","embeddable":true,"href":"https:\/\/footballthrift.shop\/de\/wp-json\/wp\/v2\/product_tag?post=113477"}],"curies":[{"name":"wp","href":"https:\/\/api.w.org\/{rel}","templated":true}]}}