{"id":113476,"date":"2025-12-21T17:50:06","date_gmt":"2025-12-21T16:50:06","guid":{"rendered":"https:\/\/footballthrift.shop\/?post_type=product&#038;p=113476"},"modified":"2026-03-09T11:25:25","modified_gmt":"2026-03-09T10:25:25","slug":"koszulka-pilkarska-dc-united-2018-19-home-s","status":"publish","type":"product","link":"https:\/\/footballthrift.shop\/de\/koszulka-pilkarska-dc-united-2018-19-home-s\/","title":{"rendered":"Koszulka pi\u0142karska DC United 2018\/19 Home [S]"},"content":{"rendered":"<p><strong>Verein:<\/strong> DC Vereint<\/p>\n<p><strong>Saison:<\/strong> 2018\/19 Heim<\/p>\n<p><strong>Gr\u00f6\u00dfe: <\/strong>S<\/p>\n<p><strong>Zustand:<\/strong> Sehr gut - ein Mikroriss auf der Vorderseite.<\/p>\n<p><strong>Ma\u00dfe (Achselbreite\/L\u00e4nge) in cm: <\/strong>47\/70<\/p>","protected":false},"excerpt":{"rendered":"<p data-start=\"0\" data-end=\"86\"><strong data-start=\"0\" data-end=\"86\">Original DC United Heimtrikot aus der Saison 2018\/19, hergestellt von Adidas.<\/strong><\/p>\n<p data-start=\"88\" data-end=\"481\">Das Modell, das von <strong data-start=\"113\" data-end=\"124\">Adidas<\/strong> f\u00fcr die Saison <strong data-start=\"134\" data-end=\"145\">2018\/19<\/strong> f\u00fcr <strong data-start=\"150\" data-end=\"163\">DC Vereint<\/strong>, in Gr\u00f6\u00dfe <strong data-start=\"177\" data-end=\"182\">S<\/strong>, spiegelt die minimalistische, dunkle \u00c4sthetik wider, die zum Markenzeichen des Clubs aus der Hauptstadt der USA geworden ist. Das Design passt perfekt zur neuen Entwicklungsphase des Teams \u2013 nach dem Umzug ins Audi Field und in einer Zeit, in der die Transfers hochkar\u00e4tiger Spieler f\u00fcr gro\u00dfes Medieninteresse sorgen.<\/p>\n<p data-start=\"483\" data-end=\"1038\">Das T-Shirt wurde hergestellt in <strong data-start=\"516\" data-end=\"539\">schwarzes Farbschema<\/strong>die sie brechen <strong data-start=\"558\" data-end=\"593\">horizontale, graue Streifen auf der Vorderseite<\/strong>, die dem Modell eine ausdrucksstarke Struktur und einen modernen Charakter verleihen. Der Kragen ist <strong data-start=\"683\" data-end=\"701\">graues Detail<\/strong>, und auf den \u00c4rmeln wurde <strong data-start=\"730\" data-end=\"753\">graue Adidas-Streifen<\/strong>, was die Ausgewogenheit des Designs unterstreicht. Auf dem rechten \u00c4rmel befindet sich <strong data-start=\"815\" data-end=\"828\">MLS-Patch<\/strong>, der den Ligastatus dieser Version unterstreicht. In der Mitte der Vorderseite befindet sich der Aufdruck des Sponsors. <strong data-start=\"918\" data-end=\"928\">Leidos<\/strong> w <strong data-start=\"931\" data-end=\"951\">silberfarben<\/strong>, das sich vom schwarzen Hintergrund abhebt und mit dem metallischen Stil des T-Shirts harmoniert.<\/p>\n<p data-start=\"1040\" data-end=\"1272\">Das Material bleibt erhalten <strong data-start=\"1059\" data-end=\"1093\">leicht, technisch und atmungsaktiv<\/strong>, entwickelt f\u00fcr die dynamischen Spiele der MLS. Schnitt in Gr\u00f6\u00dfe <strong data-start=\"1167\" data-end=\"1172\">S<\/strong> bietet eine Passform, die volle Bewegungsfreiheit und Tragekomfort im Alltag erm\u00f6glicht.<\/p>\n<p data-start=\"1274\" data-end=\"1706\">Saison <strong data-start=\"1280\" data-end=\"1291\">2018\/19<\/strong> stellte f\u00fcr <strong data-start=\"1305\" data-end=\"1318\">DC Vereint<\/strong> Der Beginn einer neuen \u00c4ra, deren Symbol <strong data-start=\"1359\" data-end=\"1375\">Wayne Rooney<\/strong>, der die Aufmerksamkeit der gesamten Liga auf sich zog. Der Engl\u00e4nder wurde zur zentralen Figur der Offensive, unterst\u00fctzt unter anderem von <strong data-start=\"1476\" data-end=\"1494\">Luciano Acosta<\/strong>, der zusammen mit ihm eines der interessantesten Duos der MLS bildet. Die Mannschaft hat sich nach einer schwierigen Phase wieder erholt, ihre Effizienz zur\u00fcckgewonnen und sich erneut f\u00fcr die Playoffs qualifiziert, wobei sie den Heimvorteil und die steigende Qualit\u00e4t ihres Kaders genutzt hat.<\/p>\n<p data-start=\"1708\" data-end=\"2080\" data-is-last-node=\"\" data-is-only-node=\"\">Dies ist ein attraktives Angebot f\u00fcr Sammler, die auf der Suche nach <strong data-start=\"1765\" data-end=\"1836\">Original-Heimtrikot von DC United aus der Saison 2018\/19<\/strong>, herausragend <strong data-start=\"1856\" data-end=\"1892\">schwarze \u00c4sthetik mit grauen Streifen<\/strong>, Liga-Patch <strong data-start=\"1934\" data-end=\"1941\">MLS<\/strong> und dem Kontext des Eintritts in die medienwirksamste Phase der Mannschaft dank <strong data-start=\"2024\" data-end=\"2047\">Wayne Rooney<\/strong> und die offensive Identit\u00e4t des Teams.<\/p>","protected":false},"featured_media":113596,"template":"","meta":{"_kad_blocks_custom_css":"","_kad_blocks_head_custom_js":"","_kad_blocks_body_custom_js":"","_kad_blocks_footer_custom_js":"","_kad_post_transparent":"default","_kad_post_title":"","_kad_post_layout":"default","_kad_post_sidebar_id":"","_kad_post_content_style":"default","_kad_post_vertical_padding":"default","_kad_post_feature":"","_kad_post_feature_position":"","_kad_post_header":false,"_kad_post_footer":false,"_kad_post_classname":""},"product_brand":[1283],"product_cat":[1415,15],"product_tag":[],"class_list":{"0":"post-113476","1":"product","2":"type-product","3":"status-publish","4":"has-post-thumbnail","6":"product_brand-adidas","7":"product_cat-ameryka-srodkowa-i-polnocna","8":"product_cat-bez-kategorii","9":"pa_homeawaythird-home","10":"pa_rozmiar-s","12":"first","13":"instock","14":"taxable","15":"shipping-taxable","16":"purchasable","17":"product-type-simple","18":"entry","19":"content-bg","20":"loop-entry"},"taxonomy_info":{"product_brand":[{"value":1283,"label":"Adidas"}],"product_cat":[{"value":1415,"label":"Ameryka \u015arodkowa i P\u00f3\u0142nocna"},{"value":15,"label":"Bez kategorii"}],"pa_homeawaythird":[{"value":1597,"label":"Home"}],"pa_rozmiar":[{"value":1815,"label":"S"}]},"featured_image_src_large":["https:\/\/footballthrift.shop\/wp-content\/uploads\/2025\/12\/Photoroom_010_20251217_120924-1024x1024.png",1024,1024,true],"author_info":[],"comment_info":"","_links":{"self":[{"href":"https:\/\/footballthrift.shop\/de\/wp-json\/wp\/v2\/product\/113476","targetHints":{"allow":["GET"]}}],"collection":[{"href":"https:\/\/footballthrift.shop\/de\/wp-json\/wp\/v2\/product"}],"about":[{"href":"https:\/\/footballthrift.shop\/de\/wp-json\/wp\/v2\/types\/product"}],"wp:featuredmedia":[{"embeddable":true,"href":"https:\/\/footballthrift.shop\/de\/wp-json\/wp\/v2\/media\/113596"}],"wp:attachment":[{"href":"https:\/\/footballthrift.shop\/de\/wp-json\/wp\/v2\/media?parent=113476"}],"wp:term":[{"taxonomy":"product_brand","embeddable":true,"href":"https:\/\/footballthrift.shop\/de\/wp-json\/wp\/v2\/product_brand?post=113476"},{"taxonomy":"product_cat","embeddable":true,"href":"https:\/\/footballthrift.shop\/de\/wp-json\/wp\/v2\/product_cat?post=113476"},{"taxonomy":"product_tag","embeddable":true,"href":"https:\/\/footballthrift.shop\/de\/wp-json\/wp\/v2\/product_tag?post=113476"}],"curies":[{"name":"wp","href":"https:\/\/api.w.org\/{rel}","templated":true}]}}