{"id":113008,"date":"2025-12-14T17:59:20","date_gmt":"2025-12-14T16:59:20","guid":{"rendered":"https:\/\/footballthrift.shop\/?post_type=product&#038;p=113008"},"modified":"2026-03-09T11:25:28","modified_gmt":"2026-03-09T10:25:28","slug":"fusballtrikot-ssc-napoli-2014-15-nach-hause-7-callejon-s","status":"publish","type":"product","link":"https:\/\/footballthrift.shop\/de\/koszulka-pilkarska-ssc-napoli-2014-15-home-7-callejon-s\/","title":{"rendered":"Koszulka pi\u0142karska SSC Napoli 2014\/15 Home 7 Callejon [S]"},"content":{"rendered":"<p><strong>Verein:<\/strong> SSC Napoli<\/p>\n<p><strong>Saison:<\/strong> 2014\/15 Startseite<\/p>\n<p><strong>Gr\u00f6\u00dfe: <\/strong>S<\/p>\n<p><strong>Zustand:<\/strong> Gut \u2013 leicht zerknitterte Zahl auf der R\u00fcckseite und Verschmutzungen.<\/p>\n<p><strong>Ma\u00dfe (Achselbreite\/L\u00e4nge) in cm: <\/strong>45\/65<\/p>","protected":false},"excerpt":{"rendered":"<p data-start=\"0\" data-end=\"114\"><strong data-start=\"0\" data-end=\"114\">Original SSC Napoli Heimtrikot aus der Saison 2014\/15 von Macron, mit Aufdruck von Jos\u00e9 Callej\u00f3n.\u00a0<\/strong><\/p>\n<p data-start=\"116\" data-end=\"581\">Das Modell, das von <strong data-start=\"141\" data-end=\"182\"><span class=\"hover:entity-accent entity-underline inline cursor-pointer align-baseline\"><span class=\"whitespace-normal\">Macron<\/span><\/span><\/strong> f\u00fcr die Saison <strong data-start=\"192\" data-end=\"203\">2014\/15<\/strong> f\u00fcr <strong data-start=\"208\" data-end=\"249\"><span class=\"hover:entity-accent entity-underline inline cursor-pointer align-baseline\"><span class=\"whitespace-normal\">SSC Napoli<\/span><\/span><\/strong>, in Gr\u00f6\u00dfe <strong data-start=\"263\" data-end=\"268\">S<\/strong>, pr\u00e4sentiert den f\u00fcr den Club klassischen <strong data-start=\"301\" data-end=\"325\">blue colours<\/strong> verbunden mit einem eleganten Finish. Das T-Shirt ist im Stil der Mitte der 2010er Jahre gehalten, und sein charakteristischstes Element ist <strong data-start=\"481\" data-end=\"505\">Polokragen<\/strong>, was dem Projekt einen traditionelleren und raffinierteren Charakter verleiht.<\/p>\n<p data-start=\"583\" data-end=\"1025\">Die Vorderseite des Trikots ziert ein Sponsorenaufdruck. <strong data-start=\"620\" data-end=\"661\"><span class=\"hover:entity-accent entity-underline inline cursor-pointer align-baseline\"><span class=\"whitespace-normal\">Lete<\/span><\/span><\/strong>, zentral platziert und kontrastierend zur blauen Basis. Auf der rechten Seite der Brust befindet sich <strong data-start=\"767\" data-end=\"810\">Emblem f\u00fcr den Sieg im italienischen Pokal<\/strong> \u2014 Rundes Abzeichen in den Farben der italienischen Flagge, das an den Triumph von Napoli in der Coppa Italia erinnert. Im gleichen Bereich befinden sich das Wappen des Vereins und das Logo von Macron, die in einem klassischen Layout angeordnet sind und die Authentizit\u00e4t des Modells unterstreichen.<\/p>\n<p data-start=\"1027\" data-end=\"1316\">Die R\u00fcckseite zeigt einen offiziellen Aufdruck <strong data-start=\"1064\" data-end=\"1082\">Jos\u00e9 Callej\u00f3n<\/strong>, einem der wichtigsten Spieler dieser Zeit und einer bedeutenden Figur in der Offensive von Napoli unter Rafa Ben\u00edtez. Das Original-Trikot mit dem Namen und der R\u00fcckennummer ist besonders f\u00fcr Fans des spanischen Fl\u00fcgelspielers von gro\u00dfem Wert.<\/p>\n<p data-start=\"1318\" data-end=\"1583\">Das T-Shirt ist hergestellt aus <strong data-start=\"1343\" data-end=\"1379\">leichtes, luftiges Material<\/strong>, das sowohl beim Sport als auch im Alltag hohen Tragekomfort bietet. Der Schnitt in Gr\u00f6\u00dfe S garantiert eine gute Passform und Bewegungsfreiheit, entsprechend dem damaligen Standard von Macron.<\/p>\n<p data-start=\"1585\" data-end=\"2008\" data-is-last-node=\"\" data-is-only-node=\"\">Das ist ein hervorragendes Angebot f\u00fcr Sammler und Fans, die gerne <strong data-start=\"1659\" data-end=\"1718\">Original-Heimtrikot des SSC Napoli 2014\/15<\/strong>, die sich durch klassische <strong data-start=\"1748\" data-end=\"1768\">in blauer Schrift<\/strong>elegant <strong data-start=\"1781\" data-end=\"1800\">Polo-Kragen<\/strong>, prestigetr\u00e4chtig <strong data-start=\"1814\" data-end=\"1842\">Emblem des italienischen Pokals<\/strong> und authentischem Aufdruck <strong data-start=\"1871\" data-end=\"1889\">Jos\u00e9 Callej\u00f3n<\/strong>. Es eignet sich sowohl f\u00fcr Sammler als auch als sentimentales Andenken an eine wichtige Epoche in der Geschichte der Parthenop\u00e4er.<\/p>","protected":false},"featured_media":113089,"template":"","meta":{"_kad_blocks_custom_css":"","_kad_blocks_head_custom_js":"","_kad_blocks_body_custom_js":"","_kad_blocks_footer_custom_js":"","_kad_post_transparent":"default","_kad_post_title":"","_kad_post_layout":"default","_kad_post_sidebar_id":"","_kad_post_content_style":"default","_kad_post_vertical_padding":"default","_kad_post_feature":"","_kad_post_feature_position":"","_kad_post_header":false,"_kad_post_footer":false,"_kad_post_classname":""},"product_brand":[1296],"product_cat":[15,1474],"product_tag":[],"class_list":{"0":"post-113008","1":"product","2":"type-product","3":"status-publish","4":"has-post-thumbnail","6":"product_brand-macron","7":"product_cat-bez-kategorii","8":"product_cat-kluby-wloskie-sscnapoli","9":"pa_homeawaythird-home","10":"pa_rozmiar-s","12":"first","13":"instock","14":"taxable","15":"shipping-taxable","16":"purchasable","17":"product-type-simple","18":"entry","19":"content-bg","20":"loop-entry"},"taxonomy_info":{"product_brand":[{"value":1296,"label":"macron"}],"product_cat":[{"value":15,"label":"Bez kategorii"},{"value":1474,"label":"SSC Napoli"}],"pa_homeawaythird":[{"value":1597,"label":"Home"}],"pa_rozmiar":[{"value":1815,"label":"S"}]},"featured_image_src_large":["https:\/\/footballthrift.shop\/wp-content\/uploads\/2025\/12\/Photoroom_043_20251210_123905-1024x1024.png",1024,1024,true],"author_info":[],"comment_info":"","_links":{"self":[{"href":"https:\/\/footballthrift.shop\/de\/wp-json\/wp\/v2\/product\/113008","targetHints":{"allow":["GET"]}}],"collection":[{"href":"https:\/\/footballthrift.shop\/de\/wp-json\/wp\/v2\/product"}],"about":[{"href":"https:\/\/footballthrift.shop\/de\/wp-json\/wp\/v2\/types\/product"}],"wp:featuredmedia":[{"embeddable":true,"href":"https:\/\/footballthrift.shop\/de\/wp-json\/wp\/v2\/media\/113089"}],"wp:attachment":[{"href":"https:\/\/footballthrift.shop\/de\/wp-json\/wp\/v2\/media?parent=113008"}],"wp:term":[{"taxonomy":"product_brand","embeddable":true,"href":"https:\/\/footballthrift.shop\/de\/wp-json\/wp\/v2\/product_brand?post=113008"},{"taxonomy":"product_cat","embeddable":true,"href":"https:\/\/footballthrift.shop\/de\/wp-json\/wp\/v2\/product_cat?post=113008"},{"taxonomy":"product_tag","embeddable":true,"href":"https:\/\/footballthrift.shop\/de\/wp-json\/wp\/v2\/product_tag?post=113008"}],"curies":[{"name":"wp","href":"https:\/\/api.w.org\/{rel}","templated":true}]}}