{"id":113007,"date":"2025-12-14T17:59:20","date_gmt":"2025-12-14T16:59:20","guid":{"rendered":"https:\/\/footballthrift.shop\/?post_type=product&#038;p=113007"},"modified":"2026-03-09T11:25:28","modified_gmt":"2026-03-09T10:25:28","slug":"koszulka-pilkarska-serbia-2010-12-home-m","status":"publish","type":"product","link":"https:\/\/footballthrift.shop\/de\/koszulka-pilkarska-serbia-2010-12-home-m\/","title":{"rendered":"Koszulka pi\u0142karska Serbia 2010\/12 Home [M]"},"content":{"rendered":"<p><strong>Verein:<\/strong> Serbien<\/p>\n<p><strong>Saison:<\/strong> 2010\/12 Startseite<\/p>\n<p><strong>Gr\u00f6\u00dfe: <\/strong>M<\/p>\n<p><strong>Zustand:<\/strong> Gut \u2013 leicht besch\u00e4digtes Material \u00fcber dem Wappen und wenige kleine Ziehspuren auf der Vorder- und R\u00fcckseite des T-Shirts.<\/p>\n<p><strong>Ma\u00dfe (Achselbreite\/L\u00e4nge) in cm: <\/strong>57\/70<\/p>","protected":false},"excerpt":{"rendered":"<p data-start=\"0\" data-end=\"91\"><strong data-start=\"0\" data-end=\"91\">Original Heimtrikot der serbischen Nationalmannschaft aus den Jahren 2010\/12, hergestellt von Nike.<\/strong><\/p>\n<p data-start=\"93\" data-end=\"528\">Dieses originelle hausgemachte <strong data-start=\"114\" data-end=\"136\">Fu\u00dfballtrikot<\/strong> Vertretung <strong data-start=\"151\" data-end=\"192\"><span class=\"hover:entity-accent entity-underline inline cursor-pointer align-baseline\"><span class=\"whitespace-normal\">Serbien<\/span><\/span><\/strong>\u00a0im Laufe der Jahre <strong data-start=\"199\" data-end=\"212\">2010\u20132012<\/strong>hergestellt von <strong data-start=\"234\" data-end=\"275\"><span class=\"hover:entity-accent entity-underline inline cursor-pointer align-baseline\"><span class=\"whitespace-normal\">Nike<\/span><\/span><\/strong> in der Gr\u00f6\u00dfe <strong data-start=\"288\" data-end=\"293\">M<\/strong>, zeichnet sich durch ein charakteristisches, symbolisches Design aus, das an die Nationalfarben und Traditionen Serbiens ankn\u00fcpft. In einem intensiven <strong data-start=\"428\" data-end=\"449\">rot gef\u00e4rbt<\/strong>, ist eines der bekanntesten Heimtrikots dieser Zeit.<\/p>\n<p data-start=\"530\" data-end=\"1088\">Das zentrale Element des Projekts sind <strong data-start=\"563\" data-end=\"581\">zwei wei\u00dfe Streifen<\/strong>, die sich am Ort des Verbandswappens kreuzen: <strong data-start=\"631\" data-end=\"646\">vertikaler Streifen<\/strong> verl\u00e4uft auf der linken Seite des T-Shirts von oben nach unten, w\u00e4hrend <strong data-start=\"708\" data-end=\"723\">horizontale Leiste<\/strong> verl\u00e4uft \u00fcber die Brust und bildet ein markantes Kreuzmotiv. Diese Anspielung auf serbische Symbolik verleiht dem Trikot einen einzigartigen Charakter und hebt es von anderen repr\u00e4sentativen Modellen aus den fr\u00fchen 2010er Jahren ab. Ein zus\u00e4tzlicher Akzent sind <strong data-start=\"963\" data-end=\"983\">blaue Streifen<\/strong> die jeden der \u00c4rmel umgeben und die volle Palette der Nationalfarben \u2013 Rot, Wei\u00df und Blau \u2013 vervollst\u00e4ndigen.<\/p>\n<p data-start=\"1090\" data-end=\"1340\">Auf der Brust befinden sich das Wappen des serbischen Fu\u00dfballverbands und das Nike-Logo, die in einem klassischen, \u00fcbersichtlichen Layout angeordnet sind. Das Ganze bildet eine harmonische Komposition, in der die auff\u00e4lligen grafischen Elemente die Identit\u00e4t der Nationalmannschaft unterstreichen.<\/p>\n<p data-start=\"1342\" data-end=\"1597\">Das T-Shirt ist hergestellt aus <strong data-start=\"1367\" data-end=\"1403\">leichtes, luftiges Material<\/strong>, das sowohl beim Spielen als auch im Alltag hohen Tragekomfort bietet. Der Schnitt in Gr\u00f6\u00dfe M bietet eine bequeme Passform und Bewegungsfreiheit gem\u00e4\u00df den damaligen Nike-Standards.<\/p>\n<p data-start=\"1599\" data-end=\"1902\" data-is-last-node=\"\" data-is-only-node=\"\">Es ist ein ideales Angebot f\u00fcr Sammler und Fans, die gerne <strong data-start=\"1674\" data-end=\"1729\">Original-Heimtrikot der serbischen Nationalmannschaft 2010\/12<\/strong>, die sich durch symbolische <strong data-start=\"1761\" data-end=\"1796\">mit einem Kreuzmuster aus wei\u00dfen Streifen<\/strong>, mit der gesamten Palette nationaler Farben und einem authentischen Stil, der f\u00fcr den Beginn des zweiten Jahrzehnts des 21. Jahrhunderts repr\u00e4sentativ ist.<\/p>","protected":false},"featured_media":113080,"template":"","meta":{"_kad_blocks_custom_css":"","_kad_blocks_head_custom_js":"","_kad_blocks_body_custom_js":"","_kad_blocks_footer_custom_js":"","_kad_post_transparent":"default","_kad_post_title":"","_kad_post_layout":"default","_kad_post_sidebar_id":"","_kad_post_content_style":"default","_kad_post_vertical_padding":"default","_kad_post_feature":"","_kad_post_feature_position":"","_kad_post_header":false,"_kad_post_footer":false,"_kad_post_classname":""},"product_brand":[1284],"product_cat":[15,1489],"product_tag":[],"class_list":{"0":"post-113007","1":"product","2":"type-product","3":"status-publish","4":"has-post-thumbnail","6":"product_brand-nike","7":"product_cat-bez-kategorii","8":"product_cat-pozostale-reprezentacje-europa","9":"pa_homeawaythird-home","10":"pa_rozmiar-m","12":"first","13":"instock","14":"taxable","15":"shipping-taxable","16":"purchasable","17":"product-type-simple","18":"entry","19":"content-bg","20":"loop-entry"},"taxonomy_info":{"product_brand":[{"value":1284,"label":"Nike"}],"product_cat":[{"value":15,"label":"Bez kategorii"},{"value":1489,"label":"Pozosta\u0142e"}],"pa_homeawaythird":[{"value":1597,"label":"Home"}],"pa_rozmiar":[{"value":1816,"label":"M"}]},"featured_image_src_large":["https:\/\/footballthrift.shop\/wp-content\/uploads\/2025\/12\/Photoroom_036_20251210_123905-1024x1024.png",1024,1024,true],"author_info":[],"comment_info":"","_links":{"self":[{"href":"https:\/\/footballthrift.shop\/de\/wp-json\/wp\/v2\/product\/113007","targetHints":{"allow":["GET"]}}],"collection":[{"href":"https:\/\/footballthrift.shop\/de\/wp-json\/wp\/v2\/product"}],"about":[{"href":"https:\/\/footballthrift.shop\/de\/wp-json\/wp\/v2\/types\/product"}],"wp:featuredmedia":[{"embeddable":true,"href":"https:\/\/footballthrift.shop\/de\/wp-json\/wp\/v2\/media\/113080"}],"wp:attachment":[{"href":"https:\/\/footballthrift.shop\/de\/wp-json\/wp\/v2\/media?parent=113007"}],"wp:term":[{"taxonomy":"product_brand","embeddable":true,"href":"https:\/\/footballthrift.shop\/de\/wp-json\/wp\/v2\/product_brand?post=113007"},{"taxonomy":"product_cat","embeddable":true,"href":"https:\/\/footballthrift.shop\/de\/wp-json\/wp\/v2\/product_cat?post=113007"},{"taxonomy":"product_tag","embeddable":true,"href":"https:\/\/footballthrift.shop\/de\/wp-json\/wp\/v2\/product_tag?post=113007"}],"curies":[{"name":"wp","href":"https:\/\/api.w.org\/{rel}","templated":true}]}}