{"id":113004,"date":"2025-12-14T17:59:22","date_gmt":"2025-12-14T16:59:22","guid":{"rendered":"https:\/\/footballthrift.shop\/?post_type=product&#038;p=113004"},"modified":"2026-03-09T11:25:28","modified_gmt":"2026-03-09T10:25:28","slug":"koszulka-pilkarska-olympique-lyon-2016-17-home-s","status":"publish","type":"product","link":"https:\/\/footballthrift.shop\/de\/koszulka-pilkarska-olympique-lyon-2016-17-home-s\/","title":{"rendered":"Koszulka pi\u0142karska Olympique Lyon 2016\/17 Home [S]"},"content":{"rendered":"<p><strong>Verein:<\/strong> Olympique Lyon<\/p>\n<p><strong>Saison:<\/strong> 2016\/17 Startseite<\/p>\n<p><strong>Gr\u00f6\u00dfe: <\/strong>S<\/p>\n<p><strong>Zustand:<\/strong> Gut \u2013 eine betr\u00e4chtliche Anzahl kleiner Flecken auf dem R\u00fccken (aus der Entfernung nicht sichtbar)<\/p>\n<p><strong>Ma\u00dfe (Achselbreite\/L\u00e4nge) in cm: <\/strong>50\/70<\/p>","protected":false},"excerpt":{"rendered":"<article class=\"text-token-text-primary w-full focus:outline-none [--shadow-height:45px] has-data-writing-block:pointer-events-none has-data-writing-block:-mt-(--shadow-height) has-data-writing-block:pt-(--shadow-height) [&amp;:has([data-writing-block])&gt;*]:pointer-events-auto scroll-mt-[calc(var(--header-height)+min(200px,max(70px,20svh)))]\" dir=\"auto\" tabindex=\"-1\" data-turn-id=\"request-69299810-5b78-832c-9ea2-8584736fdca4-4\" data-testid=\"conversation-turn-126\" data-scroll-anchor=\"true\" data-turn=\"assistant\">\n<div class=\"text-base my-auto mx-auto pb-10 [--thread-content-margin:--spacing(4)] @w-sm\/main:[--thread-content-margin:--spacing(6)] @w-lg\/main:[--thread-content-margin:--spacing(16)] px-(--thread-content-margin)\">\n<div class=\"[--thread-content-max-width:40rem] @w-lg\/main:[--thread-content-max-width:48rem] mx-auto max-w-(--thread-content-max-width) flex-1 group\/turn-messages focus-visible:outline-hidden relative flex w-full min-w-0 flex-col agent-turn\" tabindex=\"-1\">\n<div class=\"flex max-w-full flex-col grow\">\n<div class=\"min-h-8 text-message relative flex w-full flex-col items-end gap-2 text-start break-words whitespace-normal [.text-message+&amp;]:mt-1\" dir=\"auto\" data-message-author-role=\"assistant\" data-message-id=\"e40d59d5-c5b3-4166-9aa5-4793d928fce5\" data-message-model-slug=\"gpt-5-1\">\n<div class=\"flex w-full flex-col gap-1 empty:hidden first:pt-[1px]\">\n<div class=\"markdown prose dark:prose-invert w-full break-words light markdown-new-styling\">\n<p data-start=\"0\" data-end=\"91\"><strong data-start=\"0\" data-end=\"91\">Oryginalna domowa koszulka pi\u0142karska Olympique Lyon z sezonu 2016\/17 produkcji Adidasa.\u00a0<\/strong><\/p>\n<p data-start=\"93\" data-end=\"545\">Ta oryginalna <strong data-start=\"107\" data-end=\"129\">koszulka pi\u0142karska<\/strong> <strong data-start=\"130\" data-end=\"171\"><span class=\"hover:entity-accent entity-underline inline cursor-pointer align-baseline\"><span class=\"whitespace-normal\">Olympique Lyon<\/span><\/span><\/strong> w rozmiarze <strong data-start=\"184\" data-end=\"189\">S<\/strong>, wyprodukowana przez <strong data-start=\"211\" data-end=\"252\"><span class=\"hover:entity-accent entity-underline inline cursor-pointer align-baseline\"><span class=\"whitespace-normal\">Adidas<\/span><\/span><\/strong> na sezon <strong data-start=\"262\" data-end=\"273\">2016\/17<\/strong>, wyr\u00f3\u017cnia si\u0119 eleganck\u0105, jasn\u0105 estetyk\u0105 prze\u0142aman\u0105 wyrazistym motywem centralnym. Projekt \u0142\u0105czy klasyczn\u0105 biel z odwa\u017cnym, dwubarwnym akcentem biegn\u0105cym pionowo przez front, co nadaje koszulce nowoczesnego charakteru i idealnie wpisuje si\u0119 w identyfikacj\u0119 wizualn\u0105 klubu.<\/p>\n<p data-start=\"547\" data-end=\"1122\">G\u0142\u00f3wnym elementem designu jest <strong data-start=\"578\" data-end=\"606\">pionowy, dwukolorowy pas<\/strong>, kt\u00f3ry przechodzi tak\u017ce przez ko\u0142nierz \u2014 <strong data-start=\"648\" data-end=\"678\">niebieski po lewej stronie<\/strong> i <strong data-start=\"681\" data-end=\"703\">czerwony po prawej<\/strong>, nawi\u0105zuj\u0105c do tradycyjnych barw dru\u017cyny. Pas zosta\u0142 przerwany w centralnej cz\u0119\u015bci, aby wyeksponowa\u0107 nadruk sponsora <strong data-start=\"821\" data-end=\"862\"><span class=\"hover:entity-accent entity-underline inline cursor-pointer align-baseline\"><span class=\"whitespace-normal\">Hyundai<\/span><\/span><\/strong>, kt\u00f3rego kolorystyka wsp\u00f3\u0142gra z kompozycj\u0105 projektu. Bia\u0142a baza koszulki podkre\u015bla czysto\u015b\u0107 linii i pozwala detalom w barwach klubu wybrzmie\u0107 jeszcze mocniej. Na piersi znajduj\u0105 si\u0119 herb Lyonu oraz logo Adidasa, rozmieszczone w klasycznym, czytelnym uk\u0142adzie.<\/p>\n<p data-start=\"1124\" data-end=\"1411\">Model wykonano z <strong data-start=\"1141\" data-end=\"1178\">lekkiego i przewiewnego materia\u0142u<\/strong>, zapewniaj\u0105cego wygod\u0119 podczas aktywno\u015bci sportowej oraz codziennego noszenia. Kr\u00f3j w rozmiarze S gwarantuje komfort i dobre dopasowanie, zachowuj\u0105c funkcjonalno\u015b\u0107 i estetyk\u0119 charakterystyczn\u0105 dla koszulek Adidasa z po\u0142owy lat 2010.<\/p>\n<p data-start=\"1413\" data-end=\"1780\" data-is-last-node=\"\" data-is-only-node=\"\">To idealna propozycja dla kolekcjoner\u00f3w oraz kibic\u00f3w, kt\u00f3rzy chc\u0105 posiada\u0107 <strong data-start=\"1488\" data-end=\"1551\">oryginaln\u0105 domow\u0105 koszulk\u0119 pi\u0142karsk\u0105 Olympique Lyon 2016\/17<\/strong>, wyr\u00f3\u017cniaj\u0105c\u0105 si\u0119 <strong data-start=\"1570\" data-end=\"1584\">bia\u0142\u0105 baz\u0105<\/strong>, symbolicznym <strong data-start=\"1599\" data-end=\"1621\">dwukolorowym pasem<\/strong> oraz eleganckim, minimalistycznym stylem. Model \u015bwietnie sprawdzi si\u0119 zar\u00f3wno w kolekcji, jak i jako sentymentalna pami\u0105tka z wa\u017cnego okresu w historii klubu.<\/p>\n<\/div>\n<\/div>\n<\/div>\n<\/div>\n<\/div>\n<\/div>\n<\/article>\n","protected":false},"featured_media":113035,"template":"","meta":{"_kad_blocks_custom_css":"","_kad_blocks_head_custom_js":"","_kad_blocks_body_custom_js":"","_kad_blocks_footer_custom_js":"","_kad_post_transparent":"default","_kad_post_title":"","_kad_post_layout":"default","_kad_post_sidebar_id":"","_kad_post_content_style":"default","_kad_post_vertical_padding":"default","_kad_post_feature":"","_kad_post_feature_position":"","_kad_post_header":false,"_kad_post_footer":false,"_kad_post_classname":""},"product_brand":[1283],"product_cat":[15,1446],"product_tag":[],"class_list":{"0":"post-113004","1":"product","2":"type-product","3":"status-publish","4":"has-post-thumbnail","6":"product_brand-adidas","7":"product_cat-bez-kategorii","8":"product_cat-kluby-francuskie-olympiquelyon","9":"pa_homeawaythird-home","10":"pa_rozmiar-s","12":"first","13":"instock","14":"taxable","15":"shipping-taxable","16":"purchasable","17":"product-type-simple","18":"entry","19":"content-bg","20":"loop-entry"},"taxonomy_info":{"product_brand":[{"value":1283,"label":"Adidas"}],"product_cat":[{"value":15,"label":"Bez kategorii"},{"value":1446,"label":"Olympique Lyon"}],"pa_homeawaythird":[{"value":1597,"label":"Home"}],"pa_rozmiar":[{"value":1815,"label":"S"}]},"featured_image_src_large":["https:\/\/footballthrift.shop\/wp-content\/uploads\/2025\/12\/Photoroom_056_20251210_123905-1024x1024.png",1024,1024,true],"author_info":[],"comment_info":"","_links":{"self":[{"href":"https:\/\/footballthrift.shop\/de\/wp-json\/wp\/v2\/product\/113004","targetHints":{"allow":["GET"]}}],"collection":[{"href":"https:\/\/footballthrift.shop\/de\/wp-json\/wp\/v2\/product"}],"about":[{"href":"https:\/\/footballthrift.shop\/de\/wp-json\/wp\/v2\/types\/product"}],"wp:featuredmedia":[{"embeddable":true,"href":"https:\/\/footballthrift.shop\/de\/wp-json\/wp\/v2\/media\/113035"}],"wp:attachment":[{"href":"https:\/\/footballthrift.shop\/de\/wp-json\/wp\/v2\/media?parent=113004"}],"wp:term":[{"taxonomy":"product_brand","embeddable":true,"href":"https:\/\/footballthrift.shop\/de\/wp-json\/wp\/v2\/product_brand?post=113004"},{"taxonomy":"product_cat","embeddable":true,"href":"https:\/\/footballthrift.shop\/de\/wp-json\/wp\/v2\/product_cat?post=113004"},{"taxonomy":"product_tag","embeddable":true,"href":"https:\/\/footballthrift.shop\/de\/wp-json\/wp\/v2\/product_tag?post=113004"}],"curies":[{"name":"wp","href":"https:\/\/api.w.org\/{rel}","templated":true}]}}