{"id":113002,"date":"2025-12-14T17:59:23","date_gmt":"2025-12-14T16:59:23","guid":{"rendered":"https:\/\/footballthrift.shop\/?post_type=product&#038;p=113002"},"modified":"2026-03-09T11:25:27","modified_gmt":"2026-03-09T10:25:27","slug":"newcastle-united-fc-fusball-trikot-2017-18-heim-xl","status":"publish","type":"product","link":"https:\/\/footballthrift.shop\/de\/koszulka-pilkarska-newcastle-united-fc-2017-18-home-xl\/","title":{"rendered":"Koszulka pi\u0142karska Newcastle United FC 2017\/18 Home [XL]"},"content":{"rendered":"<p><strong>Verein:<\/strong> Newcastle United FC<\/p>\n<p><strong>Saison:<\/strong> 2017\/18 Startseite<\/p>\n<p><strong>Gr\u00f6\u00dfe: <\/strong>XL<\/p>\n<p><strong>Zustand:<\/strong> Sehr gut \u2013 winzige Verschmutzung unter dem Sponsorenaufdruck auf der Vorderseite.<\/p>\n<p><strong>Ma\u00dfe (Achselbreite\/L\u00e4nge) in cm: <\/strong>59\/73<\/p>","protected":false},"excerpt":{"rendered":"<p data-start=\"0\" data-end=\"93\"><strong data-start=\"0\" data-end=\"93\">Original Newcastle United FC Heimtrikot aus der Saison 2017\/18, hergestellt von Puma.\u00a0<\/strong><\/p>\n<p data-start=\"95\" data-end=\"552\">Dieses originelle hausgemachte <strong data-start=\"116\" data-end=\"138\">Fu\u00dfballtrikot<\/strong> <strong data-start=\"139\" data-end=\"180\"><span class=\"hover:entity-accent entity-underline inline cursor-pointer align-baseline\"><span class=\"whitespace-normal\">Newcastle United FC<\/span><\/span><\/strong> aus der Saison <strong data-start=\"190\" data-end=\"201\">2017\/18<\/strong>hergestellt von <strong data-start=\"223\" data-end=\"264\"><span class=\"hover:entity-accent entity-underline inline cursor-pointer align-baseline\"><span class=\"whitespace-normal\">Puma<\/span><\/span><\/strong>\u00a0in der Gr\u00f6\u00dfe <strong data-start=\"277\" data-end=\"283\">XL<\/strong>, ist eine klassische Version eines der bekanntesten Designs im englischen Fu\u00dfball. In traditionellem Layout gehalten <strong data-start=\"409\" data-end=\"433\">wei\u00df-schwarze Streifen<\/strong>, Es spiegelt perfekt die Identit\u00e4t und den zeitlosen Stil von Srok wider und verbindet Schlichtheit mit der f\u00fcr die Heimtrikots des Clubs typischen Eleganz.<\/p>\n<p data-start=\"554\" data-end=\"1010\">Das Shirt basiert auf <strong data-start=\"577\" data-end=\"611\">symmetrisch, vertikal gestreift<\/strong>, bei dem der Kontrast zwischen Wei\u00df und Schwarz einen ausdrucksstarken, klaren visuellen Effekt erzeugt. Auf der Vorderseite befindet sich der charakteristische Aufdruck des Sponsors. <strong data-start=\"752\" data-end=\"793\"><span class=\"hover:entity-accent entity-underline inline cursor-pointer align-baseline\"><span class=\"whitespace-normal\">Spa\u00df88<\/span><\/span><\/strong>, das sich dank seiner blauen Farbgebung von der klassischen Komposition abhebt. Das Newcastle-Wappen und das Puma-Logo sind in einem traditionellen, \u00fcbersichtlichen Layout angeordnet und unterstreichen die Authentizit\u00e4t und die Vereins\u00e4sthetik des Modells.<\/p>\n<p data-start=\"1012\" data-end=\"1290\">Das Material des T-Shirts ist <strong data-start=\"1035\" data-end=\"1044\">leicht<\/strong>, <strong data-start=\"1046\" data-end=\"1060\">luftdurchl\u00e4ssig<\/strong> und angenehm zu tragen, sodass es sowohl beim Sport als auch im Alltag Komfort bietet. Der Schnitt in Gr\u00f6\u00dfe XL bietet Bewegungsfreiheit und eine gute Passform, sodass das T-Shirt perfekt sitzt.<\/p>\n<p data-start=\"1292\" data-end=\"1669\" data-is-last-node=\"\" data-is-only-node=\"\">Es ist ein ideales Angebot f\u00fcr Fans von Sroka und Sammler, die gerne <strong data-start=\"1370\" data-end=\"1435\">ein originales Newcastle United-Fu\u00dfballtrikot f\u00fcr zu Hause<\/strong> aus der Saison\u00a0<strong>2017\/18<\/strong>, die sich durch klassische <strong data-start=\"1465\" data-end=\"1492\">wei\u00df-schwarz gestreift<\/strong>, charakteristischen Clubdetails und authentischer Puma-Verarbeitung. Es eignet sich hervorragend als Teil der Kollektion und als zeitloses Symbol f\u00fcr die Tradition des Clubs aus St. James\u2019 Park.<\/p>","protected":false},"featured_media":113016,"template":"","meta":{"_kad_blocks_custom_css":"","_kad_blocks_head_custom_js":"","_kad_blocks_body_custom_js":"","_kad_blocks_footer_custom_js":"","_kad_post_transparent":"default","_kad_post_title":"","_kad_post_layout":"default","_kad_post_sidebar_id":"","_kad_post_content_style":"default","_kad_post_vertical_padding":"default","_kad_post_feature":"","_kad_post_feature_position":"","_kad_post_header":false,"_kad_post_footer":false,"_kad_post_classname":""},"product_brand":[1287],"product_cat":[15,2031],"product_tag":[],"class_list":{"0":"post-113002","1":"product","2":"type-product","3":"status-publish","4":"has-post-thumbnail","6":"product_brand-puma","7":"product_cat-bez-kategorii","8":"product_cat-newcastle-united-fc","9":"pa_homeawaythird-home","10":"pa_rozmiar-xl","12":"first","13":"instock","14":"taxable","15":"shipping-taxable","16":"purchasable","17":"product-type-simple","18":"entry","19":"content-bg","20":"loop-entry"},"taxonomy_info":{"product_brand":[{"value":1287,"label":"Puma"}],"product_cat":[{"value":15,"label":"Bez kategorii"},{"value":2031,"label":"Newcastle United FC"}],"pa_homeawaythird":[{"value":1597,"label":"Home"}],"pa_rozmiar":[{"value":1818,"label":"XL"}]},"featured_image_src_large":["https:\/\/footballthrift.shop\/wp-content\/uploads\/2025\/12\/Photoroom_010_20251210_123905-1024x1024.png",1024,1024,true],"author_info":[],"comment_info":"","_links":{"self":[{"href":"https:\/\/footballthrift.shop\/de\/wp-json\/wp\/v2\/product\/113002","targetHints":{"allow":["GET"]}}],"collection":[{"href":"https:\/\/footballthrift.shop\/de\/wp-json\/wp\/v2\/product"}],"about":[{"href":"https:\/\/footballthrift.shop\/de\/wp-json\/wp\/v2\/types\/product"}],"wp:featuredmedia":[{"embeddable":true,"href":"https:\/\/footballthrift.shop\/de\/wp-json\/wp\/v2\/media\/113016"}],"wp:attachment":[{"href":"https:\/\/footballthrift.shop\/de\/wp-json\/wp\/v2\/media?parent=113002"}],"wp:term":[{"taxonomy":"product_brand","embeddable":true,"href":"https:\/\/footballthrift.shop\/de\/wp-json\/wp\/v2\/product_brand?post=113002"},{"taxonomy":"product_cat","embeddable":true,"href":"https:\/\/footballthrift.shop\/de\/wp-json\/wp\/v2\/product_cat?post=113002"},{"taxonomy":"product_tag","embeddable":true,"href":"https:\/\/footballthrift.shop\/de\/wp-json\/wp\/v2\/product_tag?post=113002"}],"curies":[{"name":"wp","href":"https:\/\/api.w.org\/{rel}","templated":true}]}}