{"id":113001,"date":"2025-12-14T17:59:06","date_gmt":"2025-12-14T16:59:06","guid":{"rendered":"https:\/\/footballthrift.shop\/?post_type=product&#038;p=113001"},"modified":"2026-03-09T11:25:32","modified_gmt":"2026-03-09T10:25:32","slug":"koszulka-pilkarska-newcastle-united-fc-2021-22-away-5xl","status":"publish","type":"product","link":"https:\/\/footballthrift.shop\/de\/koszulka-pilkarska-newcastle-united-fc-2021-22-away-5xl\/","title":{"rendered":"Koszulka pi\u0142karska Newcastle United FC 2021\/22 Away [5XL]"},"content":{"rendered":"<p><strong>Verein:<\/strong> Newcastle United FC<\/p>\n<p><strong>Saison:<\/strong> 2021\/22 Ausw\u00e4rts<\/p>\n<p><strong>Gr\u00f6\u00dfe: <\/strong>5XL<\/p>\n<p><strong>Zustand:<\/strong> Ausgezeichnet<\/p>\n<p><strong>Ma\u00dfe (Achselbreite\/L\u00e4nge) in cm: <\/strong>76\/79<\/p>","protected":false},"excerpt":{"rendered":"<p data-start=\"0\" data-end=\"99\"><strong data-start=\"0\" data-end=\"99\">Original Newcastle United FC Ausw\u00e4rtstrikot aus der Saison 2021\/22, hergestellt von Castore.\u00a0<\/strong><\/p>\n<p data-start=\"101\" data-end=\"479\">Das Projekt, das von <strong data-start=\"128\" data-end=\"139\">Castore<\/strong> f\u00fcr die Saison <strong data-start=\"149\" data-end=\"160\">2021\/22<\/strong> f\u00fcr <strong data-start=\"165\" data-end=\"188\">Newcastle United FC<\/strong>, w <strong data-start=\"192\" data-end=\"217\">seltener Gr\u00f6\u00dfe 5XL<\/strong>, zeichnet sich durch seinen modernen, technischen Charakter und seine gedeckten Farben aus. Die Basis des T-Shirts bildet <strong data-start=\"316\" data-end=\"340\">grau-schwarze Farbgebung<\/strong>, erg\u00e4nzt durch <strong data-start=\"354\" data-end=\"406\">Motiv aus d\u00fcnnen, unregelm\u00e4\u00dfigen horizontalen Streifen<\/strong>, die dem Ganzen eine dynamische Struktur und subtile visuelle Tiefe verleihen.<\/p>\n<p data-start=\"481\" data-end=\"908\">Das Design wird erg\u00e4nzt durch <strong data-start=\"499\" data-end=\"530\">goldene Kontrastakzente<\/strong>, sichtbar in den Details der Oberfl\u00e4chen und Markierungen, die den dunklen Hintergrund elegant durchbrechen und den prestigetr\u00e4chtigen Charakter des Projekts unterstreichen. Auf der Vorderseite befindet sich in der Mitte der Aufdruck des Sponsors. <strong data-start=\"715\" data-end=\"724\">FUN88<\/strong>, das die Lesbarkeit und die Farbgebung des Trikots beibeh\u00e4lt. Wappen <strong data-start=\"789\" data-end=\"809\">Newcastle United<\/strong> und das Logo des Herstellers wurden in einem klassischen Layout angeordnet, das typisch f\u00fcr die Ausw\u00e4rtstrikots des Vereins ist.<\/p>\n<p data-start=\"910\" data-end=\"1594\">Saison <strong data-start=\"916\" data-end=\"927\">2021\/22<\/strong> war f\u00fcr Newcastle einer der bedeutendsten in der Geschichte der Premier League. Gerade w\u00e4hrend dieser Saison erlebte der Verein <strong data-start=\"1056\" data-end=\"1080\">Eigent\u00fcmerwechsel<\/strong>, und die Leitung der Mannschaft \u00fcbernahm <strong data-start=\"1106\" data-end=\"1120\">Eddie Howe<\/strong>, der den Spielstil der Mannschaft ver\u00e4nderte und sie zu einem sicheren Klassenerhalt f\u00fchrte. Zu dieser Zeit spielten unter anderem folgende Spieler f\u00fcr die Sroki:. <strong data-start=\"1235\" data-end=\"1252\">Callum Wilson<\/strong>, <strong data-start=\"1254\" data-end=\"1277\">Allan Saint-Maximin<\/strong>, <strong data-start=\"1279\" data-end=\"1298\">Kieran Trippier<\/strong> (Wintertransfer und sofortiger Tabellenf\u00fchrer), <strong data-start=\"1341\" data-end=\"1360\">Bruno Guimar\u00e3es<\/strong>, der schnell zu einer Schl\u00fcsselfigur im Mittelfeld wurde, sowie solide Verteidiger <strong data-start=\"1442\" data-end=\"1458\">Fabian Sch\u00e4r<\/strong> i <strong data-start=\"1461\" data-end=\"1473\">Dan Burn<\/strong>. Der Fr\u00fchjahrsteil der Saison war ein Vorbote des sportlichen Aufschwungs, der den Verein in den folgenden Jahren an die Spitze der Liga f\u00fchrte.<\/p>\n<p data-start=\"1596\" data-end=\"1893\">Das T-Shirt ist hergestellt aus <strong data-start=\"1621\" data-end=\"1657\">leichtes, technisches Material<\/strong>, das Tragekomfort und gute Atmungsaktivit\u00e4t gew\u00e4hrleistet. <strong data-start=\"1713\" data-end=\"1728\">Gr\u00f6\u00dfe 5XL<\/strong> besonders bemerkenswert \u2013 so gro\u00dfe Abmessungen sind <strong data-start=\"1782\" data-end=\"1809\">very rare<\/strong>, was dieses Exemplar aus Sammlerperspektive f\u00fcr Personen, die gr\u00f6\u00dfere Hemden suchen, besonders attraktiv macht.<\/p>\n<p data-start=\"1895\" data-end=\"2230\" data-is-last-node=\"\" data-is-only-node=\"\">Das ist ein hervorragendes Angebot f\u00fcr Fans und Sammler, die auf der Suche nach <strong data-start=\"1961\" data-end=\"2033\">Original Newcastle United Ausw\u00e4rtstrikot 2021\/22<\/strong>, herausragend <strong data-start=\"2053\" data-end=\"2075\">modernem Design<\/strong>, elegant <strong data-start=\"2089\" data-end=\"2109\">goldenen Details<\/strong>, Kult-Sponsor <strong data-start=\"2130\" data-end=\"2139\">FUN88<\/strong> und <strong data-start=\"2145\" data-end=\"2180\">ungew\u00f6hnliche, gro\u00dfe Gr\u00f6\u00dfe 5XL<\/strong>, was ein zus\u00e4tzlicher Vorteil und eine Seltenheit auf dem Markt ist.<\/p>","protected":false},"featured_media":113327,"template":"","meta":{"_kad_blocks_custom_css":"","_kad_blocks_head_custom_js":"","_kad_blocks_body_custom_js":"","_kad_blocks_footer_custom_js":"","_kad_post_transparent":"default","_kad_post_title":"","_kad_post_layout":"default","_kad_post_sidebar_id":"","_kad_post_content_style":"default","_kad_post_vertical_padding":"default","_kad_post_feature":"","_kad_post_feature_position":"","_kad_post_header":false,"_kad_post_footer":false,"_kad_post_classname":""},"product_brand":[1384],"product_cat":[15,2031],"product_tag":[],"class_list":{"0":"post-113001","1":"product","2":"type-product","3":"status-publish","4":"has-post-thumbnail","6":"product_brand-castore","7":"product_cat-bez-kategorii","8":"product_cat-newcastle-united-fc","9":"pa_homeawaythird-away","10":"pa_rozmiar-5xl","12":"first","13":"instock","14":"taxable","15":"shipping-taxable","16":"purchasable","17":"product-type-simple","18":"entry","19":"content-bg","20":"loop-entry"},"taxonomy_info":{"product_brand":[{"value":1384,"label":"Castore"}],"product_cat":[{"value":15,"label":"Bez kategorii"},{"value":2031,"label":"Newcastle United FC"}],"pa_homeawaythird":[{"value":1598,"label":"Away"}],"pa_rozmiar":[{"value":2007,"label":"5XL"}]},"featured_image_src_large":["https:\/\/footballthrift.shop\/wp-content\/uploads\/2025\/12\/Photoroom_002_20251210_123905-1024x1024.png",1024,1024,true],"author_info":[],"comment_info":"","_links":{"self":[{"href":"https:\/\/footballthrift.shop\/de\/wp-json\/wp\/v2\/product\/113001","targetHints":{"allow":["GET"]}}],"collection":[{"href":"https:\/\/footballthrift.shop\/de\/wp-json\/wp\/v2\/product"}],"about":[{"href":"https:\/\/footballthrift.shop\/de\/wp-json\/wp\/v2\/types\/product"}],"wp:featuredmedia":[{"embeddable":true,"href":"https:\/\/footballthrift.shop\/de\/wp-json\/wp\/v2\/media\/113327"}],"wp:attachment":[{"href":"https:\/\/footballthrift.shop\/de\/wp-json\/wp\/v2\/media?parent=113001"}],"wp:term":[{"taxonomy":"product_brand","embeddable":true,"href":"https:\/\/footballthrift.shop\/de\/wp-json\/wp\/v2\/product_brand?post=113001"},{"taxonomy":"product_cat","embeddable":true,"href":"https:\/\/footballthrift.shop\/de\/wp-json\/wp\/v2\/product_cat?post=113001"},{"taxonomy":"product_tag","embeddable":true,"href":"https:\/\/footballthrift.shop\/de\/wp-json\/wp\/v2\/product_tag?post=113001"}],"curies":[{"name":"wp","href":"https:\/\/api.w.org\/{rel}","templated":true}]}}