{"id":112997,"date":"2025-12-14T17:59:09","date_gmt":"2025-12-14T16:59:09","guid":{"rendered":"https:\/\/footballthrift.shop\/?post_type=product&#038;p=112997"},"modified":"2026-03-09T11:25:31","modified_gmt":"2026-03-09T10:25:31","slug":"manchester-united-fusball-trikot-2022-23-heim-25-sancho-s","status":"publish","type":"product","link":"https:\/\/footballthrift.shop\/de\/koszulka-pilkarska-manchester-united-2022-23-home-25-sancho-s\/","title":{"rendered":"Koszulka pi\u0142karska Manchester United 2022\/23 Home 25 Sancho [S]"},"content":{"rendered":"<p><strong>Verein:<\/strong> Manchester United<\/p>\n<p><strong>Saison:<\/strong> 2022\/23 Heimat<\/p>\n<p><strong>Gr\u00f6\u00dfe: <\/strong>S<\/p>\n<p><strong>Zustand:<\/strong> Gut \u2013 leichte Besch\u00e4digungen der Aufdrucke, am \u00c4rmel und an der Zahl, sowie ein kleiner Riss auf der R\u00fcckseite des T-Shirts.<\/p>\n<p><strong>Ma\u00dfe (Achselbreite\/L\u00e4nge) in cm: <\/strong>49\/74<\/p>","protected":false},"excerpt":{"rendered":"<p data-start=\"0\" data-end=\"122\"><strong data-start=\"0\" data-end=\"122\">Original Manchester United Heimtrikot aus der Saison 2022\/23 von Adidas, mit Aufdruck von Jadon Sancho.\u00a0<\/strong><\/p>\n<p data-start=\"124\" data-end=\"481\">Modell entworfen von <strong data-start=\"151\" data-end=\"162\">Adidas<\/strong> f\u00fcr die Saison <strong data-start=\"172\" data-end=\"183\">2022\/23<\/strong> f\u00fcr <strong data-start=\"188\" data-end=\"210\">Manchester United<\/strong>, in Gr\u00f6\u00dfe <strong data-start=\"224\" data-end=\"229\">S<\/strong>, ist eine moderne Interpretation der klassischen Identit\u00e4t der Red Devils. Das Trikot ist im kultigen <strong data-start=\"341\" data-end=\"362\">rot gef\u00e4rbt<\/strong>, der seit Jahrzehnten das Symbol des Clubs aus Old Trafford ist, und das gesamte Projekt verbindet Tradition mit klaren, modernen Details.<\/p>\n<p data-start=\"483\" data-end=\"991\">Die Vorderseite des Trikots ziert ein Sponsorenaufdruck. <strong data-start=\"520\" data-end=\"534\">TeamViewer<\/strong>, zentral platziert und kontrastierend zur roten Basis. Besondere Aufmerksamkeit erregt <strong data-start=\"619\" data-end=\"649\">wei\u00dfer Polokragen<\/strong>, verziert mit einem subtilen <strong data-start=\"671\" data-end=\"711\">ein Muster aus kleinen Dreiecken<\/strong>, die nebeneinander angeordnet sind. Dieses geometrische Motiv verleiht dem Trikot einen eleganten Charakter und ist eine klare Anspielung auf klassische United-Designs aus der Vergangenheit, die in moderner Form aufgefrischt wurden. Das Vereinswappen und das Adidas-Logo sind in einer traditionellen, symmetrischen Anordnung angeordnet.<\/p>\n<p data-start=\"993\" data-end=\"1288\">Auf der R\u00fcckseite befindet sich <strong data-start=\"1017\" data-end=\"1052\">Originaldruck von Jadon Sancho<\/strong>, einer der wichtigsten Offensivspieler des Teams in dieser Zeit. Der englische Fl\u00fcgelspieler war ein wichtiger Teil der Rotation der Mannschaft und brachte Dynamik, Technik und Kreativit\u00e4t in das Spiel von Manchester United in der Liga und in europ\u00e4ischen Wettbewerben ein.<\/p>\n<p data-start=\"1290\" data-end=\"1575\">Das T-Shirt ist hergestellt aus <strong data-start=\"1318\" data-end=\"1355\">leichtes und luftiges Material<\/strong>, das sowohl beim Sport als auch im Alltag hohen Tragekomfort bietet. Der Schnitt in Gr\u00f6\u00dfe S bietet eine gute Passform und Bewegungsfreiheit, wie sie f\u00fcr die Adidas-Modelle f\u00fcr zu Hause aus den fr\u00fchen 2020er Jahren charakteristisch sind.<\/p>\n<p data-start=\"1577\" data-end=\"1941\" data-is-last-node=\"\" data-is-only-node=\"\">Das ist ein hervorragendes Angebot f\u00fcr Fans und Sammler, die gerne <strong data-start=\"1651\" data-end=\"1718\">ein originales Manchester United-Fu\u00dfballtrikot<\/strong> aus der Saison<strong data-start=\"1651\" data-end=\"1718\"> 2022\/23<\/strong>, die sich durch klassische <strong data-start=\"1747\" data-end=\"1771\">rote Farbgebung<\/strong>elegant <strong data-start=\"1784\" data-end=\"1836\">wei\u00dfes Polohemd mit geometrischem Muster<\/strong> und authentischem Aufdruck <strong data-start=\"1865\" data-end=\"1882\">Jadona Sancho<\/strong> \u2014 ein charakteristisches Element der heutigen \u00c4ra des Clubs.<\/p>","protected":false},"featured_media":113275,"template":"","meta":{"_kad_blocks_custom_css":"","_kad_blocks_head_custom_js":"","_kad_blocks_body_custom_js":"","_kad_blocks_footer_custom_js":"","_kad_post_transparent":"default","_kad_post_title":"","_kad_post_layout":"default","_kad_post_sidebar_id":"","_kad_post_content_style":"default","_kad_post_vertical_padding":"default","_kad_post_feature":"","_kad_post_feature_position":"","_kad_post_header":false,"_kad_post_footer":false,"_kad_post_classname":""},"product_brand":[1284],"product_cat":[15,1478],"product_tag":[],"class_list":{"0":"post-112997","1":"product","2":"type-product","3":"status-publish","4":"has-post-thumbnail","6":"product_brand-nike","7":"product_cat-bez-kategorii","8":"product_cat-manchester-united","9":"pa_homeawaythird-home","10":"pa_rozmiar-s","12":"first","13":"instock","14":"taxable","15":"shipping-taxable","16":"purchasable","17":"product-type-simple","18":"entry","19":"content-bg","20":"loop-entry"},"taxonomy_info":{"product_brand":[{"value":1284,"label":"Nike"}],"product_cat":[{"value":15,"label":"Bez kategorii"},{"value":1478,"label":"Manchester United"}],"pa_homeawaythird":[{"value":1597,"label":"Home"}],"pa_rozmiar":[{"value":1815,"label":"S"}]},"featured_image_src_large":["https:\/\/footballthrift.shop\/wp-content\/uploads\/2025\/12\/Photoroom_023_20251210_123905-1024x1024.png",1024,1024,true],"author_info":[],"comment_info":"","_links":{"self":[{"href":"https:\/\/footballthrift.shop\/de\/wp-json\/wp\/v2\/product\/112997","targetHints":{"allow":["GET"]}}],"collection":[{"href":"https:\/\/footballthrift.shop\/de\/wp-json\/wp\/v2\/product"}],"about":[{"href":"https:\/\/footballthrift.shop\/de\/wp-json\/wp\/v2\/types\/product"}],"wp:featuredmedia":[{"embeddable":true,"href":"https:\/\/footballthrift.shop\/de\/wp-json\/wp\/v2\/media\/113275"}],"wp:attachment":[{"href":"https:\/\/footballthrift.shop\/de\/wp-json\/wp\/v2\/media?parent=112997"}],"wp:term":[{"taxonomy":"product_brand","embeddable":true,"href":"https:\/\/footballthrift.shop\/de\/wp-json\/wp\/v2\/product_brand?post=112997"},{"taxonomy":"product_cat","embeddable":true,"href":"https:\/\/footballthrift.shop\/de\/wp-json\/wp\/v2\/product_cat?post=112997"},{"taxonomy":"product_tag","embeddable":true,"href":"https:\/\/footballthrift.shop\/de\/wp-json\/wp\/v2\/product_tag?post=112997"}],"curies":[{"name":"wp","href":"https:\/\/api.w.org\/{rel}","templated":true}]}}