{"id":112996,"date":"2025-12-14T17:59:10","date_gmt":"2025-12-14T16:59:10","guid":{"rendered":"https:\/\/footballthrift.shop\/?post_type=product&#038;p=112996"},"modified":"2026-03-09T11:25:31","modified_gmt":"2026-03-09T10:25:31","slug":"manchester-city-fusball-trikot-2018-19-heim-33-g-jesus-s","status":"publish","type":"product","link":"https:\/\/footballthrift.shop\/de\/koszulka-pilkarska-manchester-city-2018-19-home-33-g-jesus-s\/","title":{"rendered":"Koszulka pi\u0142karska Manchester City 2018\/19 Home 33 G. Jesus [S]"},"content":{"rendered":"<p><strong>Verein:<\/strong> Manchester City<\/p>\n<p><strong>Saison:<\/strong> 2018\/19 Heim<\/p>\n<p><strong>Gr\u00f6\u00dfe: <\/strong>S<\/p>\n<p><strong>Zustand:<\/strong> Sehr gut \u2013 leicht gezogene Naht am Kragen.<\/p>\n<p><strong>Ma\u00dfe (Achselbreite\/L\u00e4nge) in cm: <\/strong>47\/68<\/p>","protected":false},"excerpt":{"rendered":"<p data-start=\"0\" data-end=\"119\"><strong data-start=\"0\" data-end=\"119\">Original Manchester City Heimtrikot aus der Saison 2018\/19 von Nike, mit Aufdruck von Gabriel Jesus.\u00a0<\/strong><\/p>\n<p data-start=\"121\" data-end=\"499\">Modell entworfen von <strong data-start=\"148\" data-end=\"156\">Nike<\/strong> f\u00fcr die Saison <strong data-start=\"166\" data-end=\"177\">2018\/19<\/strong> f\u00fcr <strong data-start=\"182\" data-end=\"202\">Manchester City<\/strong>, in Gr\u00f6\u00dfe <strong data-start=\"216\" data-end=\"221\">S<\/strong>, Dieses Trikot stammt aus der Zeit der absoluten Dominanz von Pep Guardiolas Team auf den englischen Fu\u00dfballpl\u00e4tzen. Es ist im charakteristischen Stil gehalten. <strong data-start=\"355\" data-end=\"376\">blau<\/strong>, das eindeutig mit The Citizens in Verbindung gebracht wird, verbindet moderne \u00c4sthetik mit Elementen, die den Meisterstatus des Vereins unterstreichen.<\/p>\n<p data-start=\"501\" data-end=\"959\">Auf den \u00c4rmeln wurde verwendet <strong data-start=\"525\" data-end=\"563\">Motiv aus d\u00fcnnen, dunkelblauen Streifen<\/strong>, die <strong data-start=\"571\" data-end=\"593\">verschwinden allm\u00e4hlich<\/strong>, wodurch ein subtiler Toneffekt entsteht und das Shirt optisch leichter wirkt. Die Vorderseite ziert ein Sponsorenaufdruck. <strong data-start=\"693\" data-end=\"711\">Etihad Airways<\/strong>, das sich ideal in die helle Farbgebung des Entwurfs einf\u00fcgt. Auf einem der \u00c4rmel befindet sich <strong data-start=\"799\" data-end=\"829\">Gold-Patch der Premier League<\/strong>, zum Gedenken an <strong data-start=\"846\" data-end=\"894\">Englische Meisterschaft gewonnen in der Saison 2017\/18<\/strong>, was dem Trikot einen prestigetr\u00e4chtigen und sammelw\u00fcrdigen Charakter verleiht.<\/p>\n<p data-start=\"961\" data-end=\"1255\">Auf der R\u00fcckseite befindet sich <strong data-start=\"985\" data-end=\"1029\">Original-Liga-Aufdruck von Gabriel Jesus<\/strong>, einer der wichtigsten Offensivspieler von Manchester City in dieser Zeit. Der Brasilianer war ein wichtiger Bestandteil von Guardiolas Rotation und brachte sowohl in der Liga als auch im Pokal Dynamik, Pressing und Effizienz mit.<\/p>\n<p data-start=\"1257\" data-end=\"1564\">Das T-Shirt ist hergestellt aus <strong data-start=\"1282\" data-end=\"1318\">leichtes, luftiges Material<\/strong>, das hohen Tragekomfort bei sportlichen Aktivit\u00e4ten und im Alltag gew\u00e4hrleistet. Der Schnitt in Gr\u00f6\u00dfe S bietet eine gute Passform und Bewegungsfreiheit, entsprechend den Standards der Nike-Heimtrikots aus den sp\u00e4ten 2000er Jahren.<\/p>\n<p data-start=\"1566\" data-end=\"1935\" data-is-last-node=\"\" data-is-only-node=\"\">Es ist ideal f\u00fcr Sammler und Fans, die ein eigenes <strong data-start=\"1638\" data-end=\"1703\">Original Manchester City Heimtrikot 2018\/19<\/strong>, herausragend <strong data-start=\"1722\" data-end=\"1746\">blue colours<\/strong>, meisterhaft <strong data-start=\"1761\" data-end=\"1794\">goldenen Premier League-Aufn\u00e4her<\/strong>, modernen Details an den \u00c4rmeln und einem authentischen Aufdruck <strong data-start=\"1858\" data-end=\"1877\">Gabriela Jesusa<\/strong> aus einer der erfolgreichsten Perioden in der Geschichte des Vereins.<\/p>","protected":false},"featured_media":113266,"template":"","meta":{"_kad_blocks_custom_css":"","_kad_blocks_head_custom_js":"","_kad_blocks_body_custom_js":"","_kad_blocks_footer_custom_js":"","_kad_post_transparent":"default","_kad_post_title":"","_kad_post_layout":"default","_kad_post_sidebar_id":"","_kad_post_content_style":"default","_kad_post_vertical_padding":"default","_kad_post_feature":"","_kad_post_feature_position":"","_kad_post_header":false,"_kad_post_footer":false,"_kad_post_classname":""},"product_brand":[1284],"product_cat":[15,1470],"product_tag":[],"class_list":{"0":"post-112996","1":"product","2":"type-product","3":"status-publish","4":"has-post-thumbnail","6":"product_brand-nike","7":"product_cat-bez-kategorii","8":"product_cat-manchester-city","9":"pa_homeawaythird-home","10":"pa_rozmiar-s","12":"first","13":"instock","14":"taxable","15":"shipping-taxable","16":"purchasable","17":"product-type-simple","18":"entry","19":"content-bg","20":"loop-entry"},"taxonomy_info":{"product_brand":[{"value":1284,"label":"Nike"}],"product_cat":[{"value":15,"label":"Bez kategorii"},{"value":1470,"label":"Manchester City"}],"pa_homeawaythird":[{"value":1597,"label":"Home"}],"pa_rozmiar":[{"value":1815,"label":"S"}]},"featured_image_src_large":["https:\/\/footballthrift.shop\/wp-content\/uploads\/2025\/12\/Photoroom_027_20251210_123905-1024x1024.png",1024,1024,true],"author_info":[],"comment_info":"","_links":{"self":[{"href":"https:\/\/footballthrift.shop\/de\/wp-json\/wp\/v2\/product\/112996","targetHints":{"allow":["GET"]}}],"collection":[{"href":"https:\/\/footballthrift.shop\/de\/wp-json\/wp\/v2\/product"}],"about":[{"href":"https:\/\/footballthrift.shop\/de\/wp-json\/wp\/v2\/types\/product"}],"wp:featuredmedia":[{"embeddable":true,"href":"https:\/\/footballthrift.shop\/de\/wp-json\/wp\/v2\/media\/113266"}],"wp:attachment":[{"href":"https:\/\/footballthrift.shop\/de\/wp-json\/wp\/v2\/media?parent=112996"}],"wp:term":[{"taxonomy":"product_brand","embeddable":true,"href":"https:\/\/footballthrift.shop\/de\/wp-json\/wp\/v2\/product_brand?post=112996"},{"taxonomy":"product_cat","embeddable":true,"href":"https:\/\/footballthrift.shop\/de\/wp-json\/wp\/v2\/product_cat?post=112996"},{"taxonomy":"product_tag","embeddable":true,"href":"https:\/\/footballthrift.shop\/de\/wp-json\/wp\/v2\/product_tag?post=112996"}],"curies":[{"name":"wp","href":"https:\/\/api.w.org\/{rel}","templated":true}]}}