{"id":112995,"date":"2025-12-14T17:59:10","date_gmt":"2025-12-14T16:59:10","guid":{"rendered":"https:\/\/footballthrift.shop\/?post_type=product&#038;p=112995"},"modified":"2026-03-09T11:25:31","modified_gmt":"2026-03-09T10:25:31","slug":"koszulka-pilkarska-losc-lille-2021-22-away-l","status":"publish","type":"product","link":"https:\/\/footballthrift.shop\/de\/koszulka-pilkarska-losc-lille-2021-22-away-l\/","title":{"rendered":"Koszulka pi\u0142karska LOSC Lille 2021\/22 Away [L]"},"content":{"rendered":"<p><strong>Verein:<\/strong> LOSC Lille<\/p>\n<p><strong>Saison:<\/strong> 2021\/22 Ausw\u00e4rts<\/p>\n<p><strong>Gr\u00f6\u00dfe: <\/strong>L<\/p>\n<p><strong>Zustand:<\/strong> Ausgezeichnet<\/p>\n<p><strong>Ma\u00dfe (Achselbreite\/L\u00e4nge) in cm: <\/strong>54\/71<\/p>","protected":false},"excerpt":{"rendered":"<p data-start=\"0\" data-end=\"94\"><strong data-start=\"0\" data-end=\"94\">Original LOSC Lille Ausw\u00e4rts-Fu\u00dfballtrikot aus der Saison 2021\/22, hergestellt von New Balance.\u00a0<\/strong><\/p>\n<p data-start=\"96\" data-end=\"465\">Das Modell, das von <strong data-start=\"121\" data-end=\"136\">Neue Balance<\/strong> f\u00fcr die Saison <strong data-start=\"146\" data-end=\"157\">2021\/22<\/strong> f\u00fcr <strong data-start=\"162\" data-end=\"176\">LOSC Lille<\/strong>, in Gr\u00f6\u00dfe <strong data-start=\"190\" data-end=\"195\">L<\/strong>, zeichnet sich durch ein elegantes und zur\u00fcckhaltendes Design aus, das Modernit\u00e4t mit Club-Identit\u00e4t verbindet. Das Projekt basiert auf <strong data-start=\"313\" data-end=\"335\">wei\u00dfe Farbgebung<\/strong>, die den Hintergrund f\u00fcr subtile Details und kontrastreiche Akzente bildet, wodurch das T-Shirt besonders klar und stilvoll wirkt.<\/p>\n<p data-start=\"467\" data-end=\"1046\">Das charakteristischste Element ist <strong data-start=\"513\" data-end=\"537\">zartes graues Muster<\/strong>, der am unteren Rand des T-Shirts beginnt und <strong data-start=\"578\" data-end=\"607\">verblasst allm\u00e4hlich nach oben hin<\/strong>, und schaffen so einen flie\u00dfenden \u00dcbergang zwischen den Farbt\u00f6nen. Dieses grafische Motiv verleiht dem Ganzen Tiefe und Dynamik, ohne dabei aufdringlich zu wirken. Abgerundet wird das Ganze durch <strong data-start=\"754\" data-end=\"788\">dunkelblaue \u00c4rmelabschl\u00fcsse<\/strong>, die den Kontrast zur wei\u00dfen Basis verst\u00e4rken, sowie <strong data-start=\"838\" data-end=\"885\">das goldene Logo des Herstellers und das goldene Wappen des Vereins<\/strong>, die das Prestige und den einzigartigen Charakter dieses Modells unterstreichen. Auf der Vorderseite befindet sich der Aufdruck des Sponsors. <strong data-start=\"983\" data-end=\"996\">Boulanger<\/strong>, das sich harmonisch in das Design des T-Shirts einf\u00fcgt.<\/p>\n<p data-start=\"1048\" data-end=\"1337\">Das T-Shirt ist hergestellt aus <strong data-start=\"1076\" data-end=\"1112\">leichtes, luftiges Material<\/strong>, das sowohl beim Sport als auch im Alltag hohen Tragekomfort bietet. Der Schnitt in Gr\u00f6\u00dfe L bietet eine bequeme Passform und Bewegungsfreiheit gem\u00e4\u00df den technischen Standards von New Balance aus dieser Zeit.<\/p>\n<p data-start=\"1339\" data-end=\"1759\" data-is-last-node=\"\" data-is-only-node=\"\">Das ist ein hervorragendes Angebot f\u00fcr Fans und Sammler, die gerne <strong data-start=\"1413\" data-end=\"1475\">das Original-Ausw\u00e4rtstrikot von LOSC Lille<\/strong> aus der Saison<strong data-start=\"1413\" data-end=\"1475\"> 2021\/22<\/strong>, herausragend <strong data-start=\"1494\" data-end=\"1518\">elegante wei\u00dfe Basis<\/strong>, subtil <strong data-start=\"1530\" data-end=\"1557\">das Ergebnis des Verschwindens des Musters<\/strong>, kontrastreich <strong data-start=\"1573\" data-end=\"1597\">mit blauen Details<\/strong> und prestigetr\u00e4chtigen <strong data-start=\"1616\" data-end=\"1638\">goldene Elemente<\/strong>. Dieses Modell eignet sich sowohl als Teil einer Sammlung als auch als stilvolles Kleidungsst\u00fcck f\u00fcr Fans des franz\u00f6sischen Fu\u00dfballs.<\/p>","protected":false},"featured_media":113255,"template":"","meta":{"_kad_blocks_custom_css":"","_kad_blocks_head_custom_js":"","_kad_blocks_body_custom_js":"","_kad_blocks_footer_custom_js":"","_kad_post_transparent":"default","_kad_post_title":"","_kad_post_layout":"default","_kad_post_sidebar_id":"","_kad_post_content_style":"default","_kad_post_vertical_padding":"default","_kad_post_feature":"","_kad_post_feature_position":"","_kad_post_header":false,"_kad_post_footer":false,"_kad_post_classname":""},"product_brand":[1301],"product_cat":[15,1475],"product_tag":[],"class_list":{"0":"post-112995","1":"product","2":"type-product","3":"status-publish","4":"has-post-thumbnail","6":"product_brand-new-balance","7":"product_cat-bez-kategorii","8":"product_cat-pozostale-kluby-francuskie","9":"pa_homeawaythird-away","10":"pa_rozmiar-l","12":"first","13":"instock","14":"taxable","15":"shipping-taxable","16":"purchasable","17":"product-type-simple","18":"entry","19":"content-bg","20":"loop-entry"},"taxonomy_info":{"product_brand":[{"value":1301,"label":"New Balance"}],"product_cat":[{"value":15,"label":"Bez kategorii"},{"value":1475,"label":"Pozosta\u0142e kluby francuskie"}],"pa_homeawaythird":[{"value":1598,"label":"Away"}],"pa_rozmiar":[{"value":1817,"label":"L"}]},"featured_image_src_large":["https:\/\/footballthrift.shop\/wp-content\/uploads\/2025\/12\/Photoroom_038_20251210_123905-1024x1024.png",1024,1024,true],"author_info":[],"comment_info":"","_links":{"self":[{"href":"https:\/\/footballthrift.shop\/de\/wp-json\/wp\/v2\/product\/112995","targetHints":{"allow":["GET"]}}],"collection":[{"href":"https:\/\/footballthrift.shop\/de\/wp-json\/wp\/v2\/product"}],"about":[{"href":"https:\/\/footballthrift.shop\/de\/wp-json\/wp\/v2\/types\/product"}],"wp:featuredmedia":[{"embeddable":true,"href":"https:\/\/footballthrift.shop\/de\/wp-json\/wp\/v2\/media\/113255"}],"wp:attachment":[{"href":"https:\/\/footballthrift.shop\/de\/wp-json\/wp\/v2\/media?parent=112995"}],"wp:term":[{"taxonomy":"product_brand","embeddable":true,"href":"https:\/\/footballthrift.shop\/de\/wp-json\/wp\/v2\/product_brand?post=112995"},{"taxonomy":"product_cat","embeddable":true,"href":"https:\/\/footballthrift.shop\/de\/wp-json\/wp\/v2\/product_cat?post=112995"},{"taxonomy":"product_tag","embeddable":true,"href":"https:\/\/footballthrift.shop\/de\/wp-json\/wp\/v2\/product_tag?post=112995"}],"curies":[{"name":"wp","href":"https:\/\/api.w.org\/{rel}","templated":true}]}}