{"id":112994,"date":"2025-12-14T17:59:11","date_gmt":"2025-12-14T16:59:11","guid":{"rendered":"https:\/\/footballthrift.shop\/?post_type=product&#038;p=112994"},"modified":"2026-03-09T11:25:30","modified_gmt":"2026-03-09T10:25:30","slug":"koszulka-pilkarska-liverpool-fc-2018-19-home-4-virgil-m","status":"publish","type":"product","link":"https:\/\/footballthrift.shop\/de\/koszulka-pilkarska-liverpool-fc-2018-19-home-4-virgil-m\/","title":{"rendered":"Koszulka pi\u0142karska Liverpool FC 2018\/19 Home 4 Virgil [M]"},"content":{"rendered":"<p><strong>Verein:<\/strong> Liverpool FC<\/p>\n<p><strong>Saison:<\/strong> 2018\/19 Heim<\/p>\n<p><strong>Gr\u00f6\u00dfe: <\/strong>M<\/p>\n<p><strong>Zustand:<\/strong> Gut \u2013 leicht besch\u00e4digter Sponsorenaufdruck und winzige Kratzer auf der Vorderseite sowie ein kleiner Riss im Aufdruck auf der R\u00fcckseite.<\/p>\n<p><strong>Ma\u00dfe (Achselbreite\/L\u00e4nge) in cm: <\/strong>54\/68<\/p>","protected":false},"excerpt":{"rendered":"<p data-start=\"0\" data-end=\"125\"><strong data-start=\"0\" data-end=\"125\">Original Liverpool FC Heimtrikot aus der Saison 2018\/19 von New Balance mit Virgil van Dijk-Aufdruck.\u00a0<\/strong><\/p>\n<p data-start=\"127\" data-end=\"504\">Modell entworfen von <strong data-start=\"154\" data-end=\"169\">Neue Balance<\/strong> f\u00fcr die Saison <strong data-start=\"179\" data-end=\"190\">2018\/19<\/strong> f\u00fcr <strong data-start=\"195\" data-end=\"212\">FC Liverpool<\/strong>, in Gr\u00f6\u00dfe <strong data-start=\"226\" data-end=\"231\">M<\/strong>, ist eines der symboltr\u00e4chtigsten Trikots in der modernen Geschichte des Clubs aus Anfield. Es ist gehalten in <strong data-start=\"330\" data-end=\"360\">dunkler Rotton<\/strong>, pr\u00e4sentiert einen eleganten und ausgereiften Stil, der den Charakter der Mannschaft von J\u00fcrgen Klopp auf ihrem Weg an die Spitze Europas perfekt widerspiegelt.<\/p>\n<p data-start=\"506\" data-end=\"979\">Das Projekt zeichnet sich aus durch <strong data-start=\"527\" data-end=\"554\">Polokragen<\/strong>, die dem T-Shirt einen klassischen, fast retroartigen Charakter verleihen. Subtil <strong data-start=\"622\" data-end=\"639\">wei\u00dfe Akzente<\/strong> in Form eines schmalen Streifens am Kragen und Details im Schulterbereich brechen das einheitliche Rot auf subtile Weise auf und bewahren dabei die Koh\u00e4renz und minimalistische \u00c4sthetik. Auf der Vorderseite befindet sich mittig der Aufdruck des Sponsors. <strong data-start=\"859\" data-end=\"881\">Standard Chartered<\/strong>, der einen deutlichen Kontrast zur dunklen Basis bildet und ein fester Bestandteil der Identit\u00e4t Liverpools in dieser \u00c4ra ist.<\/p>\n<p data-start=\"981\" data-end=\"1442\">Auf der R\u00fcckseite befindet sich <strong data-start=\"1005\" data-end=\"1051\">Original-Liga-Aufdruck von Virgil van Dijk<\/strong>, einer S\u00e4ule der Abwehr und einer der wichtigsten Architekten des Erfolgs der Mannschaft in dieser Saison. Der niederl\u00e4ndische Verteidiger war der absolute Anf\u00fchrer der Abwehrreihe, und seine Leistung spielte eine entscheidende Rolle f\u00fcr den Triumph von Liverpool in <strong data-start=\"1261\" data-end=\"1284\">Champions League 2019<\/strong>, die mit einem Sieg im Finale gegen Tottenham in Madrid endete. Genau diese Saison festigte van Dijks Position als einer der besten Verteidiger der Welt.<\/p>\n<p data-start=\"1444\" data-end=\"1741\">Das T-Shirt ist hergestellt aus <strong data-start=\"1469\" data-end=\"1505\">leichtes, luftiges Material<\/strong>, das sowohl beim Sport als auch im Alltag hohen Tragekomfort bietet. Der Schnitt in Gr\u00f6\u00dfe M bietet eine bequeme Passform und Bewegungsfreiheit, die f\u00fcr die New Balance-Modelle aus dieser Zeit charakteristisch sind.<\/p>\n<p data-start=\"1743\" data-end=\"2036\" data-is-last-node=\"\" data-is-only-node=\"\">Es ist ideal f\u00fcr Sammler und Fans, die ein eigenes <strong data-start=\"1815\" data-end=\"1874\">Original Liverpool Heimtrikot 2018\/19<\/strong>, symbolisch f\u00fcr <strong data-start=\"1892\" data-end=\"1920\">Triumph in der Champions League<\/strong>, Klopps au\u00dfergew\u00f6hnlicher Mannschaft und einer Saison, in der <strong data-start=\"1970\" data-end=\"1989\">Virgil van Dijk<\/strong> wurde zu einer Ikone der defensiven Perfektion der Reds.<\/p>","protected":false},"featured_media":113235,"template":"","meta":{"_kad_blocks_custom_css":"","_kad_blocks_head_custom_js":"","_kad_blocks_body_custom_js":"","_kad_blocks_footer_custom_js":"","_kad_post_transparent":"default","_kad_post_title":"","_kad_post_layout":"default","_kad_post_sidebar_id":"","_kad_post_content_style":"default","_kad_post_vertical_padding":"default","_kad_post_feature":"","_kad_post_feature_position":"","_kad_post_header":false,"_kad_post_footer":false,"_kad_post_classname":""},"product_brand":[1301],"product_cat":[15,1464],"product_tag":[],"class_list":{"0":"post-112994","1":"product","2":"type-product","3":"status-publish","4":"has-post-thumbnail","6":"product_brand-new-balance","7":"product_cat-bez-kategorii","8":"product_cat-liverpool","9":"pa_homeawaythird-home","10":"pa_rozmiar-m","12":"first","13":"instock","14":"taxable","15":"shipping-taxable","16":"purchasable","17":"product-type-simple","18":"entry","19":"content-bg","20":"loop-entry"},"taxonomy_info":{"product_brand":[{"value":1301,"label":"New Balance"}],"product_cat":[{"value":15,"label":"Bez kategorii"},{"value":1464,"label":"Liverpool FC"}],"pa_homeawaythird":[{"value":1597,"label":"Home"}],"pa_rozmiar":[{"value":1816,"label":"M"}]},"featured_image_src_large":["https:\/\/footballthrift.shop\/wp-content\/uploads\/2025\/12\/Photoroom_019_20251210_123905-1024x1024.png",1024,1024,true],"author_info":[],"comment_info":"","_links":{"self":[{"href":"https:\/\/footballthrift.shop\/de\/wp-json\/wp\/v2\/product\/112994","targetHints":{"allow":["GET"]}}],"collection":[{"href":"https:\/\/footballthrift.shop\/de\/wp-json\/wp\/v2\/product"}],"about":[{"href":"https:\/\/footballthrift.shop\/de\/wp-json\/wp\/v2\/types\/product"}],"wp:featuredmedia":[{"embeddable":true,"href":"https:\/\/footballthrift.shop\/de\/wp-json\/wp\/v2\/media\/113235"}],"wp:attachment":[{"href":"https:\/\/footballthrift.shop\/de\/wp-json\/wp\/v2\/media?parent=112994"}],"wp:term":[{"taxonomy":"product_brand","embeddable":true,"href":"https:\/\/footballthrift.shop\/de\/wp-json\/wp\/v2\/product_brand?post=112994"},{"taxonomy":"product_cat","embeddable":true,"href":"https:\/\/footballthrift.shop\/de\/wp-json\/wp\/v2\/product_cat?post=112994"},{"taxonomy":"product_tag","embeddable":true,"href":"https:\/\/footballthrift.shop\/de\/wp-json\/wp\/v2\/product_tag?post=112994"}],"curies":[{"name":"wp","href":"https:\/\/api.w.org\/{rel}","templated":true}]}}