{"id":112992,"date":"2025-12-14T17:59:12","date_gmt":"2025-12-14T16:59:12","guid":{"rendered":"https:\/\/footballthrift.shop\/?post_type=product&#038;p=112992"},"modified":"2026-03-09T11:25:30","modified_gmt":"2026-03-09T10:25:30","slug":"juventus-fc-fusball-trikot-2018-19-heim-s","status":"publish","type":"product","link":"https:\/\/footballthrift.shop\/de\/koszulka-pilkarska-juventus-fc-2018-19-home-s\/","title":{"rendered":"Koszulka pi\u0142karska Juventus FC 2018\/19 Home [S]"},"content":{"rendered":"<p><strong>Verein:<\/strong> Juventus FC<\/p>\n<p><strong>Saison:<\/strong> 2018\/19 Heim<\/p>\n<p><strong>Gr\u00f6\u00dfe: <\/strong>S<\/p>\n<p><strong>Zustand:<\/strong> Ausgezeichnet<\/p>\n<p><strong>Ma\u00dfe (Achselbreite\/L\u00e4nge) in cm: <\/strong>47\/70<\/p>","protected":false},"excerpt":{"rendered":"<p data-start=\"0\" data-end=\"89\"><strong data-start=\"0\" data-end=\"89\">Original Juventus FC Heimtrikot aus der Saison 2018\/19, hergestellt von Adidas.\u00a0<\/strong><\/p>\n<p data-start=\"91\" data-end=\"484\">Modell der Saison <strong data-start=\"106\" data-end=\"117\">2018\/19<\/strong>, entworfen von <strong data-start=\"140\" data-end=\"151\">Adidas<\/strong> f\u00fcr <strong data-start=\"156\" data-end=\"172\">Juventus FC<\/strong> in der Gr\u00f6\u00dfe <strong data-start=\"185\" data-end=\"190\">S<\/strong>, ist eine R\u00fcckkehr zur klassischen \u00c4sthetik des Turiner Clubs in einem der medienwirksamsten Momente seiner modernen Geschichte. In dieser Saison trug zum ersten Mal die Farben der Bianconeri <strong data-start=\"388\" data-end=\"409\">Cristiano Ronaldo<\/strong>, was dem Trikot eine besondere sportliche und sammeltechnische Bedeutung verleiht.<\/p>\n<p data-start=\"486\" data-end=\"951\">Das Projekt basiert auf <strong data-start=\"508\" data-end=\"554\">traditioneller schwarz-wei\u00dfer vertikaler Streifen<\/strong>, bestehend aus <strong data-start=\"574\" data-end=\"615\">zwei schwarze und drei wei\u00dfe Streifen<\/strong>, wobei der minimalistische, klare Charakter beibehalten wurde. Auf der Vorderseite befindet sich der Aufdruck des Sponsors. <strong data-start=\"702\" data-end=\"710\">Jeep<\/strong>, das einen Kontrast zur hellen Grundfarbe bildet und eines der bekanntesten Elemente der Juventus-Trikots dieses Jahrzehnts ist. Abgerundet wird das Ganze durch <strong data-start=\"847\" data-end=\"884\">schwarze Adidas-Streifen auf den \u00c4rmeln<\/strong>, die die moderne Linie des Designs und die Farbharmonie unterstreichen.<\/p>\n<p data-start=\"953\" data-end=\"1228\">Auf der Brust befindet sich ein Wappen. <strong>Juventus Turin<\/strong> sowie das Logo des Herstellers, die in einem klassischen, symmetrischen Layout angeordnet sind. Das Trikot repr\u00e4sentiert eine \u00dcbergangsphase in der visuellen Identit\u00e4t des Vereins \u2013 nach der Einf\u00fchrung des neuen Wappens, aber noch in einem Stil, der stark in der Tradition verwurzelt ist.<\/p>\n<p data-start=\"1230\" data-end=\"1504\">Das Modell ist hergestellt aus <strong data-start=\"1252\" data-end=\"1288\">leichtes, luftiges Material<\/strong>, das sowohl beim Sport als auch im Alltag hohen Tragekomfort bietet. Der Schnitt in Gr\u00f6\u00dfe S bietet eine gute Passform und Bewegungsfreiheit, wie sie f\u00fcr die Adidas-T-Shirts aus dieser Zeit charakteristisch sind.<\/p>\n<p data-start=\"1506\" data-end=\"1828\" data-is-last-node=\"\" data-is-only-node=\"\">Es ist ein ideales Angebot f\u00fcr Fans und Sammler, die gerne <strong data-start=\"1578\" data-end=\"1636\">Original Juventus Heimtrikot 2018\/19<\/strong> \u2014 symbolisches Modell <strong data-start=\"1659\" data-end=\"1705\">Cristiano Ronaldos erste Saison in Turin<\/strong>, klassisch <strong data-start=\"1717\" data-end=\"1740\">wei\u00df-schwarz gestreift<\/strong>, Kult-Sponsor <strong data-start=\"1761\" data-end=\"1769\">Jeep<\/strong> und ein Moment, der sich f\u00fcr immer in die Geschichte des Vereins eingeschrieben hat.<\/p>","protected":false},"featured_media":113212,"template":"","meta":{"_kad_blocks_custom_css":"","_kad_blocks_head_custom_js":"","_kad_blocks_body_custom_js":"","_kad_blocks_footer_custom_js":"","_kad_post_transparent":"default","_kad_post_title":"","_kad_post_layout":"default","_kad_post_sidebar_id":"","_kad_post_content_style":"default","_kad_post_vertical_padding":"default","_kad_post_feature":"","_kad_post_feature_position":"","_kad_post_header":false,"_kad_post_footer":false,"_kad_post_classname":""},"product_brand":[1283],"product_cat":[15,1462],"product_tag":[],"class_list":{"0":"post-112992","1":"product","2":"type-product","3":"status-publish","4":"has-post-thumbnail","6":"product_brand-adidas","7":"product_cat-bez-kategorii","8":"product_cat-kluby-wloskie-juventusfc","9":"pa_homeawaythird-home","10":"pa_rozmiar-s","12":"first","13":"instock","14":"taxable","15":"shipping-taxable","16":"purchasable","17":"product-type-simple","18":"entry","19":"content-bg","20":"loop-entry"},"taxonomy_info":{"product_brand":[{"value":1283,"label":"Adidas"}],"product_cat":[{"value":15,"label":"Bez kategorii"},{"value":1462,"label":"Juventus FC"}],"pa_homeawaythird":[{"value":1597,"label":"Home"}],"pa_rozmiar":[{"value":1815,"label":"S"}]},"featured_image_src_large":["https:\/\/footballthrift.shop\/wp-content\/uploads\/2025\/12\/Photoroom_032_20251210_123905-1024x1024.png",1024,1024,true],"author_info":[],"comment_info":"","_links":{"self":[{"href":"https:\/\/footballthrift.shop\/de\/wp-json\/wp\/v2\/product\/112992","targetHints":{"allow":["GET"]}}],"collection":[{"href":"https:\/\/footballthrift.shop\/de\/wp-json\/wp\/v2\/product"}],"about":[{"href":"https:\/\/footballthrift.shop\/de\/wp-json\/wp\/v2\/types\/product"}],"wp:featuredmedia":[{"embeddable":true,"href":"https:\/\/footballthrift.shop\/de\/wp-json\/wp\/v2\/media\/113212"}],"wp:attachment":[{"href":"https:\/\/footballthrift.shop\/de\/wp-json\/wp\/v2\/media?parent=112992"}],"wp:term":[{"taxonomy":"product_brand","embeddable":true,"href":"https:\/\/footballthrift.shop\/de\/wp-json\/wp\/v2\/product_brand?post=112992"},{"taxonomy":"product_cat","embeddable":true,"href":"https:\/\/footballthrift.shop\/de\/wp-json\/wp\/v2\/product_cat?post=112992"},{"taxonomy":"product_tag","embeddable":true,"href":"https:\/\/footballthrift.shop\/de\/wp-json\/wp\/v2\/product_tag?post=112992"}],"curies":[{"name":"wp","href":"https:\/\/api.w.org\/{rel}","templated":true}]}}