{"id":112987,"date":"2025-12-14T17:59:15","date_gmt":"2025-12-14T16:59:15","guid":{"rendered":"https:\/\/footballthrift.shop\/?post_type=product&#038;p=112987"},"modified":"2026-03-09T11:25:29","modified_gmt":"2026-03-09T10:25:29","slug":"koszulka-treningowa-dania-2004-06-xl","status":"publish","type":"product","link":"https:\/\/footballthrift.shop\/de\/koszulka-treningowa-dania-2004-06-xl\/","title":{"rendered":"Koszulka treningowa Dania 2004\/06 [XL]"},"content":{"rendered":"<p><strong>Verein:<\/strong> Gerichte<\/p>\n<p><strong>Saison:<\/strong> 2004\/06<\/p>\n<p><strong>Gr\u00f6\u00dfe: <\/strong>XL<\/p>\n<p><strong>Zustand:<\/strong> Gut \u2013 blaue Verf\u00e4rbungen am \u00c4rmel.<\/p>\n<p><strong>Ma\u00dfe (Achselbreite\/L\u00e4nge) in cm: <\/strong>58\/73 (vorne), 80 (hinten)<\/p>","protected":false},"excerpt":{"rendered":"<p data-start=\"0\" data-end=\"87\"><strong data-start=\"0\" data-end=\"87\">Original Trainingsshirt der d\u00e4nischen Nationalmannschaft aus den Jahren 2004\/06, hergestellt von Adidas.\u00a0<\/strong><\/p>\n<p data-start=\"89\" data-end=\"465\">Exemplar erstellt von <strong data-start=\"119\" data-end=\"130\">Adidas<\/strong> f\u00fcr <strong data-start=\"135\" data-end=\"158\">Vertretung D\u00e4nemarks<\/strong> seit Jahren <strong data-start=\"167\" data-end=\"180\">2004-2006<\/strong>, in Gr\u00f6\u00dfe <strong data-start=\"194\" data-end=\"200\">XL<\/strong>, ist ein Trainingsmodell, das in der f\u00fcr die d\u00e4nische Nationalmannschaft charakteristischen \u00c4sthetik der fr\u00fchen 2000er Jahre gehalten ist. Das Design basiert auf <strong data-start=\"318\" data-end=\"340\">wei\u00dfe Farbgebung<\/strong>, erg\u00e4nzt durch kr\u00e4ftige Akzente in den Nationalfarben, die dem Shirt einen sportlichen und zugleich eleganten Charakter verleihen.<\/p>\n<p data-start=\"467\" data-end=\"1014\">Die wichtigsten Designelemente sind <strong data-start=\"503\" data-end=\"532\">zwei vertikale schwarze Paneele<\/strong> die an den Seiten des T-Shirts entlanglaufen. Ihre R\u00e4nder bilden einen subtilen <strong data-start=\"592\" data-end=\"611\">Verschwindungseffekt<\/strong>, wodurch die Seiten nahtlos in den wei\u00dfen Teil der Vorder- und R\u00fcckseite \u00fcbergehen. Dieses Detail verleiht dem Kleid nicht nur einen modernen Look, sondern l\u00e4sst die Silhouette auch optisch schlanker wirken. Auf den \u00c4rmeln befinden sich klassische <strong data-start=\"794\" data-end=\"818\">schwarze Adidas-Streifen<\/strong>, die die Symmetrie des Designs unterstreichen. Das Ganze wird erg\u00e4nzt durch <strong data-start=\"873\" data-end=\"916\">rot-schwarze Kragenverzierung.<\/strong><\/p>\n<p data-start=\"1016\" data-end=\"1187\">Das Wappen des d\u00e4nischen Verbandes und das Adidas-Logo sind in einem typischen, \u00fcbersichtlichen Layout auf der Brust angeordnet, was die Authentizit\u00e4t des Trainingsmodells aus dieser Zeit zus\u00e4tzlich unterstreicht.<\/p>\n<p data-start=\"1189\" data-end=\"1466\">Das T-Shirt ist hergestellt aus <strong data-start=\"1214\" data-end=\"1250\">leichtes, luftiges Material<\/strong>, das sowohl beim Training als auch bei allt\u00e4glichen Aktivit\u00e4ten Tragekomfort bietet. Der Schnitt in Gr\u00f6\u00dfe XL garantiert Bewegungsfreiheit und eine bequeme Passform, wie sie f\u00fcr Adidas-Trainingsbekleidung aus der Mitte der 2000er Jahre typisch ist.<\/p>\n<p data-start=\"1468\" data-end=\"1787\" data-is-last-node=\"\" data-is-only-node=\"\">Das ist ein gro\u00dfartiges Angebot f\u00fcr Sammler und Fans, die auf der Suche sind nach <strong data-start=\"1532\" data-end=\"1596\">Original-Trainingsshirt der d\u00e4nischen Nationalmannschaft 2004\/06<\/strong>, herausragend <strong data-start=\"1616\" data-end=\"1653\">das Verschwinden der schwarzen Paneele<\/strong>, klassisch <strong data-start=\"1667\" data-end=\"1686\">Adidas-Streifen<\/strong> und einer eleganten Kombination <strong data-start=\"1715\" data-end=\"1744\">Wei\u00df, Rot und Schwarz<\/strong> \u2014 charakteristische Farben des d\u00e4nischen Fu\u00dfballs.<\/p>","protected":false},"featured_media":113151,"template":"","meta":{"_kad_blocks_custom_css":"","_kad_blocks_head_custom_js":"","_kad_blocks_body_custom_js":"","_kad_blocks_footer_custom_js":"","_kad_post_transparent":"default","_kad_post_title":"","_kad_post_layout":"default","_kad_post_sidebar_id":"","_kad_post_content_style":"default","_kad_post_vertical_padding":"default","_kad_post_feature":"","_kad_post_feature_position":"","_kad_post_header":false,"_kad_post_footer":false,"_kad_post_classname":""},"product_brand":[1283],"product_cat":[15,1423,1489],"product_tag":[],"class_list":{"0":"post-112987","1":"product","2":"type-product","3":"status-publish","4":"has-post-thumbnail","6":"product_brand-adidas","7":"product_cat-bez-kategorii","8":"product_cat-kurtkibluzytrening","9":"product_cat-pozostale-reprezentacje-europa","10":"pa_rozmiar-xl","12":"first","13":"instock","14":"taxable","15":"shipping-taxable","16":"purchasable","17":"product-type-simple","18":"entry","19":"content-bg","20":"loop-entry"},"taxonomy_info":{"product_brand":[{"value":1283,"label":"Adidas"}],"product_cat":[{"value":15,"label":"Bez kategorii"},{"value":1423,"label":"Kurtki\/bluzy\/trening"},{"value":1489,"label":"Pozosta\u0142e"}],"pa_rozmiar":[{"value":1818,"label":"XL"}]},"featured_image_src_large":["https:\/\/footballthrift.shop\/wp-content\/uploads\/2025\/12\/Photoroom_008_20251210_123905-1024x1024.png",1024,1024,true],"author_info":[],"comment_info":"","_links":{"self":[{"href":"https:\/\/footballthrift.shop\/de\/wp-json\/wp\/v2\/product\/112987","targetHints":{"allow":["GET"]}}],"collection":[{"href":"https:\/\/footballthrift.shop\/de\/wp-json\/wp\/v2\/product"}],"about":[{"href":"https:\/\/footballthrift.shop\/de\/wp-json\/wp\/v2\/types\/product"}],"wp:featuredmedia":[{"embeddable":true,"href":"https:\/\/footballthrift.shop\/de\/wp-json\/wp\/v2\/media\/113151"}],"wp:attachment":[{"href":"https:\/\/footballthrift.shop\/de\/wp-json\/wp\/v2\/media?parent=112987"}],"wp:term":[{"taxonomy":"product_brand","embeddable":true,"href":"https:\/\/footballthrift.shop\/de\/wp-json\/wp\/v2\/product_brand?post=112987"},{"taxonomy":"product_cat","embeddable":true,"href":"https:\/\/footballthrift.shop\/de\/wp-json\/wp\/v2\/product_cat?post=112987"},{"taxonomy":"product_tag","embeddable":true,"href":"https:\/\/footballthrift.shop\/de\/wp-json\/wp\/v2\/product_tag?post=112987"}],"curies":[{"name":"wp","href":"https:\/\/api.w.org\/{rel}","templated":true}]}}