{"id":112556,"date":"2025-12-07T17:53:15","date_gmt":"2025-12-07T16:53:15","guid":{"rendered":"https:\/\/footballthrift.shop\/?post_type=product&#038;p=112556"},"modified":"2026-03-09T11:25:33","modified_gmt":"2026-03-09T10:25:33","slug":"koszulka-pilkarska-olympique-marsylia-2004-05-away-164-cm","status":"publish","type":"product","link":"https:\/\/footballthrift.shop\/de\/koszulka-pilkarska-olympique-marsylia-2004-05-away-164-cm\/","title":{"rendered":"Koszulka pi\u0142karska Olympique Marsylia 2004\/05 Away [164 cm]"},"content":{"rendered":"<p><strong>Verein:<\/strong> Olympique Marseille<\/p>\n<p><strong>Saison:<\/strong> 2004\/05 Ausw\u00e4rts<\/p>\n<p><strong>Gr\u00f6\u00dfe: <\/strong>164 cm<\/p>\n<p><strong>Zustand:<\/strong> Zufriedenstellend \u2013 eine betr\u00e4chtliche Anzahl von Mikro-Einschnitten und leicht gerissene Adidas-Streifen an den \u00c4rmeln.<\/p>\n<p><strong>Ma\u00dfe (Achselbreite\/L\u00e4nge) in cm: <\/strong>47\/59 (vorne), 67 (hinten)<\/p>","protected":false},"excerpt":{"rendered":"<article class=\"text-token-text-primary w-full focus:outline-none [--shadow-height:45px] has-data-writing-block:pointer-events-none has-data-writing-block:-mt-(--shadow-height) has-data-writing-block:pt-(--shadow-height) [&amp;:has([data-writing-block])&gt;*]:pointer-events-auto scroll-mt-[calc(var(--header-height)+min(200px,max(70px,20svh)))]\" dir=\"auto\" tabindex=\"-1\" data-turn-id=\"efd3c40f-f324-4f14-8489-7744ba6badd9\" data-testid=\"conversation-turn-52\" data-scroll-anchor=\"true\" data-turn=\"assistant\">\n<div class=\"text-base my-auto mx-auto pb-10 [--thread-content-margin:--spacing(4)] thread-sm:[--thread-content-margin:--spacing(6)] thread-lg:[--thread-content-margin:--spacing(16)] px-(--thread-content-margin)\">\n<div class=\"[--thread-content-max-width:40rem] thread-lg:[--thread-content-max-width:48rem] mx-auto max-w-(--thread-content-max-width) flex-1 group\/turn-messages focus-visible:outline-hidden relative flex w-full min-w-0 flex-col agent-turn\" tabindex=\"-1\">\n<div class=\"flex max-w-full flex-col grow\">\n<div class=\"min-h-8 text-message relative flex w-full flex-col items-end gap-2 text-start break-words whitespace-normal [.text-message+&amp;]:mt-1\" dir=\"auto\" data-message-author-role=\"assistant\" data-message-id=\"7c8d21d8-32b8-4b6f-8e32-c6275a1d9ffe\" data-message-model-slug=\"gpt-5-1\">\n<div class=\"flex w-full flex-col gap-1 empty:hidden first:pt-[1px]\">\n<div class=\"markdown prose dark:prose-invert w-full break-words light markdown-new-styling\">\n<p data-start=\"0\" data-end=\"100\"><strong data-start=\"0\" data-end=\"100\">Oryginalna wyjazdowa koszulka pi\u0142karska Olympique Marsylia z sezonu 2004\/05 \u2013 produkcji Adidasa.\u00a0<\/strong><\/p>\n<p data-start=\"102\" data-end=\"527\">Ta oryginalna wyjazdowa <strong data-start=\"126\" data-end=\"148\">koszulka pi\u0142karska<\/strong> wyprodukowana przez <strong data-start=\"169\" data-end=\"180\">Adidasa<\/strong> dla <strong data-start=\"185\" data-end=\"207\">Olympique Marsylia<\/strong> na sezon <strong data-start=\"217\" data-end=\"228\">2004\/05<\/strong>, w m\u0142odzie\u017cowym rozmiarze na <strong data-start=\"258\" data-end=\"276\">164 cm wzrostu<\/strong>, prezentuje charakterystyczny dla tamtej epoki styl, \u0142\u0105cz\u0105cy klubow\u0105 kolorystyk\u0119 z wyrazistym, dynamicznym wzornictwem. Model wyr\u00f3\u017cnia si\u0119 b\u0142\u0119kitn\u0105 baz\u0105 oraz nietypowym motywem pionowych pas\u00f3w, dzi\u0119ki czemu zyska\u0142 rozpoznawalny i efektowny charakter.<\/p>\n<p data-start=\"529\" data-end=\"1086\">Koszulka opiera si\u0119 na <strong data-start=\"552\" data-end=\"578\">jasnoniebieskiej bazie<\/strong>, podkre\u015blonej przez <strong data-start=\"599\" data-end=\"629\">grube, czarne pionowe pasy<\/strong>, kt\u00f3re wznosz\u0105 si\u0119 od dolnej cz\u0119\u015bci frontu i <strong data-start=\"675\" data-end=\"718\">zanikaj\u0105 na wysoko\u015bci klatki piersiowej<\/strong>, tworz\u0105c ciekawy, stopniowany efekt wizualny. W g\u00f3rnej cz\u0119\u015bci koszulki kompozycja staje si\u0119 czystsza, co pozwala lepiej wyeksponowa\u0107 <strong data-start=\"852\" data-end=\"868\">logo Adidasa<\/strong>, <strong data-start=\"870\" data-end=\"897\">herb Olympique Marsylia<\/strong> oraz centralny nadruk sponsora <strong data-start=\"929\" data-end=\"945\">Neuf T\u00e9l\u00e9com<\/strong>. Na r\u0119kawkach znajduj\u0105 si\u0119 klasyczne <strong data-start=\"983\" data-end=\"1006\">bia\u0142e paski Adidasa<\/strong>, dodaj\u0105ce projektowi dynamiki i wyra\u017anie zaznaczaj\u0105ce identyfikacj\u0119 producenta.<\/p>\n<p data-start=\"1088\" data-end=\"1331\">Materia\u0142 jest <strong data-start=\"1102\" data-end=\"1111\">lekki<\/strong>, <strong data-start=\"1113\" data-end=\"1127\">przewiewny<\/strong> i wygodny w noszeniu, typowy dla m\u0142odzie\u017cowych modeli Adidasa z pierwszej po\u0142owy lat 2000. Tkanina dobrze dopasowuje si\u0119 do sylwetki i zapewnia komfort zar\u00f3wno podczas gry, jak i codziennego u\u017cytkowania.<\/p>\n<p data-start=\"1333\" data-end=\"1760\" data-is-last-node=\"\" data-is-only-node=\"\">Ta <strong data-start=\"1336\" data-end=\"1405\">oryginalna wyjazdowa koszulka Olympique Marsylia z sezonu 2004\/05<\/strong> to \u015bwietna propozycja dla <strong data-start=\"1432\" data-end=\"1479\">kolekcjoner\u00f3w klasycznych projekt\u00f3w Adidasa<\/strong>, fan\u00f3w <strong data-start=\"1487\" data-end=\"1508\">francuskiej pi\u0142ki<\/strong> oraz os\u00f3b ceni\u0105cych <strong data-start=\"1529\" data-end=\"1567\">dynamiczne, kontrastowe wzornictwo<\/strong>. Jej <strong data-start=\"1573\" data-end=\"1597\">b\u0142\u0119kitna kolorystyka<\/strong>, charakterystyczny <strong data-start=\"1617\" data-end=\"1653\">zanikaj\u0105cy motyw pionowych pas\u00f3w<\/strong> oraz autentyczne klubowe detale sprawiaj\u0105, \u017ce jest to <strong data-start=\"1708\" data-end=\"1759\">ciekawy i warto\u015bciowy egzemplarz kolekcjonerski<\/strong>.<\/p>\n<\/div>\n<\/div>\n<\/div>\n<\/div>\n<\/div>\n<\/div>\n<\/article>\n","protected":false},"featured_media":112610,"template":"","meta":{"_kad_blocks_custom_css":"","_kad_blocks_head_custom_js":"","_kad_blocks_body_custom_js":"","_kad_blocks_footer_custom_js":"","_kad_post_transparent":"default","_kad_post_title":"","_kad_post_layout":"default","_kad_post_sidebar_id":"","_kad_post_content_style":"default","_kad_post_vertical_padding":"default","_kad_post_feature":"","_kad_post_feature_position":"","_kad_post_header":false,"_kad_post_footer":false,"_kad_post_classname":""},"product_brand":[1283],"product_cat":[15,2017,1452],"product_tag":[],"class_list":{"0":"post-112556","1":"product","2":"type-product","3":"status-publish","4":"has-post-thumbnail","6":"product_brand-adidas","7":"product_cat-bez-kategorii","8":"product_cat-koszulki-mlodziezowe","9":"product_cat-olympique-marsylia","10":"pa_homeawaythird-away","11":"pa_rozmiar-164-cm","13":"first","14":"instock","15":"taxable","16":"shipping-taxable","17":"purchasable","18":"product-type-simple","19":"entry","20":"content-bg","21":"loop-entry"},"taxonomy_info":{"product_brand":[{"value":1283,"label":"Adidas"}],"product_cat":[{"value":15,"label":"Bez kategorii"},{"value":2017,"label":"KOSZULKI M\u0141ODZIE\u017bOWE"},{"value":1452,"label":"Olympique Marsylia"}],"pa_homeawaythird":[{"value":1598,"label":"Away"}],"pa_rozmiar":[{"value":2018,"label":"164 cm"}]},"featured_image_src_large":["https:\/\/footballthrift.shop\/wp-content\/uploads\/2025\/12\/Photoroom_036_20251203_161627-1024x1024.png",1024,1024,true],"author_info":[],"comment_info":"","_links":{"self":[{"href":"https:\/\/footballthrift.shop\/de\/wp-json\/wp\/v2\/product\/112556","targetHints":{"allow":["GET"]}}],"collection":[{"href":"https:\/\/footballthrift.shop\/de\/wp-json\/wp\/v2\/product"}],"about":[{"href":"https:\/\/footballthrift.shop\/de\/wp-json\/wp\/v2\/types\/product"}],"wp:featuredmedia":[{"embeddable":true,"href":"https:\/\/footballthrift.shop\/de\/wp-json\/wp\/v2\/media\/112610"}],"wp:attachment":[{"href":"https:\/\/footballthrift.shop\/de\/wp-json\/wp\/v2\/media?parent=112556"}],"wp:term":[{"taxonomy":"product_brand","embeddable":true,"href":"https:\/\/footballthrift.shop\/de\/wp-json\/wp\/v2\/product_brand?post=112556"},{"taxonomy":"product_cat","embeddable":true,"href":"https:\/\/footballthrift.shop\/de\/wp-json\/wp\/v2\/product_cat?post=112556"},{"taxonomy":"product_tag","embeddable":true,"href":"https:\/\/footballthrift.shop\/de\/wp-json\/wp\/v2\/product_tag?post=112556"}],"curies":[{"name":"wp","href":"https:\/\/api.w.org\/{rel}","templated":true}]}}