{"id":112553,"date":"2025-12-07T17:53:17","date_gmt":"2025-12-07T16:53:17","guid":{"rendered":"https:\/\/footballthrift.shop\/?post_type=product&#038;p=112553"},"modified":"2026-03-09T11:25:33","modified_gmt":"2026-03-09T10:25:33","slug":"koszulka-pilkarska-manchester-united-2016-17-home-152-cm-2","status":"publish","type":"product","link":"https:\/\/footballthrift.shop\/de\/koszulka-pilkarska-manchester-united-2016-17-home-152-cm-2\/","title":{"rendered":"Koszulka pi\u0142karska Manchester United 2016\/17 Home [152 cm]"},"content":{"rendered":"<p><strong>Verein:<\/strong> Manchester United<\/p>\n<p><strong>Saison:<\/strong> 2016\/17 Startseite<\/p>\n<p><strong>Gr\u00f6\u00dfe: <\/strong>152 cm<\/p>\n<p><strong>Zustand:<\/strong> Ausgezeichnet<\/p>\n<p><strong>Ma\u00dfe (Achselbreite\/L\u00e4nge) in cm: <\/strong>42\/56<\/p>","protected":false},"excerpt":{"rendered":"<p data-start=\"0\" data-end=\"97\"><strong data-start=\"0\" data-end=\"97\">Original Manchester United Heimtrikot aus der Saison 2016\/17 \u2013 hergestellt von Adidas.\u00a0<\/strong><\/p>\n<p data-start=\"99\" data-end=\"441\">Jugendversion f\u00fcr Wachstum <strong data-start=\"128\" data-end=\"138\">152 cm<\/strong> pr\u00e4sentiert ein charakteristisches Design, das von <strong data-start=\"195\" data-end=\"206\">Adidas<\/strong> f\u00fcr die Saison 2016\/17, basierend auf einer gewagten Farbgebung in Rot. Dieses Exemplar ist erh\u00e4ltlich in <strong data-start=\"306\" data-end=\"333\">lang\u00e4rmelige Version<\/strong>, was es zu einer noch interessanteren Wahl f\u00fcr Sammler von Jugendvarianten der United-Heimtrikots macht.<\/p>\n<p data-start=\"443\" data-end=\"984\">Ein wesentliches Element des Designs ist <strong data-start=\"476\" data-end=\"497\">zweifarbige Front<\/strong>, in dem <strong data-start=\"508\" data-end=\"524\">rechte Seite<\/strong> wurde beibehalten in <strong data-start=\"545\" data-end=\"580\">dunklerer Rotton<\/strong>, w\u00e4hrend <strong data-start=\"592\" data-end=\"600\">links<\/strong> in einem helleren Farbton, wodurch eine deutliche, asymmetrische Aufteilung entsteht, die an die Symbolik der Vereinsfarben ankn\u00fcpft. In der Mitte befindet sich ein kontrastierender Aufdruck des Sponsors. <strong data-start=\"755\" data-end=\"768\">Chevrolet<\/strong>, und dar\u00fcber befinden sich klassisch angeordnete <strong data-start=\"816\" data-end=\"832\">Adidas-Logo<\/strong> und <strong data-start=\"838\" data-end=\"865\">Das Wappen von Manchester United<\/strong>. Entlang der \u00c4rmel verlaufen charakteristische <strong data-start=\"907\" data-end=\"930\">wei\u00dfe Adidas-Streifen<\/strong>, die dem Shirt Dynamik und einen sportlichen Look verleihen.<\/p>\n<p data-start=\"986\" data-end=\"1271\">Das Material ist <strong data-start=\"1000\" data-end=\"1009\">leicht<\/strong>, <strong data-start=\"1011\" data-end=\"1025\">luftdurchl\u00e4ssig<\/strong> und gew\u00e4hrleistet <strong data-start=\"1037\" data-end=\"1060\">Komfort der Nutzung<\/strong>, Die Konstruktion wurde an die Form eines langen \u00c4rmels angepasst, was den Tragekomfort und die \u00c4sthetik verbessert. Der Stoff bleibt elastisch und eignet sich sowohl f\u00fcr sportliche Aktivit\u00e4ten als auch f\u00fcr den t\u00e4glichen Gebrauch.<\/p>\n<p data-start=\"1273\" data-end=\"1726\" data-is-last-node=\"\" data-is-only-node=\"\">Diese <strong data-start=\"1276\" data-end=\"1342\">Original Manchester United Heimtrikot aus der Saison 2016\/17<\/strong> in Jugendgr\u00f6\u00dfe f\u00fcr eine K\u00f6rpergr\u00f6\u00dfe von 152 cm ist dies das ideale Angebot f\u00fcr <strong data-start=\"1401\" data-end=\"1427\">young United fans<\/strong>Sammler <strong data-start=\"1443\" data-end=\"1479\">Adidas-Projekte aus der Mourinho-\u00c4ra<\/strong> und Fans von ausdrucksstarkem, farblich abgegrenztem Design. Ihre <strong data-start=\"1545\" data-end=\"1560\">Langarm<\/strong>unverwechselbar <strong data-start=\"1580\" data-end=\"1595\">wei\u00dfe Streifen<\/strong> und erkennbar <strong data-start=\"1615\" data-end=\"1645\">rotes zweifarbiges Motiv<\/strong> machen es zu einem <strong data-start=\"1668\" data-end=\"1725\">ein attraktives und herausragendes Element jeder Kollektion<\/strong>.<\/p>","protected":false},"featured_media":112573,"template":"","meta":{"_kad_blocks_custom_css":"","_kad_blocks_head_custom_js":"","_kad_blocks_body_custom_js":"","_kad_blocks_footer_custom_js":"","_kad_post_transparent":"default","_kad_post_title":"","_kad_post_layout":"default","_kad_post_sidebar_id":"","_kad_post_content_style":"default","_kad_post_vertical_padding":"default","_kad_post_feature":"","_kad_post_feature_position":"","_kad_post_header":false,"_kad_post_footer":false,"_kad_post_classname":""},"product_brand":[1283],"product_cat":[15,2017,1478],"product_tag":[],"class_list":{"0":"post-112553","1":"product","2":"type-product","3":"status-publish","4":"has-post-thumbnail","6":"product_brand-adidas","7":"product_cat-bez-kategorii","8":"product_cat-koszulki-mlodziezowe","9":"product_cat-manchester-united","10":"pa_homeawaythird-home","11":"pa_rozmiar-152-cm","13":"first","14":"instock","15":"taxable","16":"shipping-taxable","17":"purchasable","18":"product-type-simple","19":"entry","20":"content-bg","21":"loop-entry"},"taxonomy_info":{"product_brand":[{"value":1283,"label":"Adidas"}],"product_cat":[{"value":15,"label":"Bez kategorii"},{"value":2017,"label":"KOSZULKI M\u0141ODZIE\u017bOWE"},{"value":1478,"label":"Manchester United"}],"pa_homeawaythird":[{"value":1597,"label":"Home"}],"pa_rozmiar":[{"value":2004,"label":"152 cm"}]},"featured_image_src_large":["https:\/\/footballthrift.shop\/wp-content\/uploads\/2025\/12\/Photoroom_058_20251203_161627-1024x1024.png",1024,1024,true],"author_info":[],"comment_info":"","_links":{"self":[{"href":"https:\/\/footballthrift.shop\/de\/wp-json\/wp\/v2\/product\/112553","targetHints":{"allow":["GET"]}}],"collection":[{"href":"https:\/\/footballthrift.shop\/de\/wp-json\/wp\/v2\/product"}],"about":[{"href":"https:\/\/footballthrift.shop\/de\/wp-json\/wp\/v2\/types\/product"}],"wp:featuredmedia":[{"embeddable":true,"href":"https:\/\/footballthrift.shop\/de\/wp-json\/wp\/v2\/media\/112573"}],"wp:attachment":[{"href":"https:\/\/footballthrift.shop\/de\/wp-json\/wp\/v2\/media?parent=112553"}],"wp:term":[{"taxonomy":"product_brand","embeddable":true,"href":"https:\/\/footballthrift.shop\/de\/wp-json\/wp\/v2\/product_brand?post=112553"},{"taxonomy":"product_cat","embeddable":true,"href":"https:\/\/footballthrift.shop\/de\/wp-json\/wp\/v2\/product_cat?post=112553"},{"taxonomy":"product_tag","embeddable":true,"href":"https:\/\/footballthrift.shop\/de\/wp-json\/wp\/v2\/product_tag?post=112553"}],"curies":[{"name":"wp","href":"https:\/\/api.w.org\/{rel}","templated":true}]}}