{"id":112545,"date":"2025-12-07T17:53:03","date_gmt":"2025-12-07T16:53:03","guid":{"rendered":"https:\/\/footballthrift.shop\/?post_type=product&#038;p=112545"},"modified":"2026-03-09T11:25:37","modified_gmt":"2026-03-09T10:25:37","slug":"fusballtrikot-fc-bayern-monachium-2019-20-third-9-lewandowski-164-cm","status":"publish","type":"product","link":"https:\/\/footballthrift.shop\/de\/koszulka-pilkarska-fc-bayern-monachium-2019-20-third-9-lewandowski-164-cm\/","title":{"rendered":"Koszulka pi\u0142karska FC Bayern Monachium 2019\/20 Third 9 Lewandowski [164 cm]"},"content":{"rendered":"<p><strong>Verein:<\/strong> FC Bayern M\u00fcnchen<\/p>\n<p><strong>Saison:<\/strong> 2019\/20 Dritte<\/p>\n<p><strong>Gr\u00f6\u00dfe: <\/strong>164 cm<\/p>\n<p><strong>Zustand:<\/strong> Sehr gut \u2013 ein kleiner Mikroschaden an einer Ziffer auf der R\u00fcckseite. Dieses T-Shirt muss von Hand\/im Schonwaschgang gewaschen werden, um eine weitere Besch\u00e4digung des Aufdrucks zu vermeiden.<\/p>\n<p><strong>Ma\u00dfe (Achselbreite\/L\u00e4nge) in cm: <\/strong>45\/61<\/p>","protected":false},"excerpt":{"rendered":"<article class=\"text-token-text-primary w-full focus:outline-none [--shadow-height:45px] has-data-writing-block:pointer-events-none has-data-writing-block:-mt-(--shadow-height) has-data-writing-block:pt-(--shadow-height) [&amp;:has([data-writing-block])&gt;*]:pointer-events-auto scroll-mt-[calc(var(--header-height)+min(200px,max(70px,20svh)))]\" dir=\"auto\" tabindex=\"-1\" data-turn-id=\"c5d2454f-ce02-4408-86ff-6996b90bdc72\" data-testid=\"conversation-turn-106\" data-scroll-anchor=\"true\" data-turn=\"assistant\">\n<div class=\"text-base my-auto mx-auto pb-10 [--thread-content-margin:--spacing(4)] @w-sm\/main:[--thread-content-margin:--spacing(6)] @w-lg\/main:[--thread-content-margin:--spacing(16)] px-(--thread-content-margin)\">\n<div class=\"[--thread-content-max-width:40rem] @w-lg\/main:[--thread-content-max-width:48rem] mx-auto max-w-(--thread-content-max-width) flex-1 group\/turn-messages focus-visible:outline-hidden relative flex w-full min-w-0 flex-col agent-turn\" tabindex=\"-1\">\n<div class=\"flex max-w-full flex-col grow\">\n<div class=\"min-h-8 text-message relative flex w-full flex-col items-end gap-2 text-start break-words whitespace-normal [.text-message+&amp;]:mt-1\" dir=\"auto\" data-message-author-role=\"assistant\" data-message-id=\"169412c7-daa9-4146-9333-7f9b8a5dbfab\" data-message-model-slug=\"gpt-5-1\">\n<div class=\"flex w-full flex-col gap-1 empty:hidden first:pt-[1px]\">\n<div class=\"markdown prose dark:prose-invert w-full break-words light markdown-new-styling\">\n<p data-start=\"0\" data-end=\"131\"><strong data-start=\"0\" data-end=\"131\">Oryginalna trzecia koszulka pi\u0142karska Bayernu Monachium z sezonu 2019\/20 produkcji Adidasa, z nadrukiem Roberta Lewandowskiego.\u00a0<\/strong><\/p>\n<p data-start=\"133\" data-end=\"695\">Ta oryginalna trzecia <strong data-start=\"155\" data-end=\"177\">koszulka pi\u0142karska<\/strong> <strong data-start=\"178\" data-end=\"199\">Bayernu Monachium<\/strong>, wyprodukowana przez <strong data-start=\"221\" data-end=\"262\"><span class=\"hover:entity-accent entity-underline inline cursor-pointer align-baseline\"><span class=\"whitespace-normal\">Adidasa<\/span><\/span><\/strong> na sezon <strong data-start=\"272\" data-end=\"283\">2019\/20<\/strong>, w m\u0142odzie\u017cowym rozmiarze na <strong data-start=\"313\" data-end=\"331\">164 cm wzrostu<\/strong>, to model wyr\u00f3\u017cniaj\u0105cy si\u0119 eleganckim, nowoczesnym stylem oraz wyrazistym kontrastem kolorystycznym. Utrzymana w <strong data-start=\"445\" data-end=\"465\">ciemnogranatowej<\/strong> tonacji, nale\u017cy do najbardziej cenionych trzecich komplet\u00f3w klubu z ostatnich lat. Ten egzemplarz posiada oryginalny nadruk <strong data-start=\"590\" data-end=\"616\">Roberta Lewandowskiego<\/strong>, jednego z najskuteczniejszych napastnik\u00f3w w historii Bayernu i Ligi Mistrz\u00f3w.<\/p>\n<p data-start=\"697\" data-end=\"1312\">Front koszulki opiera si\u0119 na <strong data-start=\"726\" data-end=\"752\">ciemnogranatowej bazie<\/strong> wzbogaconej o <strong data-start=\"767\" data-end=\"811\">bardzo subtelny motyw niewielkich romb\u00f3w<\/strong>, r\u00f3wnomiernie rozmieszczonych na powierzchni materia\u0142u. Wz\u00f3r nadaje projektowi g\u0142\u0119bi i delikatnej struktury, zachowuj\u0105c jednocze\u015bnie minimalistyczny charakter. Ca\u0142o\u015b\u0107 prze\u0142amuj\u0105 <strong data-start=\"990\" data-end=\"1013\">pomara\u0144czowe detale<\/strong> \u2014 wyko\u0144czenia r\u0119kawk\u00f3w, ko\u0142nierzyka, trzy paski Adidasa na ramionach, a tak\u017ce <strong data-start=\"1092\" data-end=\"1118\">herb Bayernu Monachium<\/strong>, <strong data-start=\"1120\" data-end=\"1139\">logo producenta<\/strong> oraz <strong data-start=\"1145\" data-end=\"1164\">nadruk sponsora<\/strong>. \u017bywy, kontrastowy kolor sprawia, \u017ce elementy te s\u0105 doskonale widoczne na tle ciemnej bazy i nadaj\u0105 koszulce nowoczesnego, dynamicznego charakteru.<\/p>\n<p data-start=\"1314\" data-end=\"1636\">Na plecach znajduje si\u0119 oryginalny nadruk <strong data-start=\"1356\" data-end=\"1380\">Robert Lewandowski 9<\/strong>, podkre\u015blaj\u0105cy wyj\u0105tkowo\u015b\u0107 modelu. To szczeg\u00f3lnie ceniony detal dla m\u0142odych kibic\u00f3w i kolekcjoner\u00f3w, nawi\u0105zuj\u0105cy do sezonu, w kt\u00f3rym Lewandowski zachwyca\u0142 rekordowym tempem zdobywania bramek, mi\u0119dzy innymi w drodze po triumf Bayernu w Lidze Mistrz\u00f3w 2020.<\/p>\n<p data-start=\"1638\" data-end=\"1888\">Koszulka wykonana zosta\u0142a z <strong data-start=\"1666\" data-end=\"1692\">lekkiego, przewiewnego<\/strong> materia\u0142u, kt\u00f3ry zapewnia komfort podczas aktywno\u015bci sportowej i codziennego noszenia. Kr\u00f3j dopasowany do m\u0142odzie\u017cowego rozmiaru<strong> 164 cm<\/strong> gwarantuje swobod\u0119 ruch\u00f3w i wygodne u\u0142o\u017cenie na sylwetce.<\/p>\n<p data-start=\"1890\" data-end=\"2322\" data-is-last-node=\"\" data-is-only-node=\"\">To idealna propozycja dla kolekcjoner\u00f3w oraz m\u0142odych fan\u00f3w, kt\u00f3rzy chc\u0105 posiada\u0107 <strong data-start=\"1971\" data-end=\"2038\">oryginaln\u0105 trzeci\u0105 koszulk\u0119 pi\u0142karsk\u0105 Bayernu Monachium 2019\/20<\/strong> \u2014 model wyr\u00f3\u017cniaj\u0105cy si\u0119 eleganck\u0105 <strong data-start=\"2074\" data-end=\"2105\">ciemnogranatow\u0105 kolorystyk\u0105<\/strong>, wyrazistymi <strong data-start=\"2119\" data-end=\"2146\">pomara\u0144czowymi detalami<\/strong> i autentycznym nadrukiem jednego z najwi\u0119kszych pi\u0142karzy w historii klubu. \u015awietnie sprawdzi si\u0119 jako element kolekcji, jak i pami\u0105tka z wyj\u0105tkowego sezonu w dziejach Bayernu.<\/p>\n<\/div>\n<\/div>\n<\/div>\n<\/div>\n<\/div>\n<\/div>\n<\/article>\n","protected":false},"featured_media":112824,"template":"","meta":{"_kad_blocks_custom_css":"","_kad_blocks_head_custom_js":"","_kad_blocks_body_custom_js":"","_kad_blocks_footer_custom_js":"","_kad_post_transparent":"default","_kad_post_title":"","_kad_post_layout":"default","_kad_post_sidebar_id":"","_kad_post_content_style":"default","_kad_post_vertical_padding":"default","_kad_post_feature":"","_kad_post_feature_position":"","_kad_post_header":false,"_kad_post_footer":false,"_kad_post_classname":""},"product_brand":[1283],"product_cat":[15,1455,2017,1411],"product_tag":[],"class_list":{"0":"post-112545","1":"product","2":"type-product","3":"status-publish","4":"has-post-thumbnail","6":"product_brand-adidas","7":"product_cat-bez-kategorii","8":"product_cat-kluby-niemieckie-fcbayernmonachium","9":"product_cat-koszulki-mlodziezowe","10":"product_cat-polscy-pilkarze","11":"pa_homeawaythird-third","12":"pa_rozmiar-164-cm","14":"first","15":"instock","16":"taxable","17":"shipping-taxable","18":"purchasable","19":"product-type-simple","20":"entry","21":"content-bg","22":"loop-entry"},"taxonomy_info":{"product_brand":[{"value":1283,"label":"Adidas"}],"product_cat":[{"value":15,"label":"Bez kategorii"},{"value":1455,"label":"FC Bayern Monachium"},{"value":2017,"label":"KOSZULKI M\u0141ODZIE\u017bOWE"},{"value":1411,"label":"POLSCY PI\u0141KARZE"}],"pa_homeawaythird":[{"value":1599,"label":"Third"}],"pa_rozmiar":[{"value":2018,"label":"164 cm"}]},"featured_image_src_large":["https:\/\/footballthrift.shop\/wp-content\/uploads\/2025\/12\/Photoroom_029_20251203_161627-1024x1024.png",1024,1024,true],"author_info":[],"comment_info":"","_links":{"self":[{"href":"https:\/\/footballthrift.shop\/de\/wp-json\/wp\/v2\/product\/112545","targetHints":{"allow":["GET"]}}],"collection":[{"href":"https:\/\/footballthrift.shop\/de\/wp-json\/wp\/v2\/product"}],"about":[{"href":"https:\/\/footballthrift.shop\/de\/wp-json\/wp\/v2\/types\/product"}],"wp:featuredmedia":[{"embeddable":true,"href":"https:\/\/footballthrift.shop\/de\/wp-json\/wp\/v2\/media\/112824"}],"wp:attachment":[{"href":"https:\/\/footballthrift.shop\/de\/wp-json\/wp\/v2\/media?parent=112545"}],"wp:term":[{"taxonomy":"product_brand","embeddable":true,"href":"https:\/\/footballthrift.shop\/de\/wp-json\/wp\/v2\/product_brand?post=112545"},{"taxonomy":"product_cat","embeddable":true,"href":"https:\/\/footballthrift.shop\/de\/wp-json\/wp\/v2\/product_cat?post=112545"},{"taxonomy":"product_tag","embeddable":true,"href":"https:\/\/footballthrift.shop\/de\/wp-json\/wp\/v2\/product_tag?post=112545"}],"curies":[{"name":"wp","href":"https:\/\/api.w.org\/{rel}","templated":true}]}}