{"id":112533,"date":"2025-12-07T17:53:10","date_gmt":"2025-12-07T16:53:10","guid":{"rendered":"https:\/\/footballthrift.shop\/?post_type=product&#038;p=112533"},"modified":"2026-03-09T11:25:35","modified_gmt":"2026-03-09T10:25:35","slug":"koszulka-pilkarska-anglia-2008-10-away-6-terry-176-cm","status":"publish","type":"product","link":"https:\/\/footballthrift.shop\/de\/koszulka-pilkarska-anglia-2008-10-away-6-terry-176-cm\/","title":{"rendered":"Koszulka pi\u0142karska Anglia 2008\/10 Away 6 Terry [176 cm]"},"content":{"rendered":"<p><strong>Verein:<\/strong> England<\/p>\n<p><strong>Saison:<\/strong> 2008\/10 Ausw\u00e4rts<\/p>\n<p><strong>Gr\u00f6\u00dfe: <\/strong>176 cm<\/p>\n<p><strong>Zustand:<\/strong> Gut \u2013 ein kleiner Riss vorne und ein stark besch\u00e4digter Aufdruck auf der R\u00fcckseite.<\/p>\n<p><strong>Ma\u00dfe (Achselbreite\/L\u00e4nge) in cm: <\/strong>50\/64<\/p>","protected":false},"excerpt":{"rendered":"<article class=\"text-token-text-primary w-full focus:outline-none [--shadow-height:45px] has-data-writing-block:pointer-events-none has-data-writing-block:-mt-(--shadow-height) has-data-writing-block:pt-(--shadow-height) [&amp;:has([data-writing-block])&gt;*]:pointer-events-auto scroll-mt-[calc(var(--header-height)+min(200px,max(70px,20svh)))]\" dir=\"auto\" tabindex=\"-1\" data-turn-id=\"request-69299810-5b78-832c-9ea2-8584736fdca4-2\" data-testid=\"conversation-turn-66\" data-scroll-anchor=\"true\" data-turn=\"assistant\">\n<div class=\"text-base my-auto mx-auto pb-10 [--thread-content-margin:--spacing(4)] @w-sm\/main:[--thread-content-margin:--spacing(6)] @w-lg\/main:[--thread-content-margin:--spacing(16)] px-(--thread-content-margin)\">\n<div class=\"[--thread-content-max-width:40rem] @w-lg\/main:[--thread-content-max-width:48rem] mx-auto max-w-(--thread-content-max-width) flex-1 group\/turn-messages focus-visible:outline-hidden relative flex w-full min-w-0 flex-col agent-turn\" tabindex=\"-1\">\n<div class=\"flex max-w-full flex-col grow\">\n<div class=\"min-h-8 text-message relative flex w-full flex-col items-end gap-2 text-start break-words whitespace-normal [.text-message+&amp;]:mt-1\" dir=\"auto\" data-message-author-role=\"assistant\" data-message-id=\"e8334e84-a424-459c-8c90-f1be1c496151\" data-message-model-slug=\"gpt-5-1\">\n<div class=\"flex w-full flex-col gap-1 empty:hidden first:pt-[1px]\">\n<div class=\"markdown prose dark:prose-invert w-full break-words light markdown-new-styling\">\n<p data-start=\"0\" data-end=\"97\"><strong data-start=\"0\" data-end=\"97\">Oryginalna wyjazdowa koszulka pi\u0142karska reprezentacji Anglii z lat 2008\/10 \u2013 produkcji Umbro.\u00a0<\/strong><\/p>\n<p data-start=\"99\" data-end=\"494\">Ta oryginalna wyjazdowa <strong data-start=\"123\" data-end=\"145\">koszulka pi\u0142karska<\/strong> wyprodukowana przez <strong data-start=\"166\" data-end=\"175\">Umbro<\/strong> dla <strong data-start=\"180\" data-end=\"204\">reprezentacji Anglii<\/strong> na lata <strong data-start=\"213\" data-end=\"226\">2008\u20132010<\/strong>, w m\u0142odzie\u017cowym rozmiarze na <strong data-start=\"256\" data-end=\"274\">176 cm wzrostu<\/strong>, prezentuje klasyczn\u0105 i oszcz\u0119dn\u0105 estetyk\u0119, charakterystyczn\u0105 dla angielskich komplet\u00f3w z tamtego okresu. Model utrzymany jest w pe\u0142nej czerwieni, co stanowi tradycyjny wyb\u00f3r barwy dla wyjazdowych stroj\u00f3w reprezentacji.<\/p>\n<p data-start=\"496\" data-end=\"977\">Koszulka opiera si\u0119 na <strong data-start=\"519\" data-end=\"549\">jednolitej czerwonej bazie<\/strong>, kt\u00f3r\u0105 urozmaica subtelny, ale wyrazisty akcent w postaci <strong data-start=\"608\" data-end=\"647\">dw\u00f3ch granatowych, poziomych pask\u00f3w<\/strong> na wysoko\u015bci klatki piersiowej \u2014 po lewej i prawej stronie. Ten detal nadaje projektowi g\u0142\u0119bi i prze\u0142amuje minimalistyczny charakter koszulki, zachowuj\u0105c jednocze\u015bnie elegancj\u0119 typow\u0105 dla projekt\u00f3w Umbro. Na froncie umieszczono <strong data-start=\"876\" data-end=\"905\">herb reprezentacji Anglii<\/strong> oraz <strong data-start=\"911\" data-end=\"925\">logo Umbro<\/strong>, rozmieszczone w przejrzystym, klasycznym uk\u0142adzie.<\/p>\n<p data-start=\"979\" data-end=\"1279\">Na plecach znajduje si\u0119 oryginalny nadruk <strong data-start=\"1021\" data-end=\"1040\">Johna Terry\u2019ego<\/strong>, wieloletniego lidera defensywy Anglii oraz jednej z najwa\u017cniejszych postaci angielskiej pi\u0142ki tamtego okresu. Obecno\u015b\u0107 jego nazwiska nadaje koszulce dodatkow\u0105 warto\u015b\u0107 kolekcjonersk\u0105 i jednoznacznie wi\u0105\u017ce j\u0105 z konkretn\u0105 er\u0105 reprezentacji.<\/p>\n<p data-start=\"1281\" data-end=\"1590\">Materia\u0142 zastosowany przez Umbro jest <strong data-start=\"1319\" data-end=\"1328\">lekki<\/strong>, <strong data-start=\"1330\" data-end=\"1344\">przewiewny<\/strong> i wygodny w noszeniu, oferuj\u0105c dobre dopasowanie do m\u0142odzie\u017cowego rozmiaru 176 cm. Konstrukcja koszulki sprzyja swobodzie ruchu i codziennemu u\u017cytkowaniu, co jest charakterystyczne dla modeli reprezentacyjnych z ko\u0144ca pierwszej dekady XXI wieku.<\/p>\n<p data-start=\"1592\" data-end=\"2060\" data-is-last-node=\"\" data-is-only-node=\"\">Ta <strong data-start=\"1595\" data-end=\"1649\">oryginalna wyjazdowa koszulka Anglii z lat 2008\/10<\/strong>, z <strong data-start=\"1653\" data-end=\"1682\">nadrukiem Johna Terry\u2019ego<\/strong>, to \u015bwietna propozycja dla <strong data-start=\"1710\" data-end=\"1754\">kolekcjoner\u00f3w klasycznych zestaw\u00f3w Umbro<\/strong>, fan\u00f3w <strong data-start=\"1762\" data-end=\"1783\">angielskiej pi\u0142ki<\/strong> oraz os\u00f3b ceni\u0105cych <strong data-start=\"1804\" data-end=\"1869\">minimalistyczne, stonowane wzornictwo z eleganckimi akcentami<\/strong>. Jej <strong data-start=\"1875\" data-end=\"1897\">klasyczna czerwie\u0144<\/strong>, charakterystyczne <strong data-start=\"1917\" data-end=\"1936\">granatowe paski<\/strong> oraz obecno\u015b\u0107 nazwiska jednej z ikon reprezentacji czyni\u0105 j\u0105 <strong data-start=\"1998\" data-end=\"2059\">warto\u015bciowym i interesuj\u0105cym egzemplarzem kolekcjonerskim<\/strong>.<\/p>\n<\/div>\n<\/div>\n<\/div>\n<\/div>\n<\/div>\n<\/div>\n<\/article>\n","protected":false},"featured_media":112686,"template":"","meta":{"_kad_blocks_custom_css":"","_kad_blocks_head_custom_js":"","_kad_blocks_body_custom_js":"","_kad_blocks_footer_custom_js":"","_kad_post_transparent":"default","_kad_post_title":"","_kad_post_layout":"default","_kad_post_sidebar_id":"","_kad_post_content_style":"default","_kad_post_vertical_padding":"default","_kad_post_feature":"","_kad_post_feature_position":"","_kad_post_header":false,"_kad_post_footer":false,"_kad_post_classname":""},"product_brand":[1285],"product_cat":[1447,15,2017],"product_tag":[],"class_list":{"0":"post-112533","1":"product","2":"type-product","3":"status-publish","4":"has-post-thumbnail","6":"product_brand-umbro","7":"product_cat-reprezentacja-anglia","8":"product_cat-bez-kategorii","9":"product_cat-koszulki-mlodziezowe","10":"pa_homeawaythird-away","11":"pa_rozmiar-176-cm","13":"first","14":"instock","15":"taxable","16":"shipping-taxable","17":"purchasable","18":"product-type-simple","19":"entry","20":"content-bg","21":"loop-entry"},"taxonomy_info":{"product_brand":[{"value":1285,"label":"Umbro"}],"product_cat":[{"value":1447,"label":"Anglia"},{"value":15,"label":"Bez kategorii"},{"value":2017,"label":"KOSZULKI M\u0141ODZIE\u017bOWE"}],"pa_homeawaythird":[{"value":1598,"label":"Away"}],"pa_rozmiar":[{"value":2020,"label":"176 cm"}]},"featured_image_src_large":["https:\/\/footballthrift.shop\/wp-content\/uploads\/2025\/12\/Photoroom_027_20251203_161627-1024x1024.png",1024,1024,true],"author_info":[],"comment_info":"","_links":{"self":[{"href":"https:\/\/footballthrift.shop\/de\/wp-json\/wp\/v2\/product\/112533","targetHints":{"allow":["GET"]}}],"collection":[{"href":"https:\/\/footballthrift.shop\/de\/wp-json\/wp\/v2\/product"}],"about":[{"href":"https:\/\/footballthrift.shop\/de\/wp-json\/wp\/v2\/types\/product"}],"wp:featuredmedia":[{"embeddable":true,"href":"https:\/\/footballthrift.shop\/de\/wp-json\/wp\/v2\/media\/112686"}],"wp:attachment":[{"href":"https:\/\/footballthrift.shop\/de\/wp-json\/wp\/v2\/media?parent=112533"}],"wp:term":[{"taxonomy":"product_brand","embeddable":true,"href":"https:\/\/footballthrift.shop\/de\/wp-json\/wp\/v2\/product_brand?post=112533"},{"taxonomy":"product_cat","embeddable":true,"href":"https:\/\/footballthrift.shop\/de\/wp-json\/wp\/v2\/product_cat?post=112533"},{"taxonomy":"product_tag","embeddable":true,"href":"https:\/\/footballthrift.shop\/de\/wp-json\/wp\/v2\/product_tag?post=112533"}],"curies":[{"name":"wp","href":"https:\/\/api.w.org\/{rel}","templated":true}]}}