{"id":110376,"date":"2025-11-30T17:53:11","date_gmt":"2025-11-30T16:53:11","guid":{"rendered":"https:\/\/footballthrift.shop\/?post_type=product&#038;p=110376"},"modified":"2026-03-09T11:25:39","modified_gmt":"2026-03-09T10:25:39","slug":"borussia-monchengladbach-football-shirt-2022-23-dritte-23-hofmann-m","status":"publish","type":"product","link":"https:\/\/footballthrift.shop\/de\/koszulka-pilkarska-borussia-monchengladbach-2022-23-third-23-hofmann-m\/","title":{"rendered":"Koszulka pi\u0142karska Borussia Monchengladbach 2022\/23 Third 23 Hofmann [M]"},"content":{"rendered":"<p><strong>Verein:<\/strong> Borussia M\u00f6nchengladbach<\/p>\n<p><strong>Saison:<\/strong> 2022\/23 Dritter<\/p>\n<p><strong>Gr\u00f6\u00dfe: <\/strong>M<\/p>\n<p><strong>Zustand:<\/strong> Ausgezeichnet<\/p>\n<p><strong>Ma\u00dfe (Achselbreite\/L\u00e4nge) in cm: <\/strong>50\/69<\/p>","protected":false},"excerpt":{"rendered":"<p data-start=\"0\" data-end=\"103\"><strong data-start=\"0\" data-end=\"101\">Original-Fu\u00dfballtrikot von Borussia M\u00f6nchengladbach aus der Saison 2022\/23 \u2013 hergestellt von Puma.\u00a0<\/strong><\/p>\n<p data-start=\"105\" data-end=\"452\">Modell hergestellt von <strong data-start=\"131\" data-end=\"139\">Puma<\/strong> f\u00fcr <strong data-start=\"144\" data-end=\"172\">Borussia M\u00f6nchengladbach<\/strong> f\u00fcr die Saison <strong data-start=\"182\" data-end=\"193\">2022\/23<\/strong>, das sich durch ein modernes, minimalistisches Design mit charakteristischen kontrastreichen Farbakzenten auszeichnet. Das hier vorgestellte Exemplar in <strong data-start=\"332\" data-end=\"347\">Gr\u00f6\u00dfe M<\/strong> beh\u00e4lt seinen eleganten, zur\u00fcckhaltenden Stil und die f\u00fcr moderne Puma-Designs typische sportliche Funktionalit\u00e4t bei.<\/p>\n<p data-start=\"454\" data-end=\"914\">Das T-Shirt wurde auf der Grundlage <strong data-start=\"481\" data-end=\"498\">schwarzer Sockel<\/strong> z <strong data-start=\"501\" data-end=\"544\">subtiles, grafisches Muster auf der Vorderseite<\/strong>, der ihr Tiefe und ein modernes Aussehen verleiht, ohne die minimalistische Komposition zu st\u00f6ren. Das Ganze wird durchbrochen durch <strong data-start=\"655\" data-end=\"695\">kontrastierende, gr\u00fcne Puma-Logos<\/strong> \u2013 eines auf der Brust, das andere auf dem \u00c4rmel und ein Aufdruck auf dem R\u00fccken \u2013 die einen effektvollen Farbakzent setzen und mit der Identit\u00e4t des Vereins im Einklang stehen. Auf dem \u00c4rmel befindet sich au\u00dferdem <strong data-start=\"851\" data-end=\"871\">Bundesliga-Patch<\/strong>, was den ligaren Charakter des Modells best\u00e4tigt.<\/p>\n<p data-start=\"916\" data-end=\"1249\">Auf der R\u00fcckseite befindet sich <strong data-start=\"940\" data-end=\"967\">Aufdruck von Jonas Hoffmann<\/strong>, langj\u00e4hriger Spieler von Borussia M\u00f6nchengladbach, der als einer der vielseitigsten Spieler des Vereins bekannt wurde \u2013 er konnte sowohl als Fl\u00fcgelspieler, offensiver Mittelfeldspieler als auch als Au\u00dfenverteidiger spielen und war in der Saison 2022\/23 einer der Spitzenreiter des Teams in der Tor- und Vorlagenwertung.<\/p>\n<p data-start=\"1251\" data-end=\"1504\">Das Material des T-Shirts ist <strong data-start=\"1274\" data-end=\"1316\">leicht, technisch und angenehm anzufassen<\/strong>, das Komfort und ausreichende Bel\u00fcftung gew\u00e4hrleistet. Der moderne Schnitt und die subtilen Details unterstreichen den eleganten, zeitgem\u00e4\u00dfen Charakter des Modells, der typisch f\u00fcr die Designs der dritten Vereinsausr\u00fcstung ist.<\/p>\n<p data-start=\"1506\" data-end=\"1789\" data-is-last-node=\"\" data-is-only-node=\"\">Diese <strong data-start=\"1509\" data-end=\"1611\">Original-Dritt-Trikot von Borussia M\u00f6nchengladbach aus der Saison 2022\/23 mit Aufdruck von Jonas Hoffmann<\/strong> ist eine ausgezeichnete Wahl f\u00fcr <strong data-start=\"1635\" data-end=\"1662\">Deutsche Fu\u00dfballfans<\/strong>, Liebhaber <strong data-start=\"1675\" data-end=\"1706\">moderne Designs von Puma<\/strong> und Sammler <strong data-start=\"1726\" data-end=\"1788\">Club-Outfits mit minimalistischem, aber ausdrucksstarkem Stil<\/strong>.<\/p>","protected":false},"featured_media":110399,"template":"","meta":{"_kad_blocks_custom_css":"","_kad_blocks_head_custom_js":"","_kad_blocks_body_custom_js":"","_kad_blocks_footer_custom_js":"","_kad_post_transparent":"default","_kad_post_title":"","_kad_post_layout":"default","_kad_post_sidebar_id":"","_kad_post_content_style":"default","_kad_post_vertical_padding":"default","_kad_post_feature":"","_kad_post_feature_position":"","_kad_post_header":false,"_kad_post_footer":false,"_kad_post_classname":""},"product_brand":[1287],"product_cat":[15,1449],"product_tag":[],"class_list":{"0":"post-110376","1":"product","2":"type-product","3":"status-publish","4":"has-post-thumbnail","6":"product_brand-puma","7":"product_cat-bez-kategorii","8":"product_cat-kluby-niemieckie-borussiamonchengladbach","9":"pa_homeawaythird-third","10":"pa_rozmiar-m","12":"first","13":"instock","14":"taxable","15":"shipping-taxable","16":"purchasable","17":"product-type-simple","18":"entry","19":"content-bg","20":"loop-entry"},"taxonomy_info":{"product_brand":[{"value":1287,"label":"Puma"}],"product_cat":[{"value":15,"label":"Bez kategorii"},{"value":1449,"label":"Borussia M\u00f6nchengladbach"}],"pa_homeawaythird":[{"value":1599,"label":"Third"}],"pa_rozmiar":[{"value":1816,"label":"M"}]},"featured_image_src_large":["https:\/\/footballthrift.shop\/wp-content\/uploads\/2025\/11\/Photoroom_021_20251126_165319-1024x1024.png",1024,1024,true],"author_info":[],"comment_info":"","_links":{"self":[{"href":"https:\/\/footballthrift.shop\/de\/wp-json\/wp\/v2\/product\/110376","targetHints":{"allow":["GET"]}}],"collection":[{"href":"https:\/\/footballthrift.shop\/de\/wp-json\/wp\/v2\/product"}],"about":[{"href":"https:\/\/footballthrift.shop\/de\/wp-json\/wp\/v2\/types\/product"}],"wp:featuredmedia":[{"embeddable":true,"href":"https:\/\/footballthrift.shop\/de\/wp-json\/wp\/v2\/media\/110399"}],"wp:attachment":[{"href":"https:\/\/footballthrift.shop\/de\/wp-json\/wp\/v2\/media?parent=110376"}],"wp:term":[{"taxonomy":"product_brand","embeddable":true,"href":"https:\/\/footballthrift.shop\/de\/wp-json\/wp\/v2\/product_brand?post=110376"},{"taxonomy":"product_cat","embeddable":true,"href":"https:\/\/footballthrift.shop\/de\/wp-json\/wp\/v2\/product_cat?post=110376"},{"taxonomy":"product_tag","embeddable":true,"href":"https:\/\/footballthrift.shop\/de\/wp-json\/wp\/v2\/product_tag?post=110376"}],"curies":[{"name":"wp","href":"https:\/\/api.w.org\/{rel}","templated":true}]}}