{"id":110375,"date":"2025-11-30T17:53:12","date_gmt":"2025-11-30T16:53:12","guid":{"rendered":"https:\/\/footballthrift.shop\/?post_type=product&#038;p=110375"},"modified":"2026-03-09T11:25:38","modified_gmt":"2026-03-09T10:25:38","slug":"borussia-monchengladbach-fusball-trikot-2007-08-auswarts-10-rosler-l","status":"publish","type":"product","link":"https:\/\/footballthrift.shop\/de\/koszulka-pilkarska-borussia-monchengladbach-2007-08-away-10-rosler-l\/","title":{"rendered":"Koszulka pi\u0142karska Borussia Monchengladbach 2007\/08 Away 10 Rosler [L]"},"content":{"rendered":"<p><strong>Verein:<\/strong> Borussia M\u00f6nchengladbach<\/p>\n<p><strong>Saison:<\/strong> 2007\/08 Ausw\u00e4rts<\/p>\n<p><strong>Gr\u00f6\u00dfe: <\/strong>L<\/p>\n<p><strong>Zustand:<\/strong> Sehr gut - ein paar Mikrostiche.<\/p>\n<p><strong>Ma\u00dfe (Achselbreite\/L\u00e4nge) in cm: <\/strong>58\/73<\/p>","protected":false},"excerpt":{"rendered":"<p data-start=\"0\" data-end=\"109\"><strong data-start=\"0\" data-end=\"107\">Original Ausw\u00e4rtstrikot von Borussia M\u00f6nchengladbach aus der Saison 2007\/08, hergestellt von Lotto.\u00a0<\/strong><\/p>\n<p data-start=\"111\" data-end=\"500\">Das Modell, das von <strong data-start=\"136\" data-end=\"145\">Lotto<\/strong> f\u00fcr <strong data-start=\"150\" data-end=\"178\">Borussia M\u00f6nchengladbach<\/strong> f\u00fcr die Saison <strong>2007\/08<\/strong>, gehalten in einem eleganten, klassischen Stil, der f\u00fcr die Entw\u00fcrfe des italienischen Herstellers aus jener Zeit charakteristisch ist. Das hier vorgestellte Exemplar in <strong data-start=\"347\" data-end=\"362\">Gr\u00f6\u00dfe L<\/strong> hat <strong data-start=\"371\" data-end=\"407\">Aufdruck von Sascha R\u00f6sler auf der R\u00fcckseite<\/strong>, was ihn f\u00fcr Sammler, die sich f\u00fcr den deutschen Fu\u00dfball interessieren, besonders interessant macht.<\/p>\n<p data-start=\"502\" data-end=\"917\">Das T-Shirt basiert auf <strong data-start=\"526\" data-end=\"550\">dunkelgr\u00fcner Sockel<\/strong>, die eine traditionelle Farbvariante f\u00fcr die Ausw\u00e4rtstrikots des Vereins aus M\u00f6nchengladbach darstellt. Der Charakter des Entwurfs wird durch <strong data-start=\"675\" data-end=\"705\">wei\u00dfer Polokragen<\/strong>, der dem Ganzen ein elegantes, klassisches Aussehen verleiht. Einen kontrastierenden Akzent setzen <strong data-start=\"784\" data-end=\"836\">rote Lotto-Logos auf den \u00c4rmeln<\/strong>, die f\u00fcr Ausdruckskraft und Dynamik sorgen, ohne die Hauptfarbgebung zu dominieren.<\/p>\n<p data-start=\"919\" data-end=\"1306\">Auf der Vorderseite befindet sich <strong data-start=\"943\" data-end=\"970\">Kyocera Sponsorenaufdruck<\/strong>, zentral exponiert, dar\u00fcber befindet sich <strong data-start=\"1020\" data-end=\"1050\">Clubwappen und Lotto-Logo<\/strong>, wobei die klare und symmetrische Komposition beibehalten wurde, die typisch f\u00fcr Entw\u00fcrfe aus der zweiten H\u00e4lfte des ersten Jahrzehnts des 21. Jahrhunderts ist. Auf der R\u00fcckseite befindet sich ein origineller Aufdruck.<strong data-start=\"1187\" data-end=\"1220\">\u00a0Saschy R\u00f6sler<\/strong>, deutscher Mittelfeldspieler, der nur eine Saison f\u00fcr die \u201eFohlen\u201d spielte und in 34 Eins\u00e4tzen 9 Tore erzielte.<\/p>\n<p data-start=\"1308\" data-end=\"1566\">Das Material des T-Shirts ist <strong data-start=\"1331\" data-end=\"1367\">leicht, glatt und leicht elastisch<\/strong>, was f\u00fcr Tragekomfort und eine nat\u00fcrliche Passform sorgt. Das Design verbindet klassische Formen mit markanten Details und schafft so einen einheitlichen und eleganten Look, der typisch f\u00fcr den Lotto-Stil dieser Zeit ist. Das Trikot wurde zwei Jahre lang verwendet, jedoch kann man aufgrund der Tatsache, dass dieser Spieler nur zw\u00f6lf Monate lang im Verein war, davon ausgehen, dass es sich um ein Trikot aus genau dieser Saison handelt.<\/p>\n<p data-start=\"1568\" data-end=\"1876\" data-is-last-node=\"\" data-is-only-node=\"\">Diese <strong data-start=\"1571\" data-end=\"1676\">Original-Ausw\u00e4rtstrikot von Borussia M\u00f6nchengladbach aus der Saison 2007\/08 mit Aufdruck von Sascha R\u00f6sler<\/strong> ist eine gute Option f\u00fcr <strong data-start=\"1703\" data-end=\"1741\">Sammler des deutschen Fu\u00dfballs<\/strong>Fans <strong data-start=\"1749\" data-end=\"1780\">klassische Lotto-Designs<\/strong> und diejenigen, die Wert auf <strong data-start=\"1801\" data-end=\"1875\">elegantes, traditionelles Design, bereichert durch originelle Personalisierung<\/strong>.<\/p>","protected":false},"featured_media":110389,"template":"","meta":{"_kad_blocks_custom_css":"","_kad_blocks_head_custom_js":"","_kad_blocks_body_custom_js":"","_kad_blocks_footer_custom_js":"","_kad_post_transparent":"default","_kad_post_title":"","_kad_post_layout":"default","_kad_post_sidebar_id":"","_kad_post_content_style":"default","_kad_post_vertical_padding":"default","_kad_post_feature":"","_kad_post_feature_position":"","_kad_post_header":false,"_kad_post_footer":false,"_kad_post_classname":""},"product_brand":[1297],"product_cat":[15,1449],"product_tag":[],"class_list":{"0":"post-110375","1":"product","2":"type-product","3":"status-publish","4":"has-post-thumbnail","6":"product_brand-lotto","7":"product_cat-bez-kategorii","8":"product_cat-kluby-niemieckie-borussiamonchengladbach","9":"pa_homeawaythird-away","10":"pa_rozmiar-l","12":"first","13":"instock","14":"taxable","15":"shipping-taxable","16":"purchasable","17":"product-type-simple","18":"entry","19":"content-bg","20":"loop-entry"},"taxonomy_info":{"product_brand":[{"value":1297,"label":"Lotto"}],"product_cat":[{"value":15,"label":"Bez kategorii"},{"value":1449,"label":"Borussia M\u00f6nchengladbach"}],"pa_homeawaythird":[{"value":1598,"label":"Away"}],"pa_rozmiar":[{"value":1817,"label":"L"}]},"featured_image_src_large":["https:\/\/footballthrift.shop\/wp-content\/uploads\/2025\/11\/Photoroom_015_20251126_165319-1024x1024.png",1024,1024,true],"author_info":[],"comment_info":"","_links":{"self":[{"href":"https:\/\/footballthrift.shop\/de\/wp-json\/wp\/v2\/product\/110375","targetHints":{"allow":["GET"]}}],"collection":[{"href":"https:\/\/footballthrift.shop\/de\/wp-json\/wp\/v2\/product"}],"about":[{"href":"https:\/\/footballthrift.shop\/de\/wp-json\/wp\/v2\/types\/product"}],"wp:featuredmedia":[{"embeddable":true,"href":"https:\/\/footballthrift.shop\/de\/wp-json\/wp\/v2\/media\/110389"}],"wp:attachment":[{"href":"https:\/\/footballthrift.shop\/de\/wp-json\/wp\/v2\/media?parent=110375"}],"wp:term":[{"taxonomy":"product_brand","embeddable":true,"href":"https:\/\/footballthrift.shop\/de\/wp-json\/wp\/v2\/product_brand?post=110375"},{"taxonomy":"product_cat","embeddable":true,"href":"https:\/\/footballthrift.shop\/de\/wp-json\/wp\/v2\/product_cat?post=110375"},{"taxonomy":"product_tag","embeddable":true,"href":"https:\/\/footballthrift.shop\/de\/wp-json\/wp\/v2\/product_tag?post=110375"}],"curies":[{"name":"wp","href":"https:\/\/api.w.org\/{rel}","templated":true}]}}