{"id":110373,"date":"2025-11-30T17:52:57","date_gmt":"2025-11-30T16:52:57","guid":{"rendered":"https:\/\/footballthrift.shop\/?post_type=product&#038;p=110373"},"modified":"2026-03-09T11:25:42","modified_gmt":"2026-03-09T10:25:42","slug":"afc-ajax-fusballtrikot-2022-23-dritte-xl","status":"publish","type":"product","link":"https:\/\/footballthrift.shop\/de\/koszulka-pilkarska-afc-ajax-2022-23-third-xl\/","title":{"rendered":"Koszulka pi\u0142karska AFC Ajax 2022\/23 Third [XL]"},"content":{"rendered":"<p><strong>Verein:<\/strong> AFC Ajax<\/p>\n<p><strong>Saison:<\/strong> 2022\/23 Dritter<\/p>\n<p><strong>Gr\u00f6\u00dfe: <\/strong>XL<\/p>\n<p><strong>Zustand:<\/strong> Sehr gut \u2013 leicht besch\u00e4digter Sponsorenaufdruck auf der Vorderseite und Aufkleber im Nacken.<\/p>\n<p><strong>Ma\u00dfe (Achselbreite\/L\u00e4nge) in cm: <\/strong>59\/78<\/p>","protected":false},"excerpt":{"rendered":"<p data-start=\"0\" data-end=\"90\"><strong data-start=\"0\" data-end=\"88\">Original AFC Ajax Fu\u00dfballtrikot aus der Saison 2022\/23 \u2013 hergestellt von Adidas.\u00a0<\/strong><\/p>\n<p data-start=\"92\" data-end=\"418\">Modell hergestellt von <strong data-start=\"118\" data-end=\"129\">Adidas<\/strong> f\u00fcr <strong data-start=\"134\" data-end=\"146\">AFC Ajax<\/strong> f\u00fcr die Saison <strong data-start=\"156\" data-end=\"167\">2022\/23<\/strong>, entwickelt in Zusammenarbeit mit der Marke <strong data-start=\"201\" data-end=\"216\">Tageszeitung<\/strong>, ist eine Kombination aus Clubtradition und modernem Design. Das hier vorgestellte Exemplar in <strong data-start=\"322\" data-end=\"338\">Gr\u00f6\u00dfe XL<\/strong> zeichnet sich durch eine ausdrucksstarke Farbgebung und einen starken grafischen Akzent aus.<\/p>\n<p data-start=\"420\" data-end=\"793\">Das T-Shirt wurde auf der Grundlage <strong data-start=\"447\" data-end=\"463\">goldener Basis<\/strong>, was ihr einen einzigartigen, eleganten Charakter verleiht \u2013 symbolisch f\u00fcr das Ansehen und den Erfolg des Amsterdamer Clubs. Das zentrale Element des Entwurfs ist <strong data-start=\"598\" data-end=\"620\">dicker, vertikaler Streifen<\/strong> vom Kragen bis zum Saum verlaufend \u2013 <strong data-start=\"656\" data-end=\"676\">schwarz in der Mitte<\/strong>, z <strong data-start=\"680\" data-end=\"718\">roten Paneelen an den Seiten<\/strong>, was eine moderne Neuinterpretation der historischen Farbgebung von Ajax darstellt.<\/p>\n<p data-start=\"795\" data-end=\"1074\">Auf diesem Streifen wurden <strong data-start=\"820\" data-end=\"845\">Ziggo Sponsor Impressum<\/strong>, die einen perfekten Kontrast zum Hintergrund bilden und die Komposition zusammenhalten. Im oberen Teil befinden sich <strong data-start=\"942\" data-end=\"975\">das Wappen von Ajax und das Logo von Adidas<\/strong>, die in einem klassischen Layout angeordnet sind, sich aber harmonisch in die gewagte \u00c4sthetik des Entwurfs einf\u00fcgen.<\/p>\n<p data-start=\"1076\" data-end=\"1399\">Das T-Shirt wurde hergestellt <strong data-start=\"1094\" data-end=\"1131\">in Zusammenarbeit mit der Marke Daily Paper<\/strong>, was sich in subtilen Details widerspiegelt, die auf die Kultur und Geschichte Amsterdams verweisen \u2013 sowohl im Schnitt als auch in der Symbolik des Designs. Das Modell verbindet urbanen Stil mit klassischer Club-\u00c4sthetik und schafft so eine Sammlerversion, die auch au\u00dferhalb der Fu\u00dfballwelt gesch\u00e4tzt wird.<\/p>\n<p data-start=\"1401\" data-end=\"1591\">Das Material ist <strong data-start=\"1415\" data-end=\"1450\">technisch, leicht und atmungsaktiv<\/strong>, entwickelt f\u00fcr komfortablen Gebrauch im Lifestyle- und Sportbereich, entsprechend dem Charakter der Sonderkollektionen von Adidas.<\/p>\n<p data-start=\"1593\" data-end=\"1912\" data-is-last-node=\"\" data-is-only-node=\"\">Diese <strong data-start=\"1596\" data-end=\"1653\">Original-Dritt-Trikot des AFC Ajax aus der Saison 2022\/23<\/strong>, entwickelt in Zusammenarbeit mit <strong data-start=\"1686\" data-end=\"1701\">Tageszeitung<\/strong>, ist das ideale Angebot f\u00fcr <strong data-start=\"1729\" data-end=\"1766\">Sammler limitierter Auflagen<\/strong>, Liebhaber <strong data-start=\"1779\" data-end=\"1813\">Adidas' moderne Designs<\/strong> und Fans <strong data-start=\"1825\" data-end=\"1911\">Ajax-Fans, die die Verbindung von Clubidentit\u00e4t und Designer-Streetstyle sch\u00e4tzen<\/strong>.<\/p>","protected":false},"featured_media":112270,"template":"","meta":{"_kad_blocks_custom_css":"","_kad_blocks_head_custom_js":"","_kad_blocks_body_custom_js":"","_kad_blocks_footer_custom_js":"","_kad_post_transparent":"default","_kad_post_title":"","_kad_post_layout":"default","_kad_post_sidebar_id":"","_kad_post_content_style":"default","_kad_post_vertical_padding":"default","_kad_post_feature":"","_kad_post_feature_position":"","_kad_post_header":false,"_kad_post_footer":false,"_kad_post_classname":""},"product_brand":[1283],"product_cat":[1466,15],"product_tag":[],"class_list":{"0":"post-110373","1":"product","2":"type-product","3":"status-publish","4":"has-post-thumbnail","6":"product_brand-adidas","7":"product_cat-belgia-holandia","8":"product_cat-bez-kategorii","9":"pa_homeawaythird-third","10":"pa_rozmiar-xl","12":"first","13":"instock","14":"taxable","15":"shipping-taxable","16":"purchasable","17":"product-type-simple","18":"entry","19":"content-bg","20":"loop-entry"},"taxonomy_info":{"product_brand":[{"value":1283,"label":"Adidas"}],"product_cat":[{"value":1466,"label":"Belgia i Holandia"},{"value":15,"label":"Bez kategorii"}],"pa_homeawaythird":[{"value":1599,"label":"Third"}],"pa_rozmiar":[{"value":1818,"label":"XL"}]},"featured_image_src_large":["https:\/\/footballthrift.shop\/wp-content\/uploads\/2025\/11\/Photoroom_034_20251126_165319-1024x1024.png",1024,1024,true],"author_info":[],"comment_info":"","_links":{"self":[{"href":"https:\/\/footballthrift.shop\/de\/wp-json\/wp\/v2\/product\/110373","targetHints":{"allow":["GET"]}}],"collection":[{"href":"https:\/\/footballthrift.shop\/de\/wp-json\/wp\/v2\/product"}],"about":[{"href":"https:\/\/footballthrift.shop\/de\/wp-json\/wp\/v2\/types\/product"}],"wp:featuredmedia":[{"embeddable":true,"href":"https:\/\/footballthrift.shop\/de\/wp-json\/wp\/v2\/media\/112270"}],"wp:attachment":[{"href":"https:\/\/footballthrift.shop\/de\/wp-json\/wp\/v2\/media?parent=110373"}],"wp:term":[{"taxonomy":"product_brand","embeddable":true,"href":"https:\/\/footballthrift.shop\/de\/wp-json\/wp\/v2\/product_brand?post=110373"},{"taxonomy":"product_cat","embeddable":true,"href":"https:\/\/footballthrift.shop\/de\/wp-json\/wp\/v2\/product_cat?post=110373"},{"taxonomy":"product_tag","embeddable":true,"href":"https:\/\/footballthrift.shop\/de\/wp-json\/wp\/v2\/product_tag?post=110373"}],"curies":[{"name":"wp","href":"https:\/\/api.w.org\/{rel}","templated":true}]}}