{"id":110361,"date":"2025-11-30T17:53:04","date_gmt":"2025-11-30T16:53:04","guid":{"rendered":"https:\/\/footballthrift.shop\/?post_type=product&#038;p=110361"},"modified":"2026-03-09T11:25:41","modified_gmt":"2026-03-09T10:25:41","slug":"fusballtrikot-deutschland-2012-14-auswarts-164-cm","status":"publish","type":"product","link":"https:\/\/footballthrift.shop\/de\/koszulka-pilkarska-niemcy-2012-14-away-164-cm\/","title":{"rendered":"Koszulka pi\u0142karska Niemcy 2012\/14 Away [164 cm]"},"content":{"rendered":"<p><strong>Verein:<\/strong> Deutschland<\/p>\n<p><strong>Saison:<\/strong> 2012\/14 Ausw\u00e4rts<\/p>\n<p><strong>Gr\u00f6\u00dfe: <\/strong>164 cm<\/p>\n<p><strong>Zustand:<\/strong> Ausgezeichnet<\/p>\n<p><strong>Ma\u00dfe (Achselbreite\/L\u00e4nge) in cm: <\/strong>47\/63<\/p>","protected":false},"excerpt":{"rendered":"<p data-start=\"0\" data-end=\"104\"><strong data-start=\"0\" data-end=\"102\">Original Ausw\u00e4rtstrikot der deutschen Nationalmannschaft aus den Jahren 2012\u20132014 \u2013 hergestellt von Adidas.\u00a0<\/strong><\/p>\n<p data-start=\"106\" data-end=\"483\">Modell hergestellt von <strong data-start=\"132\" data-end=\"143\">Adidas<\/strong> f\u00fcr <strong data-start=\"148\" data-end=\"173\">die deutsche Nationalmannschaft<\/strong> seit Jahren <strong data-start=\"182\" data-end=\"195\">2012-2014<\/strong>, eine moderne Neuinterpretation der historischen gr\u00fcnen Ausw\u00e4rtstrikots, die fest in der Tradition des deutschen Fu\u00dfballs verankert sind. Die hier vorgestellte Version in <strong data-start=\"365\" data-end=\"409\">Jugendgr\u00f6\u00dfe f\u00fcr 164 cm K\u00f6rpergr\u00f6\u00dfe<\/strong> bewahrt seine klassische Eleganz, angereichert durch ein ausdrucksstarkes grafisches Motiv.<\/p>\n<p data-start=\"485\" data-end=\"794\">Das T-Shirt basiert auf <strong data-start=\"509\" data-end=\"527\">gr\u00fcner Sockel<\/strong>, die an der Front abwechslungsreich gestaltet ist <strong data-start=\"556\" data-end=\"592\">Motiv mit breiten, horizontalen Streifen<\/strong> abwechselnd <strong data-start=\"609\" data-end=\"656\">hellere und dunklere Gr\u00fcnt\u00f6ne<\/strong>. Dieses Farbschema verleiht dem Design Tiefe und bleibt gleichzeitig stimmig und subtil, wobei der sportliche, repr\u00e4sentative Charakter erhalten bleibt.<\/p>\n<p data-start=\"796\" data-end=\"1211\">Kontrast wird eingef\u00fchrt durch <strong data-start=\"817\" data-end=\"833\">wei\u00dfe Details<\/strong>, charakteristisch f\u00fcr den Stil von Adidas \u2013 darunter <strong data-start=\"884\" data-end=\"961\">Verarbeitung der \u00c4rmel, des Kragens und drei Herstellerstreifen auf den Schultern<\/strong>, die die Reinheit und Eleganz des Designs unterstreichen. Auf der Vorderseite befinden sich klassisch angeordnet: <strong data-start=\"1061\" data-end=\"1108\">Wappen des Deutschen Fu\u00dfball-Bundes (DFB)<\/strong> und <strong data-start=\"1114\" data-end=\"1130\">Adidas-Logo<\/strong>, und schuf so ein f\u00fcr repr\u00e4sentative Modelle dieser Zeit typisches, \u00fcbersichtliches Layout.<\/p>\n<p data-start=\"1213\" data-end=\"1410\">Das Material ist <strong data-start=\"1227\" data-end=\"1266\">leicht, luftig und weich im Griff<\/strong>, . Seine Struktur sorgt f\u00fcr Tragekomfort und eine gute Passform, was in Kombination mit dem jugendlichen Schnitt das T-Shirt bequem und funktional macht.<\/p>\n<p data-start=\"1412\" data-end=\"1695\" data-is-last-node=\"\" data-is-only-node=\"\">Diese <strong data-start=\"1415\" data-end=\"1486\">Original-Ausw\u00e4rtstrikot der deutschen Nationalmannschaft aus den Jahren 2012\u20132014<\/strong> ist ideal f\u00fcr <strong data-start=\"1513\" data-end=\"1545\">junge Fans der Nationalmannschaft<\/strong>Sammler <strong data-start=\"1561\" data-end=\"1604\">klassische gr\u00fcne Adidas-Sets<\/strong> und diejenigen, die Wert auf <strong data-start=\"1625\" data-end=\"1694\">moderne Projekte, inspiriert vom historischen Stil der Repr\u00e4sentation<\/strong>.<\/p>","protected":false},"featured_media":112105,"template":"","meta":{"_kad_blocks_custom_css":"","_kad_blocks_head_custom_js":"","_kad_blocks_body_custom_js":"","_kad_blocks_footer_custom_js":"","_kad_post_transparent":"default","_kad_post_title":"","_kad_post_layout":"default","_kad_post_sidebar_id":"","_kad_post_content_style":"default","_kad_post_vertical_padding":"default","_kad_post_feature":"","_kad_post_feature_position":"","_kad_post_header":false,"_kad_post_footer":false,"_kad_post_classname":""},"product_brand":[1283],"product_cat":[15,2017,1477],"product_tag":[],"class_list":{"0":"post-110361","1":"product","2":"type-product","3":"status-publish","4":"has-post-thumbnail","6":"product_brand-adidas","7":"product_cat-bez-kategorii","8":"product_cat-koszulki-mlodziezowe","9":"product_cat-reprezentacja-niemiec","10":"pa_homeawaythird-away","11":"pa_rozmiar-164-cm","13":"first","14":"instock","15":"taxable","16":"shipping-taxable","17":"purchasable","18":"product-type-simple","19":"entry","20":"content-bg","21":"loop-entry"},"taxonomy_info":{"product_brand":[{"value":1283,"label":"Adidas"}],"product_cat":[{"value":15,"label":"Bez kategorii"},{"value":2017,"label":"KOSZULKI M\u0141ODZIE\u017bOWE"},{"value":1477,"label":"Niemcy"}],"pa_homeawaythird":[{"value":1598,"label":"Away"}],"pa_rozmiar":[{"value":2018,"label":"164 cm"}]},"featured_image_src_large":["https:\/\/footballthrift.shop\/wp-content\/uploads\/2025\/11\/Photoroom_004_20251126_165319-1024x1024.png",1024,1024,true],"author_info":[],"comment_info":"","_links":{"self":[{"href":"https:\/\/footballthrift.shop\/de\/wp-json\/wp\/v2\/product\/110361","targetHints":{"allow":["GET"]}}],"collection":[{"href":"https:\/\/footballthrift.shop\/de\/wp-json\/wp\/v2\/product"}],"about":[{"href":"https:\/\/footballthrift.shop\/de\/wp-json\/wp\/v2\/types\/product"}],"wp:featuredmedia":[{"embeddable":true,"href":"https:\/\/footballthrift.shop\/de\/wp-json\/wp\/v2\/media\/112105"}],"wp:attachment":[{"href":"https:\/\/footballthrift.shop\/de\/wp-json\/wp\/v2\/media?parent=110361"}],"wp:term":[{"taxonomy":"product_brand","embeddable":true,"href":"https:\/\/footballthrift.shop\/de\/wp-json\/wp\/v2\/product_brand?post=110361"},{"taxonomy":"product_cat","embeddable":true,"href":"https:\/\/footballthrift.shop\/de\/wp-json\/wp\/v2\/product_cat?post=110361"},{"taxonomy":"product_tag","embeddable":true,"href":"https:\/\/footballthrift.shop\/de\/wp-json\/wp\/v2\/product_tag?post=110361"}],"curies":[{"name":"wp","href":"https:\/\/api.w.org\/{rel}","templated":true}]}}