{"id":110360,"date":"2025-11-30T17:53:05","date_gmt":"2025-11-30T16:53:05","guid":{"rendered":"https:\/\/footballthrift.shop\/?post_type=product&#038;p=110360"},"modified":"2026-03-09T11:25:40","modified_gmt":"2026-03-09T10:25:40","slug":"fusballtrikot-levante-ud-2010-11-home-21-s","status":"publish","type":"product","link":"https:\/\/footballthrift.shop\/de\/koszulka-pilkarska-levante-ud-2010-11-home-21-s\/","title":{"rendered":"Koszulka pi\u0142karska Levante UD 2010\/11 Home 21 [S]"},"content":{"rendered":"<p><strong>Verein:<\/strong> Levante UD<\/p>\n<p><strong>Saison:<\/strong> 2010\/11 Startseite<\/p>\n<p><strong>Gr\u00f6\u00dfe: <\/strong>S<\/p>\n<p><strong>Zustand:<\/strong> Sehr gut \u2013 leicht besch\u00e4digte Zahlen auf der R\u00fcckseite.<\/p>\n<p><strong>Ma\u00dfe (Achselbreite\/L\u00e4nge) in cm: <\/strong>49\/63  \u2013 entspricht realistisch der Gr\u00f6\u00dfe XS.<\/p>","protected":false},"excerpt":{"rendered":"<p data-start=\"0\" data-end=\"90\"><strong data-start=\"0\" data-end=\"88\">Original UD Levante Heimtrikot aus der Saison 2010\/11 \u2013 hergestellt von Luanvi.\u00a0<\/strong><\/p>\n<p data-start=\"92\" data-end=\"430\">Modell hergestellt von <strong data-start=\"118\" data-end=\"128\">Luanvi<\/strong> f\u00fcr <strong data-start=\"133\" data-end=\"147\">UD Levante<\/strong> f\u00fcr die Saison <strong data-start=\"157\" data-end=\"168\">2010\/11<\/strong>, eine klassische Interpretation der Clubidentit\u00e4t, basierend auf der kontrastreichen Kombination von Bordeauxrot und Blau. Das hier vorgestellte Exemplar in <strong data-start=\"316\" data-end=\"331\">Gr\u00f6\u00dfe S<\/strong> beh\u00e4lt die charakteristische Farbgebung bei, die typisch f\u00fcr die Heimtrikots des Clubs aus Valencia ist.<\/p>\n<p data-start=\"432\" data-end=\"851\">Das T-Shirt basiert auf <strong data-start=\"459\" data-end=\"537\">einem breiten, vertikalen, burgunderroten Streifen, der mittig durch die Mitte verl\u00e4uft<\/strong>, der dem Projekt Symmetrie und Ausdruckskraft verleiht. Auf beiden Seiten wurden <strong data-start=\"615\" data-end=\"655\">breite Paneele in blauer Farbe<\/strong>, und bilden so eine klassische Club-Anordnung. Die Komposition wird erg\u00e4nzt durch <strong data-start=\"714\" data-end=\"736\">kontrastreiche Details<\/strong>, wie die Verarbeitung des Kragens oder der unteren Naht, sind in Gelb gehalten, um das Hauptmotiv zu betonen.<\/p>\n<p data-start=\"853\" data-end=\"1141\">Auf der Vorderseite befindet sich <strong data-start=\"877\" data-end=\"917\">Aufdruck des Sponsors Comunitat Valenciana<\/strong>, zentral auf einem burgunderroten Hintergrund platziert, was f\u00fcr gute Lesbarkeit und eine \u00e4sthetische Hervorhebung sorgt. Dar\u00fcber befindet sich <strong data-start=\"1040\" data-end=\"1076\">Wappen UD Levante und Logo Luanvi<\/strong>, klassisch auf beiden Seiten der Brust angeordnet.<\/p>\n<p data-start=\"1143\" data-end=\"1368\">Auf der R\u00fcckseite befindet sich <strong data-start=\"1167\" data-end=\"1179\">Nummer 21<\/strong>, der dem Exemplar einen pers\u00f6nlichen Charakter verleiht und auf die Liga-Realit\u00e4ten der Saison 2010\/11 verweist, als Levante nach seiner R\u00fcckkehr in die spanische Elite in der Primera Divisi\u00f3n spielte.<\/p>\n<p data-start=\"1370\" data-end=\"1655\">Das Material des T-Shirts ist <strong data-start=\"1393\" data-end=\"1423\">leicht, luftig und strapazierf\u00e4hig<\/strong>, das f\u00fcr die Produkte von Luanvi aus dieser Zeit charakteristisch ist und f\u00fcr Tragekomfort und eine gute Passform sorgt. Das schlichte Design in Kombination mit den ausdrucksstarken Farbkontrasten verleiht dem Shirt einen klassischen, zeitlosen Look.<\/p>\n<p data-start=\"1657\" data-end=\"1909\" data-is-last-node=\"\" data-is-only-node=\"\">Diese <strong data-start=\"1660\" data-end=\"1718\">Original-Heimtrikot von UD Levante aus der Saison 2010\/11<\/strong> Das ist ein interessantes Angebot f\u00fcr <strong data-start=\"1750\" data-end=\"1780\">Fans der spanischen La Liga<\/strong>, Liebhaber <strong data-start=\"1793\" data-end=\"1827\">klassische Riemenkonstruktionen<\/strong> und Sammler <strong data-start=\"1847\" data-end=\"1908\">seltener anzutreffende Modelle von Herstellern wie Luanvi<\/strong>.<\/p>","protected":false},"featured_media":112098,"template":"","meta":{"_kad_blocks_custom_css":"","_kad_blocks_head_custom_js":"","_kad_blocks_body_custom_js":"","_kad_blocks_footer_custom_js":"","_kad_post_transparent":"default","_kad_post_title":"","_kad_post_layout":"default","_kad_post_sidebar_id":"","_kad_post_content_style":"default","_kad_post_vertical_padding":"default","_kad_post_feature":"","_kad_post_feature_position":"","_kad_post_header":false,"_kad_post_footer":false,"_kad_post_classname":""},"product_brand":[2016],"product_cat":[15,1472],"product_tag":[],"class_list":{"0":"post-110360","1":"product","2":"type-product","3":"status-publish","4":"has-post-thumbnail","6":"product_brand-luanvi","7":"product_cat-bez-kategorii","8":"product_cat-pozostale-kluby-hiszpanskie","9":"pa_homeawaythird-home","10":"pa_rozmiar-s","12":"first","13":"instock","14":"taxable","15":"shipping-taxable","16":"purchasable","17":"product-type-simple","18":"entry","19":"content-bg","20":"loop-entry"},"taxonomy_info":{"product_brand":[{"value":2016,"label":"Luanvi"}],"product_cat":[{"value":15,"label":"Bez kategorii"},{"value":1472,"label":"Pozosta\u0142e kluby hiszpa\u0144skie"}],"pa_homeawaythird":[{"value":1597,"label":"Home"}],"pa_rozmiar":[{"value":1815,"label":"S"}]},"featured_image_src_large":["https:\/\/footballthrift.shop\/wp-content\/uploads\/2025\/11\/Photoroom_048_20251126_165319-1024x1024.png",1024,1024,true],"author_info":[],"comment_info":"","_links":{"self":[{"href":"https:\/\/footballthrift.shop\/de\/wp-json\/wp\/v2\/product\/110360","targetHints":{"allow":["GET"]}}],"collection":[{"href":"https:\/\/footballthrift.shop\/de\/wp-json\/wp\/v2\/product"}],"about":[{"href":"https:\/\/footballthrift.shop\/de\/wp-json\/wp\/v2\/types\/product"}],"wp:featuredmedia":[{"embeddable":true,"href":"https:\/\/footballthrift.shop\/de\/wp-json\/wp\/v2\/media\/112098"}],"wp:attachment":[{"href":"https:\/\/footballthrift.shop\/de\/wp-json\/wp\/v2\/media?parent=110360"}],"wp:term":[{"taxonomy":"product_brand","embeddable":true,"href":"https:\/\/footballthrift.shop\/de\/wp-json\/wp\/v2\/product_brand?post=110360"},{"taxonomy":"product_cat","embeddable":true,"href":"https:\/\/footballthrift.shop\/de\/wp-json\/wp\/v2\/product_cat?post=110360"},{"taxonomy":"product_tag","embeddable":true,"href":"https:\/\/footballthrift.shop\/de\/wp-json\/wp\/v2\/product_tag?post=110360"}],"curies":[{"name":"wp","href":"https:\/\/api.w.org\/{rel}","templated":true}]}}