{"id":110359,"date":"2025-11-30T17:53:06","date_gmt":"2025-11-30T16:53:06","guid":{"rendered":"https:\/\/footballthrift.shop\/?post_type=product&#038;p=110359"},"modified":"2026-03-09T11:25:40","modified_gmt":"2026-03-09T10:25:40","slug":"fusballtrikot-leicester-city-fc-2007-08-auswarts-l","status":"publish","type":"product","link":"https:\/\/footballthrift.shop\/de\/koszulka-pilkarska-leicester-city-fc-2007-08-away-l\/","title":{"rendered":"Koszulka pi\u0142karska Leicester City FC 2007\/08 Away [L]"},"content":{"rendered":"<p><strong>Verein:<\/strong> Leicester City FC<\/p>\n<p><strong>Saison:<\/strong> 2007\/08 Ausw\u00e4rts<\/p>\n<p><strong>Gr\u00f6\u00dfe: <\/strong>L<\/p>\n<p><strong>Zustand:<\/strong> Sehr gut \u2013 ein paar kleine Flecken und ein abgeriebener Gr\u00f6\u00dfenaufkleber im Nackenbereich.<\/p>\n<p><strong>Ma\u00dfe (Achselbreite\/L\u00e4nge) in cm: <\/strong>58\/70<\/p>","protected":false},"excerpt":{"rendered":"<p data-start=\"0\" data-end=\"98\"><strong data-start=\"0\" data-end=\"96\">Original Leicester City FC Ausw\u00e4rtstrikot aus der Saison 2007\/08 \u2013 hergestellt von Jako.\u00a0<\/strong><\/p>\n<p data-start=\"100\" data-end=\"478\">Modell entworfen von <strong data-start=\"127\" data-end=\"135\">Als<\/strong> f\u00fcr <strong data-start=\"140\" data-end=\"161\">Leicester City FC<\/strong> f\u00fcr die Saison <strong data-start=\"171\" data-end=\"182\">2007\/08<\/strong>, das sich durch eine ungew\u00f6hnliche und asymmetrische Farbgebung auszeichnet, die in den Entw\u00fcrfen von \u201eThe Foxes\u201d selten verwendet wird. Das hier vorgestellte Exemplar in <strong data-start=\"322\" data-end=\"337\">Gr\u00f6\u00dfe L<\/strong> zeichnet sich durch einen ausgepr\u00e4gten Farbkontrast und ein \u00fcbersichtliches grafisches Layout aus, das typisch f\u00fcr Entw\u00fcrfe aus dem Ende des ersten Jahrzehnts des 21. Jahrhunderts ist.<\/p>\n<p data-start=\"480\" data-end=\"825\">Das T-Shirt hat <strong data-start=\"497\" data-end=\"511\">gelbe Basis<\/strong>, die durch einen mutigen Akzent gebrochen wurde \u2013 <strong data-start=\"550\" data-end=\"603\">Der rechte \u00e4u\u00dfere Teil wurde in Blau ausgef\u00fchrt.<\/strong>, in Anlehnung an die Vereinsfarben von Leicester City. Im mittleren Bereich befinden sich <strong data-start=\"683\" data-end=\"712\">zwei vertikale, wei\u00dfe Paneele<\/strong>, die dem Projekt einen dynamischen und symmetrischen Charakter verleihen und gleichzeitig die Farbgebung betonen.<\/p>\n<p data-start=\"827\" data-end=\"1176\">Die Vorderseite zeigt <strong data-start=\"850\" data-end=\"881\">Aufdruck des Sponsors Topps Tiles<\/strong>, und dar\u00fcber befindet sich in klassischer Anordnung <strong data-start=\"928\" data-end=\"957\">Clubwappen und Logo Als<\/strong>, wobei die Lesbarkeit und Ausgewogenheit der Komposition erhalten bleiben. Der Kontrast zwischen Gelb, Wei\u00df und Blau verleiht dem Trikot eine einzigartige \u00c4sthetik, die es von den eher traditionellen, einfarbigen Ausw\u00e4rtstrikots dieser Zeit abhebt.<\/p>\n<p data-start=\"1178\" data-end=\"1446\">Das Material ist <strong data-start=\"1192\" data-end=\"1234\">leicht, strapazierf\u00e4hig und angenehm anzufassen<\/strong>, typisch f\u00fcr die damaligen Entw\u00fcrfe von Jako, und bieten Komfort und Bewegungsfreiheit. Die charakteristische Farbgebung und der klassische Schnitt machen dieses Modell sowohl optisch attraktiv als auch bei Sammlern beliebt.<\/p>\n<p data-start=\"1448\" data-end=\"1704\" data-is-last-node=\"\" data-is-only-node=\"\">Diese <strong data-start=\"1451\" data-end=\"1519\">Original-Ausw\u00e4rtstrikot von Leicester City FC aus der Saison 2007\/08<\/strong> ist eine gute Option f\u00fcr <strong data-start=\"1546\" data-end=\"1567\">Fans der \u201eFoxes\u201d<\/strong>, Liebhaber <strong data-start=\"1580\" data-end=\"1610\">einzigartigen Projekten Als<\/strong> und Sammler <strong data-start=\"1630\" data-end=\"1703\">ungew\u00f6hnliche, asymmetrische Ausw\u00e4rtsdesigns aus dem englischen Fu\u00dfball<\/strong>.<\/p>","protected":false},"featured_media":112089,"template":"","meta":{"_kad_blocks_custom_css":"","_kad_blocks_head_custom_js":"","_kad_blocks_body_custom_js":"","_kad_blocks_footer_custom_js":"","_kad_post_transparent":"default","_kad_post_title":"","_kad_post_layout":"default","_kad_post_sidebar_id":"","_kad_post_content_style":"default","_kad_post_vertical_padding":"default","_kad_post_feature":"","_kad_post_feature_position":"","_kad_post_header":false,"_kad_post_footer":false,"_kad_post_classname":""},"product_brand":[1298],"product_cat":[15,1485],"product_tag":[],"class_list":{"0":"post-110359","1":"product","2":"type-product","3":"status-publish","4":"has-post-thumbnail","6":"product_brand-jako","7":"product_cat-bez-kategorii","8":"product_cat-pozostale-kluby-angielskie","9":"pa_homeawaythird-away","10":"pa_rozmiar-l","12":"first","13":"instock","14":"taxable","15":"shipping-taxable","16":"purchasable","17":"product-type-simple","18":"entry","19":"content-bg","20":"loop-entry"},"taxonomy_info":{"product_brand":[{"value":1298,"label":"Jako"}],"product_cat":[{"value":15,"label":"Bez kategorii"},{"value":1485,"label":"Pozosta\u0142e kluby angielskie"}],"pa_homeawaythird":[{"value":1598,"label":"Away"}],"pa_rozmiar":[{"value":1817,"label":"L"}]},"featured_image_src_large":["https:\/\/footballthrift.shop\/wp-content\/uploads\/2025\/11\/Photoroom_018_20251126_165319-1024x1024.png",1024,1024,true],"author_info":[],"comment_info":"","_links":{"self":[{"href":"https:\/\/footballthrift.shop\/de\/wp-json\/wp\/v2\/product\/110359","targetHints":{"allow":["GET"]}}],"collection":[{"href":"https:\/\/footballthrift.shop\/de\/wp-json\/wp\/v2\/product"}],"about":[{"href":"https:\/\/footballthrift.shop\/de\/wp-json\/wp\/v2\/types\/product"}],"wp:featuredmedia":[{"embeddable":true,"href":"https:\/\/footballthrift.shop\/de\/wp-json\/wp\/v2\/media\/112089"}],"wp:attachment":[{"href":"https:\/\/footballthrift.shop\/de\/wp-json\/wp\/v2\/media?parent=110359"}],"wp:term":[{"taxonomy":"product_brand","embeddable":true,"href":"https:\/\/footballthrift.shop\/de\/wp-json\/wp\/v2\/product_brand?post=110359"},{"taxonomy":"product_cat","embeddable":true,"href":"https:\/\/footballthrift.shop\/de\/wp-json\/wp\/v2\/product_cat?post=110359"},{"taxonomy":"product_tag","embeddable":true,"href":"https:\/\/footballthrift.shop\/de\/wp-json\/wp\/v2\/product_tag?post=110359"}],"curies":[{"name":"wp","href":"https:\/\/api.w.org\/{rel}","templated":true}]}}