{"id":110355,"date":"2025-11-30T17:53:08","date_gmt":"2025-11-30T16:53:08","guid":{"rendered":"https:\/\/footballthrift.shop\/?post_type=product&#038;p=110355"},"modified":"2026-03-09T11:25:39","modified_gmt":"2026-03-09T10:25:39","slug":"fusballtrikot-fc-nurnberg-2012-13-home-s","status":"publish","type":"product","link":"https:\/\/footballthrift.shop\/de\/koszulka-pilkarska-fc-nurnberg-2012-13-home-s\/","title":{"rendered":"Koszulka pi\u0142karska FC Nurnberg 2012\/13 Home [S]"},"content":{"rendered":"<p><strong>Verein:<\/strong> FC N\u00fcrnberg<\/p>\n<p><strong>Saison:<\/strong> 2012\/13 Startseite<\/p>\n<p><strong>Gr\u00f6\u00dfe: <\/strong>S<\/p>\n<p><strong>Zustand:<\/strong> Sehr gut \u2013 ein kleiner Fleck auf einem der Streifen am \u00c4rmel.<\/p>\n<p><strong>Ma\u00dfe (Achselbreite\/L\u00e4nge) in cm: <\/strong>48\/70<\/p>","protected":false},"excerpt":{"rendered":"<p data-start=\"0\" data-end=\"92\"><strong data-start=\"0\" data-end=\"90\">Original FC N\u00fcrnberg Heimtrikot aus der Saison 2012\/13 \u2013 hergestellt von Adidas.&nbsp;<\/strong><\/p>\n<p data-start=\"94\" data-end=\"436\">Das Modell, das von <strong data-start=\"119\" data-end=\"130\">Adidas<\/strong> f\u00fcr <strong data-start=\"135\" data-end=\"150\">FC N\u00fcrnberg<\/strong> f\u00fcr die Saison <strong data-start=\"160\" data-end=\"171\">2012\/13<\/strong>, gehalten in einer klassischen, zur\u00fcckhaltenden \u00c4sthetik, mit eleganten Details und einem subtilen Muster, das es von anderen Heimprojekten des Clubs abhebt. Das hier vorgestellte Exemplar in <strong data-start=\"343\" data-end=\"358\">Gr\u00f6\u00dfe S<\/strong> beh\u00e4lt die vollst\u00e4ndige Identifikation mit den traditionellen Farben der bayerischen Mannschaft bei.<\/p>\n<p data-start=\"438\" data-end=\"734\">Das T-Shirt basiert auf <strong data-start=\"462\" data-end=\"480\">burgunderrote Basis<\/strong>, typisch f\u00fcr die Heimtrikots des Vereins, aber abwechslungsreich durch <strong data-start=\"541\" data-end=\"588\">dicke, horizontale Streifen in einem dunkleren Farbton<\/strong>, auf der Vorderseite. Dieses dezente, tonale Motiv verleiht dem Trikot Tiefe und Eleganz, ohne die klassische Identit\u00e4t des Vereins zu beeintr\u00e4chtigen.<\/p>\n<p data-start=\"736\" data-end=\"1153\">Kontrast wird eingef\u00fchrt durch <strong data-start=\"757\" data-end=\"773\">wei\u00dfe Details<\/strong> - in Form von <strong data-start=\"786\" data-end=\"856\">Polo-Kragen und Adidas-Streifen an den \u00c4rmeln<\/strong>, die dem Projekt eine klare und einheitliche Farbkomposition verleihen. Auf der Vorderseite befindet sich in der Mitte <strong data-start=\"956\" data-end=\"979\">Sponsoraufdruck NKD<\/strong>, und \u00fcber ihnen sind <strong data-start=\"1000\" data-end=\"1038\">das Adidas-Logo und das Wappen des FC N\u00fcrnberg<\/strong>, symmetrisch angeordnet und in einem klassischen Layout, das f\u00fcr Clubmodelle aus den fr\u00fchen 2010er Jahren charakteristisch ist.<\/p>\n<p data-start=\"1155\" data-end=\"1393\">Das Material des T-Shirts ist <strong data-start=\"1178\" data-end=\"1220\">glatt, angenehm und leicht gl\u00e4nzend<\/strong>, typisch f\u00fcr die Club-Projekte von Adidas in diesem Jahrzehnt. Es sorgt f\u00fcr Tragekomfort und beh\u00e4lt gleichzeitig ein elegantes Aussehen, das durch ein dezentes Muster und einen klassischen Schnitt unterstrichen wird.<\/p>\n<p data-start=\"1395\" data-end=\"1657\" data-is-last-node=\"\" data-is-only-node=\"\">Diese <strong data-start=\"1398\" data-end=\"1450\">Original-Trikot des FC N\u00fcrnberg aus der Saison 2012\/13<\/strong> ist eine ausgezeichnete Option f\u00fcr <strong data-start=\"1479\" data-end=\"1509\">Deutsche Fu\u00dfballfans<\/strong>, Liebhaber <strong data-start=\"1522\" data-end=\"1586\">traditionelle, burgunderrote Designs mit modernem Finish<\/strong> und Sammler <strong data-start=\"1606\" data-end=\"1656\">klassische Adidas-Modelle aus den fr\u00fchen 2010er Jahren<\/strong>.<\/p>","protected":false},"featured_media":112032,"template":"","meta":{"_kad_blocks_custom_css":"","_kad_blocks_head_custom_js":"","_kad_blocks_body_custom_js":"","_kad_blocks_footer_custom_js":"","_kad_post_transparent":"default","_kad_post_title":"","_kad_post_layout":"default","_kad_post_sidebar_id":"","_kad_post_content_style":"default","_kad_post_vertical_padding":"default","_kad_post_feature":"","_kad_post_feature_position":"","_kad_post_header":false,"_kad_post_footer":false,"_kad_post_classname":""},"product_brand":[1283],"product_cat":[15,1490],"product_tag":[],"class_list":{"0":"post-110355","1":"product","2":"type-product","3":"status-publish","4":"has-post-thumbnail","6":"product_brand-adidas","7":"product_cat-bez-kategorii","8":"product_cat-pozostale-kluby-niemieckie","9":"pa_homeawaythird-home","10":"pa_rozmiar-s","12":"first","13":"instock","14":"taxable","15":"shipping-taxable","16":"purchasable","17":"product-type-simple","18":"entry","19":"content-bg","20":"loop-entry"},"taxonomy_info":{"product_brand":[{"value":1283,"label":"Adidas"}],"product_cat":[{"value":15,"label":"Bez kategorii"},{"value":1490,"label":"Pozosta\u0142e kluby niemieckie"}],"pa_homeawaythird":[{"value":1597,"label":"Home"}],"pa_rozmiar":[{"value":1815,"label":"S"}]},"featured_image_src_large":["https:\/\/footballthrift.shop\/wp-content\/uploads\/2025\/11\/Photoroom_046_20251126_165319-1024x1024.png",1024,1024,true],"author_info":[],"comment_info":"","_links":{"self":[{"href":"https:\/\/footballthrift.shop\/de\/wp-json\/wp\/v2\/product\/110355","targetHints":{"allow":["GET"]}}],"collection":[{"href":"https:\/\/footballthrift.shop\/de\/wp-json\/wp\/v2\/product"}],"about":[{"href":"https:\/\/footballthrift.shop\/de\/wp-json\/wp\/v2\/types\/product"}],"wp:featuredmedia":[{"embeddable":true,"href":"https:\/\/footballthrift.shop\/de\/wp-json\/wp\/v2\/media\/112032"}],"wp:attachment":[{"href":"https:\/\/footballthrift.shop\/de\/wp-json\/wp\/v2\/media?parent=110355"}],"wp:term":[{"taxonomy":"product_brand","embeddable":true,"href":"https:\/\/footballthrift.shop\/de\/wp-json\/wp\/v2\/product_brand?post=110355"},{"taxonomy":"product_cat","embeddable":true,"href":"https:\/\/footballthrift.shop\/de\/wp-json\/wp\/v2\/product_cat?post=110355"},{"taxonomy":"product_tag","embeddable":true,"href":"https:\/\/footballthrift.shop\/de\/wp-json\/wp\/v2\/product_tag?post=110355"}],"curies":[{"name":"wp","href":"https:\/\/api.w.org\/{rel}","templated":true}]}}