{"id":109881,"date":"2025-11-23T17:49:47","date_gmt":"2025-11-23T16:49:47","guid":{"rendered":"https:\/\/footballthrift.shop\/?post_type=product&#038;p=109881"},"modified":"2026-03-09T11:25:43","modified_gmt":"2026-03-09T10:25:43","slug":"koszulka-pilkarska-szkocja-2018-20-away-176-cm","status":"publish","type":"product","link":"https:\/\/footballthrift.shop\/de\/koszulka-pilkarska-szkocja-2018-20-away-176-cm\/","title":{"rendered":"Koszulka pi\u0142karska Szkocja 2018\/20 Away [176 cm]"},"content":{"rendered":"<p><strong>Verein:<\/strong> Schottland<\/p>\n<p><strong>Saison:<\/strong> 2018\/20 Ausw\u00e4rts<\/p>\n<p><strong>Gr\u00f6\u00dfe: <\/strong>176 cm<\/p>\n<p><strong>Zustand:<\/strong> Gut \u2013 wenige Mikro-Eingriffe und ein kleiner Fleck.<\/p>\n<p><strong>Ma\u00dfe (Achselbreite\/L\u00e4nge) in cm: <\/strong>49\/68<\/p>","protected":false},"excerpt":{"rendered":"<p data-start=\"0\" data-end=\"104\"><strong data-start=\"0\" data-end=\"102\">Das Original 2017-2019 Schottland Nationalmannschaft ausw\u00e4rts Fu\u00dfballtrikot - hergestellt von Adidas.\u00a0<\/strong><\/p>\n<p data-start=\"106\" data-end=\"422\">Das Projekt, das von\u00a0<strong data-start=\"133\" data-end=\"144\">Adidas<\/strong>\u00a0f\u00fcr die schottische Nationalmannschaft f\u00fcr das Ende des zweiten Jahrzehnts des 21. Jahrhunderts greift auf die traditionellen Farben der alternativen Trikots der \"Tartan Army\" zur\u00fcck. Es ist eine unverwechselbare Kombination aus Schlichtheit und modernem Stil, die sowohl auf dem Spielfeld als auch in einer Sammlerausstellung hervorsticht.<\/p>\n<p data-start=\"424\" data-end=\"875\">Dieses T-Shirt, in<strong> in Jugendgr\u00f6\u00dfe<\/strong> auf <strong>176<\/strong> cm gro\u00df, wird gehalten in <strong data-start=\"450\" data-end=\"480\">intensiv gelbe Farbe<\/strong>wird von Schottland h\u00e4ufig als Ausw\u00e4rtsteam eingesetzt. F\u00fcr den Kontrast sorgen\u00a0<strong data-start=\"566\" data-end=\"606\">marineblaue Adidas-Streifen an den \u00c4rmeln<\/strong>die den klassischen Charakter des Designs unterstreichen und auf die Grundfarbe der Heimtrikots der Nationalmannschaft anspielen. Auf der Brust wurde es in der Regel platziert\u00a0<strong data-start=\"756\" data-end=\"794\">Wappen des Schottischen Fu\u00dfballverbands<\/strong>\u00a0und das Logo des Herstellers, das die minimalistische, aber elegante Komposition vervollst\u00e4ndigt.<\/p>\n<p data-start=\"877\" data-end=\"1078\">Das Trikot ist aus leichtem, technischem Material gefertigt und bietet\u00a0<strong data-start=\"939\" data-end=\"982\">Komfort, Bel\u00fcftung und Bewegungsfreiheit<\/strong>Dadurch ist sie sowohl f\u00fcr sportliche Aktivit\u00e4ten als auch f\u00fcr den t\u00e4glichen Gebrauch geeignet.<\/p>\n<p data-start=\"1080\" data-end=\"1303\" data-is-last-node=\"\" data-is-only-node=\"\">Dies ist eine ausgezeichnete Option f\u00fcr\u00a0<strong data-start=\"1108\" data-end=\"1139\">Fans der schottischen Nationalmannschaft<\/strong>,\u00a0<strong data-start=\"1141\" data-end=\"1188\">Sammler von originalen Adidas-T-Shirts<\/strong>\u00a0und Liebhaber von minimalistischen, ausdrucksstarken Designs, die die nationale Identit\u00e4t in moderner Form bewahren.<\/p>","protected":false},"featured_media":109890,"template":"","meta":{"_kad_blocks_custom_css":"","_kad_blocks_head_custom_js":"","_kad_blocks_body_custom_js":"","_kad_blocks_footer_custom_js":"","_kad_post_transparent":"default","_kad_post_title":"","_kad_post_layout":"default","_kad_post_sidebar_id":"","_kad_post_content_style":"default","_kad_post_vertical_padding":"default","_kad_post_feature":"","_kad_post_feature_position":"","_kad_post_header":false,"_kad_post_footer":false,"_kad_post_classname":""},"product_brand":[1283],"product_cat":[15,2017,1489],"product_tag":[],"class_list":{"0":"post-109881","1":"product","2":"type-product","3":"status-publish","4":"has-post-thumbnail","6":"product_brand-adidas","7":"product_cat-bez-kategorii","8":"product_cat-koszulki-mlodziezowe","9":"product_cat-pozostale-reprezentacje-europa","10":"pa_homeawaythird-away","11":"pa_rozmiar-176-cm","13":"first","14":"instock","15":"taxable","16":"shipping-taxable","17":"purchasable","18":"product-type-simple","19":"entry","20":"content-bg","21":"loop-entry"},"taxonomy_info":{"product_brand":[{"value":1283,"label":"Adidas"}],"product_cat":[{"value":15,"label":"Bez kategorii"},{"value":2017,"label":"KOSZULKI M\u0141ODZIE\u017bOWE"},{"value":1489,"label":"Pozosta\u0142e"}],"pa_homeawaythird":[{"value":1598,"label":"Away"}],"pa_rozmiar":[{"value":2020,"label":"176 cm"}]},"featured_image_src_large":["https:\/\/footballthrift.shop\/wp-content\/uploads\/2025\/11\/Photoroom_002_20251119_174238-1024x1024.png",1024,1024,true],"author_info":[],"comment_info":"","_links":{"self":[{"href":"https:\/\/footballthrift.shop\/de\/wp-json\/wp\/v2\/product\/109881","targetHints":{"allow":["GET"]}}],"collection":[{"href":"https:\/\/footballthrift.shop\/de\/wp-json\/wp\/v2\/product"}],"about":[{"href":"https:\/\/footballthrift.shop\/de\/wp-json\/wp\/v2\/types\/product"}],"wp:featuredmedia":[{"embeddable":true,"href":"https:\/\/footballthrift.shop\/de\/wp-json\/wp\/v2\/media\/109890"}],"wp:attachment":[{"href":"https:\/\/footballthrift.shop\/de\/wp-json\/wp\/v2\/media?parent=109881"}],"wp:term":[{"taxonomy":"product_brand","embeddable":true,"href":"https:\/\/footballthrift.shop\/de\/wp-json\/wp\/v2\/product_brand?post=109881"},{"taxonomy":"product_cat","embeddable":true,"href":"https:\/\/footballthrift.shop\/de\/wp-json\/wp\/v2\/product_cat?post=109881"},{"taxonomy":"product_tag","embeddable":true,"href":"https:\/\/footballthrift.shop\/de\/wp-json\/wp\/v2\/product_tag?post=109881"}],"curies":[{"name":"wp","href":"https:\/\/api.w.org\/{rel}","templated":true}]}}