{"id":109876,"date":"2025-11-23T17:49:38","date_gmt":"2025-11-23T16:49:38","guid":{"rendered":"https:\/\/footballthrift.shop\/?post_type=product&#038;p=109876"},"modified":"2026-03-09T11:26:10","modified_gmt":"2026-03-09T10:26:10","slug":"koszulka-pilkarska-newcastle-united-fc-2009-10-away-152-cm","status":"publish","type":"product","link":"https:\/\/footballthrift.shop\/de\/koszulka-pilkarska-newcastle-united-fc-2009-10-away-152-cm\/","title":{"rendered":"Koszulka pi\u0142karska Newcastle United FC 2009\/10 Away [152 cm]"},"content":{"rendered":"<p><strong>Verein:<\/strong> Newcastle United FC<\/p>\n<p><strong>Saison:<\/strong> 2009\/10 Ausw\u00e4rts<\/p>\n<p><strong>Gr\u00f6\u00dfe: <\/strong>152 cm<\/p>\n<p><strong>Zustand:<\/strong> Sehr gut \u2013 leicht besch\u00e4digter Aufkleber auf dem Nacken und ein kleiner Fleck.<\/p>\n<p><strong>Ma\u00dfe (Achselbreite\/L\u00e4nge) in cm: <\/strong>46\/57<\/p>","protected":false},"excerpt":{"rendered":"<p data-start=\"0\" data-end=\"103\"><strong data-start=\"0\" data-end=\"101\">Original Newcastle United FC Ausw\u00e4rtstrikot aus der Saison 2009\/10 \u2013 hergestellt von Adidas.\u00a0<\/strong><\/p>\n<p data-start=\"105\" data-end=\"429\">Das Projekt, das von <strong data-start=\"132\" data-end=\"143\">Adidas<\/strong> f\u00fcr <strong data-start=\"148\" data-end=\"171\">Newcastle United FC<\/strong> f\u00fcr die Saison <strong data-start=\"181\" data-end=\"192\">2009\/10<\/strong>, das sich durch eine f\u00fcr den Verein untypische Farbgebung und eine einfache, symmetrische grafische Gestaltung auszeichnet. Es ist <strong data-start=\"290\" data-end=\"329\">Jugendversion f\u00fcr eine K\u00f6rpergr\u00f6\u00dfe von 152 cm<\/strong>, die sich vollst\u00e4ndig an das klassische visuelle Design der Adidas-Outfits aus dieser Zeit anlehnt.<\/p>\n<p data-start=\"431\" data-end=\"818\">Das T-Shirt wurde auf der Grundlage <strong data-start=\"458\" data-end=\"522\">vertikale Streifen in zwei Gelbt\u00f6nen \u2013 hell und dunkel<\/strong>, die ein klares, aber geordnetes Layout bilden. Der mittlere Teil der Front vereint alle wichtigen Elemente \u2013 in einer vertikalen Linie sind nacheinander angeordnet: <strong data-start=\"698\" data-end=\"714\">Adidas-Logo, <\/strong><strong data-start=\"671\" data-end=\"696\">Das Wappen von Newcastle United <\/strong>und <strong data-start=\"720\" data-end=\"753\">Aufdruck des Sponsors Northern Rock<\/strong>, was dem Projekt Koh\u00e4renz und eine klassische visuelle Struktur verleiht.<\/p>\n<p data-start=\"820\" data-end=\"1095\">Das symmetrische Design und die schlichte Farbgebung verleihen dem Trikot Eleganz, obwohl f\u00fcr den Verein aus St. James\u2019 Park ungew\u00f6hnliche Farben verwendet wurden. Die gelben Streifen verleihen ihm einen einzigartigen Charakter und unterscheiden es von den \u00fcblichen schwarz-wei\u00dfen Trikots von Newcastle.<\/p>\n<p data-start=\"1097\" data-end=\"1364\">Der Stoff ist <strong data-start=\"1110\" data-end=\"1152\">leicht, luftig und angenehm zu tragen<\/strong>, typisch f\u00fcr die Jugendmodelle von Adidas aus den sp\u00e4ten 2000er Jahren. Es ist bequem zu tragen und sieht dank seiner glatten Struktur und der klaren Anordnung der Elemente auch optisch gut aus.<\/p>\n<p data-start=\"1366\" data-end=\"1649\" data-is-last-node=\"\" data-is-only-node=\"\">Diese <strong data-start=\"1369\" data-end=\"1429\">Original-Trikot des Newcastle United FC aus der Saison 2009\/10<\/strong> Das ist ein interessantes Angebot f\u00fcr <strong data-start=\"1456\" data-end=\"1502\">Sammler ungew\u00f6hnlicher Vereinsmodelle<\/strong>, junge Fans <strong data-start=\"1518\" data-end=\"1542\">englischer Fu\u00dfball<\/strong> und Liebhaber von <strong data-start=\"1559\" data-end=\"1648\">klassische Adidas-Designs mit symmetrischem Layout und kr\u00e4ftigen Farben<\/strong>.<\/p>","protected":false},"featured_media":110178,"template":"","meta":{"_kad_blocks_custom_css":"","_kad_blocks_head_custom_js":"","_kad_blocks_body_custom_js":"","_kad_blocks_footer_custom_js":"","_kad_post_transparent":"default","_kad_post_title":"","_kad_post_layout":"default","_kad_post_sidebar_id":"","_kad_post_content_style":"default","_kad_post_vertical_padding":"default","_kad_post_feature":"","_kad_post_feature_position":"","_kad_post_header":false,"_kad_post_footer":false,"_kad_post_classname":""},"product_brand":[1283],"product_cat":[15,2017,2031],"product_tag":[],"class_list":{"0":"post-109876","1":"product","2":"type-product","3":"status-publish","4":"has-post-thumbnail","6":"product_brand-adidas","7":"product_cat-bez-kategorii","8":"product_cat-koszulki-mlodziezowe","9":"product_cat-newcastle-united-fc","10":"pa_homeawaythird-away","11":"pa_rozmiar-152-cm","13":"first","14":"instock","15":"taxable","16":"shipping-taxable","17":"purchasable","18":"product-type-simple","19":"entry","20":"content-bg","21":"loop-entry"},"taxonomy_info":{"product_brand":[{"value":1283,"label":"Adidas"}],"product_cat":[{"value":15,"label":"Bez kategorii"},{"value":2017,"label":"KOSZULKI M\u0141ODZIE\u017bOWE"},{"value":2031,"label":"Newcastle United FC"}],"pa_homeawaythird":[{"value":1598,"label":"Away"}],"pa_rozmiar":[{"value":2004,"label":"152 cm"}]},"featured_image_src_large":["https:\/\/footballthrift.shop\/wp-content\/uploads\/2025\/11\/Photoroom_046_20251119_174238-1024x1024.png",1024,1024,true],"author_info":[],"comment_info":"","_links":{"self":[{"href":"https:\/\/footballthrift.shop\/de\/wp-json\/wp\/v2\/product\/109876","targetHints":{"allow":["GET"]}}],"collection":[{"href":"https:\/\/footballthrift.shop\/de\/wp-json\/wp\/v2\/product"}],"about":[{"href":"https:\/\/footballthrift.shop\/de\/wp-json\/wp\/v2\/types\/product"}],"wp:featuredmedia":[{"embeddable":true,"href":"https:\/\/footballthrift.shop\/de\/wp-json\/wp\/v2\/media\/110178"}],"wp:attachment":[{"href":"https:\/\/footballthrift.shop\/de\/wp-json\/wp\/v2\/media?parent=109876"}],"wp:term":[{"taxonomy":"product_brand","embeddable":true,"href":"https:\/\/footballthrift.shop\/de\/wp-json\/wp\/v2\/product_brand?post=109876"},{"taxonomy":"product_cat","embeddable":true,"href":"https:\/\/footballthrift.shop\/de\/wp-json\/wp\/v2\/product_cat?post=109876"},{"taxonomy":"product_tag","embeddable":true,"href":"https:\/\/footballthrift.shop\/de\/wp-json\/wp\/v2\/product_tag?post=109876"}],"curies":[{"name":"wp","href":"https:\/\/api.w.org\/{rel}","templated":true}]}}