{"id":109869,"date":"2025-11-23T17:49:42","date_gmt":"2025-11-23T16:49:42","guid":{"rendered":"https:\/\/footballthrift.shop\/?post_type=product&#038;p=109869"},"modified":"2026-03-09T11:26:09","modified_gmt":"2026-03-09T10:26:09","slug":"fusballtrikot-fc-bayern-monachium-1996-98-auswarts-7-scholl-s","status":"publish","type":"product","link":"https:\/\/footballthrift.shop\/de\/koszulka-pilkarska-fc-bayern-monachium-1996-98-away-7-scholl-s\/","title":{"rendered":"Koszulka pi\u0142karska FC Bayern Monachium 1996\/98 Away 7 Scholl [S]"},"content":{"rendered":"<p><strong>Verein:<\/strong> FC Bayern M\u00fcnchen<\/p>\n<p><strong>Saison:<\/strong> 1996\/98 Ausw\u00e4rts<\/p>\n<p><strong>Gr\u00f6\u00dfe: <\/strong>S<\/p>\n<p><strong>Zustand:<\/strong> Zufriedenstellend \u2013 Fleck auf der Schulter, sichtbare Mikro-Kratzer und besch\u00e4digte Zahl auf der R\u00fcckseite.<\/p>\n<p><strong>Ma\u00dfe (Achselbreite\/L\u00e4nge) in cm: <\/strong>51\/68<\/p>","protected":false},"excerpt":{"rendered":"<p data-start=\"0\" data-end=\"112\"><strong data-start=\"0\" data-end=\"110\">Original Bayern M\u00fcnchen Ausw\u00e4rtstrikot \u2013 Adidas 1995-97 mit Aufdruck von Mehmet Scholl.\u00a0<\/strong><\/p>\n<p data-start=\"114\" data-end=\"657\">Wir stellen vor:\u00a0<strong data-start=\"128\" data-end=\"203\">das original Bayern M\u00fcnchen Ausw\u00e4rtstrikot von 1995-97<\/strong>, hergestellt von Adidas, mit dem legend\u00e4ren Aufdruck des legend\u00e4ren <strong>Mehmet Scholl<\/strong>. Dieses klassische Modell ist eine echte Rarit\u00e4t f\u00fcr Retro-Fans. Es zeichnet sich durch seine einzigartige wei\u00dfe Farbe mit einem vertikalen blauen und roten Streifen aus, der die Tradition und das Prestige des bayerischen Riesen unterstreicht. Das unverwechselbare Logo\u00a0<strong data-start=\"484\" data-end=\"492\">Opel<\/strong>\u00a0auf der Vorderseite f\u00e4ngt die Atmosph\u00e4re des 90er-Jahre-Fu\u00dfballs perfekt ein, w\u00e4hrend das gro\u00dfe gestickte Adidas-Logo und das Vereinswappen auf der linken Seite dem Trikot eine einzigartige Note verleihen.<\/p>\n<p data-start=\"659\" data-end=\"1101\">In dieser Zeit <strong>Mehmet Scholl<\/strong>, Der Weltklasse-Mittelfeldspieler begeisterte die Fans mit seiner Effizienz. Im Trikot des FC Bayern erzielte er sowohl in der Bundesliga als auch in europ\u00e4ischen Wettbewerben wichtige Tore und verhalf seiner Mannschaft zum Gewinn der <strong>UEFA-Pokal<\/strong> im Jahr 1996 und dem Kampf um die h\u00f6chsten Ziele in der deutschen Liga. Das Trikot weckt Erinnerungen an jene Zeit, als Scholl einer der St\u00fctzen der Offensive war. Er ist eine Art Legende des FC Bayern und verbrachte insgesamt <strong>15<\/strong> Jahre, wo er ununterbrochen auftrat seit <strong>1992<\/strong> An <strong>2007<\/strong> Jahr.<\/p>\n<p data-start=\"1103\" data-end=\"1541\" data-is-last-node=\"\" data-is-only-node=\"\">Das Modell ist aus einem robusten, leicht gl\u00e4nzenden, dicken Stoff gefertigt, der f\u00fcr die Designs von Adidas aus der Mitte der 90er Jahre charakteristisch ist, mit einem klassischen Kragen und den ikonischen drei Streifen an den \u00c4rmeln. Dieses\u00a0<strong data-start=\"1295\" data-end=\"1346\">Original Bayern M\u00fcnchen Fu\u00dfballtrikot<\/strong>, die Geschichte und einzigartiges Design vereint \u2013 ein Muss f\u00fcr jeden Sammler und Retro-Fu\u00dfballfan, insbesondere f\u00fcr diejenigen, die Scholls Beitrag zum Erfolg des bayerischen Vereins sch\u00e4tzen.<\/p>","protected":false},"featured_media":110099,"template":"","meta":{"_kad_blocks_custom_css":"","_kad_blocks_head_custom_js":"","_kad_blocks_body_custom_js":"","_kad_blocks_footer_custom_js":"","_kad_post_transparent":"default","_kad_post_title":"","_kad_post_layout":"default","_kad_post_sidebar_id":"","_kad_post_content_style":"default","_kad_post_vertical_padding":"default","_kad_post_feature":"","_kad_post_feature_position":"","_kad_post_header":false,"_kad_post_footer":false,"_kad_post_classname":""},"product_brand":[1283],"product_cat":[15,1455],"product_tag":[],"class_list":{"0":"post-109869","1":"product","2":"type-product","3":"status-publish","4":"has-post-thumbnail","6":"product_brand-adidas","7":"product_cat-bez-kategorii","8":"product_cat-kluby-niemieckie-fcbayernmonachium","9":"pa_homeawaythird-away","10":"pa_rozmiar-s","12":"first","13":"instock","14":"taxable","15":"shipping-taxable","16":"purchasable","17":"product-type-simple","18":"entry","19":"content-bg","20":"loop-entry"},"taxonomy_info":{"product_brand":[{"value":1283,"label":"Adidas"}],"product_cat":[{"value":15,"label":"Bez kategorii"},{"value":1455,"label":"FC Bayern Monachium"}],"pa_homeawaythird":[{"value":1598,"label":"Away"}],"pa_rozmiar":[{"value":1815,"label":"S"}]},"featured_image_src_large":["https:\/\/footballthrift.shop\/wp-content\/uploads\/2025\/11\/Photoroom_039_20251119_174238-1024x1024.png",1024,1024,true],"author_info":[],"comment_info":"","_links":{"self":[{"href":"https:\/\/footballthrift.shop\/de\/wp-json\/wp\/v2\/product\/109869","targetHints":{"allow":["GET"]}}],"collection":[{"href":"https:\/\/footballthrift.shop\/de\/wp-json\/wp\/v2\/product"}],"about":[{"href":"https:\/\/footballthrift.shop\/de\/wp-json\/wp\/v2\/types\/product"}],"wp:featuredmedia":[{"embeddable":true,"href":"https:\/\/footballthrift.shop\/de\/wp-json\/wp\/v2\/media\/110099"}],"wp:attachment":[{"href":"https:\/\/footballthrift.shop\/de\/wp-json\/wp\/v2\/media?parent=109869"}],"wp:term":[{"taxonomy":"product_brand","embeddable":true,"href":"https:\/\/footballthrift.shop\/de\/wp-json\/wp\/v2\/product_brand?post=109869"},{"taxonomy":"product_cat","embeddable":true,"href":"https:\/\/footballthrift.shop\/de\/wp-json\/wp\/v2\/product_cat?post=109869"},{"taxonomy":"product_tag","embeddable":true,"href":"https:\/\/footballthrift.shop\/de\/wp-json\/wp\/v2\/product_tag?post=109869"}],"curies":[{"name":"wp","href":"https:\/\/api.w.org\/{rel}","templated":true}]}}