{"id":109525,"date":"2025-11-16T17:54:33","date_gmt":"2025-11-16T16:54:33","guid":{"rendered":"https:\/\/footballthrift.shop\/?post_type=product&#038;p=109525"},"modified":"2026-03-09T11:26:14","modified_gmt":"2026-03-09T10:26:14","slug":"fusball-trikot-tsv-monachium-1860-2007-08-heim-3xl","status":"publish","type":"product","link":"https:\/\/footballthrift.shop\/de\/koszulka-pilkarska-tsv-monachium-1860-2007-08-home-3xl\/","title":{"rendered":"Koszulka pi\u0142karska TSV Monachium 1860 2007\/08 Home [3XL]"},"content":{"rendered":"<p><strong>Verein:<\/strong> TSV M\u00fcnchen 1860<\/p>\n<p><strong>Saison:<\/strong> 2007\/08 Startseite<\/p>\n<p><strong>Gr\u00f6\u00dfe: <\/strong>3XL<\/p>\n<p><strong>Zustand:<\/strong> Gut \u2013 ein paar Mikro-Kratzer und Flecken.<\/p>\n<p><strong>Ma\u00dfe (Achselbreite\/L\u00e4nge) in cm: <\/strong>66\/82 (vorne), 93 (hinten)<\/p>","protected":false},"excerpt":{"rendered":"<p data-start=\"0\" data-end=\"97\"><strong data-start=\"0\" data-end=\"95\">Original TSV 1860 M\u00fcnchen Heimtrikot aus der Saison 2007\/08 - produziert von Kappa.\u00a0<\/strong><\/p>\n<p data-start=\"99\" data-end=\"560\">Diese <strong data-start=\"102\" data-end=\"135\">Original-Fu\u00dfballtrikot<\/strong> wurde <strong data-start=\"144\" data-end=\"173\">hergestellt von Kappa<\/strong> f\u00fcr <strong data-start=\"178\" data-end=\"200\">TSV 1860 M\u00fcnchen<\/strong> f\u00fcr die Saison <strong data-start=\"210\" data-end=\"221\">2007\/08<\/strong> und pr\u00e4sentiert den charakteristischen, ma\u00dfgeschneiderten Stil des italienischen Herstellers, der sich in diesem Fall jedoch besonders durch seine <strong data-start=\"342\" data-end=\"369\">extra gro\u00df Gr\u00f6\u00dfe 3XL<\/strong>, Das macht es zu einem einzigartigen Sammlerst\u00fcck und zu einem interessanten Angebot f\u00fcr alle, die nach Trikots f\u00fcr Fu\u00dfballfans mit gr\u00f6\u00dferen Gr\u00f6\u00dfen suchen. Das Trikot ist <strong data-start=\"433\" data-end=\"462\">au\u00dfergew\u00f6hnlich lang und breit<\/strong>, und hergestellt aus <strong data-start=\"486\" data-end=\"513\">dehnbares Material<\/strong>, typisch f\u00fcr Kappa-Designs dieser Zeit.<\/p>\n<p data-start=\"562\" data-end=\"1026\">Das Modell basiert auf dem klassischen Farbschema des Clubs: <strong data-start=\"608\" data-end=\"647\">die rechte Seite des Hemdes ist blau<\/strong>, w\u00e4hrend <strong data-start=\"659\" data-end=\"675\">links - wei\u00df<\/strong>, So entsteht eine klare zweifarbige Trennung, die schon von weitem sichtbar ist. Die \u00c4rmel sind schwarz <strong data-start=\"770\" data-end=\"788\">Logos von Kappa<\/strong>, die f\u00fcr ein sportliches Finish sorgen. Die Vorderseite ist links <strong data-start=\"859\" data-end=\"889\">Platz f\u00fcr Sponsorenaufdruck<\/strong>, In dieser Kopie ist das Hemd jedoch <strong data-start=\"935\" data-end=\"948\">ohne sie<\/strong>, Dadurch wirkt das Design noch klarer und minimalistischer.<\/p>\n<p data-start=\"1028\" data-end=\"1320\">Das T-Shirt ist hergestellt aus <strong data-start=\"1056\" data-end=\"1088\">flexibles, leichtes Gewebe<\/strong>, die sich der Silhouette anpasst und gleichzeitig f\u00fcr <strong data-start=\"1149\" data-end=\"1177\">Komfort und Bewegungsfreiheit<\/strong>. Die Kombination aus dem gro\u00dfen Format, den klassischen Farben und dem typischen Kappa-Schnitt macht dieses Modell sowohl auff\u00e4llig als auch schn\u00f6rkellos.<\/p>\n<p data-start=\"1322\" data-end=\"1594\" data-is-last-node=\"\" data-is-only-node=\"\">Diese <strong data-start=\"1325\" data-end=\"1394\">original TSV 1860 M\u00fcnchen Fu\u00dfballtrikot aus der Saison 2007\/08<\/strong> ist eine gute Option f\u00fcr <strong data-start=\"1421\" data-end=\"1457\">Sammler von Club-T-Shirts<\/strong>Fans <strong data-start=\"1465\" data-end=\"1489\">deutscher Fu\u00dfball<\/strong> und diejenigen, die <strong data-start=\"1514\" data-end=\"1593\">seltene, nicht standardisierte Modelle mit einer klassischen zweifarbigen \u00c4sthetik<\/strong>.<\/p>","protected":false},"featured_media":109732,"template":"","meta":{"_kad_blocks_custom_css":"","_kad_blocks_head_custom_js":"","_kad_blocks_body_custom_js":"","_kad_blocks_footer_custom_js":"","_kad_post_transparent":"default","_kad_post_title":"","_kad_post_layout":"default","_kad_post_sidebar_id":"","_kad_post_content_style":"default","_kad_post_vertical_padding":"default","_kad_post_feature":"","_kad_post_feature_position":"","_kad_post_header":false,"_kad_post_footer":false,"_kad_post_classname":""},"product_brand":[1290],"product_cat":[15,1490],"product_tag":[],"class_list":{"0":"post-109525","1":"product","2":"type-product","3":"status-publish","4":"has-post-thumbnail","6":"product_brand-kappa","7":"product_cat-bez-kategorii","8":"product_cat-pozostale-kluby-niemieckie","9":"pa_homeawaythird-home","10":"pa_rozmiar-3xl","12":"first","13":"instock","14":"taxable","15":"shipping-taxable","16":"purchasable","17":"product-type-simple","18":"entry","19":"content-bg","20":"loop-entry"},"taxonomy_info":{"product_brand":[{"value":1290,"label":"Kappa"}],"product_cat":[{"value":15,"label":"Bez kategorii"},{"value":1490,"label":"Pozosta\u0142e kluby niemieckie"}],"pa_homeawaythird":[{"value":1597,"label":"Home"}],"pa_rozmiar":[{"value":1943,"label":"3XL"}]},"featured_image_src_large":["https:\/\/footballthrift.shop\/wp-content\/uploads\/2025\/11\/Photoroom_036_20251112_105050-1024x1024.png",1024,1024,true],"author_info":[],"comment_info":"","_links":{"self":[{"href":"https:\/\/footballthrift.shop\/de\/wp-json\/wp\/v2\/product\/109525","targetHints":{"allow":["GET"]}}],"collection":[{"href":"https:\/\/footballthrift.shop\/de\/wp-json\/wp\/v2\/product"}],"about":[{"href":"https:\/\/footballthrift.shop\/de\/wp-json\/wp\/v2\/types\/product"}],"wp:featuredmedia":[{"embeddable":true,"href":"https:\/\/footballthrift.shop\/de\/wp-json\/wp\/v2\/media\/109732"}],"wp:attachment":[{"href":"https:\/\/footballthrift.shop\/de\/wp-json\/wp\/v2\/media?parent=109525"}],"wp:term":[{"taxonomy":"product_brand","embeddable":true,"href":"https:\/\/footballthrift.shop\/de\/wp-json\/wp\/v2\/product_brand?post=109525"},{"taxonomy":"product_cat","embeddable":true,"href":"https:\/\/footballthrift.shop\/de\/wp-json\/wp\/v2\/product_cat?post=109525"},{"taxonomy":"product_tag","embeddable":true,"href":"https:\/\/footballthrift.shop\/de\/wp-json\/wp\/v2\/product_tag?post=109525"}],"curies":[{"name":"wp","href":"https:\/\/api.w.org\/{rel}","templated":true}]}}