{"id":109522,"date":"2025-11-16T17:54:34","date_gmt":"2025-11-16T16:54:34","guid":{"rendered":"https:\/\/footballthrift.shop\/?post_type=product&#038;p=109522"},"modified":"2026-03-09T11:26:13","modified_gmt":"2026-03-09T10:26:13","slug":"olympique-marseille-fusball-trikot-2011-12-heim-xl","status":"publish","type":"product","link":"https:\/\/footballthrift.shop\/de\/koszulka-pilkarska-olympique-marsylia-2011-12-home-xl\/","title":{"rendered":"Koszulka pi\u0142karska Olympique Marsylia 2011\/12 Home [XL]"},"content":{"rendered":"<p><strong>Verein:<\/strong> Olympique Marseille<\/p>\n<p><strong>Saison:<\/strong> 2011\/12 Startseite<\/p>\n<p><strong>Gr\u00f6\u00dfe: <\/strong>XL<\/p>\n<p><strong>Zustand:<\/strong> Ausgezeichnet<\/p>\n<p><strong>Ma\u00dfe (Achselbreite\/L\u00e4nge) in cm: <\/strong>59\/77<\/p>","protected":false},"excerpt":{"rendered":"<p data-start=\"0\" data-end=\"99\"><strong data-start=\"0\" data-end=\"97\">Original Olympique Marseille Heim-Fu\u00dfballtrikot aus der Saison 2011\/12 - hergestellt von Adidas.\u00a0<\/strong><\/p>\n<p data-start=\"101\" data-end=\"452\">Diese <strong data-start=\"104\" data-end=\"137\">Original-Fu\u00dfballtrikot<\/strong> wurde <strong data-start=\"146\" data-end=\"177\">hergestellt von Adidas<\/strong> f\u00fcr <strong data-start=\"182\" data-end=\"204\">Olympique Marseille<\/strong> f\u00fcr die Saison <strong data-start=\"214\" data-end=\"225\">2011\/12<\/strong> und zeichnet sich durch ein elegantes, frisches Design aus, das f\u00fcr die klassische \u00c4sthetik des Clubs aus S\u00fcdfrankreich charakteristisch ist. Das Modell in <strong data-start=\"348\" data-end=\"364\">Gr\u00f6\u00dfe XL<\/strong> verbindet Tradition mit subtiler Modernit\u00e4t und bewahrt dabei die unverwechselbare Identit\u00e4t von OM.<\/p>\n<p data-start=\"454\" data-end=\"1033\">Das T-Shirt basiert auf <strong data-start=\"473\" data-end=\"490\">Reines Wei\u00df<\/strong>die sie brechen <strong data-start=\"509\" data-end=\"529\">blaue Akzente<\/strong> - Die Farbe ist seit vielen Jahren mit dem Verein verbunden. Sie wurde verwendet in Form von <strong data-start=\"588\" data-end=\"611\">Streifen an den \u00c4rmeln<\/strong>, <strong data-start=\"613\" data-end=\"639\">den letzten Schliff an ihren Enden<\/strong> und unter <strong data-start=\"649\" data-end=\"676\">Polokragen<\/strong>, was dem Gesamtdesign eine elegante Note verleiht. Die Vorderseite zeigt drei <strong data-start=\"753\" data-end=\"795\">diagonal eingestreute blaue Streifen<\/strong>, Dadurch entsteht ein dynamischer visueller Effekt, der dem Design mehr Tiefe verleiht. Mittig positioniert <strong data-start=\"884\" data-end=\"911\">BetClic Sponsor Impressum<\/strong>, und dar\u00fcber sind die folgenden <strong data-start=\"932\" data-end=\"948\">Adidas-Logo<\/strong> und <strong data-start=\"954\" data-end=\"981\">Wappen von Olympique Marseille<\/strong>, die in einem harmonischen und ausgewogenen Layout angeordnet sind.<\/p>\n<p data-start=\"1035\" data-end=\"1293\">Das Modell ist hergestellt aus <strong data-start=\"1052\" data-end=\"1088\">leichtes, technisches Material<\/strong>Bereitstellung von <strong data-start=\"1105\" data-end=\"1147\">Komfort, Atmungsaktivit\u00e4t und Bewegungsfreiheit<\/strong>. Es ist eine Kombination aus Eleganz, Schlichtheit und modernen Details, die das Trikot perfekt die Atmosph\u00e4re des Marseille-Fu\u00dfballs der fr\u00fchen 2010er Jahre einfangen l\u00e4sst.<\/p>\n<p data-start=\"1295\" data-end=\"1551\" data-is-last-node=\"\" data-is-only-node=\"\">Diese <strong data-start=\"1298\" data-end=\"1367\">Original Olympique Marseille Fu\u00dfballtrikot aus der Saison 2011\/12<\/strong> ist eine ausgezeichnete Wahl f\u00fcr <strong data-start=\"1391\" data-end=\"1427\">Sammler von Club-T-Shirts<\/strong>Fans <strong data-start=\"1435\" data-end=\"1459\">franz\u00f6sischer Fu\u00dfball<\/strong> und diejenigen, die Wert auf <strong data-start=\"1480\" data-end=\"1508\">modische Adidas-Designs<\/strong> in einem klassischen blau-wei\u00dfen Farbschema.<\/p>","protected":false},"featured_media":109708,"template":"","meta":{"_kad_blocks_custom_css":"","_kad_blocks_head_custom_js":"","_kad_blocks_body_custom_js":"","_kad_blocks_footer_custom_js":"","_kad_post_transparent":"default","_kad_post_title":"","_kad_post_layout":"default","_kad_post_sidebar_id":"","_kad_post_content_style":"default","_kad_post_vertical_padding":"default","_kad_post_feature":"","_kad_post_feature_position":"","_kad_post_header":false,"_kad_post_footer":false,"_kad_post_classname":""},"product_brand":[1283],"product_cat":[15,1452],"product_tag":[],"class_list":{"0":"post-109522","1":"product","2":"type-product","3":"status-publish","4":"has-post-thumbnail","6":"product_brand-adidas","7":"product_cat-bez-kategorii","8":"product_cat-olympique-marsylia","9":"pa_homeawaythird-home","10":"pa_rozmiar-xl","12":"first","13":"instock","14":"taxable","15":"shipping-taxable","16":"purchasable","17":"product-type-simple","18":"entry","19":"content-bg","20":"loop-entry"},"taxonomy_info":{"product_brand":[{"value":1283,"label":"Adidas"}],"product_cat":[{"value":15,"label":"Bez kategorii"},{"value":1452,"label":"Olympique Marsylia"}],"pa_homeawaythird":[{"value":1597,"label":"Home"}],"pa_rozmiar":[{"value":1818,"label":"XL"}]},"featured_image_src_large":["https:\/\/footballthrift.shop\/wp-content\/uploads\/2025\/11\/Photoroom_031_20251112_105050-1024x1024.png",1024,1024,true],"author_info":[],"comment_info":"","_links":{"self":[{"href":"https:\/\/footballthrift.shop\/de\/wp-json\/wp\/v2\/product\/109522","targetHints":{"allow":["GET"]}}],"collection":[{"href":"https:\/\/footballthrift.shop\/de\/wp-json\/wp\/v2\/product"}],"about":[{"href":"https:\/\/footballthrift.shop\/de\/wp-json\/wp\/v2\/types\/product"}],"wp:featuredmedia":[{"embeddable":true,"href":"https:\/\/footballthrift.shop\/de\/wp-json\/wp\/v2\/media\/109708"}],"wp:attachment":[{"href":"https:\/\/footballthrift.shop\/de\/wp-json\/wp\/v2\/media?parent=109522"}],"wp:term":[{"taxonomy":"product_brand","embeddable":true,"href":"https:\/\/footballthrift.shop\/de\/wp-json\/wp\/v2\/product_brand?post=109522"},{"taxonomy":"product_cat","embeddable":true,"href":"https:\/\/footballthrift.shop\/de\/wp-json\/wp\/v2\/product_cat?post=109522"},{"taxonomy":"product_tag","embeddable":true,"href":"https:\/\/footballthrift.shop\/de\/wp-json\/wp\/v2\/product_tag?post=109522"}],"curies":[{"name":"wp","href":"https:\/\/api.w.org\/{rel}","templated":true}]}}