{"id":109508,"date":"2025-11-16T17:54:40","date_gmt":"2025-11-16T16:54:40","guid":{"rendered":"https:\/\/footballthrift.shop\/?post_type=product&#038;p=109508"},"modified":"2026-03-09T11:26:11","modified_gmt":"2026-03-09T10:26:11","slug":"koszulka-pilkarska-birmingham-city-fc-1996-97-home-m","status":"publish","type":"product","link":"https:\/\/footballthrift.shop\/de\/koszulka-pilkarska-birmingham-city-fc-1996-97-home-m\/","title":{"rendered":"Koszulka pi\u0142karska Birmingham City FC 1996\/97 Home [M]"},"content":{"rendered":"<p><strong>Verein:<\/strong> Birmingham City FC<\/p>\n<p><strong>Saison:<\/strong> 1996\/97 Heimat<\/p>\n<p><strong>Gr\u00f6\u00dfe: <\/strong>M<\/p>\n<p><strong>Zustand:<\/strong> Befriedigend \u2013 Verschmutzungen am \u00c4rmelende, am unteren Rand des Trikots und auf dem Sponsorenaufdruck sowie zwei winzige L\u00f6cher.<\/p>\n<p><strong>Ma\u00dfe (Achselbreite\/L\u00e4nge) in cm: <\/strong>57\/71<\/p>","protected":false},"excerpt":{"rendered":"<p data-start=\"0\" data-end=\"96\"><strong data-start=\"0\" data-end=\"94\">Original Birmingham City FC Heimtrikot aus der Saison 1996\/97 - hergestellt von Pony.<\/strong><\/p>\n<p data-start=\"98\" data-end=\"431\">Diese <strong data-start=\"101\" data-end=\"134\">Original-Fu\u00dfballtrikot<\/strong> wurde von dem Unternehmen <strong data-start=\"170\" data-end=\"178\">Pony<\/strong> f\u00fcr <strong data-start=\"183\" data-end=\"205\">Birmingham City FC<\/strong> f\u00fcr die Saison <strong data-start=\"215\" data-end=\"226\">1996\/97<\/strong> und ist ein markantes Beispiel f\u00fcr die \u00c4sthetik des englischen Fu\u00dfballs in den 1990er Jahren. Das Modell in der <strong data-start=\"310\" data-end=\"325\">Gr\u00f6\u00dfe M<\/strong> verbindet solide Verarbeitung mit klassischem Aussehen und spiegelt den Geist der Epoche, in der es entstanden ist, perfekt wider.<\/p>\n<p data-start=\"433\" data-end=\"889\">Das T-Shirt wird gepflegt in <strong data-start=\"459\" data-end=\"493\">intensive blaue Farbe<\/strong>, die traditionell mit dem Blues in Verbindung gebracht werden. <strong data-start=\"533\" data-end=\"557\">Schwarze Seitenw\u00e4nde<\/strong> Sie verleihen ihm einen modernen, dynamischen Charakter und <strong data-start=\"610\" data-end=\"630\">wei\u00dfer Kragen<\/strong> Der Polo-Stil sorgt f\u00fcr einen eleganten Kontrast, der typisch f\u00fcr die Designs der damaligen Zeit ist. Die Vorderseite zeigt <strong data-start=\"734\" data-end=\"770\">Auto Windschutzscheiben Sponsor Impressum<\/strong>, und dar\u00fcber - <strong data-start=\"790\" data-end=\"814\">Logo des Ponyherstellers<\/strong> und <strong data-start=\"820\" data-end=\"834\">Vereinswappen<\/strong>, die in einem klassischen, ausgewogenen Layout angeordnet sind.<\/p>\n<p data-start=\"891\" data-end=\"1208\">Das T-Shirt ist hergestellt aus <strong data-start=\"919\" data-end=\"951\">robustes, langlebiges Material<\/strong>, Das f\u00fcr die Mitte der 1990er Jahre charakteristische Design sorgt f\u00fcr Langlebigkeit und einen authentischen Vintage-Look. Es ist ein Modell, das beides einf\u00e4ngt <strong data-start=\"1082\" data-end=\"1123\">die raue Natur des englischen Fu\u00dfballs<\/strong>, sowie einen spezifischen Stil, der die Einfachheit und die ausdrucksstarke Form betont.<\/p>\n<p data-start=\"1210\" data-end=\"1497\" data-is-last-node=\"\" data-is-only-node=\"\">Diese <strong data-start=\"1213\" data-end=\"1282\">Original Birmingham City FC Fu\u00dfballtrikot aus der Saison 1996\/97<\/strong> ist eine ausgezeichnete Wahl f\u00fcr <strong data-start=\"1306\" data-end=\"1366\">Sammler von Trikots englischer Vereine<\/strong>, Liebhaber <strong data-start=\"1379\" data-end=\"1398\">Fu\u00dfball aus den 1990er Jahren.<\/strong> und diejenigen, die Wert auf <strong data-start=\"1419\" data-end=\"1459\">robuste Verarbeitung und klassisches Design<\/strong> charakteristisch f\u00fcr diese Zeit.<\/p>","protected":false},"featured_media":109544,"template":"","meta":{"_kad_blocks_custom_css":"","_kad_blocks_head_custom_js":"","_kad_blocks_body_custom_js":"","_kad_blocks_footer_custom_js":"","_kad_post_transparent":"default","_kad_post_title":"","_kad_post_layout":"default","_kad_post_sidebar_id":"","_kad_post_content_style":"default","_kad_post_vertical_padding":"default","_kad_post_feature":"","_kad_post_feature_position":"","_kad_post_header":false,"_kad_post_footer":false,"_kad_post_classname":""},"product_brand":[1320],"product_cat":[15,1485],"product_tag":[],"class_list":{"0":"post-109508","1":"product","2":"type-product","3":"status-publish","4":"has-post-thumbnail","6":"product_brand-pony","7":"product_cat-bez-kategorii","8":"product_cat-pozostale-kluby-angielskie","9":"pa_homeawaythird-home","10":"pa_rozmiar-m","12":"first","13":"instock","14":"taxable","15":"shipping-taxable","16":"purchasable","17":"product-type-simple","18":"entry","19":"content-bg","20":"loop-entry"},"taxonomy_info":{"product_brand":[{"value":1320,"label":"Pony"}],"product_cat":[{"value":15,"label":"Bez kategorii"},{"value":1485,"label":"Pozosta\u0142e kluby angielskie"}],"pa_homeawaythird":[{"value":1597,"label":"Home"}],"pa_rozmiar":[{"value":1816,"label":"M"}]},"featured_image_src_large":["https:\/\/footballthrift.shop\/wp-content\/uploads\/2025\/11\/Photoroom_008_20251112_105050-1024x1024.png",1024,1024,true],"author_info":[],"comment_info":"","_links":{"self":[{"href":"https:\/\/footballthrift.shop\/de\/wp-json\/wp\/v2\/product\/109508","targetHints":{"allow":["GET"]}}],"collection":[{"href":"https:\/\/footballthrift.shop\/de\/wp-json\/wp\/v2\/product"}],"about":[{"href":"https:\/\/footballthrift.shop\/de\/wp-json\/wp\/v2\/types\/product"}],"wp:featuredmedia":[{"embeddable":true,"href":"https:\/\/footballthrift.shop\/de\/wp-json\/wp\/v2\/media\/109544"}],"wp:attachment":[{"href":"https:\/\/footballthrift.shop\/de\/wp-json\/wp\/v2\/media?parent=109508"}],"wp:term":[{"taxonomy":"product_brand","embeddable":true,"href":"https:\/\/footballthrift.shop\/de\/wp-json\/wp\/v2\/product_brand?post=109508"},{"taxonomy":"product_cat","embeddable":true,"href":"https:\/\/footballthrift.shop\/de\/wp-json\/wp\/v2\/product_cat?post=109508"},{"taxonomy":"product_tag","embeddable":true,"href":"https:\/\/footballthrift.shop\/de\/wp-json\/wp\/v2\/product_tag?post=109508"}],"curies":[{"name":"wp","href":"https:\/\/api.w.org\/{rel}","templated":true}]}}