{"id":109232,"date":"2025-11-09T17:57:26","date_gmt":"2025-11-09T16:57:26","guid":{"rendered":"https:\/\/footballthrift.shop\/?post_type=product&#038;p=109232"},"modified":"2026-03-09T11:26:17","modified_gmt":"2026-03-09T10:26:17","slug":"koszulka-pilkarska-bnwt-psg-2020-21-third-s","status":"publish","type":"product","link":"https:\/\/footballthrift.shop\/de\/koszulka-pilkarska-bnwt-psg-2020-21-third-s\/","title":{"rendered":"Koszulka pi\u0142karska BNWT PSG 2020\/21 Third [S]"},"content":{"rendered":"<p><strong>Verein:<\/strong> PSG<\/p>\n<p><strong>Saison:<\/strong> 2020\/21 Dritte<\/p>\n<p><strong>Gr\u00f6\u00dfe: <\/strong>S<\/p>\n<p><strong>Zustand:<\/strong> BNWT - T-shirt neu, mit Etiketten.<\/p>\n<p><strong>Ma\u00dfe (Achselbreite\/L\u00e4nge) in cm: <\/strong>49\/70<\/p>","protected":false},"excerpt":{"rendered":"<article class=\"text-token-text-primary w-full focus:outline-none [--shadow-height:45px] has-data-writing-block:pointer-events-none has-data-writing-block:-mt-(--shadow-height) has-data-writing-block:pt-(--shadow-height) [&amp;:has([data-writing-block])&gt;*]:pointer-events-auto [content-visibility:auto] supports-[content-visibility:auto]:[contain-intrinsic-size:auto_100lvh] scroll-mt-[calc(var(--header-height)+min(200px,max(70px,20svh)))]\" dir=\"auto\" data-turn-id=\"request-68fd285f-2f84-8329-bd83-00af952aa646-8\" data-testid=\"conversation-turn-230\" data-scroll-anchor=\"true\" data-turn=\"assistant\" data-mce-tabindex=\"-1\">\n<div class=\"text-base my-auto mx-auto pb-10 [--thread-content-margin:--spacing(4)] thread-sm:[--thread-content-margin:--spacing(6)] thread-lg:[--thread-content-margin:--spacing(16)] px-(--thread-content-margin)\">\n<div class=\"[--thread-content-max-width:40rem] thread-lg:[--thread-content-max-width:48rem] mx-auto max-w-(--thread-content-max-width) flex-1 group\/turn-messages focus-visible:outline-hidden relative flex w-full min-w-0 flex-col agent-turn\" data-mce-tabindex=\"-1\">\n<div class=\"flex max-w-full flex-col grow\">\n<div class=\"min-h-8 text-message relative flex w-full flex-col items-end gap-2 text-start break-words whitespace-normal [.text-message+&amp;]:mt-1\" dir=\"auto\" data-message-author-role=\"assistant\" data-message-id=\"d96eb3f9-3771-438b-9c74-3f64e2bafe05\" data-message-model-slug=\"gpt-5\">\n<div class=\"flex w-full flex-col gap-1 empty:hidden first:pt-[1px]\">\n<div class=\"markdown prose dark:prose-invert w-full break-words light markdown-new-styling\">\n<p data-start=\"0\" data-end=\"113\"><strong data-start=\"0\" data-end=\"111\">Oryginalna trzecia koszulka pi\u0142karska Paris Saint-Germain z sezonu 2020\/21 \u2013 produkcji Nike, z linii Jordan Brand.<\/strong><\/p>\n<p data-start=\"115\" data-end=\"503\">To efektowny model przygotowany dla <strong data-start=\"151\" data-end=\"174\">Paris Saint-Germain<\/strong> w sezonie <strong data-start=\"185\" data-end=\"196\">2020\/21<\/strong>, pochodz\u0105cy z presti\u017cowej linii <strong data-start=\"229\" data-end=\"245\">Jordan Brand<\/strong>, kt\u00f3ra nada\u0142a klubowym strojom unikatowy, luksusowy charakter. Prezentowany egzemplarz w <strong data-start=\"335\" data-end=\"350\">rozmiarze S<\/strong>, <strong data-start=\"352\" data-end=\"386\">zachowany z metkami sklepowymi<\/strong>, stanowi pe\u0142noprawn\u0105 wersj\u0119 trzeciego kompletu, cenion\u0105 zar\u00f3wno przez kolekcjoner\u00f3w, jak i fan\u00f3w paryskiego klubu.<\/p>\n<p data-start=\"505\" data-end=\"866\">Koszulka zosta\u0142a oparta na intensywnym, eleganckim <strong data-start=\"556\" data-end=\"576\">bordowym froncie<\/strong>, kt\u00f3ry w po\u0142\u0105czeniu z kontrastowymi elementami tworzy jedn\u0105 z najbardziej wysmakowanych kompozycji w historii alternatywnych stroj\u00f3w PSG. <strong data-start=\"715\" data-end=\"754\">R\u0119kawki w czarno-bia\u0142ej kolorystyce<\/strong> nadaj\u0105 projektowi wyrazisto\u015bci, a <strong data-start=\"789\" data-end=\"823\">czarne wyko\u0144czenie ko\u0142nierzyka<\/strong> spaja ca\u0142o\u015b\u0107 w sp\u00f3jn\u0105, nowoczesn\u0105 form\u0119.<\/p>\n<p data-start=\"868\" data-end=\"1213\">Najmocniejszym akcentem wizualnym modelu s\u0105 elementy w <strong data-start=\"923\" data-end=\"945\">z\u0142otej kolorystyce<\/strong> \u2013 <strong data-start=\"948\" data-end=\"988\">nadruk sponsora Accor Live Limitless<\/strong>, <strong data-start=\"990\" data-end=\"1011\">logo Jordan Brand<\/strong> oraz z\u0142ote detale na <strong data-start=\"1033\" data-end=\"1047\">herbie PSG<\/strong>. Po\u0142\u0105czenie borda i z\u0142ota tworzy stylistyk\u0119 premium, idealnie wpisuj\u0105c\u0105 si\u0119 w wizerunek Paris Saint-Germain jako klubu \u0142\u0105cz\u0105cego futbolow\u0105 elit\u0119 z modow\u0105 estetyk\u0105.<\/p>\n<p data-start=\"1215\" data-end=\"1515\">Materia\u0142 ma lekk\u0105, techniczn\u0105 struktur\u0119, zapewniaj\u0105c\u0105 komfort, przewiewno\u015b\u0107 i nowoczesne dopasowanie, typowe dla projekt\u00f3w Nike z linii Jordan. Wyraziste zestawienie barw i luksusowych akcent\u00f3w uczyni\u0142o ten komplet jednym z najbardziej wyr\u00f3\u017cniaj\u0105cych si\u0119 projekt\u00f3w alternatywnych w sezonie 2020\/21.<\/p>\n<p data-start=\"1517\" data-end=\"1762\" data-is-last-node=\"\" data-is-only-node=\"\">Ta <strong data-start=\"1520\" data-end=\"1557\">oryginalna koszulka pi\u0142karska PSG<\/strong> z serii <strong data-start=\"1566\" data-end=\"1582\">Jordan Brand<\/strong> to znakomita propozycja dla fan\u00f3w stylowych projekt\u00f3w paryskiego klubu, kolekcjoner\u00f3w limitowanych edycji oraz os\u00f3b ceni\u0105cych po\u0142\u0105czenie futbolowego wzornictwa z estetyk\u0105 premium.<\/p>\n<\/div>\n<\/div>\n<\/div>\n<\/div>\n<\/div>\n<\/div>\n<\/article>\n","protected":false},"featured_media":109426,"template":"","meta":{"_kad_blocks_custom_css":"","_kad_blocks_head_custom_js":"","_kad_blocks_body_custom_js":"","_kad_blocks_footer_custom_js":"","_kad_post_transparent":"default","_kad_post_title":"","_kad_post_layout":"default","_kad_post_sidebar_id":"","_kad_post_content_style":"default","_kad_post_vertical_padding":"default","_kad_post_feature":"","_kad_post_feature_position":"","_kad_post_header":false,"_kad_post_footer":false,"_kad_post_classname":""},"product_brand":[1284],"product_cat":[15,2033,1467],"product_tag":[],"class_list":{"0":"post-109232","1":"product","2":"type-product","3":"status-publish","4":"has-post-thumbnail","6":"product_brand-nike","7":"product_cat-bez-kategorii","8":"product_cat-bnwt","9":"product_cat-kluby-francuskie-parissaintgermain","10":"pa_homeawaythird-third","11":"pa_rozmiar-s","13":"first","14":"instock","15":"taxable","16":"shipping-taxable","17":"purchasable","18":"product-type-simple","19":"entry","20":"content-bg","21":"loop-entry"},"taxonomy_info":{"product_brand":[{"value":1284,"label":"Nike"}],"product_cat":[{"value":15,"label":"Bez kategorii"},{"value":2033,"label":"BNWT"},{"value":1467,"label":"Paris Saint Germain"}],"pa_homeawaythird":[{"value":1599,"label":"Third"}],"pa_rozmiar":[{"value":1815,"label":"S"}]},"featured_image_src_large":["https:\/\/footballthrift.shop\/wp-content\/uploads\/2025\/11\/Photoroom_032_20251107_103426-1024x1024.png",1024,1024,true],"author_info":[],"comment_info":"","_links":{"self":[{"href":"https:\/\/footballthrift.shop\/de\/wp-json\/wp\/v2\/product\/109232","targetHints":{"allow":["GET"]}}],"collection":[{"href":"https:\/\/footballthrift.shop\/de\/wp-json\/wp\/v2\/product"}],"about":[{"href":"https:\/\/footballthrift.shop\/de\/wp-json\/wp\/v2\/types\/product"}],"wp:featuredmedia":[{"embeddable":true,"href":"https:\/\/footballthrift.shop\/de\/wp-json\/wp\/v2\/media\/109426"}],"wp:attachment":[{"href":"https:\/\/footballthrift.shop\/de\/wp-json\/wp\/v2\/media?parent=109232"}],"wp:term":[{"taxonomy":"product_brand","embeddable":true,"href":"https:\/\/footballthrift.shop\/de\/wp-json\/wp\/v2\/product_brand?post=109232"},{"taxonomy":"product_cat","embeddable":true,"href":"https:\/\/footballthrift.shop\/de\/wp-json\/wp\/v2\/product_cat?post=109232"},{"taxonomy":"product_tag","embeddable":true,"href":"https:\/\/footballthrift.shop\/de\/wp-json\/wp\/v2\/product_tag?post=109232"}],"curies":[{"name":"wp","href":"https:\/\/api.w.org\/{rel}","templated":true}]}}