{"id":109230,"date":"2025-11-09T17:57:27","date_gmt":"2025-11-09T16:57:27","guid":{"rendered":"https:\/\/footballthrift.shop\/?post_type=product&#038;p=109230"},"modified":"2026-03-09T11:26:17","modified_gmt":"2026-03-09T10:26:17","slug":"koszulka-pilkarska-nigeria-2022-24-away-m","status":"publish","type":"product","link":"https:\/\/footballthrift.shop\/de\/koszulka-pilkarska-nigeria-2022-24-away-m\/","title":{"rendered":"Koszulka pi\u0142karska Nigeria 2022\/24 Away [M]"},"content":{"rendered":"<p><strong>Verein:<\/strong> Nigeria<\/p>\n<p><strong>Saison:<\/strong> 2022\/24 Ausw\u00e4rts<\/p>\n<p><strong>Gr\u00f6\u00dfe: <\/strong>M<\/p>\n<p><strong>Zustand:<\/strong> Sehr gut - ein Mikrozug.<\/p>\n<p><strong>Ma\u00dfe (Achselbreite\/L\u00e4nge) in cm: <\/strong>51\/71<\/p>","protected":false},"excerpt":{"rendered":"<article class=\"text-token-text-primary w-full focus:outline-none [--shadow-height:45px] has-data-writing-block:pointer-events-none has-data-writing-block:-mt-(--shadow-height) has-data-writing-block:pt-(--shadow-height) [&amp;:has([data-writing-block])&gt;*]:pointer-events-auto [content-visibility:auto] supports-[content-visibility:auto]:[contain-intrinsic-size:auto_100lvh] scroll-mt-[calc(var(--header-height)+min(200px,max(70px,20svh)))]\" dir=\"auto\" tabindex=\"-1\" data-turn-id=\"54a17b29-c0ab-4656-ad98-7718ca54c912\" data-testid=\"conversation-turn-226\" data-scroll-anchor=\"true\" data-turn=\"assistant\">\n<div class=\"text-base my-auto mx-auto pb-10 [--thread-content-margin:--spacing(4)] thread-sm:[--thread-content-margin:--spacing(6)] thread-lg:[--thread-content-margin:--spacing(16)] px-(--thread-content-margin)\">\n<div class=\"[--thread-content-max-width:40rem] thread-lg:[--thread-content-max-width:48rem] mx-auto max-w-(--thread-content-max-width) flex-1 group\/turn-messages focus-visible:outline-hidden relative flex w-full min-w-0 flex-col agent-turn\" tabindex=\"-1\">\n<div class=\"flex max-w-full flex-col grow\">\n<div class=\"min-h-8 text-message relative flex w-full flex-col items-end gap-2 text-start break-words whitespace-normal [.text-message+&amp;]:mt-1\" dir=\"auto\" data-message-author-role=\"assistant\" data-message-id=\"f675a3e8-22d4-4cdd-8136-aac9ac552d9d\" data-message-model-slug=\"gpt-5\">\n<div class=\"flex w-full flex-col gap-1 empty:hidden first:pt-[1px]\">\n<div class=\"markdown prose dark:prose-invert w-full break-words light markdown-new-styling\">\n<p data-start=\"0\" data-end=\"101\"><strong data-start=\"0\" data-end=\"99\">Oryginalna wyjazdowa koszulka pi\u0142karska reprezentacji Nigerii z lat 2022\u20132024 \u2013 produkcji Nike.\u00a0<\/strong><\/p>\n<p data-start=\"103\" data-end=\"442\">To model przygotowany przez <strong data-start=\"131\" data-end=\"139\">Nike<\/strong> dla reprezentacji <strong data-start=\"158\" data-end=\"169\">Nigerii<\/strong> na lata <strong data-start=\"178\" data-end=\"191\">2022\u20132024<\/strong>, utrzymany w estetyce \u0142\u0105cz\u0105cej czyst\u0105 baz\u0119 z charakterystycznymi dla \u201eSuper Eagles\u201d akcentami graficznymi. Prezentowany egzemplarz w <strong data-start=\"325\" data-end=\"340\">rozmiarze M<\/strong> nawi\u0105zuje do wsp\u00f3\u0142czesnej linii stroj\u00f3w kadry, kt\u00f3ra s\u0142ynie z odwa\u017cnych, rozpoznawalnych projekt\u00f3w.<\/p>\n<p data-start=\"444\" data-end=\"1005\">Koszulka zosta\u0142a wykonana w <strong data-start=\"472\" data-end=\"490\">bia\u0142ym kolorze<\/strong>, co od lat definiuje wyjazdowe komplety Nigerii. Kontrast wprowadzaj\u0105 <strong data-start=\"561\" data-end=\"607\">zielone wyko\u0144czenia ko\u0142nierzyka i r\u0119kawk\u00f3w<\/strong>, dzi\u0119ki kt\u00f3rym projekt zachowuje silny zwi\u0105zek z narodowymi barwami. To jednak r\u0119kawy s\u0105 najbardziej unikatowym elementem tego modelu \u2013 znajduj\u0105 si\u0119 na nich <strong data-start=\"765\" data-end=\"816\">tr\u00f3jk\u0105tne wzory w r\u00f3\u017cnych kolorach i kszta\u0142tach<\/strong>, uk\u0142adaj\u0105ce si\u0119 w dynamiczn\u0105 mozaik\u0119. Ten motyw graficzny nadaje koszulce energii i doskonale wpisuje j\u0105 w tradycj\u0119 nowoczesnych projekt\u00f3w Nike tworzonych dla afryka\u0144skich reprezentacji.<\/p>\n<p data-start=\"1007\" data-end=\"1233\">Front zachowano w minimalistycznym uk\u0142adzie: <strong data-start=\"1052\" data-end=\"1070\">herb federacji<\/strong>, <strong data-start=\"1072\" data-end=\"1085\">logo Nike<\/strong> oraz pozosta\u0142e elementy umieszczono w klasycznej, wywa\u017conej kompozycji, dzi\u0119ki czemu odwa\u017cny design r\u0119kaw\u00f3w staje si\u0119 g\u0142\u00f3wnym akcentem wizualnym.<\/p>\n<p data-start=\"1235\" data-end=\"1485\">Materia\u0142 jest lekki i techniczny, zapewniaj\u0105cy wysok\u0105 przewiewno\u015b\u0107 i komfort, zgodnie ze standardem wsp\u00f3\u0142czesnych projekt\u00f3w Nike dla dru\u017cyn narodowych. Ca\u0142o\u015b\u0107 \u0142\u0105czy nowoczesn\u0105 funkcjonalno\u015b\u0107 z wyrazistym, typowym dla Nigerii charakterem graficznym.<\/p>\n<p data-start=\"1487\" data-end=\"1757\" data-is-last-node=\"\" data-is-only-node=\"\">Ta <strong data-start=\"1490\" data-end=\"1531\">oryginalna koszulka pi\u0142karska Nigerii<\/strong> z lat <strong data-start=\"1538\" data-end=\"1551\">2022\u20132024<\/strong> to \u015bwietna propozycja dla mi\u0142o\u015bnik\u00f3w wsp\u00f3\u0142czesnych, odwa\u017cnych projekt\u00f3w reprezentacyjnych, kolekcjoner\u00f3w modeli Nike oraz os\u00f3b ceni\u0105cych po\u0142\u0105czenie prostoty i wyrazistego detalu w jednym sp\u00f3jnym projekcie.<\/p>\n<\/div>\n<\/div>\n<\/div>\n<\/div>\n<\/div>\n<\/div>\n<\/article>\n","protected":false},"featured_media":109409,"template":"","meta":{"_kad_blocks_custom_css":"","_kad_blocks_head_custom_js":"","_kad_blocks_body_custom_js":"","_kad_blocks_footer_custom_js":"","_kad_post_transparent":"default","_kad_post_title":"","_kad_post_layout":"default","_kad_post_sidebar_id":"","_kad_post_content_style":"default","_kad_post_vertical_padding":"default","_kad_post_feature":"","_kad_post_feature_position":"","_kad_post_header":false,"_kad_post_footer":false,"_kad_post_classname":""},"product_brand":[1284],"product_cat":[1414,15],"product_tag":[],"class_list":{"0":"post-109230","1":"product","2":"type-product","3":"status-publish","4":"has-post-thumbnail","6":"product_brand-nike","7":"product_cat-reprezentacje-afryka","8":"product_cat-bez-kategorii","9":"pa_homeawaythird-away","10":"pa_rozmiar-m","12":"first","13":"instock","14":"taxable","15":"shipping-taxable","16":"purchasable","17":"product-type-simple","18":"entry","19":"content-bg","20":"loop-entry"},"taxonomy_info":{"product_brand":[{"value":1284,"label":"Nike"}],"product_cat":[{"value":1414,"label":"Afryka"},{"value":15,"label":"Bez kategorii"}],"pa_homeawaythird":[{"value":1598,"label":"Away"}],"pa_rozmiar":[{"value":1816,"label":"M"}]},"featured_image_src_large":["https:\/\/footballthrift.shop\/wp-content\/uploads\/2025\/11\/Photoroom_020_20251107_103426-1024x1024.png",1024,1024,true],"author_info":[],"comment_info":"","_links":{"self":[{"href":"https:\/\/footballthrift.shop\/de\/wp-json\/wp\/v2\/product\/109230","targetHints":{"allow":["GET"]}}],"collection":[{"href":"https:\/\/footballthrift.shop\/de\/wp-json\/wp\/v2\/product"}],"about":[{"href":"https:\/\/footballthrift.shop\/de\/wp-json\/wp\/v2\/types\/product"}],"wp:featuredmedia":[{"embeddable":true,"href":"https:\/\/footballthrift.shop\/de\/wp-json\/wp\/v2\/media\/109409"}],"wp:attachment":[{"href":"https:\/\/footballthrift.shop\/de\/wp-json\/wp\/v2\/media?parent=109230"}],"wp:term":[{"taxonomy":"product_brand","embeddable":true,"href":"https:\/\/footballthrift.shop\/de\/wp-json\/wp\/v2\/product_brand?post=109230"},{"taxonomy":"product_cat","embeddable":true,"href":"https:\/\/footballthrift.shop\/de\/wp-json\/wp\/v2\/product_cat?post=109230"},{"taxonomy":"product_tag","embeddable":true,"href":"https:\/\/footballthrift.shop\/de\/wp-json\/wp\/v2\/product_tag?post=109230"}],"curies":[{"name":"wp","href":"https:\/\/api.w.org\/{rel}","templated":true}]}}