{"id":109221,"date":"2025-11-09T17:57:30","date_gmt":"2025-11-09T16:57:30","guid":{"rendered":"https:\/\/footballthrift.shop\/?post_type=product&#038;p=109221"},"modified":"2026-03-09T11:26:16","modified_gmt":"2026-03-09T10:26:16","slug":"trainingsjacke-dania-2007-08-164-cm","status":"publish","type":"product","link":"https:\/\/footballthrift.shop\/de\/kurtka-treningowa-dania-2007-08-164-cm\/","title":{"rendered":"Kurtka treningowa Dania 2007\/08 [164 cm]"},"content":{"rendered":"<p><strong>Verein:<\/strong> Gerichte<\/p>\n<p><strong>Saison:<\/strong> 2007\/08<\/p>\n<p><strong>Gr\u00f6\u00dfe: <\/strong>164 cm<\/p>\n<p><strong>Zustand:<\/strong> Ausgezeichnet<\/p>\n<p><strong>Ma\u00dfe (Achselbreite\/L\u00e4nge) in cm: <\/strong>50\/59<\/p>","protected":false},"excerpt":{"rendered":"<p data-start=\"0\" data-end=\"92\"><strong data-start=\"0\" data-end=\"90\">Die originale Trainingsjacke der d\u00e4nischen Nationalmannschaft aus der Saison 2007\/08 - hergestellt von Adidas.\u00a0<\/strong><\/p>\n<p data-start=\"94\" data-end=\"508\">Dies ist eine klassische Trainingsjacke aus dem Hause <strong data-start=\"144\" data-end=\"155\">Adidas<\/strong> f\u00fcr die Darstellung <strong data-start=\"174\" data-end=\"183\">D\u00e4nemark<\/strong> f\u00fcr einen Zeitraum von <strong data-start=\"193\" data-end=\"204\">2007\/08<\/strong>, Das Design ist in der f\u00fcr die Marke charakteristischen \u00c4sthetik dieser Zeit gehalten - schlicht, sportlich und auf einer klaren Farbgebung basierend. Das vorgestellte Exemplar in <strong data-start=\"362\" data-end=\"406\">Jugendgr\u00f6\u00dfe f\u00fcr 164 cm K\u00f6rpergr\u00f6\u00dfe<\/strong> alle Originaldetails der offiziellen Trainingskleidung der Nationalmannschaft beibehalten.<\/p>\n<p data-start=\"510\" data-end=\"873\">Das Modell wurde beibehalten in <strong data-start=\"528\" data-end=\"561\">intensiv rote Farbe<\/strong>, die traditionell mit dem Kader \u201eDe R\u00f8d-Hvide\u201d in Verbindung gebracht wird. Die Front ist unterbrochen <strong data-start=\"627\" data-end=\"644\">graue Eins\u00e4tze<\/strong>, Sie verleihen der Jacke einen modernen Touch und betonen optisch die Designlinien. Die \u00c4rmel sind mit <strong data-start=\"765\" data-end=\"788\">wei\u00dfe Adidas-Streifen<\/strong>, eines der am besten erkennbaren Elemente der visuellen Identit\u00e4t des Herstellers.<\/p>\n<p data-start=\"875\" data-end=\"1254\">Die Jacke ist ausgestattet mit <strong data-start=\"903\" data-end=\"943\">durchgehender Rei\u00dfverschluss<\/strong>, die f\u00fcr Funktionalit\u00e4t und Komfort sorgt. Die Brust bietet <strong data-start=\"1017\" data-end=\"1048\">Wappen des d\u00e4nischen Verbandes DBU<\/strong> und <strong data-start=\"1054\" data-end=\"1070\">Adidas-Logo<\/strong>, Das Material hat eine leichte, strapazierf\u00e4hige Polyesterstruktur, typisch f\u00fcr die Trainingsmodelle der Zeit. Das Material hat eine leichte, haltbare Polyesterstruktur, typisch f\u00fcr die Trainingsmodelle der Zeit.<\/p>\n<p data-start=\"1256\" data-end=\"1524\" data-is-last-node=\"\" data-is-only-node=\"\">Diese <strong data-start=\"1259\" data-end=\"1311\">Original Trainingsjacke der d\u00e4nischen Nationalmannschaft<\/strong> ist eine interessante Erg\u00e4nzung der Kollektion f\u00fcr Fans des skandinavischen Fu\u00dfballs, f\u00fcr Liebhaber von Adidas-Workoutwear im Retro-Stil und f\u00fcr alle, die ein praktisches, gut designtes Sweatshirt mit einer klaren, klassischen \u00c4sthetik suchen.<\/p>","protected":false},"featured_media":109337,"template":"","meta":{"_kad_blocks_custom_css":"","_kad_blocks_head_custom_js":"","_kad_blocks_body_custom_js":"","_kad_blocks_footer_custom_js":"","_kad_post_transparent":"default","_kad_post_title":"","_kad_post_layout":"default","_kad_post_sidebar_id":"","_kad_post_content_style":"default","_kad_post_vertical_padding":"default","_kad_post_feature":"","_kad_post_feature_position":"","_kad_post_header":false,"_kad_post_footer":false,"_kad_post_classname":""},"product_brand":[1283],"product_cat":[15,2017,1423,1489],"product_tag":[],"class_list":{"0":"post-109221","1":"product","2":"type-product","3":"status-publish","4":"has-post-thumbnail","6":"product_brand-adidas","7":"product_cat-bez-kategorii","8":"product_cat-koszulki-mlodziezowe","9":"product_cat-kurtkibluzytrening","10":"product_cat-pozostale-reprezentacje-europa","11":"pa_rozmiar-164-cm","13":"first","14":"instock","15":"taxable","16":"shipping-taxable","17":"purchasable","18":"product-type-simple","19":"entry","20":"content-bg","21":"loop-entry"},"taxonomy_info":{"product_brand":[{"value":1283,"label":"Adidas"}],"product_cat":[{"value":15,"label":"Bez kategorii"},{"value":2017,"label":"KOSZULKI M\u0141ODZIE\u017bOWE"},{"value":1423,"label":"Kurtki\/bluzy\/trening"},{"value":1489,"label":"Pozosta\u0142e"}],"pa_rozmiar":[{"value":2018,"label":"164 cm"}]},"featured_image_src_large":["https:\/\/footballthrift.shop\/wp-content\/uploads\/2025\/11\/Photoroom_016_20251107_103426-1024x1024.png",1024,1024,true],"author_info":[],"comment_info":"","_links":{"self":[{"href":"https:\/\/footballthrift.shop\/de\/wp-json\/wp\/v2\/product\/109221","targetHints":{"allow":["GET"]}}],"collection":[{"href":"https:\/\/footballthrift.shop\/de\/wp-json\/wp\/v2\/product"}],"about":[{"href":"https:\/\/footballthrift.shop\/de\/wp-json\/wp\/v2\/types\/product"}],"wp:featuredmedia":[{"embeddable":true,"href":"https:\/\/footballthrift.shop\/de\/wp-json\/wp\/v2\/media\/109337"}],"wp:attachment":[{"href":"https:\/\/footballthrift.shop\/de\/wp-json\/wp\/v2\/media?parent=109221"}],"wp:term":[{"taxonomy":"product_brand","embeddable":true,"href":"https:\/\/footballthrift.shop\/de\/wp-json\/wp\/v2\/product_brand?post=109221"},{"taxonomy":"product_cat","embeddable":true,"href":"https:\/\/footballthrift.shop\/de\/wp-json\/wp\/v2\/product_cat?post=109221"},{"taxonomy":"product_tag","embeddable":true,"href":"https:\/\/footballthrift.shop\/de\/wp-json\/wp\/v2\/product_tag?post=109221"}],"curies":[{"name":"wp","href":"https:\/\/api.w.org\/{rel}","templated":true}]}}