{"id":108865,"date":"2025-11-02T17:56:42","date_gmt":"2025-11-02T16:56:42","guid":{"rendered":"https:\/\/footballthrift.shop\/?post_type=product&#038;p=108865"},"modified":"2026-03-09T11:26:19","modified_gmt":"2026-03-09T10:26:19","slug":"koszulka-damska-newcastle-united-fc-2015-16-away-l","status":"publish","type":"product","link":"https:\/\/footballthrift.shop\/de\/koszulka-damska-newcastle-united-fc-2015-16-away-l\/","title":{"rendered":"Koszulka damska Newcastle United FC 2015\/16 Away [L]"},"content":{"rendered":"<p><strong>Verein:<\/strong> Newcastle United FC<\/p>\n<p><strong>Saison:<\/strong> 2015\/16 Ausw\u00e4rts<\/p>\n<p><strong>Gr\u00f6\u00dfe: <\/strong>L<\/p>\n<p><strong>Zustand:<\/strong> Ausgezeichnet<\/p>\n<p><strong>Ma\u00dfe (Achselbreite\/L\u00e4nge) in cm: <\/strong>51\/64<\/p>","protected":false},"excerpt":{"rendered":"<p data-start=\"0\" data-end=\"116\"><strong data-start=\"0\" data-end=\"114\">Das Original-Ausw\u00e4rtstrikot von Newcastle United FC aus der Saison 2015\/16 - produziert von Puma.\u00a0<\/strong><\/p>\n<p data-start=\"118\" data-end=\"474\">W\u00e4hrend der Saison 2015\/16 <strong data-start=\"136\" data-end=\"159\">Newcastle United FC<\/strong> in einem Set, das von <strong data-start=\"203\" data-end=\"211\">Puma<\/strong>, die den traditionellen Minimalismus des Clubs mit einem modernen Design verbindet. Diese Version wurde speziell f\u00fcr Frauen entworfen - sie hat <strong data-start=\"348\" data-end=\"367\">etwas anderer Schnitt<\/strong>, an die Figur angepasst, und <strong data-start=\"398\" data-end=\"417\">k\u00fcrzere \u00c4rmel<\/strong>, Dadurch wirkt er leichter und sportlicher.<\/p>\n<p data-start=\"476\" data-end=\"869\">Das T-Shirt wird gepflegt in <strong data-start=\"502\" data-end=\"518\">wei\u00dfer Sockel<\/strong>angereichert mit <strong data-start=\"534\" data-end=\"575\">dezentes geometrisches Muster auf der Vorderseite<\/strong>, und verleiht ihm einen modernen Charakter. <strong data-start=\"615\" data-end=\"639\">\u00c4rmel und Kragen<\/strong> hergestellt in kontrastierenden <strong data-start=\"664\" data-end=\"686\">blau<\/strong>, die einen auff\u00e4lligen Bruch in der Lichtkomposition darstellt. In der Mitte befindet sich ein <strong data-start=\"763\" data-end=\"788\">Impressum des Sponsors Wonga<\/strong>, und dar\u00fcber klassisch angeordnet <strong data-start=\"825\" data-end=\"850\">Das Wappen von Newcastle United<\/strong> i <strong data-start=\"853\" data-end=\"866\">Puma-Logo<\/strong>.<\/p>\n<p data-start=\"871\" data-end=\"1070\">Die Kopie in <strong data-start=\"884\" data-end=\"907\">Frauengr\u00f6\u00dfe L<\/strong> beh\u00e4lt alle Details der originalen Match-Version bei und kombiniert Funktionalit\u00e4t mit einem eleganten Look, der typisch f\u00fcr Pumas Kollektion Mitte der 2000er Jahre ist.<\/p>\n<p data-start=\"1072\" data-end=\"1305\" data-is-last-node=\"\" data-is-only-node=\"\">Diese <strong data-start=\"1075\" data-end=\"1125\">Original Newcastle United Fu\u00dfballtrikot<\/strong> Die Damenversion ist eine gute Wahl f\u00fcr Sammler und Fans der \u201eMagpies\u201d, die moderne, stilvolle Designs sch\u00e4tzen, die Sportlichkeit mit subtilem Design und einem femininen Schnitt verbinden.<\/p>","protected":false},"featured_media":108967,"template":"","meta":{"_kad_blocks_custom_css":"","_kad_blocks_head_custom_js":"","_kad_blocks_body_custom_js":"","_kad_blocks_footer_custom_js":"","_kad_post_transparent":"default","_kad_post_title":"","_kad_post_layout":"default","_kad_post_sidebar_id":"","_kad_post_content_style":"default","_kad_post_vertical_padding":"default","_kad_post_feature":"","_kad_post_feature_position":"","_kad_post_header":false,"_kad_post_footer":false,"_kad_post_classname":""},"product_brand":[1287],"product_cat":[15,2031,1485],"product_tag":[],"class_list":{"0":"post-108865","1":"product","2":"type-product","3":"status-publish","4":"has-post-thumbnail","6":"product_brand-puma","7":"product_cat-bez-kategorii","8":"product_cat-newcastle-united-fc","9":"product_cat-pozostale-kluby-angielskie","10":"pa_homeawaythird-away","11":"pa_rozmiar-l","13":"first","14":"instock","15":"taxable","16":"shipping-taxable","17":"purchasable","18":"product-type-simple","19":"entry","20":"content-bg","21":"loop-entry"},"taxonomy_info":{"product_brand":[{"value":1287,"label":"Puma"}],"product_cat":[{"value":15,"label":"Bez kategorii"},{"value":2031,"label":"Newcastle United FC"},{"value":1485,"label":"Pozosta\u0142e kluby angielskie"}],"pa_homeawaythird":[{"value":1598,"label":"Away"}],"pa_rozmiar":[{"value":1817,"label":"L"}]},"featured_image_src_large":["https:\/\/footballthrift.shop\/wp-content\/uploads\/2025\/10\/Photoroom_034_20251029_124814-1024x1024.png",1024,1024,true],"author_info":[],"comment_info":"","_links":{"self":[{"href":"https:\/\/footballthrift.shop\/de\/wp-json\/wp\/v2\/product\/108865","targetHints":{"allow":["GET"]}}],"collection":[{"href":"https:\/\/footballthrift.shop\/de\/wp-json\/wp\/v2\/product"}],"about":[{"href":"https:\/\/footballthrift.shop\/de\/wp-json\/wp\/v2\/types\/product"}],"wp:featuredmedia":[{"embeddable":true,"href":"https:\/\/footballthrift.shop\/de\/wp-json\/wp\/v2\/media\/108967"}],"wp:attachment":[{"href":"https:\/\/footballthrift.shop\/de\/wp-json\/wp\/v2\/media?parent=108865"}],"wp:term":[{"taxonomy":"product_brand","embeddable":true,"href":"https:\/\/footballthrift.shop\/de\/wp-json\/wp\/v2\/product_brand?post=108865"},{"taxonomy":"product_cat","embeddable":true,"href":"https:\/\/footballthrift.shop\/de\/wp-json\/wp\/v2\/product_cat?post=108865"},{"taxonomy":"product_tag","embeddable":true,"href":"https:\/\/footballthrift.shop\/de\/wp-json\/wp\/v2\/product_tag?post=108865"}],"curies":[{"name":"wp","href":"https:\/\/api.w.org\/{rel}","templated":true}]}}