{"id":108490,"date":"2025-10-26T17:54:31","date_gmt":"2025-10-26T16:54:31","guid":{"rendered":"https:\/\/footballthrift.shop\/?post_type=product&#038;p=108490"},"modified":"2026-03-09T11:26:20","modified_gmt":"2026-03-09T10:26:20","slug":"fc-bayern-monachium-fusballtrikot-2018-19-dritte-152-cm","status":"publish","type":"product","link":"https:\/\/footballthrift.shop\/de\/koszulka-pilkarska-fc-bayern-monachium-2018-19-third-152-cm\/","title":{"rendered":"Koszulka pi\u0142karska FC Bayern Monachium 2018\/19 Third [152 cm]"},"content":{"rendered":"<p><strong>Verein:<\/strong> FC Bayern M\u00fcnchen<\/p>\n<p><strong>Saison:<\/strong> 2018\/19 Dritter<\/p>\n<p><strong>Gr\u00f6\u00dfe: <\/strong>152 cm<\/p>\n<p><strong>Zustand:<\/strong> Ausgezeichnet<\/p>\n<p><strong>Ma\u00dfe (Achselbreite\/L\u00e4nge) in cm: <\/strong>42\/55<\/p>","protected":false},"excerpt":{"rendered":"<p data-start=\"0\" data-end=\"149\"><strong data-start=\"0\" data-end=\"147\">Original Bayern M\u00fcnchen Fu\u00dfballtrikot aus der Saison 2018\/19 - dritter Satz, hergestellt von Adidas, f\u00fcr eine K\u00f6rpergr\u00f6\u00dfe von 152 cm.<\/strong><\/p>\n<p data-start=\"151\" data-end=\"575\">Dieses einzigartige T-Shirt stammt aus einem alternativen dritten Satz von <strong data-start=\"208\" data-end=\"229\">Bayern M\u00fcnchen<\/strong> vorbereitet von <strong data-start=\"251\" data-end=\"262\">Adidas<\/strong> f\u00fcr die Saison 2018\/19 und wurde als Teil einer Umweltinitiative entwickelt <strong data-start=\"338\" data-end=\"363\">Parley For The Oceans<\/strong> - ein weltweites Projekt, bei dem Plastikabf\u00e4lle, die an Str\u00e4nden und in K\u00fcstengebieten gefischt werden, zu speziellen Fasern recycelt werden, die sp\u00e4ter unter anderem f\u00fcr die Herstellung von professioneller Sportbekleidung verwendet werden.<\/p>\n<p data-start=\"577\" data-end=\"944\">Das Modell ist auf Wachstum ausgelegt <strong data-start=\"611\" data-end=\"621\">152 cm<\/strong>Damit ist es ideal als Juniorensammlerversion des dritten Spieltrikots dieser Kampagne. Das Trikot ist in einem eleganten <strong data-start=\"777\" data-end=\"795\">grau in der Farbe<\/strong>Mit dem f\u00fcr die Parley-Linie charakteristischen, zarten Tonmuster, das symbolisch auf die Wellen des Meeres und den Umweltschutzgedanken anspielt.<\/p>\n<p data-start=\"946\" data-end=\"1246\">Auf der Vorderseite befindet sich <strong data-start=\"970\" data-end=\"998\">T-Mobile Sponsorenaufdruck<\/strong>und dar\u00fcber <strong data-start=\"1020\" data-end=\"1046\">Wappen des FC Bayern M\u00fcnchen<\/strong> und <strong data-start=\"1052\" data-end=\"1068\">Adidas-Logo<\/strong>in klassischer Weise angeordnet. Das Design beh\u00e4lt den minimalistischen, modernen Charakter, der f\u00fcr die alternativen Sets des bayerischen Riesen in der zweiten H\u00e4lfte der 2010er Jahre typisch ist.<\/p>\n<p data-start=\"1248\" data-end=\"1421\">Das leichte, technische Material ist nicht nur bequem und atmungsaktiv, sondern auch Teil einer gr\u00f6\u00dferen Mission - zu zeigen, dass Fu\u00dfball und Umweltbewusstsein Hand in Hand gehen k\u00f6nnen.<\/p>\n<p data-start=\"1423\" data-end=\"1626\" data-is-last-node=\"\" data-is-only-node=\"\">Dies ist eine gute Option f\u00fcr <strong data-start=\"1449\" data-end=\"1484\">junge Bayern M\u00fcnchen Fans<\/strong>, Liebhaber <strong data-start=\"1497\" data-end=\"1531\">Sammlung Parley For The Oceans<\/strong> und diejenigen, die Wert auf <strong data-start=\"1555\" data-end=\"1625\">nicht nur Stil, sondern auch die Idee einer verantwortungsvollen Produktion im Sport<\/strong>.<\/p>","protected":false},"featured_media":108503,"template":"","meta":{"_kad_blocks_custom_css":"","_kad_blocks_head_custom_js":"","_kad_blocks_body_custom_js":"","_kad_blocks_footer_custom_js":"","_kad_post_transparent":"default","_kad_post_title":"","_kad_post_layout":"default","_kad_post_sidebar_id":"","_kad_post_content_style":"default","_kad_post_vertical_padding":"default","_kad_post_feature":"","_kad_post_feature_position":"","_kad_post_header":false,"_kad_post_footer":false,"_kad_post_classname":""},"product_brand":[1283],"product_cat":[15,1455,2017],"product_tag":[],"class_list":{"0":"post-108490","1":"product","2":"type-product","3":"status-publish","4":"has-post-thumbnail","6":"product_brand-adidas","7":"product_cat-bez-kategorii","8":"product_cat-kluby-niemieckie-fcbayernmonachium","9":"product_cat-koszulki-mlodziezowe","10":"pa_homeawaythird-third","11":"pa_rozmiar-152-cm","13":"first","14":"instock","15":"taxable","16":"shipping-taxable","17":"purchasable","18":"product-type-simple","19":"entry","20":"content-bg","21":"loop-entry"},"taxonomy_info":{"product_brand":[{"value":1283,"label":"Adidas"}],"product_cat":[{"value":15,"label":"Bez kategorii"},{"value":1455,"label":"FC Bayern Monachium"},{"value":2017,"label":"KOSZULKI M\u0141ODZIE\u017bOWE"}],"pa_homeawaythird":[{"value":1599,"label":"Third"}],"pa_rozmiar":[{"value":2004,"label":"152 cm"}]},"featured_image_src_large":["https:\/\/footballthrift.shop\/wp-content\/uploads\/2025\/10\/Photoroom_058_20251024_115734-1024x1024.png",1024,1024,true],"author_info":[],"comment_info":"","_links":{"self":[{"href":"https:\/\/footballthrift.shop\/de\/wp-json\/wp\/v2\/product\/108490","targetHints":{"allow":["GET"]}}],"collection":[{"href":"https:\/\/footballthrift.shop\/de\/wp-json\/wp\/v2\/product"}],"about":[{"href":"https:\/\/footballthrift.shop\/de\/wp-json\/wp\/v2\/types\/product"}],"wp:featuredmedia":[{"embeddable":true,"href":"https:\/\/footballthrift.shop\/de\/wp-json\/wp\/v2\/media\/108503"}],"wp:attachment":[{"href":"https:\/\/footballthrift.shop\/de\/wp-json\/wp\/v2\/media?parent=108490"}],"wp:term":[{"taxonomy":"product_brand","embeddable":true,"href":"https:\/\/footballthrift.shop\/de\/wp-json\/wp\/v2\/product_brand?post=108490"},{"taxonomy":"product_cat","embeddable":true,"href":"https:\/\/footballthrift.shop\/de\/wp-json\/wp\/v2\/product_cat?post=108490"},{"taxonomy":"product_tag","embeddable":true,"href":"https:\/\/footballthrift.shop\/de\/wp-json\/wp\/v2\/product_tag?post=108490"}],"curies":[{"name":"wp","href":"https:\/\/api.w.org\/{rel}","templated":true}]}}