{"id":108488,"date":"2025-10-26T17:54:14","date_gmt":"2025-10-26T16:54:14","guid":{"rendered":"https:\/\/footballthrift.shop\/?post_type=product&#038;p=108488"},"modified":"2026-03-09T11:26:25","modified_gmt":"2026-03-09T10:26:25","slug":"fusball-trikot-fc-sachsen-leipzig-2000-01-home-3-schiemann-xl","status":"publish","type":"product","link":"https:\/\/footballthrift.shop\/de\/koszulka-pilkarska-fc-sachsen-lipsk-2000-01-home-3-schiemann-xl\/","title":{"rendered":"Koszulka pi\u0142karska FC Sachsen Lipsk 2000\/01 Home 3 Schiemann [XL]"},"content":{"rendered":"<p><strong>Verein:<\/strong> FC Sachsen Leipzig<\/p>\n<p><strong>Saison:<\/strong> 2000\/01 Startseite<\/p>\n<p><strong>Gr\u00f6\u00dfe: <\/strong>XL<\/p>\n<p><strong>Zustand:<\/strong> Sehr gut \u2013 nur wenige Mikro-Einz\u00fcge.<\/p>\n<p><strong>Ma\u00dfe (Achselbreite\/L\u00e4nge) in cm: <\/strong>60\/80<\/p>","protected":false},"excerpt":{"rendered":"<p data-start=\"0\" data-end=\"97\"><strong data-start=\"0\" data-end=\"97\">Original FC Sachsen Leipzig Heimtrikot aus der Saison 2000\/01 - produziert von Fan World.\u00a0<\/strong><\/p>\n<p data-start=\"99\" data-end=\"543\">Modellgr\u00f6\u00dfe <strong data-start=\"117\" data-end=\"123\">XL<\/strong> geht auf die fr\u00fchen 2000er Jahre zur\u00fcck, als <strong data-start=\"162\" data-end=\"182\">FC Sachsen Leipzig<\/strong> Der Verein spielte in den unteren deutschen Ligen und erregte die Aufmerksamkeit der lokalen Fans mit seinem unverwechselbaren Stil und der starken Identit\u00e4t der Vereinsfarben. Dies ist eine personalisierte Kopie - es gibt einen Druck auf der R\u00fcckseite <strong data-start=\"408\" data-end=\"431\">Andreas Schiemann<\/strong> einschlie\u00dflich der Anzahl <strong data-start=\"447\" data-end=\"452\">3<\/strong>Dadurch erh\u00e4lt das Trikot einen zus\u00e4tzlichen Kontext, der sich auf einen bestimmten Spieler aus dieser Zeit bezieht.<\/p>\n<p data-start=\"545\" data-end=\"1133\">Das T-Shirt basiert auf <strong data-start=\"564\" data-end=\"588\">gr\u00fcne Farben<\/strong>typisch f\u00fcr den FC Sachsen Leipzig. Seine <strong data-start=\"624\" data-end=\"658\">Seiten in Wei\u00df<\/strong>Dadurch entsteht eine kontrastreiche Aufteilung der Platten auf der Vorder- und R\u00fcckseite. <strong data-start=\"716\" data-end=\"746\">Die \u00c4rmel sind ebenfalls gr\u00fcn<\/strong>angereichert mit <strong data-start=\"761\" data-end=\"774\">wei\u00dfer G\u00fcrtel<\/strong>die das Design des Modells unterstreicht. Erg\u00e4nzt wird das Design durch subtile, aber auff\u00e4llige Details in Form der <strong data-start=\"873\" data-end=\"946\">ein d\u00fcnner roter Streifen am Kragen und an den \u00c4rmelenden<\/strong>die einen interessanten visuellen Akzent setzt und die zweifarbige Komposition aufbricht. Das Layout und das Schriftbild sind charakteristisch f\u00fcr die Jahrhundertwende, wobei einfache, ausdrucksstarke Kontraste dominieren.<\/p>\n<p data-start=\"1135\" data-end=\"1344\">Personalisiertes Exemplar mit Name und Nummer von Schiemann <strong data-start=\"1197\" data-end=\"1202\">3<\/strong> spiegelt originalgetreu den Stil der damaligen Zeit wider und ist typisch f\u00fcr die Trikots von Vereinen, die nicht in der ersten Bundesliga spielen.<\/p>\n<p data-start=\"1346\" data-end=\"1641\" data-is-last-node=\"\" data-is-only-node=\"\">Diese <strong data-start=\"1349\" data-end=\"1399\">Original FC Sachsen Leipzig Fu\u00dfballtrikot<\/strong> kann ein interessanter Teil einer Sammlung sein f\u00fcr Fans des deutschen Fu\u00dfballs abseits des Mainstreams, f\u00fcr Sammler von personalisierten St\u00fccken aus den sp\u00e4ten 1990er und fr\u00fchen 2000er Jahren und f\u00fcr diejenigen, die Designs im klassischen Stil dieser \u00c4ra sch\u00e4tzen.<\/p>","protected":false},"featured_media":108765,"template":"","meta":{"_kad_blocks_custom_css":"","_kad_blocks_head_custom_js":"","_kad_blocks_body_custom_js":"","_kad_blocks_footer_custom_js":"","_kad_post_transparent":"default","_kad_post_title":"","_kad_post_layout":"default","_kad_post_sidebar_id":"","_kad_post_content_style":"default","_kad_post_vertical_padding":"default","_kad_post_feature":"","_kad_post_feature_position":"","_kad_post_header":false,"_kad_post_footer":false,"_kad_post_classname":""},"product_brand":[2028],"product_cat":[15,1490],"product_tag":[],"class_list":{"0":"post-108488","1":"product","2":"type-product","3":"status-publish","4":"has-post-thumbnail","6":"product_brand-fan-world","7":"product_cat-bez-kategorii","8":"product_cat-pozostale-kluby-niemieckie","9":"pa_homeawaythird-home","10":"pa_rozmiar-xl","12":"first","13":"instock","14":"taxable","15":"shipping-taxable","16":"purchasable","17":"product-type-simple","18":"entry","19":"content-bg","20":"loop-entry"},"taxonomy_info":{"product_brand":[{"value":2028,"label":"Fan World"}],"product_cat":[{"value":15,"label":"Bez kategorii"},{"value":1490,"label":"Pozosta\u0142e kluby niemieckie"}],"pa_homeawaythird":[{"value":1597,"label":"Home"}],"pa_rozmiar":[{"value":1818,"label":"XL"}]},"featured_image_src_large":["https:\/\/footballthrift.shop\/wp-content\/uploads\/2025\/10\/Photoroom_045_20251024_115734-1024x1024.png",1024,1024,true],"author_info":[],"comment_info":"","_links":{"self":[{"href":"https:\/\/footballthrift.shop\/de\/wp-json\/wp\/v2\/product\/108488","targetHints":{"allow":["GET"]}}],"collection":[{"href":"https:\/\/footballthrift.shop\/de\/wp-json\/wp\/v2\/product"}],"about":[{"href":"https:\/\/footballthrift.shop\/de\/wp-json\/wp\/v2\/types\/product"}],"wp:featuredmedia":[{"embeddable":true,"href":"https:\/\/footballthrift.shop\/de\/wp-json\/wp\/v2\/media\/108765"}],"wp:attachment":[{"href":"https:\/\/footballthrift.shop\/de\/wp-json\/wp\/v2\/media?parent=108488"}],"wp:term":[{"taxonomy":"product_brand","embeddable":true,"href":"https:\/\/footballthrift.shop\/de\/wp-json\/wp\/v2\/product_brand?post=108488"},{"taxonomy":"product_cat","embeddable":true,"href":"https:\/\/footballthrift.shop\/de\/wp-json\/wp\/v2\/product_cat?post=108488"},{"taxonomy":"product_tag","embeddable":true,"href":"https:\/\/footballthrift.shop\/de\/wp-json\/wp\/v2\/product_tag?post=108488"}],"curies":[{"name":"wp","href":"https:\/\/api.w.org\/{rel}","templated":true}]}}