{"id":108478,"date":"2025-10-26T17:54:20","date_gmt":"2025-10-26T16:54:20","guid":{"rendered":"https:\/\/footballthrift.shop\/?post_type=product&#038;p=108478"},"modified":"2026-03-09T11:26:23","modified_gmt":"2026-03-09T10:26:23","slug":"koszulka-pilkarska-rosenborg-bk-2012-13-home-9-nicki-bille-s","status":"publish","type":"product","link":"https:\/\/footballthrift.shop\/de\/koszulka-pilkarska-rosenborg-bk-2012-13-home-9-nicki-bille-s\/","title":{"rendered":"Koszulka pi\u0142karska Rosenborg BK 2012\/13 Home 9 Nicki Bille [S]"},"content":{"rendered":"<p><strong>Verein:<\/strong> Rosenborg BK<\/p>\n<p><strong>Saison:<\/strong> 2012\/13 Startseite<\/p>\n<p><strong>Gr\u00f6\u00dfe: <\/strong>S<\/p>\n<p><strong>Zustand:<\/strong> Gut - ein Mikrofleck und ein gerissener Sponsorenaufdruck auf der R\u00fcckseite.<\/p>\n<p><strong>Ma\u00dfe (Achselbreite\/L\u00e4nge) in cm: <\/strong>49\/68<\/p>","protected":false},"excerpt":{"rendered":"<p data-start=\"0\" data-end=\"91\"><strong data-start=\"0\" data-end=\"91\">Original Rosenborg BK Heimtrikot aus der Saison 2012\/13 - hergestellt von Adidas.\u00a0<\/strong><\/p>\n<p data-start=\"93\" data-end=\"621\">Dieses Modell, in der Gr\u00f6\u00dfe <strong data-start=\"111\" data-end=\"116\">S<\/strong> stammt aus dem Zeitraum, in dem <strong data-start=\"145\" data-end=\"161\">Rosenborg<\/strong>\u00a0seine Position als einer der dominierenden Klubs in der norwegischen Eliteserien fort. Diese <strong data-start=\"245\" data-end=\"278\">Original-Fu\u00dfballtrikot<\/strong>Teil des Heimtrikots der Mannschaft, mit der Personalisierung einer der schillerndsten Figuren in der Geschichte des Vereins - dem <strong data-start=\"412\" data-end=\"439\">Nicki Bille Nielsen<\/strong>ein St\u00fcrmer, der nicht nur f\u00fcr sein Spiel, sondern auch f\u00fcr seine zahlreichen Exzesse abseits des Platzes bekannt ist. Dieser Spieler ist auch im Bewusstsein der Fans in Polen dank einer Episode in der <strong data-start=\"604\" data-end=\"620\">Lech Pozna\u0144<\/strong>.<\/p>\n<p data-start=\"623\" data-end=\"1147\">Das Trikot wurde im typischen Stil von Rosenborg entworfen, mit einem <strong data-start=\"700\" data-end=\"714\">wei\u00dfer Sockel<\/strong> erg\u00e4nzt durch <strong data-start=\"729\" data-end=\"747\">schwarze \u00c4rmel<\/strong>was ihm einen markanten Kontrast verleiht. Der obere Teil weist folgende Merkmale auf <strong data-start=\"814\" data-end=\"852\">goldene Blende an Hals und Kragen<\/strong>Die Vorderseite ist mit dem Logo des Sponsors bedruckt, was die Eleganz des Modells erh\u00f6ht und es von fr\u00fcheren Ausgaben abhebt. Die Vorderseite ist mit einem Sponsorenaufdruck versehen <strong data-start=\"975\" data-end=\"988\">Rema 1000<\/strong>Das Logo ist mittig platziert und entspricht der typischen Adidas-Designkomposition dieser Zeit. Das Vereinswappen und das Herstellerlogo im klassischen Layout vervollst\u00e4ndigen den Look.<\/p>\n<p data-start=\"1149\" data-end=\"1361\">Personalisierung mit Namen <strong data-start=\"1177\" data-end=\"1196\">\"Bille Nielsen\"<\/strong> unterstreicht die Assoziation des Trikots mit dem umstrittenen, aber ikonischen St\u00fcrmer, der den Fans nicht nur wegen seiner Leistungen auf dem Platz in Erinnerung geblieben ist.<\/p>\n<p data-start=\"1363\" data-end=\"1704\" data-is-last-node=\"\" data-is-only-node=\"\">Diese <strong data-start=\"1366\" data-end=\"1412\">Original Rosenborg BK Fu\u00dfballtrikot<\/strong> ist ein interessantes Angebot f\u00fcr Sammler skandinavischer Modelle, Adidas-Fans und alle, die sich f\u00fcr ungew\u00f6hnliche Fu\u00dfballfiguren interessieren. Es kann eine wertvolle Erg\u00e4nzung zu einer Sammlung sein.<\/p>","protected":false},"featured_media":108675,"template":"","meta":{"_kad_blocks_custom_css":"","_kad_blocks_head_custom_js":"","_kad_blocks_body_custom_js":"","_kad_blocks_footer_custom_js":"","_kad_post_transparent":"default","_kad_post_title":"","_kad_post_layout":"default","_kad_post_sidebar_id":"","_kad_post_content_style":"default","_kad_post_vertical_padding":"default","_kad_post_feature":"","_kad_post_feature_position":"","_kad_post_header":false,"_kad_post_footer":false,"_kad_post_classname":""},"product_brand":[1283],"product_cat":[15,1488],"product_tag":[],"class_list":{"0":"post-108478","1":"product","2":"type-product","3":"status-publish","4":"has-post-thumbnail","6":"product_brand-adidas","7":"product_cat-bez-kategorii","8":"product_cat-kluby-skandynawskie","9":"pa_homeawaythird-home","10":"pa_rozmiar-s","12":"first","13":"instock","14":"taxable","15":"shipping-taxable","16":"purchasable","17":"product-type-simple","18":"entry","19":"content-bg","20":"loop-entry"},"taxonomy_info":{"product_brand":[{"value":1283,"label":"Adidas"}],"product_cat":[{"value":15,"label":"Bez kategorii"},{"value":1488,"label":"Skandynawia"}],"pa_homeawaythird":[{"value":1597,"label":"Home"}],"pa_rozmiar":[{"value":1815,"label":"S"}]},"featured_image_src_large":["https:\/\/footballthrift.shop\/wp-content\/uploads\/2025\/10\/Photoroom_20251024_120034-1024x1024.png",1024,1024,true],"author_info":[],"comment_info":"","_links":{"self":[{"href":"https:\/\/footballthrift.shop\/de\/wp-json\/wp\/v2\/product\/108478","targetHints":{"allow":["GET"]}}],"collection":[{"href":"https:\/\/footballthrift.shop\/de\/wp-json\/wp\/v2\/product"}],"about":[{"href":"https:\/\/footballthrift.shop\/de\/wp-json\/wp\/v2\/types\/product"}],"wp:featuredmedia":[{"embeddable":true,"href":"https:\/\/footballthrift.shop\/de\/wp-json\/wp\/v2\/media\/108675"}],"wp:attachment":[{"href":"https:\/\/footballthrift.shop\/de\/wp-json\/wp\/v2\/media?parent=108478"}],"wp:term":[{"taxonomy":"product_brand","embeddable":true,"href":"https:\/\/footballthrift.shop\/de\/wp-json\/wp\/v2\/product_brand?post=108478"},{"taxonomy":"product_cat","embeddable":true,"href":"https:\/\/footballthrift.shop\/de\/wp-json\/wp\/v2\/product_cat?post=108478"},{"taxonomy":"product_tag","embeddable":true,"href":"https:\/\/footballthrift.shop\/de\/wp-json\/wp\/v2\/product_tag?post=108478"}],"curies":[{"name":"wp","href":"https:\/\/api.w.org\/{rel}","templated":true}]}}