{"id":108472,"date":"2025-10-26T17:54:24","date_gmt":"2025-10-26T16:54:24","guid":{"rendered":"https:\/\/footballthrift.shop\/?post_type=product&#038;p=108472"},"modified":"2026-03-09T11:26:22","modified_gmt":"2026-03-09T10:26:22","slug":"koszulka-pilkarska-valerenga-2014-15-home-10-zahid-m","status":"publish","type":"product","link":"https:\/\/footballthrift.shop\/de\/koszulka-pilkarska-valerenga-2014-15-home-10-zahid-m\/","title":{"rendered":"Koszulka pi\u0142karska Valerenga 2014\/15 Home 10 Zahid [M]"},"content":{"rendered":"<p><strong>Verein:<\/strong> Valerenga<\/p>\n<p><strong>Saison:<\/strong> 2014\/15 Startseite<\/p>\n<p><strong>Gr\u00f6\u00dfe: <\/strong>M<\/p>\n<p><strong>Zustand:<\/strong> Befriedigend \u2013 stark rissige Aufdrucke sowohl auf der Vorder- als auch auf der R\u00fcckseite.<\/p>\n<p><strong>Ma\u00dfe (Achselbreite\/L\u00e4nge) in cm: <\/strong>53\/71<\/p>","protected":false},"excerpt":{"rendered":"<p data-start=\"0\" data-end=\"91\"><strong data-start=\"0\" data-end=\"91\">Das Original V\u00e5lerenga Fotball Heimtrikot von 2014 - hergestellt von Adidas.\u00a0<\/strong><\/p>\n<p data-start=\"93\" data-end=\"431\">Das Modell in Gr\u00f6\u00dfe M stammt aus der Adidas-Kollektion f\u00fcr das Jahr 2014, in der die Marke den markanten Schnitt verwendet, der in vielen Vereinsdesigns dieser Zeit zum Einsatz kommt. Das Trikot repr\u00e4sentiert das Heimtrikot des norwegischen Vereins V\u00e5lerenga Fotball und kombiniert die klassischen Farben des Teams mit der typischen Adidas-\u00c4sthetik der ersten H\u00e4lfte der 2010er Jahre.<\/p>\n<p data-start=\"433\" data-end=\"836\">Das T-Shirt wird gepflegt in <strong data-start=\"459\" data-end=\"480\">blaue Basis<\/strong>gebrochen <strong data-start=\"494\" data-end=\"518\">rote Akzente<\/strong> in Form von markanten Adidas-Streifen an den \u00c4rmeln und einem kontrastierenden Kragenbesatz. Auf der Vorderseite befindet sich ein Sponsorenaufdruck <strong data-start=\"661\" data-end=\"668\">DNB<\/strong>zentral und an prominenter Stelle platziert. Personalisierung auf der R\u00fcckseite <strong data-start=\"749\" data-end=\"767\">Ghayasa Zahida<\/strong>einer der besten Spieler von V\u00e5lerenga zu dieser Zeit.<\/p>\n<p data-start=\"838\" data-end=\"1007\">Der allgemeine Stil ist charakteristisch f\u00fcr die Projekte <strong>Adidas<\/strong> aus dem Beginn des zweiten Jahrzehnts des 21. Jahrhunderts - einfach, funktional und mit einer starken Betonung der Clubfarben.<\/p>\n<p data-start=\"1009\" data-end=\"1261\" data-is-last-node=\"\" data-is-only-node=\"\">F\u00fcr Sammler von Trikots skandinavischer Vereine, Anh\u00e4nger von <strong>V\u00e5lerengi<\/strong> und Fans von Adidas-Fu\u00dfballmodellen aus den Saisons um 2014. Es kann auch eine interessante Wahl f\u00fcr einen l\u00e4ssigen Stil auf der Grundlage der klassischen Club-\u00c4sthetik sein.<\/p>","protected":false},"featured_media":108627,"template":"","meta":{"_kad_blocks_custom_css":"","_kad_blocks_head_custom_js":"","_kad_blocks_body_custom_js":"","_kad_blocks_footer_custom_js":"","_kad_post_transparent":"default","_kad_post_title":"","_kad_post_layout":"default","_kad_post_sidebar_id":"","_kad_post_content_style":"default","_kad_post_vertical_padding":"default","_kad_post_feature":"","_kad_post_feature_position":"","_kad_post_header":false,"_kad_post_footer":false,"_kad_post_classname":""},"product_brand":[1283],"product_cat":[15,1488],"product_tag":[],"class_list":{"0":"post-108472","1":"product","2":"type-product","3":"status-publish","4":"has-post-thumbnail","6":"product_brand-adidas","7":"product_cat-bez-kategorii","8":"product_cat-kluby-skandynawskie","9":"pa_homeawaythird-home","10":"pa_rozmiar-m","12":"first","13":"instock","14":"taxable","15":"shipping-taxable","16":"purchasable","17":"product-type-simple","18":"entry","19":"content-bg","20":"loop-entry"},"taxonomy_info":{"product_brand":[{"value":1283,"label":"Adidas"}],"product_cat":[{"value":15,"label":"Bez kategorii"},{"value":1488,"label":"Skandynawia"}],"pa_homeawaythird":[{"value":1597,"label":"Home"}],"pa_rozmiar":[{"value":1816,"label":"M"}]},"featured_image_src_large":["https:\/\/footballthrift.shop\/wp-content\/uploads\/2025\/10\/Photoroom_023_20251024_115734-1024x1024.png",1024,1024,true],"author_info":[],"comment_info":"","_links":{"self":[{"href":"https:\/\/footballthrift.shop\/de\/wp-json\/wp\/v2\/product\/108472","targetHints":{"allow":["GET"]}}],"collection":[{"href":"https:\/\/footballthrift.shop\/de\/wp-json\/wp\/v2\/product"}],"about":[{"href":"https:\/\/footballthrift.shop\/de\/wp-json\/wp\/v2\/types\/product"}],"wp:featuredmedia":[{"embeddable":true,"href":"https:\/\/footballthrift.shop\/de\/wp-json\/wp\/v2\/media\/108627"}],"wp:attachment":[{"href":"https:\/\/footballthrift.shop\/de\/wp-json\/wp\/v2\/media?parent=108472"}],"wp:term":[{"taxonomy":"product_brand","embeddable":true,"href":"https:\/\/footballthrift.shop\/de\/wp-json\/wp\/v2\/product_brand?post=108472"},{"taxonomy":"product_cat","embeddable":true,"href":"https:\/\/footballthrift.shop\/de\/wp-json\/wp\/v2\/product_cat?post=108472"},{"taxonomy":"product_tag","embeddable":true,"href":"https:\/\/footballthrift.shop\/de\/wp-json\/wp\/v2\/product_tag?post=108472"}],"curies":[{"name":"wp","href":"https:\/\/api.w.org\/{rel}","templated":true}]}}