{"id":108138,"date":"2025-10-19T18:03:35","date_gmt":"2025-10-19T16:03:35","guid":{"rendered":"https:\/\/footballthrift.shop\/?post_type=product&#038;p=108138"},"modified":"2026-03-09T11:26:26","modified_gmt":"2026-03-09T10:26:26","slug":"koszulka-pilkarska-psg-2021-22-third-s","status":"publish","type":"product","link":"https:\/\/footballthrift.shop\/de\/koszulka-pilkarska-psg-2021-22-third-s\/","title":{"rendered":"Koszulka pi\u0142karska PSG 2021\/22 Third [S]"},"content":{"rendered":"<p><strong>Verein:<\/strong> PSG<\/p>\n<p><strong>Saison:<\/strong> 2021\/22 Dritter<\/p>\n<p><strong>Gr\u00f6\u00dfe: <\/strong>S<\/p>\n<p><strong>Zustand:<\/strong> Gut - zwei Mikrorisse und eine leicht eingerissene Naht am unteren Ende des Hemdes.<\/p>\n<p><strong>Ma\u00dfe (Achselbreite\/L\u00e4nge) in cm: <\/strong>49\/70<\/p>","protected":false},"excerpt":{"rendered":"<p data-start=\"0\" data-end=\"106\"><strong data-start=\"0\" data-end=\"104\">Original Paris Saint-Germain Fu\u00dfballtrikot aus der Saison 2021\/22 - dritter Satz, hergestellt von Nike.\u00a0<\/strong><\/p>\n<p data-start=\"108\" data-end=\"517\">Modellgr\u00f6\u00dfe <strong>S<\/strong> stammt aus einer Sammlung, die von <strong data-start=\"168\" data-end=\"176\">Nike<\/strong> f\u00fcr <strong data-start=\"181\" data-end=\"204\">Paris Saint-Germain<\/strong> f\u00fcr die Saison 2021\/22 und stellt <strong data-start=\"232\" data-end=\"257\">drittes Spielset<\/strong>mit einem k\u00fchnen, modernen Design, das vom urbanen Stil und den amerikanischen Einfl\u00fcssen in der \u00c4sthetik des Vereins inspiriert ist. Das Design f\u00e4ngt den Charakter des modernen PSG perfekt ein - es verbindet sportliches Prestige mit einem modischen Image und globaler Reichweite.<\/p>\n<p data-start=\"519\" data-end=\"1023\">Das T-Shirt wird gepflegt in <strong data-start=\"545\" data-end=\"568\">schwarzes Farbschema<\/strong>gebrochen <strong data-start=\"582\" data-end=\"626\">dicker horizontaler grauer Streifen auf der Vorderseite<\/strong>auf dem die <strong data-start=\"650\" data-end=\"696\">Accor Live Limitless (ALL) Sponsor Impressum<\/strong>. Dar\u00fcber, in der Mitte, befindet sich die <strong data-start=\"732\" data-end=\"760\">Wappen von Paris Saint-Germain<\/strong> in Rot, das sich perfekt in den minimalistischen Hintergrund einf\u00fcgt. <strong data-start=\"837\" data-end=\"863\">Rote Nike-Logos<\/strong> Die \u00c4rmel erinnern an die \u00c4sthetik, die man von der <strong data-start=\"919\" data-end=\"954\">American-Football-Trikots<\/strong>und verleiht dem Design eine einzigartige, sportlich-lifestylige Note.<\/p>\n<p data-start=\"1025\" data-end=\"1214\">Das gesamte Projekt wurde mit <strong data-start=\"1055\" data-end=\"1070\">Dri-FIT<\/strong>die garantiert <strong data-start=\"1089\" data-end=\"1141\">hervorragende Bel\u00fcftung, leicht und angenehm zu tragen<\/strong>sowohl bei k\u00f6rperlicher Bet\u00e4tigung als auch im t\u00e4glichen Gebrauch.<\/p>\n<p data-start=\"1216\" data-end=\"1497\" data-is-last-node=\"\" data-is-only-node=\"\">Dies ist ein einzigartiges Modell f\u00fcr <strong data-start=\"1239\" data-end=\"1268\">Fans von Paris Saint-Germain<\/strong>, <strong data-start=\"1270\" data-end=\"1314\">Sammler von Original-Nike-Trikots<\/strong> und <strong data-start=\"1320\" data-end=\"1369\">Liebhaber von modernen Fu\u00dfballdesigns<\/strong>in dem Eleganz, Minimalismus und k\u00fchnes Design ein koh\u00e4rentes, unverwechselbares Ganzes bilden, das den Stil des Pariser Clubs perfekt widerspiegelt.<\/p>","protected":false},"featured_media":108201,"template":"","meta":{"_kad_blocks_custom_css":"","_kad_blocks_head_custom_js":"","_kad_blocks_body_custom_js":"","_kad_blocks_footer_custom_js":"","_kad_post_transparent":"default","_kad_post_title":"","_kad_post_layout":"default","_kad_post_sidebar_id":"","_kad_post_content_style":"default","_kad_post_vertical_padding":"default","_kad_post_feature":"","_kad_post_feature_position":"","_kad_post_header":false,"_kad_post_footer":false,"_kad_post_classname":""},"product_brand":[1284],"product_cat":[15,1467],"product_tag":[],"class_list":{"0":"post-108138","1":"product","2":"type-product","3":"status-publish","4":"has-post-thumbnail","6":"product_brand-nike","7":"product_cat-bez-kategorii","8":"product_cat-kluby-francuskie-parissaintgermain","9":"pa_homeawaythird-third","10":"pa_rozmiar-s","12":"first","13":"instock","14":"taxable","15":"shipping-taxable","16":"purchasable","17":"product-type-simple","18":"entry","19":"content-bg","20":"loop-entry"},"taxonomy_info":{"product_brand":[{"value":1284,"label":"Nike"}],"product_cat":[{"value":15,"label":"Bez kategorii"},{"value":1467,"label":"Paris Saint Germain"}],"pa_homeawaythird":[{"value":1599,"label":"Third"}],"pa_rozmiar":[{"value":1815,"label":"S"}]},"featured_image_src_large":["https:\/\/footballthrift.shop\/wp-content\/uploads\/2025\/10\/Photoroom_002_20251017_112854-1024x1024.png",1024,1024,true],"author_info":[],"comment_info":"","_links":{"self":[{"href":"https:\/\/footballthrift.shop\/de\/wp-json\/wp\/v2\/product\/108138","targetHints":{"allow":["GET"]}}],"collection":[{"href":"https:\/\/footballthrift.shop\/de\/wp-json\/wp\/v2\/product"}],"about":[{"href":"https:\/\/footballthrift.shop\/de\/wp-json\/wp\/v2\/types\/product"}],"wp:featuredmedia":[{"embeddable":true,"href":"https:\/\/footballthrift.shop\/de\/wp-json\/wp\/v2\/media\/108201"}],"wp:attachment":[{"href":"https:\/\/footballthrift.shop\/de\/wp-json\/wp\/v2\/media?parent=108138"}],"wp:term":[{"taxonomy":"product_brand","embeddable":true,"href":"https:\/\/footballthrift.shop\/de\/wp-json\/wp\/v2\/product_brand?post=108138"},{"taxonomy":"product_cat","embeddable":true,"href":"https:\/\/footballthrift.shop\/de\/wp-json\/wp\/v2\/product_cat?post=108138"},{"taxonomy":"product_tag","embeddable":true,"href":"https:\/\/footballthrift.shop\/de\/wp-json\/wp\/v2\/product_tag?post=108138"}],"curies":[{"name":"wp","href":"https:\/\/api.w.org\/{rel}","templated":true}]}}