{"id":108135,"date":"2025-10-19T18:03:26","date_gmt":"2025-10-19T16:03:26","guid":{"rendered":"https:\/\/footballthrift.shop\/?post_type=product&#038;p=108135"},"modified":"2026-03-09T11:26:28","modified_gmt":"2026-03-09T10:26:28","slug":"bluza-treningowa-wlochy-1992-94-m","status":"publish","type":"product","link":"https:\/\/footballthrift.shop\/de\/bluza-treningowa-wlochy-1992-94-m\/","title":{"rendered":"Bluza treningowa W\u0142ochy 1992\/94 [M]"},"content":{"rendered":"<p><strong>Verein:<\/strong> Italien<\/p>\n<p><strong>Saison:<\/strong> 1992\/94<\/p>\n<p><strong>Gr\u00f6\u00dfe: <\/strong>M<\/p>\n<p><strong>Zustand:<\/strong> Gut - leicht angeschlagene Logos auf der Vorderseite und Verschmutzung auf der R\u00fcckseite.<\/p>\n<p><strong>Ma\u00dfe (Achselbreite\/L\u00e4nge) in cm: <\/strong>56\/62<\/p>","protected":false},"excerpt":{"rendered":"<p data-start=\"0\" data-end=\"90\"><strong data-start=\"0\" data-end=\"88\">Original Trainingssweatshirt der italienischen Nationalmannschaft von 1992-1994 - hergestellt von Diadora.\u00a0<\/strong><\/p>\n<p data-start=\"92\" data-end=\"433\">Die fr\u00fchen 1990er Jahre waren die goldene \u00c4ra des italienischen Fu\u00dfballs - eine Zeit, in der die <strong data-start=\"157\" data-end=\"180\">Italienische Nationalmannschaft<\/strong> beeindruckt von seinem Stil, und die Marke <strong data-start=\"208\" data-end=\"219\">Diadora<\/strong> hat einige der bekanntesten und auff\u00e4lligsten Designs der Geschichte entworfen. Das abgebildete Trainingssweatshirt in Gr\u00f6\u00dfe <strong>M<\/strong> f\u00e4ngt die \u00c4sthetik dieses Jahrzehnts perfekt ein - k\u00fchn, voller Details und nationaler Akzente.<\/p>\n<p data-start=\"435\" data-end=\"884\">Das Modell wurde hergestellt in <strong data-start=\"452\" data-end=\"479\">blaues Farbschema<\/strong>charakteristisch f\u00fcr die \"Azzurri\", und mit einem <strong data-start=\"532\" data-end=\"554\">zip<\/strong> um die Passform zu erleichtern. Die \u00c4rmel verf\u00fcgen \u00fcber <strong data-start=\"604\" data-end=\"643\">kontrastierende wei\u00dfe und schwarze Paneele<\/strong>Das Sweatshirt ist mit einzigartigen grafischen Motiven an den \u00c4rmeln verziert, die ins Auge fallen und den sportlichen Charakter des Sweatshirts unterstreichen. Das Ganze ist mit einzigartigen grafischen Motiven an den \u00c4rmeln verziert. <strong data-start=\"751\" data-end=\"782\">blau-wei\u00dfes Schachbrettmuster<\/strong> und <strong data-start=\"788\" data-end=\"826\">Schlangenmuster in den Farben der italienischen Flagge<\/strong>Sie symbolisiert den Stolz und die Dynamik der Nationalmannschaft.<\/p>\n<p data-start=\"886\" data-end=\"1028\">Das Sweatshirt wurde aus <strong data-start=\"911\" data-end=\"959\">weiches, robustes Material<\/strong>Das f\u00fcr die fr\u00fchen 1990er Jahre typische Design bietet Komfort und Haltbarkeit.<\/p>\n<p data-start=\"1030\" data-end=\"1272\" data-is-last-node=\"\" data-is-only-node=\"\">Dies ist ein au\u00dfergew\u00f6hnliches St\u00fcck f\u00fcr <strong data-start=\"1058\" data-end=\"1106\">Sammler von alter Fu\u00dfballkleidung<\/strong>, <strong data-start=\"1108\" data-end=\"1137\">Fans der italienischen Nationalmannschaft<\/strong> und Liebhaber von <strong data-start=\"1154\" data-end=\"1181\">Diadoras Retro-Designs<\/strong>wo italienischer Stil mit dem einzigartigen, k\u00fcnstlerischen Design der Epoche kombiniert wird. Das Sweatshirt ist sowohl f\u00fcr das Training als auch f\u00fcr den Alltag an k\u00e4lteren Tagen geeignet.<\/p>","protected":false},"featured_media":108162,"template":"","meta":{"_kad_blocks_custom_css":"","_kad_blocks_head_custom_js":"","_kad_blocks_body_custom_js":"","_kad_blocks_footer_custom_js":"","_kad_post_transparent":"default","_kad_post_title":"","_kad_post_layout":"default","_kad_post_sidebar_id":"","_kad_post_content_style":"default","_kad_post_vertical_padding":"default","_kad_post_feature":"","_kad_post_feature_position":"","_kad_post_header":false,"_kad_post_footer":false,"_kad_post_classname":""},"product_brand":[1289],"product_cat":[15,1423,1487],"product_tag":[],"class_list":{"0":"post-108135","1":"product","2":"type-product","3":"status-publish","4":"has-post-thumbnail","6":"product_brand-diadora","7":"product_cat-bez-kategorii","8":"product_cat-kurtkibluzytrening","9":"product_cat-reprezentacja-wloch","10":"pa_rozmiar-m","12":"first","13":"instock","14":"taxable","15":"shipping-taxable","16":"purchasable","17":"product-type-simple","18":"entry","19":"content-bg","20":"loop-entry"},"taxonomy_info":{"product_brand":[{"value":1289,"label":"Diadora"}],"product_cat":[{"value":15,"label":"Bez kategorii"},{"value":1423,"label":"Kurtki\/bluzy\/trening"},{"value":1487,"label":"W\u0142ochy"}],"pa_rozmiar":[{"value":1816,"label":"M"}]},"featured_image_src_large":["https:\/\/footballthrift.shop\/wp-content\/uploads\/2025\/10\/Photoroom_014_20251017_112854-1024x1024.png",1024,1024,true],"author_info":[],"comment_info":"","_links":{"self":[{"href":"https:\/\/footballthrift.shop\/de\/wp-json\/wp\/v2\/product\/108135","targetHints":{"allow":["GET"]}}],"collection":[{"href":"https:\/\/footballthrift.shop\/de\/wp-json\/wp\/v2\/product"}],"about":[{"href":"https:\/\/footballthrift.shop\/de\/wp-json\/wp\/v2\/types\/product"}],"wp:featuredmedia":[{"embeddable":true,"href":"https:\/\/footballthrift.shop\/de\/wp-json\/wp\/v2\/media\/108162"}],"wp:attachment":[{"href":"https:\/\/footballthrift.shop\/de\/wp-json\/wp\/v2\/media?parent=108135"}],"wp:term":[{"taxonomy":"product_brand","embeddable":true,"href":"https:\/\/footballthrift.shop\/de\/wp-json\/wp\/v2\/product_brand?post=108135"},{"taxonomy":"product_cat","embeddable":true,"href":"https:\/\/footballthrift.shop\/de\/wp-json\/wp\/v2\/product_cat?post=108135"},{"taxonomy":"product_tag","embeddable":true,"href":"https:\/\/footballthrift.shop\/de\/wp-json\/wp\/v2\/product_tag?post=108135"}],"curies":[{"name":"wp","href":"https:\/\/api.w.org\/{rel}","templated":true}]}}