{"id":107503,"date":"2025-10-05T17:58:02","date_gmt":"2025-10-05T15:58:02","guid":{"rendered":"https:\/\/footballthrift.shop\/?post_type=product&#038;p=107503"},"modified":"2026-03-09T11:26:30","modified_gmt":"2026-03-09T10:26:30","slug":"rangers-winterjacke-fc-1992-93-xs","status":"publish","type":"product","link":"https:\/\/footballthrift.shop\/de\/kurtka-zimowa-rangers-fc-1992-93-xs\/","title":{"rendered":"Kurtka zimowa Rangers FC 1992\/93 [XS]"},"content":{"rendered":"<p><strong>Verein:<\/strong> Rangers FC<\/p>\n<p><strong>Saison:<\/strong> 1992\/93<\/p>\n<p><strong>Gr\u00f6\u00dfe: <\/strong>XS<\/p>\n<p><strong>Zustand:<\/strong> Ausgezeichnet<\/p>\n<p><strong>Ma\u00dfe (Achselbreite\/L\u00e4nge) in cm: <\/strong>47\/78<\/p>","protected":false},"excerpt":{"rendered":"<p data-start=\"0\" data-end=\"79\">Die originelle Winterjacke <strong data-start=\"25\" data-end=\"77\">Rangers FC aus der Saison 1992\/93 - hergestellt von Adidas.\u00a0<\/strong><\/p>\n<p data-start=\"82\" data-end=\"420\">Die fr\u00fchen 1990er Jahre waren eine goldene Zeit f\u00fcr die Rangers, als die Mannschaft in der schottischen Liga nach weiteren Troph\u00e4en griff und erfolgreich an europ\u00e4ischen Pokalwettbewerben teilnahm. In dieser Zeit trugen die Spieler und das Personal markante Trainingskleidung, darunter diese <strong data-start=\"357\" data-end=\"389\">Winterjacke Gr\u00f6\u00dfe XS<\/strong>, vorbereitet von Adidas.<\/p>\n<p data-start=\"423\" data-end=\"1093\">Das Modell ist hergestellt aus <strong data-start=\"440\" data-end=\"471\">dickes, warmes Material<\/strong>Damit ist sie der ideale K\u00e4lteschutz f\u00fcr das Training und die Spielvorbereitung. Der Schnitt ist <strong data-start=\"573\" data-end=\"594\">schmal und langgestreckt<\/strong>, die in der dominanten <strong data-start=\"620\" data-end=\"647\">blaues Farbschema<\/strong> mit auff\u00e4lligen <strong data-start=\"662\" data-end=\"735\">rote \u00c4rmel, verziert mit drei breiten, quer verlaufenden Streifen<\/strong>. Die linke Brust weist folgende Merkmale auf <strong data-start=\"765\" data-end=\"784\">Rangers FC-Wappen<\/strong> mit der Aufschrift <strong data-start=\"795\" data-end=\"805\">Adidas<\/strong> unten, w\u00e4hrend der Aufdruck des Sponsors auf der rechten Seite erscheint <strong data-start=\"871\" data-end=\"889\">McEwan's Lager<\/strong>. Auf der Vorderseite hat die Jacke <strong data-start=\"915\" data-end=\"942\">durchgehender Rei\u00dfverschluss<\/strong> und zwei praktische Rei\u00dfverschlusstaschen. Die R\u00fcckseite ist mit einer gro\u00dfen, klassischen Aufschrift verziert <strong data-start=\"1017\" data-end=\"1027\">Adidas<\/strong>die f\u00fcr die Sportbekleidung der fr\u00fchen 1990er Jahre so charakteristisch ist.<\/p>\n<p data-start=\"1096\" data-end=\"1262\">Es ist ein \u00e4u\u00dferst interessantes St\u00fcck Clubgarderobe, das <strong data-start=\"1153\" data-end=\"1186\">Funktionalit\u00e4t der Winterjacke<\/strong> mit einem einzigartigen Retro-Stil, charakteristisch f\u00fcr Adidas in dieser Zeit.<\/p>\n<p data-start=\"1265\" data-end=\"1431\">Dies ist eine ausgezeichnete Option f\u00fcr <strong data-start=\"1293\" data-end=\"1313\">Rangers FC-Fans<\/strong>Liebhaber des schottischen Fu\u00dfballs und Sammler auf der Suche nach einem <strong data-start=\"1375\" data-end=\"1428\">Original Clubjacken von vor \u00fcber 30 Jahren<\/strong>.<\/p>","protected":false},"featured_media":107546,"template":"","meta":{"_kad_blocks_custom_css":"","_kad_blocks_head_custom_js":"","_kad_blocks_body_custom_js":"","_kad_blocks_footer_custom_js":"","_kad_post_transparent":"default","_kad_post_title":"","_kad_post_layout":"default","_kad_post_sidebar_id":"","_kad_post_content_style":"default","_kad_post_vertical_padding":"default","_kad_post_feature":"","_kad_post_feature_position":"","_kad_post_header":false,"_kad_post_footer":false,"_kad_post_classname":""},"product_brand":[1283],"product_cat":[15,1423,1491],"product_tag":[],"class_list":{"0":"post-107503","1":"product","2":"type-product","3":"status-publish","4":"has-post-thumbnail","6":"product_brand-adidas","7":"product_cat-bez-kategorii","8":"product_cat-kurtkibluzytrening","9":"product_cat-kluby-szkockie","10":"pa_rozmiar-xs","12":"first","13":"instock","14":"taxable","15":"shipping-taxable","16":"purchasable","17":"product-type-simple","18":"entry","19":"content-bg","20":"loop-entry"},"taxonomy_info":{"product_brand":[{"value":1283,"label":"Adidas"}],"product_cat":[{"value":15,"label":"Bez kategorii"},{"value":1423,"label":"Kurtki\/bluzy\/trening"},{"value":1491,"label":"Szkocja"}],"pa_rozmiar":[{"value":1821,"label":"XS"}]},"featured_image_src_large":["https:\/\/footballthrift.shop\/wp-content\/uploads\/2025\/10\/Photoroom_000_20251003_123105-1024x1024.png",1024,1024,true],"author_info":[],"comment_info":"","_links":{"self":[{"href":"https:\/\/footballthrift.shop\/de\/wp-json\/wp\/v2\/product\/107503","targetHints":{"allow":["GET"]}}],"collection":[{"href":"https:\/\/footballthrift.shop\/de\/wp-json\/wp\/v2\/product"}],"about":[{"href":"https:\/\/footballthrift.shop\/de\/wp-json\/wp\/v2\/types\/product"}],"wp:featuredmedia":[{"embeddable":true,"href":"https:\/\/footballthrift.shop\/de\/wp-json\/wp\/v2\/media\/107546"}],"wp:attachment":[{"href":"https:\/\/footballthrift.shop\/de\/wp-json\/wp\/v2\/media?parent=107503"}],"wp:term":[{"taxonomy":"product_brand","embeddable":true,"href":"https:\/\/footballthrift.shop\/de\/wp-json\/wp\/v2\/product_brand?post=107503"},{"taxonomy":"product_cat","embeddable":true,"href":"https:\/\/footballthrift.shop\/de\/wp-json\/wp\/v2\/product_cat?post=107503"},{"taxonomy":"product_tag","embeddable":true,"href":"https:\/\/footballthrift.shop\/de\/wp-json\/wp\/v2\/product_tag?post=107503"}],"curies":[{"name":"wp","href":"https:\/\/api.w.org\/{rel}","templated":true}]}}