{"id":105441,"date":"2025-09-28T17:12:56","date_gmt":"2025-09-28T15:12:56","guid":{"rendered":"https:\/\/footballthrift.shop\/?post_type=product&#038;p=105441"},"modified":"2026-03-09T11:26:33","modified_gmt":"2026-03-09T10:26:33","slug":"torwart-trikot-spiel-ausgabe-bayer-04-leverkusen-2008-09-l","status":"publish","type":"product","link":"https:\/\/footballthrift.shop\/de\/koszulka-bramkarska-match-issue-bayer-04-leverkusen-2008-09-l\/","title":{"rendered":"Koszulka bramkarska MATCH ISSUE Bayer 04 Leverkusen 2008\/09 [L]"},"content":{"rendered":"<p><strong>Verein:<\/strong> Bayer 04 Leverkusen<\/p>\n<p><strong>Saison:<\/strong> 2008\/09<\/p>\n<p><strong>Gr\u00f6\u00dfe: <\/strong>L<\/p>\n<p><strong>Zustand:<\/strong> Befriedigend - Sponsoraufdruck und 'formotion' auf der Vorderseite vollst\u00e4ndig besch\u00e4digt.<\/p>\n<p><strong>Ma\u00dfe (Achselbreite\/L\u00e4nge) in cm: <\/strong>56\/74(vorne), 82(hinten)<\/p>","protected":false},"excerpt":{"rendered":"<p data-start=\"0\" data-end=\"94\">Original Fu\u00dfballtrikot <strong data-start=\"30\" data-end=\"92\">Bayer 04 Leverkusen aus der Saison 2008\/09 - produziert von Adidas.\u00a0<\/strong><\/p>\n<p data-start=\"97\" data-end=\"427\">In der Saison 2008\/09 spielte Bayer Leverkusen in der Bundesliga und im DFB-Pokal, mit Torh\u00fcter <strong data-start=\"227\" data-end=\"241\">Ren\u00e9 Adler<\/strong>einer der talentiertesten Torh\u00fcter seiner Generation. Aus dieser Zeit stammt dieses <strong data-start=\"334\" data-end=\"390\">original match shirt Gr\u00f6\u00dfe L<\/strong>, hergestellt von Adidas.<\/p>\n<p data-start=\"430\" data-end=\"778\">Das Modell wird in einem eleganten <strong data-start=\"460\" data-end=\"483\">Graut\u00f6ne<\/strong> und vorbereitet mit <strong data-start=\"510\" data-end=\"528\">Langarm<\/strong>. Die R\u00fcckseite zeigt <strong data-start=\"550\" data-end=\"567\">Rene Adler Druck<\/strong>und die \u00c4rmel sind mit <strong data-start=\"595\" data-end=\"623\">Original-Liga-Abzeichen<\/strong>was den Match-Charakter des Trikots noch unterstreicht. Auch die Vorderseite zeigt <strong data-start=\"704\" data-end=\"720\">Adidas-Logo<\/strong> und das Vereinswappen, was die Echtheit des Trikots best\u00e4tigt.<\/p>\n<p data-start=\"781\" data-end=\"1023\">Hergestellt mit Technologie <strong data-start=\"804\" data-end=\"817\">Formotion<\/strong>Das Trikot wurde mit Blick auf den professionellen Einsatz entwickelt - garantiert f\u00fcr Spieler <strong data-start=\"909\" data-end=\"971\">hervorragende Passform, volle Bewegungsfreiheit und Atmungsaktivit\u00e4t<\/strong>und bleibt dabei auch bei intensivem Spiel langlebig.<\/p>\n<p data-start=\"1026\" data-end=\"1220\">Dies ist ein au\u00dfergew\u00f6hnliches St\u00fcck f\u00fcr <strong data-start=\"1054\" data-end=\"1090\">Sammler von Spielhemden<\/strong>Die Fans von Bayer Leverkusen und die Anh\u00e4nger von Ren\u00e9 Adler, der in dieser Zeit eine der S\u00e4ulen der Mannschaft und der deutschen Nationalmannschaft war.<\/p>","protected":false},"featured_media":105586,"template":"","meta":{"_kad_blocks_custom_css":"","_kad_blocks_head_custom_js":"","_kad_blocks_body_custom_js":"","_kad_blocks_footer_custom_js":"","_kad_post_transparent":"default","_kad_post_title":"","_kad_post_layout":"default","_kad_post_sidebar_id":"","_kad_post_content_style":"default","_kad_post_vertical_padding":"default","_kad_post_feature":"","_kad_post_feature_position":"","_kad_post_header":false,"_kad_post_footer":false,"_kad_post_classname":""},"product_brand":[1283],"product_cat":[1473,15,1409],"product_tag":[],"class_list":{"0":"post-105441","1":"product","2":"type-product","3":"status-publish","4":"has-post-thumbnail","6":"product_brand-adidas","7":"product_cat-kluby-niemieckie-bayerleverkusen","8":"product_cat-bez-kategorii","9":"product_cat-match-worn-issue","10":"pa_rozmiar-l","12":"first","13":"instock","14":"taxable","15":"shipping-taxable","16":"purchasable","17":"product-type-simple","18":"entry","19":"content-bg","20":"loop-entry"},"taxonomy_info":{"product_brand":[{"value":1283,"label":"Adidas"}],"product_cat":[{"value":1473,"label":"Bayer 04 Leverkusen"},{"value":15,"label":"Bez kategorii"},{"value":1409,"label":"MATCH WORN &amp; ISSUE"}],"pa_rozmiar":[{"value":1817,"label":"L"}]},"featured_image_src_large":["https:\/\/footballthrift.shop\/wp-content\/uploads\/2025\/09\/Photoroom_027_20250923_130657-1024x1024.png",1024,1024,true],"author_info":[],"comment_info":"","_links":{"self":[{"href":"https:\/\/footballthrift.shop\/de\/wp-json\/wp\/v2\/product\/105441","targetHints":{"allow":["GET"]}}],"collection":[{"href":"https:\/\/footballthrift.shop\/de\/wp-json\/wp\/v2\/product"}],"about":[{"href":"https:\/\/footballthrift.shop\/de\/wp-json\/wp\/v2\/types\/product"}],"wp:featuredmedia":[{"embeddable":true,"href":"https:\/\/footballthrift.shop\/de\/wp-json\/wp\/v2\/media\/105586"}],"wp:attachment":[{"href":"https:\/\/footballthrift.shop\/de\/wp-json\/wp\/v2\/media?parent=105441"}],"wp:term":[{"taxonomy":"product_brand","embeddable":true,"href":"https:\/\/footballthrift.shop\/de\/wp-json\/wp\/v2\/product_brand?post=105441"},{"taxonomy":"product_cat","embeddable":true,"href":"https:\/\/footballthrift.shop\/de\/wp-json\/wp\/v2\/product_cat?post=105441"},{"taxonomy":"product_tag","embeddable":true,"href":"https:\/\/footballthrift.shop\/de\/wp-json\/wp\/v2\/product_tag?post=105441"}],"curies":[{"name":"wp","href":"https:\/\/api.w.org\/{rel}","templated":true}]}}