{"id":105437,"date":"2025-09-28T17:12:57","date_gmt":"2025-09-28T15:12:57","guid":{"rendered":"https:\/\/footballthrift.shop\/?post_type=product&#038;p=105437"},"modified":"2026-03-09T11:26:33","modified_gmt":"2026-03-09T10:26:33","slug":"fusball-trikot-fc-nurnberg-1999-00-home-s","status":"publish","type":"product","link":"https:\/\/footballthrift.shop\/de\/koszulka-pilkarska-fc-nurnberg-1999-00-home-s\/","title":{"rendered":"Koszulka pi\u0142karska FC Nurnberg 1999\/00 Home [S]"},"content":{"rendered":"<p><strong>Verein:<\/strong> FC N\u00fcrnberg<\/p>\n<p><strong>Saison:<\/strong> 1999\/00 Startseite<\/p>\n<p><strong>Gr\u00f6\u00dfe: <\/strong>S<\/p>\n<p><strong>Zustand:<\/strong> Gut \u2013 leicht besch\u00e4digter Sponsoraufdruck auf der Vorderseite und vereinzelte kleine Kratzer.<\/p>\n<p><strong>Ma\u00dfe (Achselbreite\/L\u00e4nge) in cm: <\/strong>54\/68 (vorne), 72 (hinten)<\/p>","protected":false},"excerpt":{"rendered":"<p data-start=\"0\" data-end=\"85\">Original Fu\u00dfballtrikot <strong data-start=\"30\" data-end=\"83\">FC N\u00fcrnberg aus der Saison 1999\/00 - produziert von Adidas.\u00a0<\/strong><\/p>\n<p data-start=\"88\" data-end=\"310\">In den sp\u00e4ten 1990er Jahren spielte er f\u00fcr den 1. FC N\u00fcrnberg in der 2. Bundesliga und versuchte, in die deutsche Elite zur\u00fcckzukehren. Aus diesen Spielen stammt dieses <strong data-start=\"229\" data-end=\"273\">originelles selbstgen\u00e4htes T-Shirt in Gr\u00f6\u00dfe S<\/strong>, hergestellt von Adidas.<\/p>\n<p data-start=\"313\" data-end=\"709\">Das Modell wurde in der klassischen f\u00fcr den Club gepflegt <strong data-start=\"359\" data-end=\"384\">rote Farbgebung<\/strong>die durch das Merkmal gebrochen wird <strong data-start=\"421\" data-end=\"474\">schwarzer horizontaler G\u00fcrtel in Brusth\u00f6he<\/strong>. Das Ganze wird vervollst\u00e4ndigt durch <strong data-start=\"495\" data-end=\"512\">schwarze Details<\/strong> - Kragen und Adidas-Streifen an den Schultern. Auf der Vorderseite befindet sich ein Sponsorenaufdruck <strong data-start=\"608\" data-end=\"625\">VIAG Gegensprechanlage<\/strong>und neben <strong data-start=\"634\" data-end=\"648\">Vereinswappen<\/strong> und das Logo des Herstellers, das die Echtheit der Kopie unterstreicht.<\/p>\n<p data-start=\"712\" data-end=\"894\">Das Trikot wurde aus robusten und dennoch atmungsaktiven Materialien hergestellt, die den Fu\u00dfballern ein <strong data-start=\"813\" data-end=\"851\">Komfort, Bewegungsfreiheit und Haltbarkeit<\/strong> w\u00e4hrend der K\u00e4mpfe der Liga um die Jahrhundertwende.<\/p>\n<p data-start=\"897\" data-end=\"1059\">Es ist eine ausgezeichnete Wahl f\u00fcr <strong data-start=\"920\" data-end=\"941\">FC N\u00fcrnberg Fans<\/strong>Retro-Bundesliga-Fans und Sammler, die auf der Suche nach <strong data-start=\"1008\" data-end=\"1057\">Original Adidas-T-Shirts aus den sp\u00e4ten 1990er Jahren.<\/strong><\/p>","protected":false},"featured_media":105547,"template":"","meta":{"_kad_blocks_custom_css":"","_kad_blocks_head_custom_js":"","_kad_blocks_body_custom_js":"","_kad_blocks_footer_custom_js":"","_kad_post_transparent":"default","_kad_post_title":"","_kad_post_layout":"default","_kad_post_sidebar_id":"","_kad_post_content_style":"default","_kad_post_vertical_padding":"default","_kad_post_feature":"","_kad_post_feature_position":"","_kad_post_header":false,"_kad_post_footer":false,"_kad_post_classname":""},"product_brand":[1283],"product_cat":[15,1490],"product_tag":[],"class_list":{"0":"post-105437","1":"product","2":"type-product","3":"status-publish","4":"has-post-thumbnail","6":"product_brand-adidas","7":"product_cat-bez-kategorii","8":"product_cat-pozostale-kluby-niemieckie","9":"pa_homeawaythird-home","10":"pa_rozmiar-s","12":"first","13":"instock","14":"taxable","15":"shipping-taxable","16":"purchasable","17":"product-type-simple","18":"entry","19":"content-bg","20":"loop-entry"},"taxonomy_info":{"product_brand":[{"value":1283,"label":"Adidas"}],"product_cat":[{"value":15,"label":"Bez kategorii"},{"value":1490,"label":"Pozosta\u0142e kluby niemieckie"}],"pa_homeawaythird":[{"value":1597,"label":"Home"}],"pa_rozmiar":[{"value":1815,"label":"S"}]},"featured_image_src_large":["https:\/\/footballthrift.shop\/wp-content\/uploads\/2025\/09\/Photoroom_032_20250923_130657-1024x1024.png",1024,1024,true],"author_info":[],"comment_info":"","_links":{"self":[{"href":"https:\/\/footballthrift.shop\/de\/wp-json\/wp\/v2\/product\/105437","targetHints":{"allow":["GET"]}}],"collection":[{"href":"https:\/\/footballthrift.shop\/de\/wp-json\/wp\/v2\/product"}],"about":[{"href":"https:\/\/footballthrift.shop\/de\/wp-json\/wp\/v2\/types\/product"}],"wp:featuredmedia":[{"embeddable":true,"href":"https:\/\/footballthrift.shop\/de\/wp-json\/wp\/v2\/media\/105547"}],"wp:attachment":[{"href":"https:\/\/footballthrift.shop\/de\/wp-json\/wp\/v2\/media?parent=105437"}],"wp:term":[{"taxonomy":"product_brand","embeddable":true,"href":"https:\/\/footballthrift.shop\/de\/wp-json\/wp\/v2\/product_brand?post=105437"},{"taxonomy":"product_cat","embeddable":true,"href":"https:\/\/footballthrift.shop\/de\/wp-json\/wp\/v2\/product_cat?post=105437"},{"taxonomy":"product_tag","embeddable":true,"href":"https:\/\/footballthrift.shop\/de\/wp-json\/wp\/v2\/product_tag?post=105437"}],"curies":[{"name":"wp","href":"https:\/\/api.w.org\/{rel}","templated":true}]}}