{"id":105155,"date":"2025-09-21T17:56:53","date_gmt":"2025-09-21T15:56:53","guid":{"rendered":"https:\/\/footballthrift.shop\/?post_type=product&#038;p=105155"},"modified":"2026-03-09T11:26:35","modified_gmt":"2026-03-09T10:26:35","slug":"fusballtrikot-fc-bayern-monachium-2008-09-dritte-170-cm","status":"publish","type":"product","link":"https:\/\/footballthrift.shop\/de\/koszulka-pilkarska-fc-bayern-monachium-2008-09-third-170-cm\/","title":{"rendered":"Koszulka pi\u0142karska FC Bayern Monachium 2008\/09 Third [170 cm]"},"content":{"rendered":"<p><strong>Verein:<\/strong> FC Bayern M\u00fcnchen<\/p>\n<p><strong>Saison:<\/strong> 2008\/09 Dritter<\/p>\n<p><strong>Gr\u00f6\u00dfe: <\/strong>170 cm<\/p>\n<p><strong>Zustand:<\/strong> Befriedigend - 4 Stoffrisse unter dem Kragen auf der Vorderseite und ein paar Flecken und Verschmutzungen.<\/p>\n<p><strong>Ma\u00dfe (Achselbreite\/L\u00e4nge) in cm: <\/strong>50\/67<\/p>","protected":false},"excerpt":{"rendered":"<p data-start=\"0\" data-end=\"91\">Original Fu\u00dfballtrikot <strong data-start=\"30\" data-end=\"89\">Bayern M\u00fcnchen aus der Saison 2009\/10 - produziert von Adidas.<\/strong><\/p>\n<p data-start=\"94\" data-end=\"402\">\u00a0Die Saison 2009\/10 war f\u00fcr den FC Bayern sehr erfolgreich. Der Verein wurde Deutscher Meister und Pokalsieger und erreichte das Finale der Champions League, wo man auf Inter Mailand traf. Aus dieser Zeit stammt dieses <strong data-start=\"301\" data-end=\"371\">originales drittes T-Shirt in der Jugendversion f\u00fcr eine K\u00f6rpergr\u00f6\u00dfe von 170 cm<\/strong>, vorbereitet von Adidas.<\/p>\n<p data-start=\"405\" data-end=\"784\">Das Modell wird gepflegt in <strong data-start=\"428\" data-end=\"450\">wei\u00dfe Farbgebung<\/strong> und verziert mit <strong data-start=\"463\" data-end=\"486\">rote Details<\/strong>mit Streifen an den \u00c4rmeln und dem Logo des Herstellers. Die Brust zeigt <strong data-start=\"561\" data-end=\"587\">Wappen des FC Bayern M\u00fcnchen<\/strong> und Impressum des Sponsors <strong data-start=\"609\" data-end=\"619\">T-Home<\/strong>und das zus\u00e4tzliche Prestige des Trikots <strong data-start=\"660\" data-end=\"687\">Embleme der Champions League<\/strong> auf den \u00c4rmeln - ein Symbol f\u00fcr den Wettbewerb im prestigetr\u00e4chtigsten Clubwettbewerb.<\/p>\n<p data-start=\"787\" data-end=\"1045\">Das mit der Climacool-Technologie hergestellte Trikot garantiert den Spielern <strong data-start=\"854\" data-end=\"893\">leicht, luftig und bequem zu spielen<\/strong> auf h\u00f6chstem Niveau. Versionen mit originalen Champions-League-Aufn\u00e4hern sind heute bei Sammlern besonders begehrte Exemplare.<\/p>\n<p data-start=\"1048\" data-end=\"1241\">Es ist ein ideales Angebot f\u00fcr <strong data-start=\"1074\" data-end=\"1101\">junge Bayern-Fans<\/strong>Europ\u00e4ische Fu\u00dfballfans und Sammler, die die <strong data-start=\"1175\" data-end=\"1238\">Original-Match-Outfits aus der Zeit der Triumphe und gro\u00dfen Endspiele<\/strong>.<\/p>","protected":false},"featured_media":105234,"template":"","meta":{"_kad_blocks_custom_css":"","_kad_blocks_head_custom_js":"","_kad_blocks_body_custom_js":"","_kad_blocks_footer_custom_js":"","_kad_post_transparent":"default","_kad_post_title":"","_kad_post_layout":"default","_kad_post_sidebar_id":"","_kad_post_content_style":"default","_kad_post_vertical_padding":"default","_kad_post_feature":"","_kad_post_feature_position":"","_kad_post_header":false,"_kad_post_footer":false,"_kad_post_classname":""},"product_brand":[1283],"product_cat":[15,1455,2017],"product_tag":[],"class_list":{"0":"post-105155","1":"product","2":"type-product","3":"status-publish","4":"has-post-thumbnail","6":"product_brand-adidas","7":"product_cat-bez-kategorii","8":"product_cat-kluby-niemieckie-fcbayernmonachium","9":"product_cat-koszulki-mlodziezowe","10":"pa_homeawaythird-third","11":"pa_rozmiar-170-cm","13":"first","14":"instock","15":"taxable","16":"shipping-taxable","17":"purchasable","18":"product-type-simple","19":"entry","20":"content-bg","21":"loop-entry"},"taxonomy_info":{"product_brand":[{"value":1283,"label":"Adidas"}],"product_cat":[{"value":15,"label":"Bez kategorii"},{"value":1455,"label":"FC Bayern Monachium"},{"value":2017,"label":"KOSZULKI M\u0141ODZIE\u017bOWE"}],"pa_homeawaythird":[{"value":1599,"label":"Third"}],"pa_rozmiar":[{"value":2026,"label":"170 cm"}]},"featured_image_src_large":["https:\/\/footballthrift.shop\/wp-content\/uploads\/2025\/09\/Photoroom_022_20250919_131014-1024x1024.png",1024,1024,true],"author_info":[],"comment_info":"","_links":{"self":[{"href":"https:\/\/footballthrift.shop\/de\/wp-json\/wp\/v2\/product\/105155","targetHints":{"allow":["GET"]}}],"collection":[{"href":"https:\/\/footballthrift.shop\/de\/wp-json\/wp\/v2\/product"}],"about":[{"href":"https:\/\/footballthrift.shop\/de\/wp-json\/wp\/v2\/types\/product"}],"wp:featuredmedia":[{"embeddable":true,"href":"https:\/\/footballthrift.shop\/de\/wp-json\/wp\/v2\/media\/105234"}],"wp:attachment":[{"href":"https:\/\/footballthrift.shop\/de\/wp-json\/wp\/v2\/media?parent=105155"}],"wp:term":[{"taxonomy":"product_brand","embeddable":true,"href":"https:\/\/footballthrift.shop\/de\/wp-json\/wp\/v2\/product_brand?post=105155"},{"taxonomy":"product_cat","embeddable":true,"href":"https:\/\/footballthrift.shop\/de\/wp-json\/wp\/v2\/product_cat?post=105155"},{"taxonomy":"product_tag","embeddable":true,"href":"https:\/\/footballthrift.shop\/de\/wp-json\/wp\/v2\/product_tag?post=105155"}],"curies":[{"name":"wp","href":"https:\/\/api.w.org\/{rel}","templated":true}]}}