{"id":105151,"date":"2025-09-21T17:56:54","date_gmt":"2025-09-21T15:56:54","guid":{"rendered":"https:\/\/footballthrift.shop\/?post_type=product&#038;p=105151"},"modified":"2026-03-09T11:26:35","modified_gmt":"2026-03-09T10:26:35","slug":"manchester-city-fusball-trikot-2019-20-auswarts-164-cm","status":"publish","type":"product","link":"https:\/\/footballthrift.shop\/de\/koszulka-pilkarska-manchester-city-2019-20-away-164-cm\/","title":{"rendered":"Koszulka pi\u0142karska Manchester City 2019\/20 Away [164 cm]"},"content":{"rendered":"<p><strong>Verein:<\/strong> Manchester City<\/p>\n<p><strong>Saison:<\/strong> 2019\/20 Ausw\u00e4rts<\/p>\n<p><strong>Gr\u00f6\u00dfe: <\/strong>164 cm<\/p>\n<p><strong>Zustand:<\/strong> Gut - leichte Verschmutzung am rechten \u00c4rmel und besch\u00e4digter \"Manchester\"-Schriftzug am Hals.<\/p>\n<p><strong>Ma\u00dfe (Achselbreite\/L\u00e4nge) in cm: <\/strong>46\/61<\/p>","protected":false},"excerpt":{"rendered":"<p data-start=\"0\" data-end=\"87\">Original Jugend-Fu\u00dfballtrikot <strong data-start=\"30\" data-end=\"85\">Die Saison 2019\/20 von Manchester City - produziert von Puma.<\/strong><\/p>\n<p data-start=\"90\" data-end=\"396\">\u00a0In der Spielzeit 2019\/20 k\u00e4mpfte Manchester City um die meisten Tore in England und Europa, wobei der Klub unter der Leitung von Pep Guardiola nach wie vor mit einem offensiven Spielstil beeindruckte. Aus dieser Zeit stammt diese <strong data-start=\"292\" data-end=\"361\">originales Ausw\u00e4rtsset in Jugendgr\u00f6\u00dfe, <\/strong>f\u00fcr Wachstum <strong data-start=\"292\" data-end=\"361\">164 cm<\/strong>, hergestellt von Puma.<\/p>\n<p data-start=\"399\" data-end=\"814\">Das T-Shirt wird gepflegt in <strong data-start=\"425\" data-end=\"448\">schwarzes Farbschema<\/strong>erg\u00e4nzt durch <strong data-start=\"465\" data-end=\"517\">pastellblaue und orangefarbene Akzente<\/strong>die ihm einen modernen Charakter verleihen. Die Vorderseite zeigt <strong data-start=\"584\" data-end=\"609\">Wappen von Manchester City<\/strong>, <strong data-start=\"611\" data-end=\"624\">Puma-Logo<\/strong> und Impressum des Sponsors <strong data-start=\"646\" data-end=\"664\">Etihad Airways<\/strong>und unterstreicht die Authentizit\u00e4t des Outfits. Das Set kommt mit <strong data-start=\"726\" data-end=\"749\">passende Shorts<\/strong>die das Set v\u00f6llig professionell aussehen lassen.<\/p>\n<p data-start=\"817\" data-end=\"1016\">Das Modell wurde aus leichtem, atmungsaktivem Material mit Puma-Technologie hergestellt und garantiert den Spielern <strong data-start=\"922\" data-end=\"964\">Komfort, Atmungsaktivit\u00e4t und Bewegungsfreiheit<\/strong> sowohl w\u00e4hrend des Spiels als auch im Training.<\/p>\n<p data-start=\"1019\" data-end=\"1239\">Dies ist eine gute Option f\u00fcr <strong data-start=\"1045\" data-end=\"1079\">junge Fans von Manchester City<\/strong>die sich wie ihre Lieblingsspieler aus dem Etihad Stadium f\u00fchlen wollen, und f\u00fcr Sammler, die ein <strong data-start=\"1184\" data-end=\"1236\">Original-Spieltrikots aus der \u00c4ra Guardiola<\/strong>.<\/p>","protected":false},"featured_media":105198,"template":"","meta":{"_kad_blocks_custom_css":"","_kad_blocks_head_custom_js":"","_kad_blocks_body_custom_js":"","_kad_blocks_footer_custom_js":"","_kad_post_transparent":"default","_kad_post_title":"","_kad_post_layout":"default","_kad_post_sidebar_id":"","_kad_post_content_style":"default","_kad_post_vertical_padding":"default","_kad_post_feature":"","_kad_post_feature_position":"","_kad_post_header":false,"_kad_post_footer":false,"_kad_post_classname":""},"product_brand":[1287],"product_cat":[15,2017,1470],"product_tag":[],"class_list":{"0":"post-105151","1":"product","2":"type-product","3":"status-publish","4":"has-post-thumbnail","6":"product_brand-puma","7":"product_cat-bez-kategorii","8":"product_cat-koszulki-mlodziezowe","9":"product_cat-manchester-city","10":"pa_homeawaythird-away","11":"pa_rozmiar-164-cm","13":"first","14":"instock","15":"taxable","16":"shipping-taxable","17":"purchasable","18":"product-type-simple","19":"entry","20":"content-bg","21":"loop-entry"},"taxonomy_info":{"product_brand":[{"value":1287,"label":"Puma"}],"product_cat":[{"value":15,"label":"Bez kategorii"},{"value":2017,"label":"KOSZULKI M\u0141ODZIE\u017bOWE"},{"value":1470,"label":"Manchester City"}],"pa_homeawaythird":[{"value":1598,"label":"Away"}],"pa_rozmiar":[{"value":2018,"label":"164 cm"}]},"featured_image_src_large":["https:\/\/footballthrift.shop\/wp-content\/uploads\/2025\/09\/Photoroom_008_20250919_131014-1024x1024.png",1024,1024,true],"author_info":[],"comment_info":"","_links":{"self":[{"href":"https:\/\/footballthrift.shop\/de\/wp-json\/wp\/v2\/product\/105151","targetHints":{"allow":["GET"]}}],"collection":[{"href":"https:\/\/footballthrift.shop\/de\/wp-json\/wp\/v2\/product"}],"about":[{"href":"https:\/\/footballthrift.shop\/de\/wp-json\/wp\/v2\/types\/product"}],"wp:featuredmedia":[{"embeddable":true,"href":"https:\/\/footballthrift.shop\/de\/wp-json\/wp\/v2\/media\/105198"}],"wp:attachment":[{"href":"https:\/\/footballthrift.shop\/de\/wp-json\/wp\/v2\/media?parent=105151"}],"wp:term":[{"taxonomy":"product_brand","embeddable":true,"href":"https:\/\/footballthrift.shop\/de\/wp-json\/wp\/v2\/product_brand?post=105151"},{"taxonomy":"product_cat","embeddable":true,"href":"https:\/\/footballthrift.shop\/de\/wp-json\/wp\/v2\/product_cat?post=105151"},{"taxonomy":"product_tag","embeddable":true,"href":"https:\/\/footballthrift.shop\/de\/wp-json\/wp\/v2\/product_tag?post=105151"}],"curies":[{"name":"wp","href":"https:\/\/api.w.org\/{rel}","templated":true}]}}