{"id":105149,"date":"2025-09-21T17:56:55","date_gmt":"2025-09-21T15:56:55","guid":{"rendered":"https:\/\/footballthrift.shop\/?post_type=product&#038;p=105149"},"modified":"2026-03-09T11:26:34","modified_gmt":"2026-03-09T10:26:34","slug":"spiel-ausgabe-fusballtrikot-polen-1995-auswarts-6-michalski-xl","status":"publish","type":"product","link":"https:\/\/footballthrift.shop\/de\/koszulka-pilkarska-match-issue-polska-1995-away-6-michalski-xl\/","title":{"rendered":"Koszulka pi\u0142karska MATCH ISSUE Polska 1995 Away 6 Michalski [XL]"},"content":{"rendered":"<p><strong>Verein:<\/strong> Polen<\/p>\n<p><strong>Saison:<\/strong> 1995 Ausw\u00e4rts<\/p>\n<p><strong>Gr\u00f6\u00dfe: <\/strong>XL<\/p>\n<p><strong>Zustand:<\/strong> Sehr gut - ein paar Mikrostiche und leichte Verschmutzungen auf der R\u00fcckennummer.<\/p>\n<p><strong>Ma\u00dfe (Achselbreite\/L\u00e4nge) in cm: <\/strong>61\/76<\/p>","protected":false},"excerpt":{"rendered":"<p data-start=\"0\" data-end=\"86\">Original Match-Fu\u00dfballtrikot <strong data-start=\"30\" data-end=\"84\">Polens Nationalmannschaft 1996 - hergestellt von Puma.<\/strong><\/p>\n<p data-start=\"89\" data-end=\"498\">Diese Saison war f\u00fcr die polnische Nationalmannschaft eine Zeit des schwierigen Ausscheidens und ein Versuch, sich nach Jahren der R\u00fcckschl\u00e4ge wieder auf der internationalen B\u00fchne zu etablieren. Aus dieser Zeit stammt auch die vorliegende <strong data-start=\"265\" data-end=\"316\">original match shirt in rot<\/strong>vorbereitet von Puma. Das Exemplar hat <strong data-start=\"368\" data-end=\"390\">Nummer 6 auf der R\u00fcckseite<\/strong>, mit dem er unter anderem auftrat. <strong data-start=\"418\" data-end=\"440\">Rados\u0142aw Michalski<\/strong> - einer der wichtigsten polnischen Mittelfeldspieler der Mitte der 1990er Jahre.<\/p>\n<p data-start=\"501\" data-end=\"897\">In diesem Trikot und mit dieser Nummer spielte Michalski in einem Freundschaftsspiel gegen <strong data-start=\"590\" data-end=\"615\">Wei\u00dfrussland im Jahr 1996<\/strong>, das mit einem 1:1-Unentschieden endete. Dieses Spiel war symbolisch f\u00fcr diese Epoche \u2013 eine Zeit, in der Polen noch auf der Suche nach Stabilit\u00e4t und einem Weg zur\u00fcck zu den gro\u00dfen Turnieren war. Obwohl es in der Mannschaft nicht an soliden Spielern mangelte, reichten die Ergebnisse nicht aus, um sich f\u00fcr die Euro- oder Weltmeisterschaft zu qualifizieren. Bei diesem Exemplar sind die B\u00fcndchen an den \u00c4rmelenden abgeschnitten. Dies wird durch die korrekte Anordnung der roten Streifen auf den \u00c4rmeln belegt, die mit denen \u00fcbereinstimmen, die die Spieler w\u00e4hrend der Spiele trugen. Dieses Exemplar unterscheidet sich durch den Abstand zwischen dem Emblem auf der Brust und dem Puma-Logo. In diesem Fall ist der Abstand geringer, was auf den Fotos zu sehen ist, auf denen der Abstand bei den Trikots der anderen Spieler viel gr\u00f6\u00dfer ist.<\/p>\n<p data-start=\"900\" data-end=\"1275\">Damals war Radoslaw Michalski einer der Anf\u00fchrer der Nationalmannschaft - ein Mittelfeldspieler mit gro\u00dfer Erfahrung, der zuvor mit der Nationalmannschaft Erfolge errungen hatte. <strong data-start=\"1037\" data-end=\"1055\">Legia Warschau<\/strong> (einschlie\u00dflich der Eins\u00e4tze in der Champions League 1995\/96). Er bestritt mehr als 40 Spiele f\u00fcr die Nationalmannschaft und zeichnete sich durch seine Spielst\u00e4rke und seine F\u00e4higkeit, das Mittelfeld zu lenken, aus. Das Trikot mit seiner Nummer hat daher einen zus\u00e4tzlichen historischen Wert.<\/p>\n<p data-start=\"1278\" data-end=\"1654\">Obwohl dasselbe Modell auch von Jugendvertretungen verwendet wurde, deuten die Merkmale und der Kontext darauf hin, dass wir es mit einer <strong data-start=\"1405\" data-end=\"1455\">Michalski zugeschriebene Kopie der \u00dcbereinstimmung<\/strong>. Dies macht es zu einem \u00e4u\u00dferst wertvollen Sammlerst\u00fcck, das die Geschichte des polnischen Fu\u00dfballs in den 1990er Jahren, die Erinnerung an diese Nationalmannschaft und die Figur eines ihrer herausragenden Spieler vereint.<\/p>","protected":false},"featured_media":105175,"template":"","meta":{"_kad_blocks_custom_css":"","_kad_blocks_head_custom_js":"","_kad_blocks_body_custom_js":"","_kad_blocks_footer_custom_js":"","_kad_post_transparent":"default","_kad_post_title":"","_kad_post_layout":"default","_kad_post_sidebar_id":"","_kad_post_content_style":"default","_kad_post_vertical_padding":"default","_kad_post_feature":"","_kad_post_feature_position":"","_kad_post_header":false,"_kad_post_footer":false,"_kad_post_classname":""},"product_brand":[1287],"product_cat":[15,1409,1411,1436],"product_tag":[],"class_list":{"0":"post-105149","1":"product","2":"type-product","3":"status-publish","4":"has-post-thumbnail","6":"product_brand-puma","7":"product_cat-bez-kategorii","8":"product_cat-match-worn-issue","9":"product_cat-polscy-pilkarze","10":"product_cat-reprezentacja-polski","11":"pa_homeawaythird-away","12":"pa_rozmiar-xl","14":"first","15":"instock","16":"taxable","17":"shipping-taxable","18":"purchasable","19":"product-type-simple","20":"entry","21":"content-bg","22":"loop-entry"},"taxonomy_info":{"product_brand":[{"value":1287,"label":"Puma"}],"product_cat":[{"value":15,"label":"Bez kategorii"},{"value":1409,"label":"MATCH WORN &amp; ISSUE"},{"value":1411,"label":"POLSCY PI\u0141KARZE"},{"value":1436,"label":"Polska"}],"pa_homeawaythird":[{"value":1598,"label":"Away"}],"pa_rozmiar":[{"value":1818,"label":"XL"}]},"featured_image_src_large":["https:\/\/footballthrift.shop\/wp-content\/uploads\/2025\/09\/Photoroom_000_20250919_131014-1024x1024.png",1024,1024,true],"author_info":[],"comment_info":"","_links":{"self":[{"href":"https:\/\/footballthrift.shop\/de\/wp-json\/wp\/v2\/product\/105149","targetHints":{"allow":["GET"]}}],"collection":[{"href":"https:\/\/footballthrift.shop\/de\/wp-json\/wp\/v2\/product"}],"about":[{"href":"https:\/\/footballthrift.shop\/de\/wp-json\/wp\/v2\/types\/product"}],"wp:featuredmedia":[{"embeddable":true,"href":"https:\/\/footballthrift.shop\/de\/wp-json\/wp\/v2\/media\/105175"}],"wp:attachment":[{"href":"https:\/\/footballthrift.shop\/de\/wp-json\/wp\/v2\/media?parent=105149"}],"wp:term":[{"taxonomy":"product_brand","embeddable":true,"href":"https:\/\/footballthrift.shop\/de\/wp-json\/wp\/v2\/product_brand?post=105149"},{"taxonomy":"product_cat","embeddable":true,"href":"https:\/\/footballthrift.shop\/de\/wp-json\/wp\/v2\/product_cat?post=105149"},{"taxonomy":"product_tag","embeddable":true,"href":"https:\/\/footballthrift.shop\/de\/wp-json\/wp\/v2\/product_tag?post=105149"}],"curies":[{"name":"wp","href":"https:\/\/api.w.org\/{rel}","templated":true}]}}